{"id":1729,"date":"2025-01-29T17:02:42","date_gmt":"2025-01-29T17:02:42","guid":{"rendered":"https:\/\/www.uaa.mx\/admision\/?page_id=1729"},"modified":"2026-03-03T19:35:33","modified_gmt":"2026-03-03T19:35:33","slug":"preguntas-frecuentes-posgrados","status":"publish","type":"page","link":"https:\/\/www.uaa.mx\/admision\/index.php\/preguntas-frecuentes-posgrados\/","title":{"rendered":"Preguntas Frecuentes Posgrados"},"content":{"rendered":"<p><strong>\u00bfD\u00f3nde puedo consultar los requisitos y fechas para ingresar a un posgrado?<\/strong><\/p>\n<p>Primero es necesario revisar la Convocatoria General de Ingreso a Posgrados Agosto 2026, en la cual se encuentran todos los requisitos y etapas administrativas del proceso de admisi\u00f3n. Es importante que revises si el posgrado de tu inter\u00e9s es Ejecutivo o de Agenda P\u00fablica , ya que los requisitos podr\u00edan variar dependiendo del tipo de programa. Posteriormente, revisa el Instructivo del posgrado de tu inter\u00e9s, en el que encontrar\u00e1s requisitos, fechas y etapas del proceso de admisi\u00f3n acad\u00e9mico. Te recomendamos leer ambos documentos de forma completa para as\u00ed tener en cuenta todo lo necesario para el proceso de admisi\u00f3n.<\/p>\n<p><strong>\u00bfC\u00f3mo comienzo mi proceso de admisi\u00f3n?<\/strong><\/p>\n<p>Despu\u00e9s de haber le\u00eddo la convocatoria general y el instructivo del posgrado de tu inter\u00e9s, el primer paso en el proceso de admisi\u00f3n es el pre-registro, el cual tendr\u00e1 lugar del 3 de febrero al 6 de marzo de 2026.<\/p>\n<p><strong>\u00bfHay un examen de admisi\u00f3n para ingresar a posgrados?<\/strong><\/p>\n<p>Es importante leer la convocatoria del posgrado de inter\u00e9s, pues cada programa tiene sus propios requisitos. Uno de ellos es la realizaci\u00f3n del EXANI III, el cual se efectuar\u00e1 el s\u00e1bado 11 de abril de 2026. Realizando el pre-registro y haciendo el pago correspondiente, la persona aspirante queda inscrita al proceso de admisi\u00f3n y al EXANI III.<\/p>\n<p>La vigencia del EXANI III es de un a\u00f1o, por lo que si se cuentan con resultados mayores a los 1000 puntos y con menos de un a\u00f1o de haberse realizado al momento de que se solicitan en la convocatoria, no es necesario volver a realizarlo, solamente habr\u00e1 que enviar el resultado al Departamento de Apoyo al Posgrado.<\/p>\n<p><strong>\u00bfEl proceso de admisi\u00f3n a posgrados tiene costo?<\/strong><\/p>\n<p>S\u00ed, el proceso de admisi\u00f3n tiene un costo. Este monto incluye el proceso de admisi\u00f3n, el EXANI III y el Diagn\u00f3stico de Habilidades para el Posgrado. En 2026 el proceso de admisi\u00f3n para maestr\u00edas y especialidades es de $1,860.00 MXN y el de doctorado de $2,180.00 MXN.<\/p>\n<p>Si eres estudiante de \u00faltimo semestre de licenciatura o ingenier\u00eda de la UAA, o tienes menos de 2 a\u00f1os de haber egresado de esta instituci\u00f3n en dicho nivel, revisa el instructivo del posgrado de tu inter\u00e9s, pues puedes participar en el Programa de Captaci\u00f3n de Talentos para Estudiantes de Posgrado, que te permitir\u00e1 obtener un descuento en el proceso de admisi\u00f3n a maestr\u00eda o especialidad.<\/p>\n<p><strong>\u00bfEstos posgrados ofrecen becas?<\/strong><\/p>\n<p>Los Posgrados de Agenda P\u00fablica de la UAA que pertenecen al Sistema Nacional de Posgrados (SNP) de la Secretar\u00eda de Ciencia, Humanidades, Tecnolog\u00eda e Innovaci\u00f3n (SECIHTI) permiten a sus estudiantes la posibilidad, aunque no la garant\u00eda, de acceder a una beca nacional. Esta beca incluye un monto para manutenci\u00f3n y seguro m\u00e9dico.<\/p>\n<p>Respecto a los Posgrados Ejecutivos, en algunos casos, los estudiantes podr\u00e1n acceder a becas ofrecidas por instituciones gubernamentales o empresas con los que la UAA haya realizado un convenio espec\u00edfico para tales fines. Estas becas son para obtener descuento en monto de colegiatura.<\/p>\n<p>Estudiantes de ambos tipos posgrados que no cuenten con alguna de las becas anteriores, pueden participar en la Convocatoria de Becas para Estudiantes de Posgrados Impartidos Exclusivamente por la UAA, con las cuales se hace un descuento en rubro de colegiatura mensual.<\/p>\n<p><strong>\u00bfC\u00f3mo solicito la beca de la SECIHTI?<\/strong><\/p>\n<p>Esta beca se puede solicitar hasta que la persona haya sido aceptada en el posgrado de su inter\u00e9s y se haya inscrito en \u00e9l, por lo que no se puede hacer solicitud a la par del proceso de admisi\u00f3n al posgrado. Una vez que se haya abierto la convocatoria para beca SECIHTI, el Departamento de Apoyo al Posgrado te orientar\u00e1 para hacer la solicitud. La UAA no puede garantizar que todas las becas solicitadas ser\u00e1s otorgadas por la SECIHTI, ya que ello depender\u00e1 de los criterios definidos por el mismo organismo, as\u00ed como los recursos que de disponga para tal prop\u00f3sito.<\/p>\n<p><strong>\u00bfCada cu\u00e1ndo dan inicio las especialidades, las maestr\u00edas y los doctorados?<\/strong><\/p>\n<p>La Universidad Aut\u00f3noma de Aguascalientes tiene dos periodos de inicio de posgrados al a\u00f1o: enero y agosto. Sin embargo, no todos los posgrados comienzan una nueva generaci\u00f3n cada semestre. La mayor\u00eda de las maestr\u00edas y doctorados reciben a una generaci\u00f3n cada dos a\u00f1os, aunque algunas tienen ingreso anual. Te sugerimos acercarte al Departamento de Apoyo al Posgrado para consultar el posible inicio de tu maestr\u00eda o doctorado de inter\u00e9s.<\/p>\n<p><strong>\u00bfA d\u00f3nde me puedo acercar en caso de dudas sobre el proceso de admisi\u00f3n y los posgrados?<\/strong><\/p>\n<p>En la convocatoria general y en el instructivo del posgrado de tu inter\u00e9s, al final del documento aparece un directorio con la informaci\u00f3n de los contactos y los temas que les corresponde atender. Asimismo, puedes ponerte en contacto con el Departamento de Apoyo al Posgrado en el piso 6 del Edificio Acad\u00e9mico Administrativo, al tel\u00e9fono 449 910 74 00 ext. 34212 o al correo electr\u00f3nico\u00a0<a href=\"mailto:posgrado_informacion@edu.uaa.mx\">posgrado_informacion@edu.uaa.mx<\/a><\/p>\n\n\n<div style=\"height:100px\" aria-hidden=\"true\" class=\"wp-block-spacer\"><\/div>\n","protected":false},"excerpt":{"rendered":"<p>\u00bfD\u00f3nde puedo consultar los requisitos y fechas para ingresar a un posgrado? Primero es necesario revisar la Convocatoria General de Ingreso a Posgrados Agosto 2026, en la cual se encuentran todos los requisitos y etapas administrativas del proceso de admisi\u00f3n. Es importante que revises si el posgrado de tu inter\u00e9s [&hellip;]<\/p>\n","protected":false},"author":7,"featured_media":2092,"parent":0,"menu_order":0,"comment_status":"closed","ping_status":"closed","template":"","meta":{"footnotes":""},"class_list":["post-1729","page","type-page","status-publish","has-post-thumbnail","hentry"],"_links":{"self":[{"href":"https:\/\/www.uaa.mx\/admision\/index.php\/wp-json\/wp\/v2\/pages\/1729","targetHints":{"allow":["GET"]}}],"collection":[{"href":"https:\/\/www.uaa.mx\/admision\/index.php\/wp-json\/wp\/v2\/pages"}],"about":[{"href":"https:\/\/www.uaa.mx\/admision\/index.php\/wp-json\/wp\/v2\/types\/page"}],"author":[{"embeddable":true,"href":"https:\/\/www.uaa.mx\/admision\/index.php\/wp-json\/wp\/v2\/users\/7"}],"replies":[{"embeddable":true,"href":"https:\/\/www.uaa.mx\/admision\/index.php\/wp-json\/wp\/v2\/comments?post=1729"}],"version-history":[{"count":5,"href":"https:\/\/www.uaa.mx\/admision\/index.php\/wp-json\/wp\/v2\/pages\/1729\/revisions"}],"predecessor-version":[{"id":2039,"href":"https:\/\/www.uaa.mx\/admision\/index.php\/wp-json\/wp\/v2\/pages\/1729\/revisions\/2039"}],"wp:featuredmedia":[{"embeddable":true,"href":"https:\/\/www.uaa.mx\/admision\/index.php\/wp-json\/wp\/v2\/media\/2092"}],"wp:attachment":[{"href":"https:\/\/www.uaa.mx\/admision\/index.php\/wp-json\/wp\/v2\/media?parent=1729"}],"curies":[{"name":"wp","href":"https:\/\/api.w.org\/{rel}","templated":true}]}}