{"id":364,"date":"2021-03-05T19:20:46","date_gmt":"2021-03-05T19:20:46","guid":{"rendered":"https:\/\/www.uaa.mx\/admision\/?page_id=364"},"modified":"2024-04-30T15:23:16","modified_gmt":"2024-04-30T15:23:16","slug":"dudas-frecuentes-bachillerato","status":"publish","type":"page","link":"https:\/\/www.uaa.mx\/admision\/index.php\/dudas-frecuentes-bachillerato\/","title":{"rendered":"Dudas frecuentes bachillerato"},"content":{"rendered":"\n<h2 class=\"wp-block-heading has-text-align-center\">Dudas frecuentes bachillerato<\/h2>\n\n\n\n<strong>[expand title=\u00bb\u00bfQu\u00e9 tengo que hacer en mi pre registro de bachillerato?\u00bb]<\/strong>\n  <blockquote>\nEn el proceso de pre registro debes capturar tus datos, imprimir el recibo de pago y efectuarlo. Tienes del 13 al 17 de mayo para completar este pre registro en <a href=\"https:\/\/www.uaa.mx\" target=\"_blank\" rel=\"noopener\">www.uaa.mx<\/a>.<\/blockquote>\n [\/expand]\n<br>\n\n<strong>[expand title=\u00bb\u00bfQu\u00e9 documentos tengo que entregar en el Edificio 1-A el 17 y 20 de mayo?\u00bb]<\/strong>\n  <blockquote>\n    <b>1.-Original y copia legible de cada uno de los siguientes documentos:<\/b> <br>\n    <ul>\n      <li>Cita para entrega de documentos. <\/li>\n      <li>Comprobante de pago efectuado.<\/li>\n      <li> CURP. Acta de Nacimiento. <\/li>\n      <li>Boletas de Calificaciones de 1\u00b0 y 2\u00b0 a\u00f1o de Secundaria selladas por la Instituci\u00f3n de procedencia, o del Certificado si ya se concluyeron esos estudios. <\/li>\n      <li>Boletas de ex\u00e1menes extraordinarios aprobados selladas por la Instituci\u00f3n de procedencia, si es el caso. <\/li>\n    <\/ul>\n  <b>2.-Una fotograf\u00eda reciente tama\u00f1o infantil de frente.<\/b><br>\n<\/blockquote>\n[\/expand]\n    \n<br>\n<strong>[expand title=\u00bb\u00bfCu\u00e1l es mi comprobante de pago?\u00bb]<\/strong>\n <blockquote>\nEl comprobante de pago es el documento que te entregan al momento de efectuarlo, es decir, el recibo de pago del banco, la transferencia en l\u00ednea o el ticket del OXXO. <\/blockquote>\n[\/expand]\n\n<br>\n<strong>[expand title=\u00bb\u00bfMi acta de nacimiento debe ser reciente?\u00bb]<\/strong>\n  <blockquote>\nNo necesariamente, pero debe estar en el formato actual.\n<\/blockquote>\n[\/expand]\n\n<br>\n<strong>[expand title=\u00bb\u00bfPuedo elegir turno?\u00bb] <\/strong>\n<blockquote> \n  No es posible elegirlo, se asignan aleatoriamente.<\/blockquote>\n[\/expand] \n<br>\n<strong> [expand title=\u00bb\u00bfCu\u00e1l es el examen admisi\u00f3n que se aplicar\u00e1?\u00bb]<\/strong>\n  <blockquote>\nEl Examen EXCOBA. La gu\u00eda se encuentra en la Convocatoria de Admisi\u00f3n.\n<\/blockquote>\n [\/expand]\n<br>\n\n<strong>[expand title=\u00bb\u00bfQu\u00e9 peso tiene el examen de admisi\u00f3n para el proceso de selecci\u00f3n?\u00bb]<\/strong>\n  <blockquote>\nUn 50%. El otro 50% es la calificaci\u00f3n de las boletas de 1\u00b0 y 2\u00b0 o del Certificado de Secundaria.<\/blockquote>\n [\/expand]\n<br>\n\n<strong>[expand title=\u00bb\u00bfCu\u00e1ndo y d\u00f3nde se publicar\u00e1n los resultados?\u00bb]<\/strong>\n  <blockquote>\nLas listas de resultados se publicar\u00e1n el d\u00eda 22 de junio en <a href=\"https:\/\/www.uaa.mx\" target=\"_blank\" rel=\"noopener\">www.uaa.mx<\/a> y peri\u00f3dicos de circulaci\u00f3n local. <\/blockquote>\n [\/expand]\n<br>\n\n<strong>[expand title=\u00bb\u00bfPuedo participar en la Convocatoria para Aguascalientes y en la Convocatoria para Rinc\u00f3n de Romos?\u00bb]<\/strong>\n  <blockquote>\nSolo se permitir\u00e1 un registro por aspirante, no podr\u00e1n realizarse registros simult\u00e1neos para las sedes de Aguascalientes y Rinc\u00f3n de Romos. En caso de que se detecte m\u00e1s de una solicitud se considerar\u00e1 para el proceso el primer registro efectuado.\n  <\/blockquote>\n [\/expand]\n<br>\n\n\n\n<div style=\"height:33px\" aria-hidden=\"true\" class=\"wp-block-spacer\"><\/div>\n\n\n\n<p class=\"has-text-align-center\"><strong>Contacto para dudas:<\/strong><\/p>\n\n\n\n<p class=\"has-text-align-center\">449 910 74 22 ext. 20213<\/p>\n\n\n\n<p class=\"has-text-align-center\"><a href=\"mailto:dudas.admision@edu.uaa.mx\">dudas.admision@edu.uaa.mx<\/a><\/p>\n\n\n\n<div style=\"height:33px\" aria-hidden=\"true\" class=\"wp-block-spacer\"><\/div>\n\n\n\n<h2 class=\"wp-block-heading has-text-align-center\">REDES SOCIALES UAA<\/h2>\n\n\n\n<center>\n<a href=\"https:\/\/www.facebook.com\/uaa.mx\/?ref=br_rs\"> <img decoding=\"async\" src=\"https:\/\/www.uaa.mx\/portal\/wp-content\/uploads\/2023\/08\/Facebook.png\" alt=\"Facebook UAA\"> <\/a> \n   <a href=\"https:\/\/instagram.com\/uaa_mx?igshid=MzRlODBiNWFlZA==\"> <img decoding=\"async\" src=\"https:\/\/www.uaa.mx\/portal\/wp-content\/uploads\/2023\/08\/Instagram.png\" alt=\"Instagram UAA\"> <\/a> \n   <a href=\"https:\/\/www.youtube.com\/@UAAmx1\"> <img decoding=\"async\" src=\"https:\/\/www.uaa.mx\/portal\/wp-content\/uploads\/2023\/08\/YouTube.png\" alt=\"YouTube UAA\"> <\/a> \n   <a href=\"https:\/\/twitter.com\/uaa_mx\"> <img decoding=\"async\" src=\"https:\/\/www.uaa.mx\/portal\/wp-content\/uploads\/2023\/08\/X.png\" alt=\"X UAA\"> <\/a> \n   <a href=\"https:\/\/www.linkedin.com\/school\/uaamx\/\"> <img decoding=\"async\" src=\"https:\/\/www.uaa.mx\/portal\/wp-content\/uploads\/2023\/08\/LinkedIn.png\" alt=\"Linkedin UAA\"> <\/a> \n   <a href=\"https:\/\/g.page\/r\/CdstxDdmJKCJEAE\"> <img decoding=\"async\" src=\"https:\/\/www.uaa.mx\/portal\/wp-content\/uploads\/2023\/08\/Google-Maps.png\" alt=\"Google Maps UAA\"> <\/a> \n   <a href=\"https:\/\/www.tiktok.com\/@uaa_mx?_t=8evCnXOezJO&amp;_r=1\"> <img decoding=\"async\" src=\"https:\/\/www.uaa.mx\/portal\/wp-content\/uploads\/2023\/08\/TikTok.png\" alt=\"TikTok UAA\"> <\/a> \n   <a href=\"https:\/\/www.threads.net\/@uaa_mx?igshid=NTc4MTIwNjQ2YQ==\"> <img decoding=\"async\" src=\"https:\/\/www.uaa.mx\/portal\/wp-content\/uploads\/2023\/08\/Threads.png\" alt=\"Threads UAA\"> <\/a>\n<br>\n<br>\n<\/center>\n","protected":false},"excerpt":{"rendered":"<p>Dudas frecuentes bachillerato [expand title=\u00bb\u00bfQu\u00e9 tengo que hacer en mi pre registro de bachillerato?\u00bb] En el proceso de pre registro debes capturar tus datos, imprimir el recibo de pago y efectuarlo. Tienes del 13 al 17 de mayo para completar este pre registro en www.uaa.mx. [\/expand] [expand title=\u00bb\u00bfQu\u00e9 documentos tengo [&hellip;]<\/p>\n","protected":false},"author":7,"featured_media":1349,"parent":0,"menu_order":0,"comment_status":"closed","ping_status":"closed","template":"","meta":{"footnotes":""},"class_list":["post-364","page","type-page","status-publish","has-post-thumbnail","hentry"],"_links":{"self":[{"href":"https:\/\/www.uaa.mx\/admision\/index.php\/wp-json\/wp\/v2\/pages\/364","targetHints":{"allow":["GET"]}}],"collection":[{"href":"https:\/\/www.uaa.mx\/admision\/index.php\/wp-json\/wp\/v2\/pages"}],"about":[{"href":"https:\/\/www.uaa.mx\/admision\/index.php\/wp-json\/wp\/v2\/types\/page"}],"author":[{"embeddable":true,"href":"https:\/\/www.uaa.mx\/admision\/index.php\/wp-json\/wp\/v2\/users\/7"}],"replies":[{"embeddable":true,"href":"https:\/\/www.uaa.mx\/admision\/index.php\/wp-json\/wp\/v2\/comments?post=364"}],"version-history":[{"count":50,"href":"https:\/\/www.uaa.mx\/admision\/index.php\/wp-json\/wp\/v2\/pages\/364\/revisions"}],"predecessor-version":[{"id":1598,"href":"https:\/\/www.uaa.mx\/admision\/index.php\/wp-json\/wp\/v2\/pages\/364\/revisions\/1598"}],"wp:featuredmedia":[{"embeddable":true,"href":"https:\/\/www.uaa.mx\/admision\/index.php\/wp-json\/wp\/v2\/media\/1349"}],"wp:attachment":[{"href":"https:\/\/www.uaa.mx\/admision\/index.php\/wp-json\/wp\/v2\/media?parent=364"}],"curies":[{"name":"wp","href":"https:\/\/api.w.org\/{rel}","templated":true}]}}