{"id":88,"date":"2019-07-02T20:35:21","date_gmt":"2019-07-02T20:35:21","guid":{"rendered":"https:\/\/www.uaa.mx\/defensoria\/?page_id=88"},"modified":"2023-08-28T19:46:34","modified_gmt":"2023-08-28T19:46:34","slug":"88-2","status":"publish","type":"page","link":"https:\/\/www.uaa.mx\/defensoria\/index.php\/88-2\/","title":{"rendered":"\u00bfQu\u00e9 es?"},"content":{"rendered":"\n<figure class=\"wp-block-embed aligncenter is-type-video is-provider-youtube wp-block-embed-youtube wp-embed-aspect-16-9 wp-has-aspect-ratio\"><div class=\"wp-block-embed__wrapper\">\n<iframe loading=\"lazy\" title=\"Defensor\u00eda de los Derechos Universitarios\" width=\"750\" height=\"422\" src=\"https:\/\/www.youtube.com\/embed\/jEnR7Fe0kTE?feature=oembed\" frameborder=\"0\" allow=\"accelerometer; autoplay; clipboard-write; encrypted-media; gyroscope; picture-in-picture; web-share\" allowfullscreen><\/iframe>\n<\/div><\/figure>\n\n\n\n<ul class=\"wp-block-list\">\n<li><strong>\u00bfQU\u00c9 ES LA DEFENSOR\u00cdA?<\/strong><\/li>\n<\/ul>\n\n\n\n<p>La Defensor\u00eda de los Derechos Universitarios (DDU) de\nla UAA fue creada como una instancia independiente a la que podemos acudir\ntod@s l@s universitari@s, estudiantes, personal acad\u00e9mico y personal\nadministrativo, para ser escuchados, orientados y atendidos en las demandas y\nreclamaciones de car\u00e1cter individual, cuando consideremos que nuestros derechos\nuniversitarios han sido objeto de violaci\u00f3n o no sean atendidos adecuadamente.\nTambi\u00e9n realiza las investigaciones necesarias y emite, en su caso,\nrecomendaciones. <\/p>\n\n\n\n<ul class=\"wp-block-list\">\n<li><strong>MISI\u00d3N:<\/strong><\/li>\n<\/ul>\n\n\n\n<p>Contribuir al cumplimiento de las obligaciones y al\nrespeto a los derechos de las personas integrantes de la comunidad\nuniversitaria y promover un ambiente propicio para su desarrollo donde se\nsientan valorados, respetados, defendidos y protegidos en todos los derechos\nque nos reconoce la legislaci\u00f3n universitaria.<\/p>\n\n\n\n<ul class=\"wp-block-list\">\n<li><strong>VISI\u00d3N:<\/strong><\/li>\n<\/ul>\n\n\n\n<p>En el a\u00f1o 2024 la Defensor\u00eda de los Derechos\nUniversitarios ser\u00e1 un referente a nivel nacional por su contribuci\u00f3n para generar\nun ambiente agradable de sana convivencia &nbsp;y de bienestar dentro de la universidad, a\ntrav\u00e9s de la atenci\u00f3n eficiente de las quejas, as\u00ed como la prevenci\u00f3n y\neducaci\u00f3n en los derechos fundamentales de toda la comunidad universitaria. <\/p>\n\n\n\n<ul class=\"wp-block-list\">\n<li><strong>CARACTER\u00cdSTICAS ESENCIALES DE LA DEFENSOR\u00cdA<\/strong><\/li>\n<\/ul>\n\n\n\n<p><strong>Independencia: <\/strong>La\nDDU no recibe instrucciones de ninguna autoridad universitaria en relaci\u00f3n a\nsus actuaciones o recomendaciones que formule.<\/p>\n\n\n\n<p><strong>Objetividad.<\/strong>\nLas quejas presentadas dentro de la DDU son atendidas, investigadas y resueltas\ncon actitud imparcial, despojada de prejuicios y apartada de intereses que\nimpidan proceder con rectitud. <\/p>\n\n\n\n<p><strong>Confidencialidad.<\/strong>\nSignifica que cualquier informaci\u00f3n recibida en la DDU&nbsp; se deber\u00e1 limitar a las personas involucradas\nen procedimiento y que realmente necesiten conocerla, a fin de garantizar el\nrespeto a la privacidad en todas las etapas del procedimiento. <\/p>\n\n\n\n<p><strong>Mediaci\u00f3n.<\/strong> A fin\nde llegar a una soluci\u00f3n inmediata y en los casos que el Protocolo de Actuaci\u00f3n\nante situaciones de Acoso, Discriminaci\u00f3n y Violencia lo autorice la DDU buscar\u00e1\nque las partes involucradas, en libre ejercicio de su voluntad y orientados por\nun mediador, propongan alternativas que permitan dar una soluci\u00f3n justa a su\nproblema planteado.<\/p>\n","protected":false},"excerpt":{"rendered":"<p>La Defensor\u00eda de los Derechos Universitarios (DDU) de la UAA fue creada como una instancia independiente a la que podemos acudir tod@s l@s universitari@s, estudiantes, personal acad\u00e9mico y personal administrativo, para ser escuchados, orientados y atendidos en las demandas y reclamaciones de car\u00e1cter individual, cuando consideremos que nuestros derechos universitarios [&hellip;]<\/p>\n","protected":false},"author":2,"featured_media":0,"parent":0,"menu_order":0,"comment_status":"closed","ping_status":"closed","template":"","meta":{"footnotes":""},"class_list":["post-88","page","type-page","status-publish","hentry"],"_links":{"self":[{"href":"https:\/\/www.uaa.mx\/defensoria\/index.php\/wp-json\/wp\/v2\/pages\/88","targetHints":{"allow":["GET"]}}],"collection":[{"href":"https:\/\/www.uaa.mx\/defensoria\/index.php\/wp-json\/wp\/v2\/pages"}],"about":[{"href":"https:\/\/www.uaa.mx\/defensoria\/index.php\/wp-json\/wp\/v2\/types\/page"}],"author":[{"embeddable":true,"href":"https:\/\/www.uaa.mx\/defensoria\/index.php\/wp-json\/wp\/v2\/users\/2"}],"replies":[{"embeddable":true,"href":"https:\/\/www.uaa.mx\/defensoria\/index.php\/wp-json\/wp\/v2\/comments?post=88"}],"version-history":[{"count":4,"href":"https:\/\/www.uaa.mx\/defensoria\/index.php\/wp-json\/wp\/v2\/pages\/88\/revisions"}],"predecessor-version":[{"id":215,"href":"https:\/\/www.uaa.mx\/defensoria\/index.php\/wp-json\/wp\/v2\/pages\/88\/revisions\/215"}],"wp:attachment":[{"href":"https:\/\/www.uaa.mx\/defensoria\/index.php\/wp-json\/wp\/v2\/media?parent=88"}],"curies":[{"name":"wp","href":"https:\/\/api.w.org\/{rel}","templated":true}]}}