{"id":90,"date":"2019-07-02T20:41:21","date_gmt":"2019-07-02T20:41:21","guid":{"rendered":"https:\/\/www.uaa.mx\/defensoria\/?page_id=90"},"modified":"2024-02-15T18:48:28","modified_gmt":"2024-02-15T18:48:28","slug":"para-que-existe","status":"publish","type":"page","link":"https:\/\/www.uaa.mx\/defensoria\/index.php\/para-que-existe\/","title":{"rendered":"\u00bfPARA QUE EXISTE?"},"content":{"rendered":"\n<p><strong>\u00bfPARA QU\u00c9 SIRVE LA DEFENSOR\u00cdA?<\/strong><\/p>\n\n\n<p style=\"text-align: justify;\">La Defensor\u00eda fue creada para garantizar el libre ejercicio y la protecci\u00f3n de los derechos de los universitarios; para escuchar, atender y orientar a la comunidad universitaria ante cualquier tipo de violaci\u00f3n de los mismos.<\/p>\n<p style=\"text-align: justify;\">Tiene la obligaci\u00f3n de informar y orientar a la comunidad universitaria acerca de los temas relacionados con los derechos de los universitarios. Sus recomendaciones tienen car\u00e1cter no vinculatorio, esto significa que las recomendaciones que emita deben ser ejecutadas por las autoridades universitarias de acuerdo sus respectivas funciones.<\/p>\n<p style=\"text-align: justify;\">Adem\u00e1s ser\u00e1 una oficina de consulta, di\u00e1logo y de an\u00e1lisis de aquellas tareas o acciones que debieran emprenderse para mejorar la buena convivencia de la comunidad universitaria, as\u00ed como para restablecer la confianza de las personas en el caso de aquellos problemas que se hayan presentado.<\/p>\n\n\n<p><\/p>\n\n\n\n<p><strong>FUNCIONES<\/strong><\/p>\n\n\n\n<ul>\n<li>Establecer un programa permanente de orientaci\u00f3n.<\/li>\n<li style=\"text-align: justify;\">Atender reclamaciones.<\/li>\n<li style=\"text-align: justify;\">Realizar investigaciones de ser necesario.<\/li>\n<li style=\"text-align: justify;\">Emitir recomendaciones.<\/li>\n<li style=\"text-align: justify;\">Aplicar, substanciar y dar seguimiento al <a href=\"https:\/\/www.uaa.mx\/eventos\/diciembre\/CORREO_UNIVERSITARIO_No3.pdf\">Protocolo de actuaci\u00f3n ante situaciones de acoso, discriminaci\u00f3n y violencia.<\/a><\/li>\n<li style=\"text-align: justify;\">Difusi\u00f3n y capacitaci\u00f3n en los temas de los derechos universitarios.<\/li>\n<li style=\"text-align: justify;\">Vigilar el cumplimiento del orden legal universitario.<\/li>\n<\/ul>\n\n\n\n<p><\/p>\n\n\n\n<p><strong>COMPETENCIA:<\/strong><\/p>\n\n\n\n<p>El Defensor de los Derechos Universitarios tendr\u00e1 facultad para emitir recomendaciones, en los siguientes casos:<\/p>\n\n\n<ol style=\"list-style-type: upper-roman;\">\n<li style=\"text-align: justify;\">Violaciones a la libertad de catedra en perjuicio de un docente.<\/li>\n<li style=\"text-align: justify;\">Alguna autoridad emita presi\u00f3n ya se por razones ideol\u00f3gicas, pol\u00edticas o religiosas.<\/li>\n<li style=\"text-align: justify;\">Se establezcan distinciones, prerrogativas, privilegios o canonj\u00edas por raz\u00f3n de sexo o nacionalidad.<\/li>\n<li style=\"text-align: justify;\">Alguna autoridad sea omisa en el cumplimiento de sus obligaciones y se afecte un derecho individual.<\/li>\n<li style=\"text-align: justify;\">En casos de acoso, discriminaci\u00f3n o violencia en el \u00e1mbito institucional.<\/li>\n<li style=\"text-align: justify;\">En cualquier otro asunto que afecte un derecho individual de un miembro de la comunidad universitaria.<\/li>\n<\/ol>\n\n\n<p><\/p>\n\n\n\n<p><strong>LA DDU NO TIENE COMPETENCIA EN:<\/strong><\/p>\n\n\n<ol style=\"list-style-type: upper-roman;\">\n<li style=\"text-align: justify;\">Afectaciones de car\u00e1cter colectivo.<\/li>\n<li style=\"text-align: justify;\">Afectaciones de naturaleza laboral.<\/li>\n<li style=\"text-align: justify;\">Resoluciones disciplinarias.<\/li>\n<li style=\"text-align: justify;\">Evaluaciones acad\u00e9micas de profesores.<\/li>\n<li style=\"text-align: justify;\">Comisiones dictaminadoras.<\/li>\n<li style=\"text-align: justify;\">Consejos internos o t\u00e9cnicos.<\/li>\n<li style=\"text-align: justify;\">En general en aquellas violaciones que puedan impugnarse por otras v\u00edas establecidas por la legislaci\u00f3n universitaria.<\/li>\n<\/ol>","protected":false},"excerpt":{"rendered":"<p>\u00bfPARA QU\u00c9 SIRVE LA DEFENSOR\u00cdA? La Defensor\u00eda fue creada para garantizar el libre ejercicio y la protecci\u00f3n de los derechos de los universitarios; para escuchar, atender y orientar a la comunidad universitaria ante cualquier tipo de violaci\u00f3n de los mismos. Tiene la obligaci\u00f3n de informar y orientar a la comunidad [&hellip;]<\/p>\n","protected":false},"author":2,"featured_media":0,"parent":0,"menu_order":0,"comment_status":"closed","ping_status":"closed","template":"","meta":{"footnotes":""},"class_list":["post-90","page","type-page","status-publish","hentry"],"_links":{"self":[{"href":"https:\/\/www.uaa.mx\/defensoria\/index.php\/wp-json\/wp\/v2\/pages\/90","targetHints":{"allow":["GET"]}}],"collection":[{"href":"https:\/\/www.uaa.mx\/defensoria\/index.php\/wp-json\/wp\/v2\/pages"}],"about":[{"href":"https:\/\/www.uaa.mx\/defensoria\/index.php\/wp-json\/wp\/v2\/types\/page"}],"author":[{"embeddable":true,"href":"https:\/\/www.uaa.mx\/defensoria\/index.php\/wp-json\/wp\/v2\/users\/2"}],"replies":[{"embeddable":true,"href":"https:\/\/www.uaa.mx\/defensoria\/index.php\/wp-json\/wp\/v2\/comments?post=90"}],"version-history":[{"count":5,"href":"https:\/\/www.uaa.mx\/defensoria\/index.php\/wp-json\/wp\/v2\/pages\/90\/revisions"}],"predecessor-version":[{"id":241,"href":"https:\/\/www.uaa.mx\/defensoria\/index.php\/wp-json\/wp\/v2\/pages\/90\/revisions\/241"}],"wp:attachment":[{"href":"https:\/\/www.uaa.mx\/defensoria\/index.php\/wp-json\/wp\/v2\/media?parent=90"}],"curies":[{"name":"wp","href":"https:\/\/api.w.org\/{rel}","templated":true}]}}