{"id":1504,"date":"2021-12-14T20:52:59","date_gmt":"2021-12-14T20:52:59","guid":{"rendered":"https:\/\/www.uaa.mx\/descubretucarrera\/?page_id=1504"},"modified":"2026-03-09T20:33:28","modified_gmt":"2026-03-09T20:33:28","slug":"descubre-tu-vocacion","status":"publish","type":"page","link":"https:\/\/www.uaa.mx\/descubretucarrera\/descubre-tu-vocacion\/","title":{"rendered":"Descubre tu Vocaci\u00f3n"},"content":{"rendered":"\n<p class=\"has-text-align-center has-black-color has-text-color\"><h4 class=\"has-text-align-center\" style=\"text-align: center;\">Impacto en la elecci\u00f3n de carrera, \u00bfpor qu\u00e9 debes pensarlo bien?<\/h4>\n<p class=\"has-text-align-center has-black-color has-text-color\" style=\"text-align: justify;\"><span style=\"font-size: revert; color: initial;\">La toma de decisi\u00f3n vocacional es un proceso de reflexi\u00f3n y evaluaci\u00f3n realista en la que est\u00e1n inmersos los j\u00f3venes como t\u00fa; para conocer m\u00e1s, examina el siguiente video:<\/span><\/p><\/p>\n\n\n<p><center><iframe loading=\"lazy\" width=\"560\" height=\"314\" style=\"border: none; overflow: hidden;\" src=\"https:\/\/www.facebook.com\/plugins\/video.php?height=314&amp;href=https%3A%2F%2Fwww.facebook.com%2FUAAOrientacion%2Fvideos%2F8829980860367303%2F&amp;show_text=false&amp;width=560&amp;t=0\" scrolling=\"no\" frameborder=\"0\" allow=\"autoplay; clipboard-write; encrypted-media; picture-in-picture; web-share\" allowfullscreen=\"allowfullscreen\"><\/iframe><\/center><\/p>\n\n\n<p class=\"has-text-align-center\"><p><\/p>\n<h4 class=\"has-text-align-center\" style=\"text-align: center;\"><strong>Intereses vocacionales<\/strong><\/h4><\/p>\n\n\n\n<p><p style=\"text-align: justify;\">Antes de elegir una carrera profesional es importante que reflexiones sobre el grado de atracci\u00f3n que sientes por las actividades que desempe\u00f1as; para saber m\u00e1s, observa este video:<\/p><\/p>\n\n\n<p><center><iframe loading=\"lazy\" width=\"560\" height=\"314\" style=\"border: none; overflow: hidden;\" src=\"https:\/\/www.facebook.com\/plugins\/video.php?height=314&amp;href=https%3A%2F%2Fwww.facebook.com%2FUAAOrientacion%2Fvideos%2F515868664632705%2F&amp;show_text=false&amp;width=560&amp;t=0\" scrolling=\"no\" frameborder=\"0\" allow=\"autoplay; clipboard-write; encrypted-media; picture-in-picture; web-share\" allowfullscreen=\"allowfullscreen\"><\/iframe><\/center><\/p>\n\n\n<p class=\"has-text-align-center\"><p><\/p>\n<h4 class=\"has-text-align-center\" style=\"text-align: center;\"><strong>Habilidades vocacionales<\/strong><\/h4><\/p>\n\n\n\n<p><p style=\"text-align: justify;\">Las habilidades son capacidades o talentos que posees para realizar una actividad en espec\u00edfico; para comprender m\u00e1s, revisa el siguiente video:<\/p><\/p>\n\n\n<p><center><iframe loading=\"lazy\" width=\"560\" height=\"314\" style=\"border: none; overflow: hidden;\" src=\"https:\/\/www.facebook.com\/plugins\/video.php?height=314&amp;href=https%3A%2F%2Fwww.facebook.com%2FUAAOrientacion%2Fvideos%2F8754588627941421%2F&amp;show_text=false&amp;width=560&amp;t=0\" scrolling=\"no\" frameborder=\"0\" allow=\"autoplay; clipboard-write; encrypted-media; picture-in-picture; web-share\" allowfullscreen=\"allowfullscreen\"><\/iframe><\/center><\/p>\n\n\n<p class=\"has-text-align-center\"><p><\/p>\n<h4 class=\"has-text-align-center\" style=\"text-align: center;\"><strong>Factores que intervienen en la elecci\u00f3n de carrera<\/strong><\/h4>\n<p class=\"has-text-align-center\" style=\"text-align: justify;\"><span style=\"font-size: revert; color: initial;\">Tu toma de decisi\u00f3n vocacional depende de factores internos y externos; para identificarlos, explora este video:<\/span><\/p><\/p>\n\n\n<center><iframe loading=\"lazy\" width=\"560\" height=\"314\" style=\"border: none; overflow: hidden;\" src=\"https:\/\/www.facebook.com\/plugins\/video.php?height=314&amp;href=https%3A%2F%2Fwww.facebook.com%2FUAAOrientacion%2Fvideos%2F1707953023303021%2F&amp;show_text=false&amp;width=560&amp;t=0\" scrolling=\"no\" frameborder=\"0\" allow=\"autoplay; clipboard-write; encrypted-media; picture-in-picture; web-share\" allowfullscreen=\"allowfullscreen\"><\/iframe><\/center>\n<h4 style=\"text-align: center;\"><strong>Plan de estudios<\/strong><\/h4>\n<p style=\"text-align: justify;\">El plan de estudios permite tener una visi\u00f3n clara del tipo de aprendizaje y habilidades que se priorizan en la Universidad; para informarte m\u00e1s, considera el siguiente video:<\/p>\n<center><iframe loading=\"lazy\" width=\"560\" height=\"314\" style=\"border: none; overflow: hidden;\" src=\"https:\/\/www.facebook.com\/plugins\/video.php?height=314&amp;href=https%3A%2F%2Fwww.facebook.com%2FUAAOrientacion%2Fvideos%2F3709176182665997%2F&amp;show_text=false&amp;width=560&amp;t=0\" scrolling=\"no\" frameborder=\"0\" allow=\"autoplay; clipboard-write; encrypted-media; picture-in-picture; web-share\" allowfullscreen=\"allowfullscreen\"><\/iframe><\/center>\n\n\n<div style=\"height:50px\" aria-hidden=\"true\" class=\"wp-block-spacer\"><\/div>\n\n\n\n<h2 class=\"wp-block-heading has-text-align-center\">REDES SOCIALES UAA<\/h2>\n\n\n\n<center>\n<a href=\"https:\/\/www.facebook.com\/uaa.mx\/?ref=br_rs\"> <img decoding=\"async\" src=\"https:\/\/www.uaa.mx\/portal\/wp-content\/uploads\/2023\/08\/Facebook.png\" alt=\"Facebook UAA\"> <\/a> \n   <a href=\"https:\/\/instagram.com\/uaa_mx?igshid=MzRlODBiNWFlZA==\"> <img decoding=\"async\" src=\"https:\/\/www.uaa.mx\/portal\/wp-content\/uploads\/2023\/08\/Instagram.png\" alt=\"Instagram UAA\"> <\/a> \n   <a href=\"https:\/\/www.youtube.com\/@UAAmx1\"> <img decoding=\"async\" src=\"https:\/\/www.uaa.mx\/portal\/wp-content\/uploads\/2023\/08\/YouTube.png\" alt=\"YouTube UAA\"> <\/a> \n   <a href=\"https:\/\/twitter.com\/uaa_mx\"> <img decoding=\"async\" src=\"https:\/\/www.uaa.mx\/portal\/wp-content\/uploads\/2023\/08\/X.png\" alt=\"X UAA\"> <\/a> \n   <a href=\"https:\/\/www.linkedin.com\/school\/uaamx\/\"> <img decoding=\"async\" src=\"https:\/\/www.uaa.mx\/portal\/wp-content\/uploads\/2023\/08\/LinkedIn.png\" alt=\"Linkedin UAA\"> <\/a> \n   <a href=\"https:\/\/g.page\/r\/CdstxDdmJKCJEAE\"> <img decoding=\"async\" src=\"https:\/\/www.uaa.mx\/portal\/wp-content\/uploads\/2023\/08\/Google-Maps.png\" alt=\"Google Maps UAA\"> <\/a> \n   <a href=\"https:\/\/www.tiktok.com\/@uaa_mx?_t=8evCnXOezJO&amp;_r=1\"> <img decoding=\"async\" src=\"https:\/\/www.uaa.mx\/portal\/wp-content\/uploads\/2023\/08\/TikTok.png\" alt=\"TikTok UAA\"> <\/a> \n   <a href=\"https:\/\/www.threads.net\/@uaa_mx?igshid=NTc4MTIwNjQ2YQ==\"> <img decoding=\"async\" src=\"https:\/\/www.uaa.mx\/portal\/wp-content\/uploads\/2023\/08\/Threads.png\" alt=\"Threads UAA\"> <\/a>\n<br>\n<br>\n<\/center>\n","protected":false},"excerpt":{"rendered":"<p>Impacto en la elecci\u00f3n de carrera, \u00bfpor qu\u00e9 debes pensarlo bien? La toma de decisi\u00f3n vocacional es un proceso de reflexi\u00f3n y evaluaci\u00f3n realista en la que est\u00e1n inmersos los j\u00f3venes como t\u00fa; para conocer m\u00e1s, examina el siguiente video: Intereses vocacionales Antes de elegir una carrera profesional es importante [&hellip;]<\/p>\n","protected":false},"author":3,"featured_media":0,"parent":0,"menu_order":1,"comment_status":"closed","ping_status":"closed","template":"","meta":{"footnotes":""},"class_list":["post-1504","page","type-page","status-publish","hentry"],"yoast_head":"<!-- This site is optimized with the Yoast SEO plugin v25.4 - https:\/\/yoast.com\/wordpress\/plugins\/seo\/ -->\n<title>Descubre tu Vocaci\u00f3n - Descubre tu carrera<\/title>\n<meta name=\"robots\" content=\"index, follow, max-snippet:-1, max-image-preview:large, max-video-preview:-1\" \/>\n<link rel=\"canonical\" href=\"https:\/\/www.uaa.mx\/descubretucarrera\/descubre-tu-vocacion\/\" \/>\n<meta property=\"og:locale\" content=\"es_ES\" \/>\n<meta property=\"og:type\" content=\"article\" \/>\n<meta property=\"og:title\" content=\"Descubre tu Vocaci\u00f3n - Descubre tu carrera\" \/>\n<meta property=\"og:description\" content=\"Impacto en la elecci\u00f3n de carrera, \u00bfpor qu\u00e9 debes pensarlo bien? La toma de decisi\u00f3n vocacional es un proceso de reflexi\u00f3n y evaluaci\u00f3n realista en la que est\u00e1n inmersos los j\u00f3venes como t\u00fa; para conocer m\u00e1s, examina el siguiente video: Intereses vocacionales Antes de elegir una carrera profesional es importante [&hellip;]\" \/>\n<meta property=\"og:url\" content=\"https:\/\/www.uaa.mx\/descubretucarrera\/descubre-tu-vocacion\/\" \/>\n<meta property=\"og:site_name\" content=\"Descubre tu carrera\" \/>\n<meta property=\"article:publisher\" content=\"https:\/\/www.facebook.com\/uaa.mx\/?ref=br_rs\" \/>\n<meta property=\"article:modified_time\" content=\"2026-03-09T20:33:28+00:00\" \/>\n<meta property=\"og:image\" content=\"https:\/\/www.uaa.mx\/portal\/wp-content\/uploads\/2023\/08\/Facebook.png\" \/>\n<meta name=\"twitter:card\" content=\"summary_large_image\" \/>\n<meta name=\"twitter:site\" content=\"@uaa_mx\" \/>\n<meta name=\"twitter:label1\" content=\"Tiempo de lectura\" \/>\n\t<meta name=\"twitter:data1\" content=\"3 minutos\" \/>\n<script type=\"application\/ld+json\" class=\"yoast-schema-graph\">{\"@context\":\"https:\/\/schema.org\",\"@graph\":[{\"@type\":\"WebPage\",\"@id\":\"https:\/\/www.uaa.mx\/descubretucarrera\/descubre-tu-vocacion\/\",\"url\":\"https:\/\/www.uaa.mx\/descubretucarrera\/descubre-tu-vocacion\/\",\"name\":\"Descubre tu Vocaci\u00f3n - Descubre tu carrera\",\"isPartOf\":{\"@id\":\"https:\/\/www.uaa.mx\/descubretucarrera\/#website\"},\"primaryImageOfPage\":{\"@id\":\"https:\/\/www.uaa.mx\/descubretucarrera\/descubre-tu-vocacion\/#primaryimage\"},\"image\":{\"@id\":\"https:\/\/www.uaa.mx\/descubretucarrera\/descubre-tu-vocacion\/#primaryimage\"},\"thumbnailUrl\":\"https:\/\/www.uaa.mx\/portal\/wp-content\/uploads\/2023\/08\/Facebook.png\",\"datePublished\":\"2021-12-14T20:52:59+00:00\",\"dateModified\":\"2026-03-09T20:33:28+00:00\",\"breadcrumb\":{\"@id\":\"https:\/\/www.uaa.mx\/descubretucarrera\/descubre-tu-vocacion\/#breadcrumb\"},\"inLanguage\":\"es\",\"potentialAction\":[{\"@type\":\"ReadAction\",\"target\":[\"https:\/\/www.uaa.mx\/descubretucarrera\/descubre-tu-vocacion\/\"]}]},{\"@type\":\"ImageObject\",\"inLanguage\":\"es\",\"@id\":\"https:\/\/www.uaa.mx\/descubretucarrera\/descubre-tu-vocacion\/#primaryimage\",\"url\":\"https:\/\/www.uaa.mx\/portal\/wp-content\/uploads\/2023\/08\/Facebook.png\",\"contentUrl\":\"https:\/\/www.uaa.mx\/portal\/wp-content\/uploads\/2023\/08\/Facebook.png\"},{\"@type\":\"BreadcrumbList\",\"@id\":\"https:\/\/www.uaa.mx\/descubretucarrera\/descubre-tu-vocacion\/#breadcrumb\",\"itemListElement\":[{\"@type\":\"ListItem\",\"position\":1,\"name\":\"Home\",\"item\":\"https:\/\/www.uaa.mx\/descubretucarrera\/\"},{\"@type\":\"ListItem\",\"position\":2,\"name\":\"Descubre tu Vocaci\u00f3n\"}]},{\"@type\":\"WebSite\",\"@id\":\"https:\/\/www.uaa.mx\/descubretucarrera\/#website\",\"url\":\"https:\/\/www.uaa.mx\/descubretucarrera\/\",\"name\":\"Descubre tu carrera\",\"description\":\"Date el tiempo de reflexionar sobre aquellos aspectos que pudieran estar interviniendo en tu elecci\u00f3n y sigue avanzando en tu proceso.\",\"publisher\":{\"@id\":\"https:\/\/www.uaa.mx\/descubretucarrera\/#organization\"},\"potentialAction\":[{\"@type\":\"SearchAction\",\"target\":{\"@type\":\"EntryPoint\",\"urlTemplate\":\"https:\/\/www.uaa.mx\/descubretucarrera\/?s={search_term_string}\"},\"query-input\":{\"@type\":\"PropertyValueSpecification\",\"valueRequired\":true,\"valueName\":\"search_term_string\"}}],\"inLanguage\":\"es\"},{\"@type\":\"Organization\",\"@id\":\"https:\/\/www.uaa.mx\/descubretucarrera\/#organization\",\"name\":\"Universidad Aut\u00f3noma de Aguascalientes\",\"url\":\"https:\/\/www.uaa.mx\/descubretucarrera\/\",\"logo\":{\"@type\":\"ImageObject\",\"inLanguage\":\"es\",\"@id\":\"https:\/\/www.uaa.mx\/descubretucarrera\/#\/schema\/logo\/image\/\",\"url\":\"https:\/\/www.uaa.mx\/descubretucarrera\/wp-content\/uploads\/2019\/01\/Logo-UAA.png\",\"contentUrl\":\"https:\/\/www.uaa.mx\/descubretucarrera\/wp-content\/uploads\/2019\/01\/Logo-UAA.png\",\"width\":318,\"height\":154,\"caption\":\"Universidad Aut\u00f3noma de Aguascalientes\"},\"image\":{\"@id\":\"https:\/\/www.uaa.mx\/descubretucarrera\/#\/schema\/logo\/image\/\"},\"sameAs\":[\"https:\/\/www.facebook.com\/uaa.mx\/?ref=br_rs\",\"https:\/\/x.com\/uaa_mx\"]}]}<\/script>\n<!-- \/ Yoast SEO plugin. -->","yoast_head_json":{"title":"Descubre tu Vocaci\u00f3n - Descubre tu carrera","robots":{"index":"index","follow":"follow","max-snippet":"max-snippet:-1","max-image-preview":"max-image-preview:large","max-video-preview":"max-video-preview:-1"},"canonical":"https:\/\/www.uaa.mx\/descubretucarrera\/descubre-tu-vocacion\/","og_locale":"es_ES","og_type":"article","og_title":"Descubre tu Vocaci\u00f3n - Descubre tu carrera","og_description":"Impacto en la elecci\u00f3n de carrera, \u00bfpor qu\u00e9 debes pensarlo bien? La toma de decisi\u00f3n vocacional es un proceso de reflexi\u00f3n y evaluaci\u00f3n realista en la que est\u00e1n inmersos los j\u00f3venes como t\u00fa; para conocer m\u00e1s, examina el siguiente video: Intereses vocacionales Antes de elegir una carrera profesional es importante [&hellip;]","og_url":"https:\/\/www.uaa.mx\/descubretucarrera\/descubre-tu-vocacion\/","og_site_name":"Descubre tu carrera","article_publisher":"https:\/\/www.facebook.com\/uaa.mx\/?ref=br_rs","article_modified_time":"2026-03-09T20:33:28+00:00","og_image":[{"url":"https:\/\/www.uaa.mx\/portal\/wp-content\/uploads\/2023\/08\/Facebook.png","type":"","width":"","height":""}],"twitter_card":"summary_large_image","twitter_site":"@uaa_mx","twitter_misc":{"Tiempo de lectura":"3 minutos"},"schema":{"@context":"https:\/\/schema.org","@graph":[{"@type":"WebPage","@id":"https:\/\/www.uaa.mx\/descubretucarrera\/descubre-tu-vocacion\/","url":"https:\/\/www.uaa.mx\/descubretucarrera\/descubre-tu-vocacion\/","name":"Descubre tu Vocaci\u00f3n - Descubre tu carrera","isPartOf":{"@id":"https:\/\/www.uaa.mx\/descubretucarrera\/#website"},"primaryImageOfPage":{"@id":"https:\/\/www.uaa.mx\/descubretucarrera\/descubre-tu-vocacion\/#primaryimage"},"image":{"@id":"https:\/\/www.uaa.mx\/descubretucarrera\/descubre-tu-vocacion\/#primaryimage"},"thumbnailUrl":"https:\/\/www.uaa.mx\/portal\/wp-content\/uploads\/2023\/08\/Facebook.png","datePublished":"2021-12-14T20:52:59+00:00","dateModified":"2026-03-09T20:33:28+00:00","breadcrumb":{"@id":"https:\/\/www.uaa.mx\/descubretucarrera\/descubre-tu-vocacion\/#breadcrumb"},"inLanguage":"es","potentialAction":[{"@type":"ReadAction","target":["https:\/\/www.uaa.mx\/descubretucarrera\/descubre-tu-vocacion\/"]}]},{"@type":"ImageObject","inLanguage":"es","@id":"https:\/\/www.uaa.mx\/descubretucarrera\/descubre-tu-vocacion\/#primaryimage","url":"https:\/\/www.uaa.mx\/portal\/wp-content\/uploads\/2023\/08\/Facebook.png","contentUrl":"https:\/\/www.uaa.mx\/portal\/wp-content\/uploads\/2023\/08\/Facebook.png"},{"@type":"BreadcrumbList","@id":"https:\/\/www.uaa.mx\/descubretucarrera\/descubre-tu-vocacion\/#breadcrumb","itemListElement":[{"@type":"ListItem","position":1,"name":"Home","item":"https:\/\/www.uaa.mx\/descubretucarrera\/"},{"@type":"ListItem","position":2,"name":"Descubre tu Vocaci\u00f3n"}]},{"@type":"WebSite","@id":"https:\/\/www.uaa.mx\/descubretucarrera\/#website","url":"https:\/\/www.uaa.mx\/descubretucarrera\/","name":"Descubre tu carrera","description":"Date el tiempo de reflexionar sobre aquellos aspectos que pudieran estar interviniendo en tu elecci\u00f3n y sigue avanzando en tu proceso.","publisher":{"@id":"https:\/\/www.uaa.mx\/descubretucarrera\/#organization"},"potentialAction":[{"@type":"SearchAction","target":{"@type":"EntryPoint","urlTemplate":"https:\/\/www.uaa.mx\/descubretucarrera\/?s={search_term_string}"},"query-input":{"@type":"PropertyValueSpecification","valueRequired":true,"valueName":"search_term_string"}}],"inLanguage":"es"},{"@type":"Organization","@id":"https:\/\/www.uaa.mx\/descubretucarrera\/#organization","name":"Universidad Aut\u00f3noma de Aguascalientes","url":"https:\/\/www.uaa.mx\/descubretucarrera\/","logo":{"@type":"ImageObject","inLanguage":"es","@id":"https:\/\/www.uaa.mx\/descubretucarrera\/#\/schema\/logo\/image\/","url":"https:\/\/www.uaa.mx\/descubretucarrera\/wp-content\/uploads\/2019\/01\/Logo-UAA.png","contentUrl":"https:\/\/www.uaa.mx\/descubretucarrera\/wp-content\/uploads\/2019\/01\/Logo-UAA.png","width":318,"height":154,"caption":"Universidad Aut\u00f3noma de Aguascalientes"},"image":{"@id":"https:\/\/www.uaa.mx\/descubretucarrera\/#\/schema\/logo\/image\/"},"sameAs":["https:\/\/www.facebook.com\/uaa.mx\/?ref=br_rs","https:\/\/x.com\/uaa_mx"]}]}},"_links":{"self":[{"href":"https:\/\/www.uaa.mx\/descubretucarrera\/wp-json\/wp\/v2\/pages\/1504","targetHints":{"allow":["GET"]}}],"collection":[{"href":"https:\/\/www.uaa.mx\/descubretucarrera\/wp-json\/wp\/v2\/pages"}],"about":[{"href":"https:\/\/www.uaa.mx\/descubretucarrera\/wp-json\/wp\/v2\/types\/page"}],"author":[{"embeddable":true,"href":"https:\/\/www.uaa.mx\/descubretucarrera\/wp-json\/wp\/v2\/users\/3"}],"replies":[{"embeddable":true,"href":"https:\/\/www.uaa.mx\/descubretucarrera\/wp-json\/wp\/v2\/comments?post=1504"}],"version-history":[{"count":35,"href":"https:\/\/www.uaa.mx\/descubretucarrera\/wp-json\/wp\/v2\/pages\/1504\/revisions"}],"predecessor-version":[{"id":5378,"href":"https:\/\/www.uaa.mx\/descubretucarrera\/wp-json\/wp\/v2\/pages\/1504\/revisions\/5378"}],"wp:attachment":[{"href":"https:\/\/www.uaa.mx\/descubretucarrera\/wp-json\/wp\/v2\/media?parent=1504"}],"curies":[{"name":"wp","href":"https:\/\/api.w.org\/{rel}","templated":true}]}}