{"id":1508,"date":"2021-12-14T20:53:06","date_gmt":"2021-12-14T20:53:06","guid":{"rendered":"https:\/\/www.uaa.mx\/descubretucarrera\/?page_id=1508"},"modified":"2026-04-16T16:57:47","modified_gmt":"2026-04-16T16:57:47","slug":"becas-y-apoyos","status":"publish","type":"page","link":"https:\/\/www.uaa.mx\/descubretucarrera\/becas-y-apoyos\/","title":{"rendered":"Becas y Apoyos"},"content":{"rendered":"\n<p class=\"has-text-align-center has-text-color\" style=\"color:#223671;font-size:19px\"><strong>Que el factor econ\u00f3mico no sea un obst\u00e1culo para continuar tu formaci\u00f3n profesional, conoce las opciones de apoyo que tenemos para ti.<\/strong><\/p>\n\n\n\n<div style=\"height:47px\" aria-hidden=\"true\" class=\"wp-block-spacer\"><\/div>\n\n\n\n<figure class=\"wp-block-image size-large\"><img loading=\"lazy\" decoding=\"async\" width=\"1024\" height=\"365\" src=\"https:\/\/www.uaa.mx\/descubretucarrera\/wp-content\/uploads\/2024\/10\/DTC_boton-conv-vig-becas-y-apoyos-1024x365.png\" alt=\"\" class=\"wp-image-5049\" srcset=\"https:\/\/www.uaa.mx\/descubretucarrera\/wp-content\/uploads\/2024\/10\/DTC_boton-conv-vig-becas-y-apoyos-1024x365.png 1024w, https:\/\/www.uaa.mx\/descubretucarrera\/wp-content\/uploads\/2024\/10\/DTC_boton-conv-vig-becas-y-apoyos-300x107.png 300w, https:\/\/www.uaa.mx\/descubretucarrera\/wp-content\/uploads\/2024\/10\/DTC_boton-conv-vig-becas-y-apoyos-768x274.png 768w, https:\/\/www.uaa.mx\/descubretucarrera\/wp-content\/uploads\/2024\/10\/DTC_boton-conv-vig-becas-y-apoyos-1536x548.png 1536w, https:\/\/www.uaa.mx\/descubretucarrera\/wp-content\/uploads\/2024\/10\/DTC_boton-conv-vig-becas-y-apoyos-2048x731.png 2048w\" sizes=\"auto, (max-width: 1024px) 100vw, 1024px\" \/><\/figure>\n\n\n\n<div style=\"height:26px\" aria-hidden=\"true\" class=\"wp-block-spacer\"><\/div>\n\n\n\n<div class=\"wp-block-columns is-layout-flex wp-container-core-columns-is-layout-28f84493 wp-block-columns-is-layout-flex\">\n<div class=\"wp-block-column is-vertically-aligned-center is-layout-flow wp-block-column-is-layout-flow\" style=\"flex-basis:66.66%\">\n<p class=\"has-text-color\" style=\"color:#223671\"><strong>PERIODO ENERO-JUNIO<\/strong><\/p>\n\n\n\n<ul class=\"wp-block-list\">\n<li>La convocatoria se publica a mediados del mes de <strong>enero<\/strong> y comienza el registro de solicitudes, este concluye a mediados de <strong>febrero<\/strong>. Se dan resultados a finales del mes de mayo.<\/li>\n<\/ul>\n\n\n\n<p class=\"has-text-color\" style=\"color:#223671\"><strong>PERIODO AGOSTO-DICIEMBRE<\/strong><\/p>\n\n\n\n<ul class=\"wp-block-list\">\n<li>La publicaci\u00f3n de la convocatoria se realiza a finales del mes de <strong>julio<\/strong> y comienza el registro de solicitudes en la primera semana de <strong>agosto<\/strong> y concluye en el mismo mes. Se dan resultados a finales del mes de noviembre.<\/li>\n<\/ul>\n\n\n\n<p><\/p>\n<\/div>\n\n\n\n<div class=\"wp-block-column is-vertically-aligned-center is-layout-flow wp-block-column-is-layout-flow\" style=\"flex-basis:33.33%\"><div class=\"wp-block-image\">\n<figure class=\"aligncenter size-large is-resized\"><img loading=\"lazy\" decoding=\"async\" width=\"1024\" height=\"897\" src=\"https:\/\/www.uaa.mx\/descubretucarrera\/wp-content\/uploads\/2022\/02\/Becas-1024x897.png\" alt=\"\" class=\"wp-image-2489\" style=\"width:256px;height:224px\" srcset=\"https:\/\/www.uaa.mx\/descubretucarrera\/wp-content\/uploads\/2022\/02\/Becas-1024x897.png 1024w, https:\/\/www.uaa.mx\/descubretucarrera\/wp-content\/uploads\/2022\/02\/Becas-300x263.png 300w, https:\/\/www.uaa.mx\/descubretucarrera\/wp-content\/uploads\/2022\/02\/Becas-768x672.png 768w, https:\/\/www.uaa.mx\/descubretucarrera\/wp-content\/uploads\/2022\/02\/Becas-1536x1345.png 1536w, https:\/\/www.uaa.mx\/descubretucarrera\/wp-content\/uploads\/2022\/02\/Becas-2048x1793.png 2048w\" sizes=\"auto, (max-width: 1024px) 100vw, 1024px\" \/><\/figure>\n<\/div><\/div>\n<\/div>\n\n\n\n<div style=\"height:16px\" aria-hidden=\"true\" class=\"wp-block-spacer\"><\/div>\n\n\n\n<p class=\"has-text-align-center has-text-color\" style=\"color:#223671;font-size:30px\"><strong>Requisitos<\/strong><\/p>\n\n\n<ol class=\"wp-block-list\">\n<li style=\"list-style-type: none;\">\n<ol class=\"wp-block-list\"><\/ol>\n<\/li>\n<\/ol>\n<p>Los requisitos para obtener una Beca de Estudio ser\u00e1n los siguientes (Art\u00edculo 13 del Reglamento General de Becas de la Universidad Aut\u00f3noma de Aguascalientes):<\/p>\n<ol>\n<li style=\"text-align: justify;\">Tener la calidad de alumno o alumna regular de Bachillerato o de un programa de pregrado de la Universidad Aut\u00f3noma de Aguascalientes. El Comit\u00e9 de Becas podr\u00e1 analizar casos de excepci\u00f3n a este requisito, cuando se fundamente y acredite en la solicitud una necesidad apremiante para recibir el apoyo;<\/li>\n<li style=\"text-align: justify;\">Acreditar, a trav\u00e9s de un estudio socioecon\u00f3mico realizado por la Instituci\u00f3n, a quien solicite una beca y a su familia, la carencia de recursos econ\u00f3micos para solventar, total o parcialmente, los costos de inscripci\u00f3n y colegiaturas mensuales.<\/li>\n<li style=\"text-align: justify;\">Mantener un promedio m\u00ednimo de 8 (Ocho) en los estudios correspondientes del semestre inmediato anterior. El Comit\u00e9 de Becas podr\u00e1 analizar casos de excepci\u00f3n a este requisito, cuando se fundamente y acredite en la solicitud una necesidad apremiante para recibir el apoyo;<\/li>\n<li style=\"text-align: justify;\">No recibir ning\u00fan otro tipo de apoyo o beca para el mismo fin, tanto al interior de la Instituci\u00f3n como a trav\u00e9s de instituciones p\u00fablicas o privadas externas, para realizar los estudios correspondientes. Como excepci\u00f3n a este requisito, los programas de becas o apoyos financieros que otorguen en su caso los Gobiernos Federal, Estatal o municipales, se regir\u00e1n por sus propias reglas de operaci\u00f3n y requisitos de otorgamiento.<\/li>\n<\/ol>\n<p style=\"text-align: justify;\"><strong>NOTA:<\/strong> Para el caso de las excepciones establecidas en las fracciones I y III del Art\u00edculo 13 del Reglamento General de Becas de la Universidad Aut\u00f3noma de Aguascalientes, el\/la estudiante deber\u00e1 solicitar dicha excepci\u00f3n a la Direcci\u00f3n General de Servicios Educativos presentando en el per\u00edodo correspondiente, un escrito en original al \u00c1rea de Becas y Apoyos exponiendo la situaci\u00f3n particular y compromiso expreso (Nombre completo, ID, Carrera, Semestre y tel\u00e9fono de contacto) dirigido a la Direcci\u00f3n General de Servicios Educativos con firma del\/ de la solicitante, firma de Asesora PIT y firma y sello de visto bueno del Jefe\/Jefa de Departamento y\/o Decano\/Decana del Centro Acad\u00e9mico.<\/p>\n<p><!-- \/wp:post-content --><\/p>\n<p><!-- \/wp:list --><\/p>\n<p><!-- wp:spacer {\"height\":\"47px\"} --><\/p>\n<div style=\"height: 47px;\" aria-hidden=\"true\" class=\"wp-block-spacer\"><\/div>\n<p><!-- \/wp:spacer --><\/p>\n<p><!-- wp:paragraph {\"align\":\"center\",\"style\":{\"typography\":{\"fontSize\":\"30px\"},\"color\":{\"text\":\"#223671\"}}} --><\/p>\n<p class=\"has-text-align-center has-text-color\" style=\"color: #223671; font-size: 30px;\"><strong>MAYORES INFORMES<\/strong><\/p>\n<p><!-- \/wp:paragraph --><\/p>\n<p><!-- wp:columns --><\/p>\n<div class=\"wp-block-columns\"><!-- wp:column {\"verticalAlignment\":\"center\",\"width\":\"33.33%\"} -->\n<div class=\"wp-block-column is-vertically-aligned-center\" style=\"flex-basis: 33.33%;\"><!-- wp:image {\"lightbox\":{\"enabled\":false},\"id\":5050,\"scale\":\"cover\",\"sizeSlug\":\"full\",\"linkDestination\":\"custom\",\"align\":\"center\"} -->\n<figure class=\"wp-block-image aligncenter size-full\"><a href=\"https:\/\/www.uaa.mx\/portal\/aspirantes\/becas-y-apoyos\/\" target=\"_blank\" rel=\"noopener\"><img loading=\"lazy\" decoding=\"async\" width=\"2942\" height=\"1050\" src=\"https:\/\/www.uaa.mx\/descubretucarrera\/wp-content\/uploads\/2024\/10\/DTC_boton-conoce-mas.png\" alt=\"\" class=\"wp-image-5050\" style=\"object-fit: cover;\" srcset=\"https:\/\/www.uaa.mx\/descubretucarrera\/wp-content\/uploads\/2024\/10\/DTC_boton-conoce-mas.png 2942w, https:\/\/www.uaa.mx\/descubretucarrera\/wp-content\/uploads\/2024\/10\/DTC_boton-conoce-mas-300x107.png 300w, https:\/\/www.uaa.mx\/descubretucarrera\/wp-content\/uploads\/2024\/10\/DTC_boton-conoce-mas-1024x365.png 1024w, https:\/\/www.uaa.mx\/descubretucarrera\/wp-content\/uploads\/2024\/10\/DTC_boton-conoce-mas-768x274.png 768w, https:\/\/www.uaa.mx\/descubretucarrera\/wp-content\/uploads\/2024\/10\/DTC_boton-conoce-mas-1536x548.png 1536w, https:\/\/www.uaa.mx\/descubretucarrera\/wp-content\/uploads\/2024\/10\/DTC_boton-conoce-mas-2048x731.png 2048w\" sizes=\"auto, (max-width: 2942px) 100vw, 2942px\" \/><\/a><\/figure>\n<p><!-- \/wp:image --><\/p>\n<p><!-- wp:columns --><\/p>\n<div class=\"wp-block-columns\"><!-- wp:column {\"verticalAlignment\":\"center\"} -->\n<div class=\"wp-block-column is-vertically-aligned-center\"><!-- wp:image {\"id\":1770,\"width\":\"68px\",\"height\":\"68px\",\"sizeSlug\":\"full\",\"linkDestination\":\"custom\",\"align\":\"center\",\"className\":\"is-style-default\"} -->\n<figure class=\"wp-block-image aligncenter size-full is-resized is-style-default\"><a href=\"https:\/\/www.facebook.com\/profile.php?id=61550342173310 \"><img loading=\"lazy\" decoding=\"async\" width=\"90\" height=\"90\" src=\"https:\/\/www.uaa.mx\/descubretucarrera\/wp-content\/uploads\/2021\/12\/Redes-soc_facebook-2.png\" alt=\"\" class=\"wp-image-1770\" style=\"width: 68px; height: 68px;\" \/><\/a><\/figure>\n<p><!-- \/wp:image --><\/p>\n<\/div>\n<p><!-- \/wp:column --><\/p>\n<p><!-- wp:column {\"verticalAlignment\":\"center\"} --><\/p>\n<div class=\"wp-block-column is-vertically-aligned-center\"><!-- wp:image {\"id\":1772,\"width\":\"68px\",\"height\":\"68px\",\"sizeSlug\":\"full\",\"linkDestination\":\"custom\",\"align\":\"center\"} -->\n<figure class=\"wp-block-image aligncenter size-full is-resized\"><a href=\"https:\/\/wa.me\/message\/OP2XEYNXWK62F1\"><img loading=\"lazy\" decoding=\"async\" width=\"90\" height=\"90\" src=\"https:\/\/www.uaa.mx\/descubretucarrera\/wp-content\/uploads\/2021\/12\/Redes-soc_WHASAPP-1.png\" alt=\"\" class=\"wp-image-1772\" style=\"width: 68px; height: 68px;\" \/><\/a><\/figure>\n<p><!-- \/wp:image --><\/p>\n<\/div>\n<p><!-- \/wp:column --><\/p>\n<\/div>\n<p><!-- \/wp:columns --><\/p>\n<\/div>\n<p><!-- \/wp:column --><\/p>\n<p><!-- wp:column {\"verticalAlignment\":\"center\",\"width\":\"66.66%\"} --><\/p>\n<div class=\"wp-block-column is-vertically-aligned-center\" style=\"flex-basis: 66.66%;\"><!-- wp:paragraph {\"align\":\"center\",\"style\":{\"typography\":{\"fontSize\":\"20px\"}}} -->\n<p class=\"has-text-align-center\" style=\"font-size: 20px;\"><strong>Direcci\u00f3n General de Servicios Educativos<\/strong><br \/>\u00c1rea de\u00a0Becas\u00a0y Apoyos<br \/>Edificio Acad\u00e9mico Administrativo,<br \/>Planta baja, de 8:00 a.m. a 3:30 p.m.<\/p>\n<p><!-- \/wp:paragraph --><\/p>\n<p><!-- wp:paragraph {\"align\":\"center\",\"fontSize\":\"body\"} --><\/p>\n<p class=\"has-text-align-center has-body-font-size\">Tel. 449-910-74-00 ext. 36212, 36213, 36214 y 36201<\/p>\n<p><!-- \/wp:paragraph --><\/p>\n<p><!-- wp:paragraph {\"align\":\"center\",\"fontSize\":\"body\"} --><\/p>\n<p class=\"has-text-align-center has-body-font-size\"><a href=\"mailto:becasyapoyos@edu.uaa.mx\">becasyapoyos@edu.uaa.mx<\/a><\/p>\n<p><!-- \/wp:paragraph --><\/p>\n<\/div>\n<p><!-- \/wp:column --><\/p>\n<\/div>\n<p><!-- \/wp:columns --><\/p>\n<p><!-- wp:spacer --><\/p>\n<div style=\"height: 100px;\" aria-hidden=\"true\" class=\"wp-block-spacer\"><\/div>\n<p><!-- \/wp:spacer --><\/p>\n<p><!-- wp:heading {\"textAlign\":\"center\"} --><\/p>\n<h2 class=\"wp-block-heading has-text-align-center\">REDES SOCIALES UAA<a href=\"https:\/\/www.facebook.com\/uaa.mx\/?ref=br_rs\"><\/a><a href=\"https:\/\/instagram.com\/uaa_mx?igshid=MzRlODBiNWFlZA==\"><\/a><a href=\"https:\/\/www.youtube.com\/@UAAmx1\"><\/a><\/h2>\n<p><!-- \/wp:heading --><\/p>\n<p><!-- wp:html --><\/p>\n<p><!-- \/wp:html --><\/p>\n\n<!-- wp:html -->\n<center>\r\n<a href=\"https:\/\/www.facebook.com\/uaa.mx\/?ref=br_rs\"> <img decoding=\"async\" src=\"https:\/\/www.uaa.mx\/portal\/wp-content\/uploads\/2023\/08\/Facebook.png\" alt=\"Facebook UAA\"> <\/a> \r\n   <a href=\"https:\/\/instagram.com\/uaa_mx?igshid=MzRlODBiNWFlZA==\"> <img decoding=\"async\" src=\"https:\/\/www.uaa.mx\/portal\/wp-content\/uploads\/2023\/08\/Instagram.png\" alt=\"Instagram UAA\"> <\/a> \r\n   <a href=\"https:\/\/www.youtube.com\/@UAAmx1\"> <img decoding=\"async\" src=\"https:\/\/www.uaa.mx\/portal\/wp-content\/uploads\/2023\/08\/YouTube.png\" alt=\"YouTube UAA\"> <\/a> \r\n   <a href=\"https:\/\/twitter.com\/uaa_mx\"> <img decoding=\"async\" src=\"https:\/\/www.uaa.mx\/portal\/wp-content\/uploads\/2023\/08\/X.png\" alt=\"X UAA\"> <\/a> \r\n   <a href=\"https:\/\/www.linkedin.com\/school\/uaamx\/\"> <img decoding=\"async\" src=\"https:\/\/www.uaa.mx\/portal\/wp-content\/uploads\/2023\/08\/LinkedIn.png\" alt=\"Linkedin UAA\"> <\/a> \r\n   <a href=\"https:\/\/g.page\/r\/CdstxDdmJKCJEAE\"> <img decoding=\"async\" src=\"https:\/\/www.uaa.mx\/portal\/wp-content\/uploads\/2023\/08\/Google-Maps.png\" alt=\"Google Maps UAA\"> <\/a> \r\n   <a href=\"https:\/\/www.tiktok.com\/@uaa_mx?_t=8evCnXOezJO&amp;_r=1\"> <img decoding=\"async\" src=\"https:\/\/www.uaa.mx\/portal\/wp-content\/uploads\/2023\/08\/TikTok.png\" alt=\"TikTok UAA\"> <\/a> \r\n   <a href=\"https:\/\/www.threads.net\/@uaa_mx?igshid=NTc4MTIwNjQ2YQ==\"> <img decoding=\"async\" src=\"https:\/\/www.uaa.mx\/portal\/wp-content\/uploads\/2023\/08\/Threads.png\" alt=\"Threads UAA\"> <\/a>\r\n<br>\r\n<br>\r\n<\/center>\n<!-- \/wp:html -->","protected":false},"excerpt":{"rendered":"<p>Que el factor econ\u00f3mico no sea un obst\u00e1culo para continuar tu formaci\u00f3n profesional, conoce las opciones de apoyo que tenemos para ti. PERIODO ENERO-JUNIO PERIODO AGOSTO-DICIEMBRE Requisitos Los requisitos para obtener una Beca de Estudio ser\u00e1n los siguientes (Art\u00edculo 13 del Reglamento General de Becas de la Universidad Aut\u00f3noma de [&hellip;]<\/p>\n","protected":false},"author":3,"featured_media":5048,"parent":0,"menu_order":3,"comment_status":"closed","ping_status":"closed","template":"","meta":{"footnotes":""},"class_list":["post-1508","page","type-page","status-publish","has-post-thumbnail","hentry"],"yoast_head":"<!-- This site is optimized with the Yoast SEO plugin v25.4 - https:\/\/yoast.com\/wordpress\/plugins\/seo\/ -->\n<title>Becas y Apoyos - Descubre tu carrera<\/title>\n<meta name=\"robots\" content=\"index, follow, max-snippet:-1, max-image-preview:large, max-video-preview:-1\" \/>\n<link rel=\"canonical\" href=\"https:\/\/www.uaa.mx\/descubretucarrera\/becas-y-apoyos\/\" \/>\n<meta property=\"og:locale\" content=\"es_ES\" \/>\n<meta property=\"og:type\" content=\"article\" \/>\n<meta property=\"og:title\" content=\"Becas y Apoyos - Descubre tu carrera\" \/>\n<meta property=\"og:description\" content=\"Que el factor econ\u00f3mico no sea un obst\u00e1culo para continuar tu formaci\u00f3n profesional, conoce las opciones de apoyo que tenemos para ti. PERIODO ENERO-JUNIO PERIODO AGOSTO-DICIEMBRE Requisitos Los requisitos para obtener una Beca de Estudio ser\u00e1n los siguientes (Art\u00edculo 13 del Reglamento General de Becas de la Universidad Aut\u00f3noma de [&hellip;]\" \/>\n<meta property=\"og:url\" content=\"https:\/\/www.uaa.mx\/descubretucarrera\/becas-y-apoyos\/\" \/>\n<meta property=\"og:site_name\" content=\"Descubre tu carrera\" \/>\n<meta property=\"article:publisher\" content=\"https:\/\/www.facebook.com\/uaa.mx\/?ref=br_rs\" \/>\n<meta property=\"article:modified_time\" content=\"2026-04-16T16:57:47+00:00\" \/>\n<meta property=\"og:image\" content=\"https:\/\/www.uaa.mx\/descubretucarrera\/wp-content\/uploads\/2024\/10\/DTC_becas-y-apoyos.png\" \/>\n\t<meta property=\"og:image:width\" content=\"6705\" \/>\n\t<meta property=\"og:image:height\" content=\"1035\" \/>\n\t<meta property=\"og:image:type\" content=\"image\/png\" \/>\n<meta name=\"twitter:card\" content=\"summary_large_image\" \/>\n<meta name=\"twitter:site\" content=\"@uaa_mx\" \/>\n<meta name=\"twitter:label1\" content=\"Tiempo de lectura\" \/>\n\t<meta name=\"twitter:data1\" content=\"5 minutos\" \/>\n<script type=\"application\/ld+json\" class=\"yoast-schema-graph\">{\"@context\":\"https:\/\/schema.org\",\"@graph\":[{\"@type\":\"WebPage\",\"@id\":\"https:\/\/www.uaa.mx\/descubretucarrera\/becas-y-apoyos\/\",\"url\":\"https:\/\/www.uaa.mx\/descubretucarrera\/becas-y-apoyos\/\",\"name\":\"Becas y Apoyos - Descubre tu carrera\",\"isPartOf\":{\"@id\":\"https:\/\/www.uaa.mx\/descubretucarrera\/#website\"},\"primaryImageOfPage\":{\"@id\":\"https:\/\/www.uaa.mx\/descubretucarrera\/becas-y-apoyos\/#primaryimage\"},\"image\":{\"@id\":\"https:\/\/www.uaa.mx\/descubretucarrera\/becas-y-apoyos\/#primaryimage\"},\"thumbnailUrl\":\"https:\/\/www.uaa.mx\/descubretucarrera\/wp-content\/uploads\/2024\/10\/DTC_becas-y-apoyos.png\",\"datePublished\":\"2021-12-14T20:53:06+00:00\",\"dateModified\":\"2026-04-16T16:57:47+00:00\",\"breadcrumb\":{\"@id\":\"https:\/\/www.uaa.mx\/descubretucarrera\/becas-y-apoyos\/#breadcrumb\"},\"inLanguage\":\"es\",\"potentialAction\":[{\"@type\":\"ReadAction\",\"target\":[\"https:\/\/www.uaa.mx\/descubretucarrera\/becas-y-apoyos\/\"]}]},{\"@type\":\"ImageObject\",\"inLanguage\":\"es\",\"@id\":\"https:\/\/www.uaa.mx\/descubretucarrera\/becas-y-apoyos\/#primaryimage\",\"url\":\"https:\/\/www.uaa.mx\/descubretucarrera\/wp-content\/uploads\/2024\/10\/DTC_becas-y-apoyos.png\",\"contentUrl\":\"https:\/\/www.uaa.mx\/descubretucarrera\/wp-content\/uploads\/2024\/10\/DTC_becas-y-apoyos.png\",\"width\":6705,\"height\":1035},{\"@type\":\"BreadcrumbList\",\"@id\":\"https:\/\/www.uaa.mx\/descubretucarrera\/becas-y-apoyos\/#breadcrumb\",\"itemListElement\":[{\"@type\":\"ListItem\",\"position\":1,\"name\":\"Home\",\"item\":\"https:\/\/www.uaa.mx\/descubretucarrera\/\"},{\"@type\":\"ListItem\",\"position\":2,\"name\":\"Becas y Apoyos\"}]},{\"@type\":\"WebSite\",\"@id\":\"https:\/\/www.uaa.mx\/descubretucarrera\/#website\",\"url\":\"https:\/\/www.uaa.mx\/descubretucarrera\/\",\"name\":\"Descubre tu carrera\",\"description\":\"Date el tiempo de reflexionar sobre aquellos aspectos que pudieran estar interviniendo en tu elecci\u00f3n y sigue avanzando en tu proceso.\",\"publisher\":{\"@id\":\"https:\/\/www.uaa.mx\/descubretucarrera\/#organization\"},\"potentialAction\":[{\"@type\":\"SearchAction\",\"target\":{\"@type\":\"EntryPoint\",\"urlTemplate\":\"https:\/\/www.uaa.mx\/descubretucarrera\/?s={search_term_string}\"},\"query-input\":{\"@type\":\"PropertyValueSpecification\",\"valueRequired\":true,\"valueName\":\"search_term_string\"}}],\"inLanguage\":\"es\"},{\"@type\":\"Organization\",\"@id\":\"https:\/\/www.uaa.mx\/descubretucarrera\/#organization\",\"name\":\"Universidad Aut\u00f3noma de Aguascalientes\",\"url\":\"https:\/\/www.uaa.mx\/descubretucarrera\/\",\"logo\":{\"@type\":\"ImageObject\",\"inLanguage\":\"es\",\"@id\":\"https:\/\/www.uaa.mx\/descubretucarrera\/#\/schema\/logo\/image\/\",\"url\":\"https:\/\/www.uaa.mx\/descubretucarrera\/wp-content\/uploads\/2019\/01\/Logo-UAA.png\",\"contentUrl\":\"https:\/\/www.uaa.mx\/descubretucarrera\/wp-content\/uploads\/2019\/01\/Logo-UAA.png\",\"width\":318,\"height\":154,\"caption\":\"Universidad Aut\u00f3noma de Aguascalientes\"},\"image\":{\"@id\":\"https:\/\/www.uaa.mx\/descubretucarrera\/#\/schema\/logo\/image\/\"},\"sameAs\":[\"https:\/\/www.facebook.com\/uaa.mx\/?ref=br_rs\",\"https:\/\/x.com\/uaa_mx\"]}]}<\/script>\n<!-- \/ Yoast SEO plugin. -->","yoast_head_json":{"title":"Becas y Apoyos - Descubre tu carrera","robots":{"index":"index","follow":"follow","max-snippet":"max-snippet:-1","max-image-preview":"max-image-preview:large","max-video-preview":"max-video-preview:-1"},"canonical":"https:\/\/www.uaa.mx\/descubretucarrera\/becas-y-apoyos\/","og_locale":"es_ES","og_type":"article","og_title":"Becas y Apoyos - Descubre tu carrera","og_description":"Que el factor econ\u00f3mico no sea un obst\u00e1culo para continuar tu formaci\u00f3n profesional, conoce las opciones de apoyo que tenemos para ti. PERIODO ENERO-JUNIO PERIODO AGOSTO-DICIEMBRE Requisitos Los requisitos para obtener una Beca de Estudio ser\u00e1n los siguientes (Art\u00edculo 13 del Reglamento General de Becas de la Universidad Aut\u00f3noma de [&hellip;]","og_url":"https:\/\/www.uaa.mx\/descubretucarrera\/becas-y-apoyos\/","og_site_name":"Descubre tu carrera","article_publisher":"https:\/\/www.facebook.com\/uaa.mx\/?ref=br_rs","article_modified_time":"2026-04-16T16:57:47+00:00","og_image":[{"width":6705,"height":1035,"url":"https:\/\/www.uaa.mx\/descubretucarrera\/wp-content\/uploads\/2024\/10\/DTC_becas-y-apoyos.png","type":"image\/png"}],"twitter_card":"summary_large_image","twitter_site":"@uaa_mx","twitter_misc":{"Tiempo de lectura":"5 minutos"},"schema":{"@context":"https:\/\/schema.org","@graph":[{"@type":"WebPage","@id":"https:\/\/www.uaa.mx\/descubretucarrera\/becas-y-apoyos\/","url":"https:\/\/www.uaa.mx\/descubretucarrera\/becas-y-apoyos\/","name":"Becas y Apoyos - Descubre tu carrera","isPartOf":{"@id":"https:\/\/www.uaa.mx\/descubretucarrera\/#website"},"primaryImageOfPage":{"@id":"https:\/\/www.uaa.mx\/descubretucarrera\/becas-y-apoyos\/#primaryimage"},"image":{"@id":"https:\/\/www.uaa.mx\/descubretucarrera\/becas-y-apoyos\/#primaryimage"},"thumbnailUrl":"https:\/\/www.uaa.mx\/descubretucarrera\/wp-content\/uploads\/2024\/10\/DTC_becas-y-apoyos.png","datePublished":"2021-12-14T20:53:06+00:00","dateModified":"2026-04-16T16:57:47+00:00","breadcrumb":{"@id":"https:\/\/www.uaa.mx\/descubretucarrera\/becas-y-apoyos\/#breadcrumb"},"inLanguage":"es","potentialAction":[{"@type":"ReadAction","target":["https:\/\/www.uaa.mx\/descubretucarrera\/becas-y-apoyos\/"]}]},{"@type":"ImageObject","inLanguage":"es","@id":"https:\/\/www.uaa.mx\/descubretucarrera\/becas-y-apoyos\/#primaryimage","url":"https:\/\/www.uaa.mx\/descubretucarrera\/wp-content\/uploads\/2024\/10\/DTC_becas-y-apoyos.png","contentUrl":"https:\/\/www.uaa.mx\/descubretucarrera\/wp-content\/uploads\/2024\/10\/DTC_becas-y-apoyos.png","width":6705,"height":1035},{"@type":"BreadcrumbList","@id":"https:\/\/www.uaa.mx\/descubretucarrera\/becas-y-apoyos\/#breadcrumb","itemListElement":[{"@type":"ListItem","position":1,"name":"Home","item":"https:\/\/www.uaa.mx\/descubretucarrera\/"},{"@type":"ListItem","position":2,"name":"Becas y Apoyos"}]},{"@type":"WebSite","@id":"https:\/\/www.uaa.mx\/descubretucarrera\/#website","url":"https:\/\/www.uaa.mx\/descubretucarrera\/","name":"Descubre tu carrera","description":"Date el tiempo de reflexionar sobre aquellos aspectos que pudieran estar interviniendo en tu elecci\u00f3n y sigue avanzando en tu proceso.","publisher":{"@id":"https:\/\/www.uaa.mx\/descubretucarrera\/#organization"},"potentialAction":[{"@type":"SearchAction","target":{"@type":"EntryPoint","urlTemplate":"https:\/\/www.uaa.mx\/descubretucarrera\/?s={search_term_string}"},"query-input":{"@type":"PropertyValueSpecification","valueRequired":true,"valueName":"search_term_string"}}],"inLanguage":"es"},{"@type":"Organization","@id":"https:\/\/www.uaa.mx\/descubretucarrera\/#organization","name":"Universidad Aut\u00f3noma de Aguascalientes","url":"https:\/\/www.uaa.mx\/descubretucarrera\/","logo":{"@type":"ImageObject","inLanguage":"es","@id":"https:\/\/www.uaa.mx\/descubretucarrera\/#\/schema\/logo\/image\/","url":"https:\/\/www.uaa.mx\/descubretucarrera\/wp-content\/uploads\/2019\/01\/Logo-UAA.png","contentUrl":"https:\/\/www.uaa.mx\/descubretucarrera\/wp-content\/uploads\/2019\/01\/Logo-UAA.png","width":318,"height":154,"caption":"Universidad Aut\u00f3noma de Aguascalientes"},"image":{"@id":"https:\/\/www.uaa.mx\/descubretucarrera\/#\/schema\/logo\/image\/"},"sameAs":["https:\/\/www.facebook.com\/uaa.mx\/?ref=br_rs","https:\/\/x.com\/uaa_mx"]}]}},"_links":{"self":[{"href":"https:\/\/www.uaa.mx\/descubretucarrera\/wp-json\/wp\/v2\/pages\/1508","targetHints":{"allow":["GET"]}}],"collection":[{"href":"https:\/\/www.uaa.mx\/descubretucarrera\/wp-json\/wp\/v2\/pages"}],"about":[{"href":"https:\/\/www.uaa.mx\/descubretucarrera\/wp-json\/wp\/v2\/types\/page"}],"author":[{"embeddable":true,"href":"https:\/\/www.uaa.mx\/descubretucarrera\/wp-json\/wp\/v2\/users\/3"}],"replies":[{"embeddable":true,"href":"https:\/\/www.uaa.mx\/descubretucarrera\/wp-json\/wp\/v2\/comments?post=1508"}],"version-history":[{"count":51,"href":"https:\/\/www.uaa.mx\/descubretucarrera\/wp-json\/wp\/v2\/pages\/1508\/revisions"}],"predecessor-version":[{"id":5423,"href":"https:\/\/www.uaa.mx\/descubretucarrera\/wp-json\/wp\/v2\/pages\/1508\/revisions\/5423"}],"wp:featuredmedia":[{"embeddable":true,"href":"https:\/\/www.uaa.mx\/descubretucarrera\/wp-json\/wp\/v2\/media\/5048"}],"wp:attachment":[{"href":"https:\/\/www.uaa.mx\/descubretucarrera\/wp-json\/wp\/v2\/media?parent=1508"}],"curies":[{"name":"wp","href":"https:\/\/api.w.org\/{rel}","templated":true}]}}