{"id":1509,"date":"2021-12-14T20:53:08","date_gmt":"2021-12-14T20:53:08","guid":{"rendered":"https:\/\/www.uaa.mx\/descubretucarrera\/?page_id=1509"},"modified":"2026-04-06T17:11:53","modified_gmt":"2026-04-06T17:11:53","slug":"publicaciones-sobre-orientacion-educativa","status":"publish","type":"page","link":"https:\/\/www.uaa.mx\/descubretucarrera\/publicaciones-sobre-orientacion-educativa\/","title":{"rendered":"Publicaciones sobre Orientaci\u00f3n Educativa"},"content":{"rendered":"\n<p class=\"has-text-align-center has-text-color has-body-font-size\" style=\"color:#223671\">Consulta las publicaciones peri\u00f3dicas del Departamento de Orientaci\u00f3n Educativa, para que tengas un mayor acercamiento a la Universidad Aut\u00f3noma de Aguascalientes.<\/p>\n\n\n\n<hr class=\"wp-block-separator has-css-opacity\"\/>\n\n\n\n<div class=\"wp-block-columns is-layout-flex wp-container-core-columns-is-layout-28f84493 wp-block-columns-is-layout-flex\">\n<div class=\"wp-block-column is-vertically-aligned-center is-layout-flow wp-block-column-is-layout-flow\" style=\"flex-basis:66.66%\">\n<p class=\"has-text-align-center has-text-color has-title-font-size\" style=\"color:#223671\"><strong>Libro de Profesiones<\/strong><\/p>\n\n\n\n<p class=\"has-text-color has-body-font-size\" style=\"color:#223671\">Es una publicaci\u00f3n que te proporciona un panorama completo de la oferta educativa de la UAA. En \u00e9ste se describe el objetivo, las caracter\u00edsticas deseables en el aspirante, el perfil del egresado, el campo de desempe\u00f1o profesional, la duraci\u00f3n y el plan de estudios de cada una de las carreras. As\u00ed mismo, se menciona informaci\u00f3n sobre la universidad y se se\u00f1alan algunos de los servicios que ofrece la misma.<\/p>\n<\/div>\n\n\n\n<div class=\"wp-block-column is-vertically-aligned-center is-layout-flow wp-block-column-is-layout-flow\" style=\"flex-basis:33.33%\"><div class=\"wp-block-image\">\n<figure class=\"aligncenter size-full is-resized\"><a href=\"https:\/\/www.uaa.mx\/portal\/wp-content\/uploads\/2026\/01\/libro_profesiones_2026.pdf\" target=\"_blank\" rel=\"noopener\"><img loading=\"lazy\" decoding=\"async\" width=\"1080\" height=\"1398\" src=\"https:\/\/www.uaa.mx\/descubretucarrera\/wp-content\/uploads\/2026\/03\/libro_profesiones_2026-1.jpg\" alt=\"\" class=\"wp-image-5381\" style=\"width:200px\" srcset=\"https:\/\/www.uaa.mx\/descubretucarrera\/wp-content\/uploads\/2026\/03\/libro_profesiones_2026-1.jpg 1080w, https:\/\/www.uaa.mx\/descubretucarrera\/wp-content\/uploads\/2026\/03\/libro_profesiones_2026-1-232x300.jpg 232w, https:\/\/www.uaa.mx\/descubretucarrera\/wp-content\/uploads\/2026\/03\/libro_profesiones_2026-1-791x1024.jpg 791w, https:\/\/www.uaa.mx\/descubretucarrera\/wp-content\/uploads\/2026\/03\/libro_profesiones_2026-1-768x994.jpg 768w\" sizes=\"auto, (max-width: 1080px) 100vw, 1080px\" \/><\/a><\/figure>\n<\/div><\/div>\n<\/div>\n\n\n\n<div style=\"height:50px\" aria-hidden=\"true\" class=\"wp-block-spacer\"><\/div>\n\n\n\n<div class=\"wp-block-columns \/*hidden*\/ is-layout-flex wp-container-core-columns-is-layout-28f84493 wp-block-columns-is-layout-flex\">\n<div class=\"wp-block-column is-vertically-aligned-center is-layout-flow wp-block-column-is-layout-flow\" style=\"flex-basis:66.66%\">\n<p class=\"has-text-align-center has-text-color has-title-font-size\" style=\"color:#223671\"><strong>Revista Rese\u00f1a<\/strong><\/p>\n\n\n\n<p class=\"has-text-color\" style=\"color:#223671\">Te proporciona una visi\u00f3n breve de la oferta educativa de la UAA. En ella se describe el objetivo, el campo de desempe\u00f1o profesional y la duraci\u00f3n de cada una de las carreras. Tambi\u00e9n se se\u00f1alan algunos de los servicios que ofrece la Universidad e incluye aspectos de la convocatoria del proceso de admisi\u00f3n.<\/p>\n<\/div>\n\n\n\n<div class=\"wp-block-column is-vertically-aligned-center is-layout-flow wp-block-column-is-layout-flow\" style=\"flex-basis:33.33%\"><div class=\"wp-block-image\">\n<figure class=\"aligncenter size-full is-resized\"><a href=\"https:\/\/www.uaa.mx\/descubretucarrera\/wp-content\/uploads\/2026\/04\/Resena-2026_compressed.pdf\"><img loading=\"lazy\" decoding=\"async\" width=\"1080\" height=\"1399\" src=\"https:\/\/www.uaa.mx\/descubretucarrera\/wp-content\/uploads\/2026\/04\/Resena-2026-1.jpg\" alt=\"\" class=\"wp-image-5393\" style=\"width:200px\" srcset=\"https:\/\/www.uaa.mx\/descubretucarrera\/wp-content\/uploads\/2026\/04\/Resena-2026-1.jpg 1080w, https:\/\/www.uaa.mx\/descubretucarrera\/wp-content\/uploads\/2026\/04\/Resena-2026-1-232x300.jpg 232w, https:\/\/www.uaa.mx\/descubretucarrera\/wp-content\/uploads\/2026\/04\/Resena-2026-1-791x1024.jpg 791w, https:\/\/www.uaa.mx\/descubretucarrera\/wp-content\/uploads\/2026\/04\/Resena-2026-1-768x995.jpg 768w\" sizes=\"auto, (max-width: 1080px) 100vw, 1080px\" \/><\/a><\/figure>\n<\/div><\/div>\n<\/div>\n\n\n\n<div style=\"height:50px\" aria-hidden=\"true\" class=\"wp-block-spacer\"><\/div>\n\n\n\n<div style=\"height:100px\" aria-hidden=\"true\" class=\"wp-block-spacer hidden\"><\/div>\n\n\n\n<div class=\"wp-block-columns is-layout-flex wp-container-core-columns-is-layout-28f84493 wp-block-columns-is-layout-flex\">\n<div class=\"wp-block-column is-vertically-aligned-center is-layout-flow wp-block-column-is-layout-flow\" style=\"flex-basis:66.66%\">\n<p class=\"has-text-align-center has-text-color has-title-font-size\" style=\"color:#223671\"><strong>Bolet\u00edn Orient\u00e1ndonos<\/strong><\/p>\n\n\n\n<p class=\"has-text-color\" style=\"color:#223671\">Bolet\u00edn formativo e informativo del Departamento de Orientaci\u00f3n Educativa est\u00e1 dirigido a profesores, Orientadores Vocacionales y sociedad en general interesados en conocer los procesos y experiencias de la construcci\u00f3n de un plan de vida profesional. <\/p>\n<\/div>\n\n\n\n<div class=\"wp-block-column is-vertically-aligned-center is-layout-flow wp-block-column-is-layout-flow\" style=\"flex-basis:33.33%\"><div class=\"wp-block-image\">\n<figure class=\"aligncenter size-full is-resized\"><a href=\"https:\/\/www.uaa.mx\/portal\/wp-content\/uploads\/2026\/03\/boletin_orientandonos_33.pdf\" target=\"_blank\" rel=\"noopener\"><img loading=\"lazy\" decoding=\"async\" width=\"1080\" height=\"1659\" src=\"https:\/\/www.uaa.mx\/descubretucarrera\/wp-content\/uploads\/2026\/03\/boletin_orientandonos_33-1.jpg\" alt=\"\" class=\"wp-image-5387\" style=\"width:200px\" srcset=\"https:\/\/www.uaa.mx\/descubretucarrera\/wp-content\/uploads\/2026\/03\/boletin_orientandonos_33-1.jpg 1080w, https:\/\/www.uaa.mx\/descubretucarrera\/wp-content\/uploads\/2026\/03\/boletin_orientandonos_33-1-195x300.jpg 195w, https:\/\/www.uaa.mx\/descubretucarrera\/wp-content\/uploads\/2026\/03\/boletin_orientandonos_33-1-667x1024.jpg 667w, https:\/\/www.uaa.mx\/descubretucarrera\/wp-content\/uploads\/2026\/03\/boletin_orientandonos_33-1-768x1180.jpg 768w, https:\/\/www.uaa.mx\/descubretucarrera\/wp-content\/uploads\/2026\/03\/boletin_orientandonos_33-1-1000x1536.jpg 1000w\" sizes=\"auto, (max-width: 1080px) 100vw, 1080px\" \/><\/a><\/figure>\n<\/div><\/div>\n<\/div>\n\n\n\n<div style=\"height:50px\" aria-hidden=\"true\" class=\"wp-block-spacer\"><\/div>\n\n\n\n<h2 class=\"wp-block-heading has-text-align-center\">REDES SOCIALES UAA<\/h2>\n\n\n\n<center>\n<a href=\"https:\/\/www.facebook.com\/uaa.mx\/?ref=br_rs\"> <img decoding=\"async\" src=\"https:\/\/www.uaa.mx\/portal\/wp-content\/uploads\/2023\/08\/Facebook.png\" alt=\"Facebook UAA\"> <\/a> \n   <a href=\"https:\/\/instagram.com\/uaa_mx?igshid=MzRlODBiNWFlZA==\"> <img decoding=\"async\" src=\"https:\/\/www.uaa.mx\/portal\/wp-content\/uploads\/2023\/08\/Instagram.png\" alt=\"Instagram UAA\"> <\/a> \n   <a href=\"https:\/\/www.youtube.com\/@UAAmx1\"> <img decoding=\"async\" src=\"https:\/\/www.uaa.mx\/portal\/wp-content\/uploads\/2023\/08\/YouTube.png\" alt=\"YouTube UAA\"> <\/a> \n   <a href=\"https:\/\/twitter.com\/uaa_mx\"> <img decoding=\"async\" src=\"https:\/\/www.uaa.mx\/portal\/wp-content\/uploads\/2023\/08\/X.png\" alt=\"X UAA\"> <\/a> \n   <a href=\"https:\/\/www.linkedin.com\/school\/uaamx\/\"> <img decoding=\"async\" src=\"https:\/\/www.uaa.mx\/portal\/wp-content\/uploads\/2023\/08\/LinkedIn.png\" alt=\"Linkedin UAA\"> <\/a> \n   <a href=\"https:\/\/g.page\/r\/CdstxDdmJKCJEAE\"> <img decoding=\"async\" src=\"https:\/\/www.uaa.mx\/portal\/wp-content\/uploads\/2023\/08\/Google-Maps.png\" alt=\"Google Maps UAA\"> <\/a> \n   <a href=\"https:\/\/www.tiktok.com\/@uaa_mx?_t=8evCnXOezJO&amp;_r=1\"> <img decoding=\"async\" src=\"https:\/\/www.uaa.mx\/portal\/wp-content\/uploads\/2023\/08\/TikTok.png\" alt=\"TikTok UAA\"> <\/a> \n   <a href=\"https:\/\/www.threads.net\/@uaa_mx?igshid=NTc4MTIwNjQ2YQ==\"> <img decoding=\"async\" src=\"https:\/\/www.uaa.mx\/portal\/wp-content\/uploads\/2023\/08\/Threads.png\" alt=\"Threads UAA\"> <\/a>\n<br>\n<br>\n<\/center>\n","protected":false},"excerpt":{"rendered":"<p>Consulta las publicaciones peri\u00f3dicas del Departamento de Orientaci\u00f3n Educativa, para que tengas un mayor acercamiento a la Universidad Aut\u00f3noma de Aguascalientes. Libro de Profesiones Es una publicaci\u00f3n que te proporciona un panorama completo de la oferta educativa de la UAA. En \u00e9ste se describe el objetivo, las caracter\u00edsticas deseables en [&hellip;]<\/p>\n","protected":false},"author":3,"featured_media":5057,"parent":0,"menu_order":6,"comment_status":"closed","ping_status":"closed","template":"","meta":{"footnotes":""},"class_list":["post-1509","page","type-page","status-publish","has-post-thumbnail","hentry"],"yoast_head":"<!-- This site is optimized with the Yoast SEO plugin v25.4 - https:\/\/yoast.com\/wordpress\/plugins\/seo\/ -->\n<title>Publicaciones sobre Orientaci\u00f3n Educativa - Descubre tu carrera<\/title>\n<meta name=\"robots\" content=\"index, follow, max-snippet:-1, max-image-preview:large, max-video-preview:-1\" \/>\n<link rel=\"canonical\" href=\"https:\/\/www.uaa.mx\/descubretucarrera\/publicaciones-sobre-orientacion-educativa\/\" \/>\n<meta property=\"og:locale\" content=\"es_ES\" \/>\n<meta property=\"og:type\" content=\"article\" \/>\n<meta property=\"og:title\" content=\"Publicaciones sobre Orientaci\u00f3n Educativa - Descubre tu carrera\" \/>\n<meta property=\"og:description\" content=\"Consulta las publicaciones peri\u00f3dicas del Departamento de Orientaci\u00f3n Educativa, para que tengas un mayor acercamiento a la Universidad Aut\u00f3noma de Aguascalientes. Libro de Profesiones Es una publicaci\u00f3n que te proporciona un panorama completo de la oferta educativa de la UAA. En \u00e9ste se describe el objetivo, las caracter\u00edsticas deseables en [&hellip;]\" \/>\n<meta property=\"og:url\" content=\"https:\/\/www.uaa.mx\/descubretucarrera\/publicaciones-sobre-orientacion-educativa\/\" \/>\n<meta property=\"og:site_name\" content=\"Descubre tu carrera\" \/>\n<meta property=\"article:publisher\" content=\"https:\/\/www.facebook.com\/uaa.mx\/?ref=br_rs\" \/>\n<meta property=\"article:modified_time\" content=\"2026-04-06T17:11:53+00:00\" \/>\n<meta property=\"og:image\" content=\"https:\/\/www.uaa.mx\/descubretucarrera\/wp-content\/uploads\/2024\/10\/DTC_orientacion-educ.png\" \/>\n\t<meta property=\"og:image:width\" content=\"6705\" \/>\n\t<meta property=\"og:image:height\" content=\"1035\" \/>\n\t<meta property=\"og:image:type\" content=\"image\/png\" \/>\n<meta name=\"twitter:card\" content=\"summary_large_image\" \/>\n<meta name=\"twitter:site\" content=\"@uaa_mx\" \/>\n<meta name=\"twitter:label1\" content=\"Tiempo de lectura\" \/>\n\t<meta name=\"twitter:data1\" content=\"4 minutos\" \/>\n<script type=\"application\/ld+json\" class=\"yoast-schema-graph\">{\"@context\":\"https:\/\/schema.org\",\"@graph\":[{\"@type\":\"WebPage\",\"@id\":\"https:\/\/www.uaa.mx\/descubretucarrera\/publicaciones-sobre-orientacion-educativa\/\",\"url\":\"https:\/\/www.uaa.mx\/descubretucarrera\/publicaciones-sobre-orientacion-educativa\/\",\"name\":\"Publicaciones sobre Orientaci\u00f3n Educativa - Descubre tu carrera\",\"isPartOf\":{\"@id\":\"https:\/\/www.uaa.mx\/descubretucarrera\/#website\"},\"primaryImageOfPage\":{\"@id\":\"https:\/\/www.uaa.mx\/descubretucarrera\/publicaciones-sobre-orientacion-educativa\/#primaryimage\"},\"image\":{\"@id\":\"https:\/\/www.uaa.mx\/descubretucarrera\/publicaciones-sobre-orientacion-educativa\/#primaryimage\"},\"thumbnailUrl\":\"https:\/\/www.uaa.mx\/descubretucarrera\/wp-content\/uploads\/2024\/10\/DTC_orientacion-educ.png\",\"datePublished\":\"2021-12-14T20:53:08+00:00\",\"dateModified\":\"2026-04-06T17:11:53+00:00\",\"breadcrumb\":{\"@id\":\"https:\/\/www.uaa.mx\/descubretucarrera\/publicaciones-sobre-orientacion-educativa\/#breadcrumb\"},\"inLanguage\":\"es\",\"potentialAction\":[{\"@type\":\"ReadAction\",\"target\":[\"https:\/\/www.uaa.mx\/descubretucarrera\/publicaciones-sobre-orientacion-educativa\/\"]}]},{\"@type\":\"ImageObject\",\"inLanguage\":\"es\",\"@id\":\"https:\/\/www.uaa.mx\/descubretucarrera\/publicaciones-sobre-orientacion-educativa\/#primaryimage\",\"url\":\"https:\/\/www.uaa.mx\/descubretucarrera\/wp-content\/uploads\/2024\/10\/DTC_orientacion-educ.png\",\"contentUrl\":\"https:\/\/www.uaa.mx\/descubretucarrera\/wp-content\/uploads\/2024\/10\/DTC_orientacion-educ.png\",\"width\":6705,\"height\":1035},{\"@type\":\"BreadcrumbList\",\"@id\":\"https:\/\/www.uaa.mx\/descubretucarrera\/publicaciones-sobre-orientacion-educativa\/#breadcrumb\",\"itemListElement\":[{\"@type\":\"ListItem\",\"position\":1,\"name\":\"Home\",\"item\":\"https:\/\/www.uaa.mx\/descubretucarrera\/\"},{\"@type\":\"ListItem\",\"position\":2,\"name\":\"Publicaciones sobre Orientaci\u00f3n Educativa\"}]},{\"@type\":\"WebSite\",\"@id\":\"https:\/\/www.uaa.mx\/descubretucarrera\/#website\",\"url\":\"https:\/\/www.uaa.mx\/descubretucarrera\/\",\"name\":\"Descubre tu carrera\",\"description\":\"Date el tiempo de reflexionar sobre aquellos aspectos que pudieran estar interviniendo en tu elecci\u00f3n y sigue avanzando en tu proceso.\",\"publisher\":{\"@id\":\"https:\/\/www.uaa.mx\/descubretucarrera\/#organization\"},\"potentialAction\":[{\"@type\":\"SearchAction\",\"target\":{\"@type\":\"EntryPoint\",\"urlTemplate\":\"https:\/\/www.uaa.mx\/descubretucarrera\/?s={search_term_string}\"},\"query-input\":{\"@type\":\"PropertyValueSpecification\",\"valueRequired\":true,\"valueName\":\"search_term_string\"}}],\"inLanguage\":\"es\"},{\"@type\":\"Organization\",\"@id\":\"https:\/\/www.uaa.mx\/descubretucarrera\/#organization\",\"name\":\"Universidad Aut\u00f3noma de Aguascalientes\",\"url\":\"https:\/\/www.uaa.mx\/descubretucarrera\/\",\"logo\":{\"@type\":\"ImageObject\",\"inLanguage\":\"es\",\"@id\":\"https:\/\/www.uaa.mx\/descubretucarrera\/#\/schema\/logo\/image\/\",\"url\":\"https:\/\/www.uaa.mx\/descubretucarrera\/wp-content\/uploads\/2019\/01\/Logo-UAA.png\",\"contentUrl\":\"https:\/\/www.uaa.mx\/descubretucarrera\/wp-content\/uploads\/2019\/01\/Logo-UAA.png\",\"width\":318,\"height\":154,\"caption\":\"Universidad Aut\u00f3noma de Aguascalientes\"},\"image\":{\"@id\":\"https:\/\/www.uaa.mx\/descubretucarrera\/#\/schema\/logo\/image\/\"},\"sameAs\":[\"https:\/\/www.facebook.com\/uaa.mx\/?ref=br_rs\",\"https:\/\/x.com\/uaa_mx\"]}]}<\/script>\n<!-- \/ Yoast SEO plugin. -->","yoast_head_json":{"title":"Publicaciones sobre Orientaci\u00f3n Educativa - Descubre tu carrera","robots":{"index":"index","follow":"follow","max-snippet":"max-snippet:-1","max-image-preview":"max-image-preview:large","max-video-preview":"max-video-preview:-1"},"canonical":"https:\/\/www.uaa.mx\/descubretucarrera\/publicaciones-sobre-orientacion-educativa\/","og_locale":"es_ES","og_type":"article","og_title":"Publicaciones sobre Orientaci\u00f3n Educativa - Descubre tu carrera","og_description":"Consulta las publicaciones peri\u00f3dicas del Departamento de Orientaci\u00f3n Educativa, para que tengas un mayor acercamiento a la Universidad Aut\u00f3noma de Aguascalientes. Libro de Profesiones Es una publicaci\u00f3n que te proporciona un panorama completo de la oferta educativa de la UAA. En \u00e9ste se describe el objetivo, las caracter\u00edsticas deseables en [&hellip;]","og_url":"https:\/\/www.uaa.mx\/descubretucarrera\/publicaciones-sobre-orientacion-educativa\/","og_site_name":"Descubre tu carrera","article_publisher":"https:\/\/www.facebook.com\/uaa.mx\/?ref=br_rs","article_modified_time":"2026-04-06T17:11:53+00:00","og_image":[{"width":6705,"height":1035,"url":"https:\/\/www.uaa.mx\/descubretucarrera\/wp-content\/uploads\/2024\/10\/DTC_orientacion-educ.png","type":"image\/png"}],"twitter_card":"summary_large_image","twitter_site":"@uaa_mx","twitter_misc":{"Tiempo de lectura":"4 minutos"},"schema":{"@context":"https:\/\/schema.org","@graph":[{"@type":"WebPage","@id":"https:\/\/www.uaa.mx\/descubretucarrera\/publicaciones-sobre-orientacion-educativa\/","url":"https:\/\/www.uaa.mx\/descubretucarrera\/publicaciones-sobre-orientacion-educativa\/","name":"Publicaciones sobre Orientaci\u00f3n Educativa - Descubre tu carrera","isPartOf":{"@id":"https:\/\/www.uaa.mx\/descubretucarrera\/#website"},"primaryImageOfPage":{"@id":"https:\/\/www.uaa.mx\/descubretucarrera\/publicaciones-sobre-orientacion-educativa\/#primaryimage"},"image":{"@id":"https:\/\/www.uaa.mx\/descubretucarrera\/publicaciones-sobre-orientacion-educativa\/#primaryimage"},"thumbnailUrl":"https:\/\/www.uaa.mx\/descubretucarrera\/wp-content\/uploads\/2024\/10\/DTC_orientacion-educ.png","datePublished":"2021-12-14T20:53:08+00:00","dateModified":"2026-04-06T17:11:53+00:00","breadcrumb":{"@id":"https:\/\/www.uaa.mx\/descubretucarrera\/publicaciones-sobre-orientacion-educativa\/#breadcrumb"},"inLanguage":"es","potentialAction":[{"@type":"ReadAction","target":["https:\/\/www.uaa.mx\/descubretucarrera\/publicaciones-sobre-orientacion-educativa\/"]}]},{"@type":"ImageObject","inLanguage":"es","@id":"https:\/\/www.uaa.mx\/descubretucarrera\/publicaciones-sobre-orientacion-educativa\/#primaryimage","url":"https:\/\/www.uaa.mx\/descubretucarrera\/wp-content\/uploads\/2024\/10\/DTC_orientacion-educ.png","contentUrl":"https:\/\/www.uaa.mx\/descubretucarrera\/wp-content\/uploads\/2024\/10\/DTC_orientacion-educ.png","width":6705,"height":1035},{"@type":"BreadcrumbList","@id":"https:\/\/www.uaa.mx\/descubretucarrera\/publicaciones-sobre-orientacion-educativa\/#breadcrumb","itemListElement":[{"@type":"ListItem","position":1,"name":"Home","item":"https:\/\/www.uaa.mx\/descubretucarrera\/"},{"@type":"ListItem","position":2,"name":"Publicaciones sobre Orientaci\u00f3n Educativa"}]},{"@type":"WebSite","@id":"https:\/\/www.uaa.mx\/descubretucarrera\/#website","url":"https:\/\/www.uaa.mx\/descubretucarrera\/","name":"Descubre tu carrera","description":"Date el tiempo de reflexionar sobre aquellos aspectos que pudieran estar interviniendo en tu elecci\u00f3n y sigue avanzando en tu proceso.","publisher":{"@id":"https:\/\/www.uaa.mx\/descubretucarrera\/#organization"},"potentialAction":[{"@type":"SearchAction","target":{"@type":"EntryPoint","urlTemplate":"https:\/\/www.uaa.mx\/descubretucarrera\/?s={search_term_string}"},"query-input":{"@type":"PropertyValueSpecification","valueRequired":true,"valueName":"search_term_string"}}],"inLanguage":"es"},{"@type":"Organization","@id":"https:\/\/www.uaa.mx\/descubretucarrera\/#organization","name":"Universidad Aut\u00f3noma de Aguascalientes","url":"https:\/\/www.uaa.mx\/descubretucarrera\/","logo":{"@type":"ImageObject","inLanguage":"es","@id":"https:\/\/www.uaa.mx\/descubretucarrera\/#\/schema\/logo\/image\/","url":"https:\/\/www.uaa.mx\/descubretucarrera\/wp-content\/uploads\/2019\/01\/Logo-UAA.png","contentUrl":"https:\/\/www.uaa.mx\/descubretucarrera\/wp-content\/uploads\/2019\/01\/Logo-UAA.png","width":318,"height":154,"caption":"Universidad Aut\u00f3noma de Aguascalientes"},"image":{"@id":"https:\/\/www.uaa.mx\/descubretucarrera\/#\/schema\/logo\/image\/"},"sameAs":["https:\/\/www.facebook.com\/uaa.mx\/?ref=br_rs","https:\/\/x.com\/uaa_mx"]}]}},"_links":{"self":[{"href":"https:\/\/www.uaa.mx\/descubretucarrera\/wp-json\/wp\/v2\/pages\/1509","targetHints":{"allow":["GET"]}}],"collection":[{"href":"https:\/\/www.uaa.mx\/descubretucarrera\/wp-json\/wp\/v2\/pages"}],"about":[{"href":"https:\/\/www.uaa.mx\/descubretucarrera\/wp-json\/wp\/v2\/types\/page"}],"author":[{"embeddable":true,"href":"https:\/\/www.uaa.mx\/descubretucarrera\/wp-json\/wp\/v2\/users\/3"}],"replies":[{"embeddable":true,"href":"https:\/\/www.uaa.mx\/descubretucarrera\/wp-json\/wp\/v2\/comments?post=1509"}],"version-history":[{"count":63,"href":"https:\/\/www.uaa.mx\/descubretucarrera\/wp-json\/wp\/v2\/pages\/1509\/revisions"}],"predecessor-version":[{"id":5397,"href":"https:\/\/www.uaa.mx\/descubretucarrera\/wp-json\/wp\/v2\/pages\/1509\/revisions\/5397"}],"wp:featuredmedia":[{"embeddable":true,"href":"https:\/\/www.uaa.mx\/descubretucarrera\/wp-json\/wp\/v2\/media\/5057"}],"wp:attachment":[{"href":"https:\/\/www.uaa.mx\/descubretucarrera\/wp-json\/wp\/v2\/media?parent=1509"}],"curies":[{"name":"wp","href":"https:\/\/api.w.org\/{rel}","templated":true}]}}