{"id":1962,"date":"2022-01-11T17:47:52","date_gmt":"2022-01-11T17:47:52","guid":{"rendered":"https:\/\/www.uaa.mx\/descubretucarrera\/?page_id=1962"},"modified":"2026-04-14T20:07:58","modified_gmt":"2026-04-14T20:07:58","slug":"descubre-la-uaa","status":"publish","type":"page","link":"https:\/\/www.uaa.mx\/descubretucarrera\/descubre-la-uaa\/","title":{"rendered":"Descubre la UAA"},"content":{"rendered":"\n<p class=\"has-text-align-center has-text-color\" style=\"color:#223671;font-size:19px\"><meta charset=\"utf-8\"><strong><a href=\"https:\/\/g.page\/infoteca-universitaria-uaa?share\">Infoteca Universitaria<\/a> <\/strong><\/p>\n\n\n\n<p>La Infoteca Universitaria cuenta con espacios multidisciplinarios en los que podr\u00e1s convivir, tener experiencias de apreciaci\u00f3n de las artes, leer y estudiar. <\/p>\n\n\n\n<div class=\"wp-block-columns is-layout-flex wp-container-core-columns-is-layout-28f84493 wp-block-columns-is-layout-flex\">\n<div class=\"wp-block-column is-layout-flow wp-block-column-is-layout-flow\">\n<iframe src=\"https:\/\/www.google.com\/maps\/embed?pb=!4v1641923894932!6m8!1m7!1sCAoSLEFGMVFpcFAzeDVVUEVsOVVpVG1mTnV2b3ZIMXVBZjdoN1k4VENIcWRueVln!2m2!1d21.913503377964!2d-102.31374057064!3f242.95212273672558!4f-17.91325964898394!5f0.7820868581430032\" width=\"600\" height=\"450\" style=\"border:0;\" allowfullscreen=\"\" loading=\"lazy\"><\/iframe>\n<\/div>\n\n\n\n<div class=\"wp-block-column is-layout-flow wp-block-column-is-layout-flow\">\n<iframe src=\"https:\/\/www.google.com\/maps\/embed?pb=!4v1641925420288!6m8!1m7!1sCAoSLEFGMVFpcFBRUzFNeXM0cUtmSlRKRS1GbFdOSi1aSTFCM2t1TTg4Q1hrQkRJ!2m2!1d21.913471867989!2d-102.31412355491!3f34.28124141172191!4f5.8738871540020625!5f0.7820865974627469\" width=\"600\" height=\"450\" style=\"border:0;\" allowfullscreen=\"\" loading=\"lazy\"><\/iframe>\n<\/div>\n<\/div>\n\n\n\n<div style=\"height:73px\" aria-hidden=\"true\" class=\"wp-block-spacer\"><\/div>\n\n\n\n<p class=\"has-text-align-center has-text-color\" style=\"color:#223671;font-size:19px\"><strong><a href=\"https:\/\/goo.gl\/maps\/ofoA4PbqEhBwGm4r8\">Unidad de Desarrollo e Innovaci\u00f3n Interactiva<\/a><\/strong><\/p>\n\n\n\n<div class=\"wp-block-columns is-layout-flex wp-container-core-columns-is-layout-28f84493 wp-block-columns-is-layout-flex\">\n<div class=\"wp-block-column is-layout-flow wp-block-column-is-layout-flow\">\n<iframe src=\"https:\/\/www.google.com\/maps\/embed?pb=!4v1641925002356!6m8!1m7!1sCAoSLEFGMVFpcE4wNF90Z2xJS2VSSWZBRHdndzlQWXBsY0VJLWZvOXRnaXVLdmFz!2m2!1d21.912302091042!2d-102.3149938863!3f242.6507051538644!4f7.990066521256253!5f0.7820865974627469\" width=\"600\" height=\"450\" style=\"border:0;\" allowfullscreen=\"\" loading=\"lazy\"><\/iframe>\n<\/div>\n\n\n\n<div class=\"wp-block-column is-layout-flow wp-block-column-is-layout-flow\">\n<iframe src=\"https:\/\/www.google.com\/maps\/embed?pb=!4v1641925133199!6m8!1m7!1sCAoSLEFGMVFpcE9kMDYyVERDQ091ZjR1elNrZ3VqQXB4RnFQN2VoQzBZNjhMbF9D!2m2!1d21.912322840724!2d-102.3150939937!3f45.75256547391807!4f-21.92849880440437!5f0.4000000000000002\" width=\"600\" height=\"450\" style=\"border:0;\" allowfullscreen=\"\" loading=\"lazy\"><\/iframe>\n<\/div>\n<\/div>\n\n\n\n<div style=\"height:100px\" aria-hidden=\"true\" class=\"wp-block-spacer\"><\/div>\n\n\n\n<p class=\"has-text-align-center has-text-color\" style=\"color:#223671;font-size:19px\"><meta charset=\"utf-8\"><strong>Vistas a\u00e9reas de la UAA<\/strong><\/p>\n\n\n\n<div class=\"wp-block-columns is-layout-flex wp-container-core-columns-is-layout-28f84493 wp-block-columns-is-layout-flex\">\n<div class=\"wp-block-column is-layout-flow wp-block-column-is-layout-flow\">\n<iframe src=\"https:\/\/www.google.com\/maps\/embed?pb=!4v1641924021454!6m8!1m7!1sCAoSLEFGMVFpcE5sU05rbkpsbGlrOWhFUFhIaHhHRzA0NVNEZVdkSzVTV1Y2dEdh!2m2!1d21.91326613285!2d-102.31330234928!3f260.9483687111184!4f-30.532366542957007!5f0.7820865974627469\" width=\"600\" height=\"450\" style=\"border:0;\" allowfullscreen=\"\" loading=\"lazy\"><\/iframe>\n<\/div>\n\n\n\n<div class=\"wp-block-column is-layout-flow wp-block-column-is-layout-flow\">\n<iframe src=\"https:\/\/www.google.com\/maps\/embed?pb=!4v1641924242904!6m8!1m7!1sCAoSLEFGMVFpcE9JeUFtOEVEa1V2Qi1Xa3ZTTUhkQ25fSGtySjlsZjgwYmZFYTE0!2m2!1d21.914122220327!2d-102.31995048881!3f104.3513164135196!4f-35.2677261302763!5f0.7820865974627469\" width=\"600\" height=\"450\" style=\"border:0;\" allowfullscreen=\"\" loading=\"lazy\"><\/iframe>\n<\/div>\n\n\n\n<div class=\"wp-block-column is-layout-flow wp-block-column-is-layout-flow\">\n<iframe src=\"https:\/\/www.google.com\/maps\/embed?pb=!4v1641924101060!6m8!1m7!1sCAoSLEFGMVFpcE83b1hCV0ZBTHh2Q280UGJiUzE4RWhWM1FHMVJLZ1FrZ25zdTkx!2m2!1d21.91262760653!2d-102.3151732249!3f153.55657490259455!4f-40.68104003784127!5f0.4000000000000002\" width=\"600\" height=\"450\" style=\"border:0;\" allowfullscreen=\"\" loading=\"lazy\"><\/iframe>\n<\/div>\n<\/div>\n\n\n\n<div style=\"height:66px\" aria-hidden=\"true\" class=\"wp-block-spacer\"><\/div>\n\n\n<div style=\"text-align: center;\"><\/div>\n\n\n<div style=\"height:49px\" aria-hidden=\"true\" class=\"wp-block-spacer\"><\/div>\n\n\n\n<p class=\"has-text-align-center\"><strong>Te esperamos en la Universidad Aut\u00f3noma de Aguascalientes<\/strong><\/p>\n","protected":false},"excerpt":{"rendered":"<p>Infoteca Universitaria La Infoteca Universitaria cuenta con espacios multidisciplinarios en los que podr\u00e1s convivir, tener experiencias de apreciaci\u00f3n de las artes, leer y estudiar. Unidad de Desarrollo e Innovaci\u00f3n Interactiva Vistas a\u00e9reas de la UAA Te esperamos en la Universidad Aut\u00f3noma de Aguascalientes<\/p>\n","protected":false},"author":3,"featured_media":5058,"parent":0,"menu_order":7,"comment_status":"closed","ping_status":"closed","template":"","meta":{"footnotes":""},"class_list":["post-1962","page","type-page","status-publish","has-post-thumbnail","hentry"],"yoast_head":"<!-- This site is optimized with the Yoast SEO plugin v25.4 - https:\/\/yoast.com\/wordpress\/plugins\/seo\/ -->\n<title>Descubre la UAA - Descubre tu carrera<\/title>\n<meta name=\"robots\" content=\"index, follow, max-snippet:-1, max-image-preview:large, max-video-preview:-1\" \/>\n<link rel=\"canonical\" href=\"https:\/\/www.uaa.mx\/descubretucarrera\/descubre-la-uaa\/\" \/>\n<meta property=\"og:locale\" content=\"es_ES\" \/>\n<meta property=\"og:type\" content=\"article\" \/>\n<meta property=\"og:title\" content=\"Descubre la UAA - Descubre tu carrera\" \/>\n<meta property=\"og:description\" content=\"Infoteca Universitaria La Infoteca Universitaria cuenta con espacios multidisciplinarios en los que podr\u00e1s convivir, tener experiencias de apreciaci\u00f3n de las artes, leer y estudiar. Unidad de Desarrollo e Innovaci\u00f3n Interactiva Vistas a\u00e9reas de la UAA Te esperamos en la Universidad Aut\u00f3noma de Aguascalientes\" \/>\n<meta property=\"og:url\" content=\"https:\/\/www.uaa.mx\/descubretucarrera\/descubre-la-uaa\/\" \/>\n<meta property=\"og:site_name\" content=\"Descubre tu carrera\" \/>\n<meta property=\"article:publisher\" content=\"https:\/\/www.facebook.com\/uaa.mx\/?ref=br_rs\" \/>\n<meta property=\"article:modified_time\" content=\"2026-04-14T20:07:58+00:00\" \/>\n<meta property=\"og:image\" content=\"https:\/\/www.uaa.mx\/descubretucarrera\/wp-content\/uploads\/2024\/10\/DTC_descubre-uaa.png\" \/>\n\t<meta property=\"og:image:width\" content=\"6705\" \/>\n\t<meta property=\"og:image:height\" content=\"1035\" \/>\n\t<meta property=\"og:image:type\" content=\"image\/png\" \/>\n<meta name=\"twitter:card\" content=\"summary_large_image\" \/>\n<meta name=\"twitter:site\" content=\"@uaa_mx\" \/>\n<meta name=\"twitter:label1\" content=\"Tiempo de lectura\" \/>\n\t<meta name=\"twitter:data1\" content=\"1 minuto\" \/>\n<script type=\"application\/ld+json\" class=\"yoast-schema-graph\">{\"@context\":\"https:\/\/schema.org\",\"@graph\":[{\"@type\":\"WebPage\",\"@id\":\"https:\/\/www.uaa.mx\/descubretucarrera\/descubre-la-uaa\/\",\"url\":\"https:\/\/www.uaa.mx\/descubretucarrera\/descubre-la-uaa\/\",\"name\":\"Descubre la UAA - Descubre tu carrera\",\"isPartOf\":{\"@id\":\"https:\/\/www.uaa.mx\/descubretucarrera\/#website\"},\"primaryImageOfPage\":{\"@id\":\"https:\/\/www.uaa.mx\/descubretucarrera\/descubre-la-uaa\/#primaryimage\"},\"image\":{\"@id\":\"https:\/\/www.uaa.mx\/descubretucarrera\/descubre-la-uaa\/#primaryimage\"},\"thumbnailUrl\":\"https:\/\/www.uaa.mx\/descubretucarrera\/wp-content\/uploads\/2024\/10\/DTC_descubre-uaa.png\",\"datePublished\":\"2022-01-11T17:47:52+00:00\",\"dateModified\":\"2026-04-14T20:07:58+00:00\",\"breadcrumb\":{\"@id\":\"https:\/\/www.uaa.mx\/descubretucarrera\/descubre-la-uaa\/#breadcrumb\"},\"inLanguage\":\"es\",\"potentialAction\":[{\"@type\":\"ReadAction\",\"target\":[\"https:\/\/www.uaa.mx\/descubretucarrera\/descubre-la-uaa\/\"]}]},{\"@type\":\"ImageObject\",\"inLanguage\":\"es\",\"@id\":\"https:\/\/www.uaa.mx\/descubretucarrera\/descubre-la-uaa\/#primaryimage\",\"url\":\"https:\/\/www.uaa.mx\/descubretucarrera\/wp-content\/uploads\/2024\/10\/DTC_descubre-uaa.png\",\"contentUrl\":\"https:\/\/www.uaa.mx\/descubretucarrera\/wp-content\/uploads\/2024\/10\/DTC_descubre-uaa.png\",\"width\":6705,\"height\":1035},{\"@type\":\"BreadcrumbList\",\"@id\":\"https:\/\/www.uaa.mx\/descubretucarrera\/descubre-la-uaa\/#breadcrumb\",\"itemListElement\":[{\"@type\":\"ListItem\",\"position\":1,\"name\":\"Home\",\"item\":\"https:\/\/www.uaa.mx\/descubretucarrera\/\"},{\"@type\":\"ListItem\",\"position\":2,\"name\":\"Descubre la UAA\"}]},{\"@type\":\"WebSite\",\"@id\":\"https:\/\/www.uaa.mx\/descubretucarrera\/#website\",\"url\":\"https:\/\/www.uaa.mx\/descubretucarrera\/\",\"name\":\"Descubre tu carrera\",\"description\":\"Date el tiempo de reflexionar sobre aquellos aspectos que pudieran estar interviniendo en tu elecci\u00f3n y sigue avanzando en tu proceso.\",\"publisher\":{\"@id\":\"https:\/\/www.uaa.mx\/descubretucarrera\/#organization\"},\"potentialAction\":[{\"@type\":\"SearchAction\",\"target\":{\"@type\":\"EntryPoint\",\"urlTemplate\":\"https:\/\/www.uaa.mx\/descubretucarrera\/?s={search_term_string}\"},\"query-input\":{\"@type\":\"PropertyValueSpecification\",\"valueRequired\":true,\"valueName\":\"search_term_string\"}}],\"inLanguage\":\"es\"},{\"@type\":\"Organization\",\"@id\":\"https:\/\/www.uaa.mx\/descubretucarrera\/#organization\",\"name\":\"Universidad Aut\u00f3noma de Aguascalientes\",\"url\":\"https:\/\/www.uaa.mx\/descubretucarrera\/\",\"logo\":{\"@type\":\"ImageObject\",\"inLanguage\":\"es\",\"@id\":\"https:\/\/www.uaa.mx\/descubretucarrera\/#\/schema\/logo\/image\/\",\"url\":\"https:\/\/www.uaa.mx\/descubretucarrera\/wp-content\/uploads\/2019\/01\/Logo-UAA.png\",\"contentUrl\":\"https:\/\/www.uaa.mx\/descubretucarrera\/wp-content\/uploads\/2019\/01\/Logo-UAA.png\",\"width\":318,\"height\":154,\"caption\":\"Universidad Aut\u00f3noma de Aguascalientes\"},\"image\":{\"@id\":\"https:\/\/www.uaa.mx\/descubretucarrera\/#\/schema\/logo\/image\/\"},\"sameAs\":[\"https:\/\/www.facebook.com\/uaa.mx\/?ref=br_rs\",\"https:\/\/x.com\/uaa_mx\"]}]}<\/script>\n<!-- \/ Yoast SEO plugin. -->","yoast_head_json":{"title":"Descubre la UAA - Descubre tu carrera","robots":{"index":"index","follow":"follow","max-snippet":"max-snippet:-1","max-image-preview":"max-image-preview:large","max-video-preview":"max-video-preview:-1"},"canonical":"https:\/\/www.uaa.mx\/descubretucarrera\/descubre-la-uaa\/","og_locale":"es_ES","og_type":"article","og_title":"Descubre la UAA - Descubre tu carrera","og_description":"Infoteca Universitaria La Infoteca Universitaria cuenta con espacios multidisciplinarios en los que podr\u00e1s convivir, tener experiencias de apreciaci\u00f3n de las artes, leer y estudiar. Unidad de Desarrollo e Innovaci\u00f3n Interactiva Vistas a\u00e9reas de la UAA Te esperamos en la Universidad Aut\u00f3noma de Aguascalientes","og_url":"https:\/\/www.uaa.mx\/descubretucarrera\/descubre-la-uaa\/","og_site_name":"Descubre tu carrera","article_publisher":"https:\/\/www.facebook.com\/uaa.mx\/?ref=br_rs","article_modified_time":"2026-04-14T20:07:58+00:00","og_image":[{"width":6705,"height":1035,"url":"https:\/\/www.uaa.mx\/descubretucarrera\/wp-content\/uploads\/2024\/10\/DTC_descubre-uaa.png","type":"image\/png"}],"twitter_card":"summary_large_image","twitter_site":"@uaa_mx","twitter_misc":{"Tiempo de lectura":"1 minuto"},"schema":{"@context":"https:\/\/schema.org","@graph":[{"@type":"WebPage","@id":"https:\/\/www.uaa.mx\/descubretucarrera\/descubre-la-uaa\/","url":"https:\/\/www.uaa.mx\/descubretucarrera\/descubre-la-uaa\/","name":"Descubre la UAA - Descubre tu carrera","isPartOf":{"@id":"https:\/\/www.uaa.mx\/descubretucarrera\/#website"},"primaryImageOfPage":{"@id":"https:\/\/www.uaa.mx\/descubretucarrera\/descubre-la-uaa\/#primaryimage"},"image":{"@id":"https:\/\/www.uaa.mx\/descubretucarrera\/descubre-la-uaa\/#primaryimage"},"thumbnailUrl":"https:\/\/www.uaa.mx\/descubretucarrera\/wp-content\/uploads\/2024\/10\/DTC_descubre-uaa.png","datePublished":"2022-01-11T17:47:52+00:00","dateModified":"2026-04-14T20:07:58+00:00","breadcrumb":{"@id":"https:\/\/www.uaa.mx\/descubretucarrera\/descubre-la-uaa\/#breadcrumb"},"inLanguage":"es","potentialAction":[{"@type":"ReadAction","target":["https:\/\/www.uaa.mx\/descubretucarrera\/descubre-la-uaa\/"]}]},{"@type":"ImageObject","inLanguage":"es","@id":"https:\/\/www.uaa.mx\/descubretucarrera\/descubre-la-uaa\/#primaryimage","url":"https:\/\/www.uaa.mx\/descubretucarrera\/wp-content\/uploads\/2024\/10\/DTC_descubre-uaa.png","contentUrl":"https:\/\/www.uaa.mx\/descubretucarrera\/wp-content\/uploads\/2024\/10\/DTC_descubre-uaa.png","width":6705,"height":1035},{"@type":"BreadcrumbList","@id":"https:\/\/www.uaa.mx\/descubretucarrera\/descubre-la-uaa\/#breadcrumb","itemListElement":[{"@type":"ListItem","position":1,"name":"Home","item":"https:\/\/www.uaa.mx\/descubretucarrera\/"},{"@type":"ListItem","position":2,"name":"Descubre la UAA"}]},{"@type":"WebSite","@id":"https:\/\/www.uaa.mx\/descubretucarrera\/#website","url":"https:\/\/www.uaa.mx\/descubretucarrera\/","name":"Descubre tu carrera","description":"Date el tiempo de reflexionar sobre aquellos aspectos que pudieran estar interviniendo en tu elecci\u00f3n y sigue avanzando en tu proceso.","publisher":{"@id":"https:\/\/www.uaa.mx\/descubretucarrera\/#organization"},"potentialAction":[{"@type":"SearchAction","target":{"@type":"EntryPoint","urlTemplate":"https:\/\/www.uaa.mx\/descubretucarrera\/?s={search_term_string}"},"query-input":{"@type":"PropertyValueSpecification","valueRequired":true,"valueName":"search_term_string"}}],"inLanguage":"es"},{"@type":"Organization","@id":"https:\/\/www.uaa.mx\/descubretucarrera\/#organization","name":"Universidad Aut\u00f3noma de Aguascalientes","url":"https:\/\/www.uaa.mx\/descubretucarrera\/","logo":{"@type":"ImageObject","inLanguage":"es","@id":"https:\/\/www.uaa.mx\/descubretucarrera\/#\/schema\/logo\/image\/","url":"https:\/\/www.uaa.mx\/descubretucarrera\/wp-content\/uploads\/2019\/01\/Logo-UAA.png","contentUrl":"https:\/\/www.uaa.mx\/descubretucarrera\/wp-content\/uploads\/2019\/01\/Logo-UAA.png","width":318,"height":154,"caption":"Universidad Aut\u00f3noma de Aguascalientes"},"image":{"@id":"https:\/\/www.uaa.mx\/descubretucarrera\/#\/schema\/logo\/image\/"},"sameAs":["https:\/\/www.facebook.com\/uaa.mx\/?ref=br_rs","https:\/\/x.com\/uaa_mx"]}]}},"_links":{"self":[{"href":"https:\/\/www.uaa.mx\/descubretucarrera\/wp-json\/wp\/v2\/pages\/1962","targetHints":{"allow":["GET"]}}],"collection":[{"href":"https:\/\/www.uaa.mx\/descubretucarrera\/wp-json\/wp\/v2\/pages"}],"about":[{"href":"https:\/\/www.uaa.mx\/descubretucarrera\/wp-json\/wp\/v2\/types\/page"}],"author":[{"embeddable":true,"href":"https:\/\/www.uaa.mx\/descubretucarrera\/wp-json\/wp\/v2\/users\/3"}],"replies":[{"embeddable":true,"href":"https:\/\/www.uaa.mx\/descubretucarrera\/wp-json\/wp\/v2\/comments?post=1962"}],"version-history":[{"count":32,"href":"https:\/\/www.uaa.mx\/descubretucarrera\/wp-json\/wp\/v2\/pages\/1962\/revisions"}],"predecessor-version":[{"id":5400,"href":"https:\/\/www.uaa.mx\/descubretucarrera\/wp-json\/wp\/v2\/pages\/1962\/revisions\/5400"}],"wp:featuredmedia":[{"embeddable":true,"href":"https:\/\/www.uaa.mx\/descubretucarrera\/wp-json\/wp\/v2\/media\/5058"}],"wp:attachment":[{"href":"https:\/\/www.uaa.mx\/descubretucarrera\/wp-json\/wp\/v2\/media?parent=1962"}],"curies":[{"name":"wp","href":"https:\/\/api.w.org\/{rel}","templated":true}]}}