{"id":443,"date":"2021-07-30T19:48:54","date_gmt":"2021-07-30T19:48:54","guid":{"rendered":"https:\/\/www.uaa.mx\/descubretucarrera\/?page_id=443"},"modified":"2026-04-14T20:57:58","modified_gmt":"2026-04-14T20:57:58","slug":"443-2","status":"publish","type":"page","link":"https:\/\/www.uaa.mx\/descubretucarrera\/","title":{"rendered":"Inicio"},"content":{"rendered":"\n<!-- Global site tag (gtag.js) - Google Ads: 10838138972 -->\n<script async=\"\" src=\"https:\/\/www.googletagmanager.com\/gtag\/js?id=AW-10838138972\"><\/script>\n<script>\n  window.dataLayer = window.dataLayer || [];\n  function gtag(){dataLayer.push(arguments);}\n  gtag('js', new Date());\n\n  gtag('config', 'AW-10838138972');\n<\/script>\n\n\n\n<!-- Event snippet for P\u00e1gina vista conversion page -->\n<script>\n  gtag('event', 'conversion', {'send_to': 'AW-10838138972\/7rlUCN_Z-qEDENzAg7Ao'});\n<\/script>\n\n\n\n<!-- Meta Pixel Code -->\n<script>\n!function(f,b,e,v,n,t,s)\n{if(f.fbq)return;n=f.fbq=function(){n.callMethod?\nn.callMethod.apply(n,arguments):n.queue.push(arguments)};\nif(!f._fbq)f._fbq=n;n.push=n;n.loaded=!0;n.version='2.0';\nn.queue=[];t=b.createElement(e);t.async=!0;\nt.src=v;s=b.getElementsByTagName(e)[0];\ns.parentNode.insertBefore(t,s)}(window, document,'script',\n'https:\/\/connect.facebook.net\/en_US\/fbevents.js');\nfbq('init', '669631034347677');\nfbq('track', 'PageView');\n<\/script>\n<noscript><img loading=\"lazy\" decoding=\"async\" height=\"1\" width=\"1\" style=\"display:none\" src=\"https:\/\/www.facebook.com\/tr?id=669631034347677&amp;ev=PageView&amp;noscript=1\"><\/noscript>\n<!-- End Meta Pixel Code -->\n\n\n\n<div style=\"height:50px\" aria-hidden=\"true\" class=\"wp-block-spacer\"><\/div>\n\n\n\n<p class=\"has-text-align-center has-text-color has-body-font-size\" style=\"color:#223671\">T\u00fa que est\u00e1s interesado en construir un plan de vida profesional y realizar la mejor elecci\u00f3n de carrera, la UAA te brinda este espacio de orientaci\u00f3n profesiogr\u00e1fica.<\/p>\n\n\n\n<p class=\"has-text-align-center has-text-color has-body-font-size\" style=\"color:#223671\">Aqu\u00ed te compartiremos herramientas e informaci\u00f3n que te ayudar\u00e1n a descubrir tu vocaci\u00f3n y seleccionar el programa educativo m\u00e1s adecuado para alcanzar tus metas e intereses profesionales.<\/p>\n\n\n\n<div style=\"height:56px\" aria-hidden=\"true\" class=\"wp-block-spacer\"><\/div>\n\n\n\n<center>\n<iframe loading=\"lazy\" width=\"560\" height=\"315\" src=\"https:\/\/www.youtube.com\/embed\/6_rVJQoAe_U?si=fy1RXSmUXwntl_EG\" title=\"YouTube video player\" frameborder=\"0\" allow=\"accelerometer; autoplay; clipboard-write; encrypted-media; gyroscope; picture-in-picture; web-share\" referrerpolicy=\"strict-origin-when-cross-origin\" allowfullscreen><\/iframe>\n<\/center>\n\n\n\n<div style=\"height:56px\" aria-hidden=\"true\" class=\"wp-block-spacer\"><\/div>\n\n\n\n<div class=\"wp-block-columns is-layout-flex wp-container-core-columns-is-layout-28f84493 wp-block-columns-is-layout-flex\">\n<div class=\"wp-block-column is-layout-flow wp-block-column-is-layout-flow\">\n<center>\n<a href=\"https:\/\/www.uaa.mx\/descubretucarrera\/descubre-tu-vocacion\/\" rel=\"noopener noreferrer\"><img decoding=\"async\" src=\"https:\/\/www.uaa.mx\/descubretucarrera\/img\/BT_1.png\" width=\"100%\" style=\"margin:5px\" border=\"0\"><\/a>\n\n<a href=\"https:\/\/www.uaa.mx\/descubretucarrera\/por-que-estudiar-en-la-uaa\/\" rel=\"noopener noreferrer\"><img decoding=\"async\" src=\"https:\/\/www.uaa.mx\/descubretucarrera\/img\/BT_3.png\" width=\"100%\" style=\"margin:5px\" border=\"0\"><\/a>\n\n<a href=\"https:\/\/www.uaa.mx\/descubretucarrera\/becas-y-apoyos\/\" rel=\"noopener noreferrer\"><img decoding=\"async\" src=\"https:\/\/www.uaa.mx\/descubretucarrera\/img\/BT_5.png\" width=\"100%\" style=\"margin:5px\" border=\"0\"><\/a>\n\n<\/center>\n<\/div>\n\n\n\n<div class=\"wp-block-column is-layout-flow wp-block-column-is-layout-flow\">\n<center>\n<a href=\"https:\/\/www.uaa.mx\/descubretucarrera\/oferta-educativa\/\" rel=\"noopener noreferrer\"><img decoding=\"async\" src=\"https:\/\/www.uaa.mx\/descubretucarrera\/img\/BT_2.png\" width=\"100%\" style=\"margin:5px\" border=\"0\"><\/a>\n\n<a href=\"https:\/\/www.uaa.mx\/admision\/index.php\/licenciatura\/\" rel=\"noopener noreferrer\"><img decoding=\"async\" src=\"https:\/\/www.uaa.mx\/descubretucarrera\/img\/BT_4.png\" width=\"100%\" style=\"margin:5px\" border=\"0\"><\/a>\n\n<a href=\"https:\/\/www.uaa.mx\/descubretucarrera\/publicaciones-sobre-orientacion-educativa\/\" rel=\"noopener noreferrer\"><img decoding=\"async\" src=\"https:\/\/www.uaa.mx\/descubretucarrera\/img\/BT_6.png\" width=\"100%\" style=\"margin:5px\" border=\"0\"><\/a>\n<\/center>\n<\/div>\n<\/div>\n\n\n\n<div style=\"height:40px\" aria-hidden=\"true\" class=\"wp-block-spacer\"><\/div>\n\n\n\n<center hidden>\n<iframe loading=\"lazy\" width=\"560\" height=\"315\" src=\"https:\/\/www.youtube-nocookie.com\/embed\/-TUpz672fc0?si=UADe7zvt-yLnhXh3\" title=\"YouTube video player\" frameborder=\"0\" allow=\"accelerometer; autoplay; clipboard-write; encrypted-media; gyroscope; picture-in-picture; web-share\" referrerpolicy=\"strict-origin-when-cross-origin\" allowfullscreen><\/iframe>\n<\/center>\n\n\n\n<div style=\"height:71px\" aria-hidden=\"true\" class=\"wp-block-spacer\"><\/div>\n\n\n\n<h2 class=\"wp-block-heading has-text-align-center has-text-color\" style=\"color:#223671\">Descubre tu carrera por \u00e1rea del conocimiento<\/h2>\n\n\n\n<center>\n<a href=\"https:\/\/www.uaa.mx\/descubretucarrera\/centro-de-ciencias-agropecuarias\/\" rel=\"noopener noreferrer\"><img decoding=\"async\" src=\"https:\/\/www.uaa.mx\/descubretucarrera\/img\/CCA.png\" width=\"32%\" style=\"margin:5px\" border=\"0\"><\/a>\n<a href=\"https:\/\/www.uaa.mx\/descubretucarrera\/centro-de-ciencias-basicas\/\" rel=\"noopener noreferrer\"><img decoding=\"async\" src=\"https:\/\/www.uaa.mx\/descubretucarrera\/img\/CCB.png\" width=\"32%\" style=\"margin:5px\" border=\"0\"><\/a>\n\n<a href=\"https:\/\/www.uaa.mx\/descubretucarrera\/centro-de-ciencias-de-la-ingenieria\/\" rel=\"noopener noreferrer\"><img decoding=\"async\" src=\"https:\/\/www.uaa.mx\/descubretucarrera\/img\/CCI.png\" width=\"32%\" style=\"margin:5px\" border=\"0\"><\/a>\n<a href=\"https:\/\/www.uaa.mx\/descubretucarrera\/centro-de-ciencias-de-la-salud\/\" rel=\"noopener noreferrer\"><img decoding=\"async\" src=\"https:\/\/www.uaa.mx\/descubretucarrera\/img\/CCS.png\" width=\"32%\" style=\"margin:5px\" border=\"0\"><\/a>\n\n<a href=\"https:\/\/www.uaa.mx\/descubretucarrera\/centro-de-ciencias-de-diseno-y-de-la-construccion\/\" rel=\"noopener noreferrer\"><img decoding=\"async\" src=\"https:\/\/www.uaa.mx\/descubretucarrera\/img\/CCDC.png\" width=\"32%\" style=\"margin:5px\" border=\"0\"><\/a>\n<a href=\"https:\/\/www.uaa.mx\/descubretucarrera\/centro-de-ciencias-economicas-y-administrativas\/\" rel=\"noopener noreferrer\"><img decoding=\"async\" src=\"https:\/\/www.uaa.mx\/descubretucarrera\/img\/CCEA.png\" width=\"32%\" style=\"margin:5px\" border=\"0\"><\/a>\n\n<a href=\"https:\/\/www.uaa.mx\/descubretucarrera\/centro-de-ciencias-empresariales\/\" rel=\"noopener noreferrer\"><img decoding=\"async\" src=\"https:\/\/www.uaa.mx\/descubretucarrera\/img\/CCE.png\" width=\"32%\" style=\"margin:5px\" border=\"0\"><\/a>\n<a href=\"https:\/\/www.uaa.mx\/descubretucarrera\/centro-de-ciencias-sociales-y-humanidades\/\" rel=\"noopener noreferrer\"><img decoding=\"async\" src=\"https:\/\/www.uaa.mx\/descubretucarrera\/img\/CCSH.png\" width=\"32%\" style=\"margin:5px\" border=\"0\"><\/a>\n\n<a href=\"https:\/\/www.uaa.mx\/descubretucarrera\/centro-de-las-artes-y-la-cultura\/\" rel=\"noopener noreferrer\"><img decoding=\"async\" src=\"https:\/\/www.uaa.mx\/descubretucarrera\/img\/CAC.png\" width=\"32%\" style=\"margin:5px\" border=\"0\"><\/a>\n<br>\n<br>\n<\/center>\n\n\n\n<div style=\"height:100px\" aria-hidden=\"true\" class=\"wp-block-spacer\"><\/div>\n\n\n\n<p class=\"has-text-align-center has-text-color\" style=\"color:#223671;font-size:20px\"><strong>Direcci\u00f3n General de Servicios Educativos<\/strong><br><strong>Departamento de Orientaci\u00f3n Educativa<\/strong><\/p>\n\n\n\n<p class=\"has-text-align-center\">Edificio 56, planta alta. Ciudad Universitaria.<br>Lunes a viernes de 8:00-15:30 hrs.<br>449 910 74 00,  ext: 36412<br><a href=\"mailto:orientacion.educativa@edu.uaa.mx\">orientacion.educativa@edu.uaa.mx<\/a><\/p>\n\n\n\n<center>\n<br>\n<br>\n<a href=\"https:\/\/www.uaa.mx\/portal\/aspirantes\/departamento-de- orientacion-educativa\/ \"><img decoding=\"async\" src=\"https:\/\/www.uaa.mx\/descubretucarrera\/img\/redes-web.png\" alt=\"\" width=\"8%\"><\/a>\n\n<a href=\"https:\/\/www.facebook.com\/UAAOrientacion\/\"><img decoding=\"async\" src=\"https:\/\/www.uaa.mx\/descubretucarrera\/img\/redes-facebook.png\" alt=\"\" width=\"8%\"><\/a>\n\n<a href=\"https:\/\/www.instagram.com\/servicioseducativosuaa\/\"><img decoding=\"async\" src=\"https:\/\/www.uaa.mx\/portal\/wp-content\/uploads\/2023\/08\/Instagram.png\" alt=\"\" width=\"8%\"><\/a>\n\n<br>\n<br>\n<\/center>\n\n\n\n<div style=\"height:133px\" aria-hidden=\"true\" class=\"wp-block-spacer\"><\/div>\n\n\n\n<p><\/p>\n\n\n\n<h2 class=\"wp-block-heading has-text-align-center\">REDES SOCIALES UAA<\/h2>\n\n\n\n<center>\n<a href=\"https:\/\/www.facebook.com\/uaa.mx\/?ref=br_rs\"> <img decoding=\"async\" src=\"https:\/\/www.uaa.mx\/portal\/wp-content\/uploads\/2023\/08\/Facebook.png\" alt=\"Facebook UAA\"> <\/a> \n   <a href=\"https:\/\/instagram.com\/uaa_mx?igshid=MzRlODBiNWFlZA==\"> <img decoding=\"async\" src=\"https:\/\/www.uaa.mx\/portal\/wp-content\/uploads\/2023\/08\/Instagram.png\" alt=\"Instagram UAA\"> <\/a> \n   <a href=\"https:\/\/www.youtube.com\/@UAAmx1\"> <img decoding=\"async\" src=\"https:\/\/www.uaa.mx\/portal\/wp-content\/uploads\/2023\/08\/YouTube.png\" alt=\"YouTube UAA\"> <\/a> \n   <a href=\"https:\/\/twitter.com\/uaa_mx\"> <img decoding=\"async\" src=\"https:\/\/www.uaa.mx\/portal\/wp-content\/uploads\/2023\/08\/X.png\" alt=\"X UAA\"> <\/a> \n   <a href=\"https:\/\/www.linkedin.com\/school\/uaamx\/\"> <img decoding=\"async\" src=\"https:\/\/www.uaa.mx\/portal\/wp-content\/uploads\/2023\/08\/LinkedIn.png\" alt=\"Linkedin UAA\"> <\/a> \n   <a href=\"https:\/\/g.page\/r\/CdstxDdmJKCJEAE\"> <img decoding=\"async\" src=\"https:\/\/www.uaa.mx\/portal\/wp-content\/uploads\/2023\/08\/Google-Maps.png\" alt=\"Google Maps UAA\"> <\/a> \n   <a href=\"https:\/\/www.tiktok.com\/@uaa_mx?_t=8evCnXOezJO&amp;_r=1\"> <img decoding=\"async\" src=\"https:\/\/www.uaa.mx\/portal\/wp-content\/uploads\/2023\/08\/TikTok.png\" alt=\"TikTok UAA\"> <\/a> \n   <a href=\"https:\/\/www.threads.net\/@uaa_mx?igshid=NTc4MTIwNjQ2YQ==\"> <img decoding=\"async\" src=\"https:\/\/www.uaa.mx\/portal\/wp-content\/uploads\/2023\/08\/Threads.png\" alt=\"Threads UAA\"> <\/a>\n<br>\n<br>\n<\/center>\n\n\n\n<p><\/p>\n","protected":false},"excerpt":{"rendered":"<p>T\u00fa que est\u00e1s interesado en construir un plan de vida profesional y realizar la mejor elecci\u00f3n de carrera, la UAA te brinda este espacio de orientaci\u00f3n profesiogr\u00e1fica. Aqu\u00ed te compartiremos herramientas e informaci\u00f3n que te ayudar\u00e1n a descubrir tu vocaci\u00f3n y seleccionar el programa educativo m\u00e1s adecuado para alcanzar tus [&hellip;]<\/p>\n","protected":false},"author":4,"featured_media":0,"parent":0,"menu_order":0,"comment_status":"closed","ping_status":"closed","template":"","meta":{"footnotes":""},"class_list":["post-443","page","type-page","status-publish","hentry"],"yoast_head":"<!-- This site is optimized with the Yoast SEO plugin v25.4 - https:\/\/yoast.com\/wordpress\/plugins\/seo\/ -->\n<title>Inicio - Descubre tu carrera<\/title>\n<meta name=\"robots\" content=\"index, follow, max-snippet:-1, max-image-preview:large, max-video-preview:-1\" \/>\n<link rel=\"canonical\" href=\"https:\/\/www.uaa.mx\/descubretucarrera\/\" \/>\n<meta property=\"og:locale\" content=\"es_ES\" \/>\n<meta property=\"og:type\" content=\"article\" \/>\n<meta property=\"og:title\" content=\"Inicio - Descubre tu carrera\" \/>\n<meta property=\"og:description\" content=\"T\u00fa que est\u00e1s interesado en construir un plan de vida profesional y realizar la mejor elecci\u00f3n de carrera, la UAA te brinda este espacio de orientaci\u00f3n profesiogr\u00e1fica. Aqu\u00ed te compartiremos herramientas e informaci\u00f3n que te ayudar\u00e1n a descubrir tu vocaci\u00f3n y seleccionar el programa educativo m\u00e1s adecuado para alcanzar tus [&hellip;]\" \/>\n<meta property=\"og:url\" content=\"https:\/\/www.uaa.mx\/descubretucarrera\/\" \/>\n<meta property=\"og:site_name\" content=\"Descubre tu carrera\" \/>\n<meta property=\"article:publisher\" content=\"https:\/\/www.facebook.com\/uaa.mx\/?ref=br_rs\" \/>\n<meta property=\"article:modified_time\" content=\"2026-04-14T20:57:58+00:00\" \/>\n<meta property=\"og:image\" content=\"https:\/\/www.facebook.com\/tr?id=669631034347677&amp;ev=PageView&amp;noscript=1\" \/>\n<meta name=\"twitter:card\" content=\"summary_large_image\" \/>\n<meta name=\"twitter:site\" content=\"@uaa_mx\" \/>\n<meta name=\"twitter:label1\" content=\"Tiempo de lectura\" \/>\n\t<meta name=\"twitter:data1\" content=\"6 minutos\" \/>\n<script type=\"application\/ld+json\" class=\"yoast-schema-graph\">{\"@context\":\"https:\/\/schema.org\",\"@graph\":[{\"@type\":\"WebPage\",\"@id\":\"https:\/\/www.uaa.mx\/descubretucarrera\/\",\"url\":\"https:\/\/www.uaa.mx\/descubretucarrera\/\",\"name\":\"Inicio - Descubre tu carrera\",\"isPartOf\":{\"@id\":\"https:\/\/www.uaa.mx\/descubretucarrera\/#website\"},\"primaryImageOfPage\":{\"@id\":\"https:\/\/www.uaa.mx\/descubretucarrera\/#primaryimage\"},\"image\":{\"@id\":\"https:\/\/www.uaa.mx\/descubretucarrera\/#primaryimage\"},\"thumbnailUrl\":\"https:\/\/www.facebook.com\/tr?id=669631034347677&amp;ev=PageView&amp;noscript=1\",\"datePublished\":\"2021-07-30T19:48:54+00:00\",\"dateModified\":\"2026-04-14T20:57:58+00:00\",\"breadcrumb\":{\"@id\":\"https:\/\/www.uaa.mx\/descubretucarrera\/#breadcrumb\"},\"inLanguage\":\"es\",\"potentialAction\":[{\"@type\":\"ReadAction\",\"target\":[\"https:\/\/www.uaa.mx\/descubretucarrera\/\"]}]},{\"@type\":\"ImageObject\",\"inLanguage\":\"es\",\"@id\":\"https:\/\/www.uaa.mx\/descubretucarrera\/#primaryimage\",\"url\":\"https:\/\/www.facebook.com\/tr?id=669631034347677&amp;ev=PageView&amp;noscript=1\",\"contentUrl\":\"https:\/\/www.facebook.com\/tr?id=669631034347677&amp;ev=PageView&amp;noscript=1\"},{\"@type\":\"BreadcrumbList\",\"@id\":\"https:\/\/www.uaa.mx\/descubretucarrera\/#breadcrumb\",\"itemListElement\":[{\"@type\":\"ListItem\",\"position\":1,\"name\":\"Home\",\"item\":\"https:\/\/www.uaa.mx\/descubretucarrera\/\"},{\"@type\":\"ListItem\",\"position\":2,\"name\":\"Inicio\"}]},{\"@type\":\"WebSite\",\"@id\":\"https:\/\/www.uaa.mx\/descubretucarrera\/#website\",\"url\":\"https:\/\/www.uaa.mx\/descubretucarrera\/\",\"name\":\"Descubre tu carrera\",\"description\":\"Date el tiempo de reflexionar sobre aquellos aspectos que pudieran estar interviniendo en tu elecci\u00f3n y sigue avanzando en tu proceso.\",\"publisher\":{\"@id\":\"https:\/\/www.uaa.mx\/descubretucarrera\/#organization\"},\"potentialAction\":[{\"@type\":\"SearchAction\",\"target\":{\"@type\":\"EntryPoint\",\"urlTemplate\":\"https:\/\/www.uaa.mx\/descubretucarrera\/?s={search_term_string}\"},\"query-input\":{\"@type\":\"PropertyValueSpecification\",\"valueRequired\":true,\"valueName\":\"search_term_string\"}}],\"inLanguage\":\"es\"},{\"@type\":\"Organization\",\"@id\":\"https:\/\/www.uaa.mx\/descubretucarrera\/#organization\",\"name\":\"Universidad Aut\u00f3noma de Aguascalientes\",\"url\":\"https:\/\/www.uaa.mx\/descubretucarrera\/\",\"logo\":{\"@type\":\"ImageObject\",\"inLanguage\":\"es\",\"@id\":\"https:\/\/www.uaa.mx\/descubretucarrera\/#\/schema\/logo\/image\/\",\"url\":\"https:\/\/www.uaa.mx\/descubretucarrera\/wp-content\/uploads\/2019\/01\/Logo-UAA.png\",\"contentUrl\":\"https:\/\/www.uaa.mx\/descubretucarrera\/wp-content\/uploads\/2019\/01\/Logo-UAA.png\",\"width\":318,\"height\":154,\"caption\":\"Universidad Aut\u00f3noma de Aguascalientes\"},\"image\":{\"@id\":\"https:\/\/www.uaa.mx\/descubretucarrera\/#\/schema\/logo\/image\/\"},\"sameAs\":[\"https:\/\/www.facebook.com\/uaa.mx\/?ref=br_rs\",\"https:\/\/x.com\/uaa_mx\"]}]}<\/script>\n<!-- \/ Yoast SEO plugin. -->","yoast_head_json":{"title":"Inicio - Descubre tu carrera","robots":{"index":"index","follow":"follow","max-snippet":"max-snippet:-1","max-image-preview":"max-image-preview:large","max-video-preview":"max-video-preview:-1"},"canonical":"https:\/\/www.uaa.mx\/descubretucarrera\/","og_locale":"es_ES","og_type":"article","og_title":"Inicio - Descubre tu carrera","og_description":"T\u00fa que est\u00e1s interesado en construir un plan de vida profesional y realizar la mejor elecci\u00f3n de carrera, la UAA te brinda este espacio de orientaci\u00f3n profesiogr\u00e1fica. Aqu\u00ed te compartiremos herramientas e informaci\u00f3n que te ayudar\u00e1n a descubrir tu vocaci\u00f3n y seleccionar el programa educativo m\u00e1s adecuado para alcanzar tus [&hellip;]","og_url":"https:\/\/www.uaa.mx\/descubretucarrera\/","og_site_name":"Descubre tu carrera","article_publisher":"https:\/\/www.facebook.com\/uaa.mx\/?ref=br_rs","article_modified_time":"2026-04-14T20:57:58+00:00","og_image":[{"url":"https:\/\/www.facebook.com\/tr?id=669631034347677&amp;ev=PageView&amp;noscript=1","type":"","width":"","height":""}],"twitter_card":"summary_large_image","twitter_site":"@uaa_mx","twitter_misc":{"Tiempo de lectura":"6 minutos"},"schema":{"@context":"https:\/\/schema.org","@graph":[{"@type":"WebPage","@id":"https:\/\/www.uaa.mx\/descubretucarrera\/","url":"https:\/\/www.uaa.mx\/descubretucarrera\/","name":"Inicio - Descubre tu carrera","isPartOf":{"@id":"https:\/\/www.uaa.mx\/descubretucarrera\/#website"},"primaryImageOfPage":{"@id":"https:\/\/www.uaa.mx\/descubretucarrera\/#primaryimage"},"image":{"@id":"https:\/\/www.uaa.mx\/descubretucarrera\/#primaryimage"},"thumbnailUrl":"https:\/\/www.facebook.com\/tr?id=669631034347677&amp;ev=PageView&amp;noscript=1","datePublished":"2021-07-30T19:48:54+00:00","dateModified":"2026-04-14T20:57:58+00:00","breadcrumb":{"@id":"https:\/\/www.uaa.mx\/descubretucarrera\/#breadcrumb"},"inLanguage":"es","potentialAction":[{"@type":"ReadAction","target":["https:\/\/www.uaa.mx\/descubretucarrera\/"]}]},{"@type":"ImageObject","inLanguage":"es","@id":"https:\/\/www.uaa.mx\/descubretucarrera\/#primaryimage","url":"https:\/\/www.facebook.com\/tr?id=669631034347677&amp;ev=PageView&amp;noscript=1","contentUrl":"https:\/\/www.facebook.com\/tr?id=669631034347677&amp;ev=PageView&amp;noscript=1"},{"@type":"BreadcrumbList","@id":"https:\/\/www.uaa.mx\/descubretucarrera\/#breadcrumb","itemListElement":[{"@type":"ListItem","position":1,"name":"Home","item":"https:\/\/www.uaa.mx\/descubretucarrera\/"},{"@type":"ListItem","position":2,"name":"Inicio"}]},{"@type":"WebSite","@id":"https:\/\/www.uaa.mx\/descubretucarrera\/#website","url":"https:\/\/www.uaa.mx\/descubretucarrera\/","name":"Descubre tu carrera","description":"Date el tiempo de reflexionar sobre aquellos aspectos que pudieran estar interviniendo en tu elecci\u00f3n y sigue avanzando en tu proceso.","publisher":{"@id":"https:\/\/www.uaa.mx\/descubretucarrera\/#organization"},"potentialAction":[{"@type":"SearchAction","target":{"@type":"EntryPoint","urlTemplate":"https:\/\/www.uaa.mx\/descubretucarrera\/?s={search_term_string}"},"query-input":{"@type":"PropertyValueSpecification","valueRequired":true,"valueName":"search_term_string"}}],"inLanguage":"es"},{"@type":"Organization","@id":"https:\/\/www.uaa.mx\/descubretucarrera\/#organization","name":"Universidad Aut\u00f3noma de Aguascalientes","url":"https:\/\/www.uaa.mx\/descubretucarrera\/","logo":{"@type":"ImageObject","inLanguage":"es","@id":"https:\/\/www.uaa.mx\/descubretucarrera\/#\/schema\/logo\/image\/","url":"https:\/\/www.uaa.mx\/descubretucarrera\/wp-content\/uploads\/2019\/01\/Logo-UAA.png","contentUrl":"https:\/\/www.uaa.mx\/descubretucarrera\/wp-content\/uploads\/2019\/01\/Logo-UAA.png","width":318,"height":154,"caption":"Universidad Aut\u00f3noma de Aguascalientes"},"image":{"@id":"https:\/\/www.uaa.mx\/descubretucarrera\/#\/schema\/logo\/image\/"},"sameAs":["https:\/\/www.facebook.com\/uaa.mx\/?ref=br_rs","https:\/\/x.com\/uaa_mx"]}]}},"_links":{"self":[{"href":"https:\/\/www.uaa.mx\/descubretucarrera\/wp-json\/wp\/v2\/pages\/443","targetHints":{"allow":["GET"]}}],"collection":[{"href":"https:\/\/www.uaa.mx\/descubretucarrera\/wp-json\/wp\/v2\/pages"}],"about":[{"href":"https:\/\/www.uaa.mx\/descubretucarrera\/wp-json\/wp\/v2\/types\/page"}],"author":[{"embeddable":true,"href":"https:\/\/www.uaa.mx\/descubretucarrera\/wp-json\/wp\/v2\/users\/4"}],"replies":[{"embeddable":true,"href":"https:\/\/www.uaa.mx\/descubretucarrera\/wp-json\/wp\/v2\/comments?post=443"}],"version-history":[{"count":147,"href":"https:\/\/www.uaa.mx\/descubretucarrera\/wp-json\/wp\/v2\/pages\/443\/revisions"}],"predecessor-version":[{"id":5419,"href":"https:\/\/www.uaa.mx\/descubretucarrera\/wp-json\/wp\/v2\/pages\/443\/revisions\/5419"}],"wp:attachment":[{"href":"https:\/\/www.uaa.mx\/descubretucarrera\/wp-json\/wp\/v2\/media?parent=443"}],"curies":[{"name":"wp","href":"https:\/\/api.w.org\/{rel}","templated":true}]}}