{"id":71,"date":"2019-02-26T18:54:10","date_gmt":"2019-02-26T18:54:10","guid":{"rendered":"https:\/\/www.uaa.mx\/dgdv\/?page_id=71"},"modified":"2024-02-08T15:10:59","modified_gmt":"2024-02-08T15:10:59","slug":"departamento-de-difusion-cultural","status":"publish","type":"page","link":"https:\/\/www.uaa.mx\/dgdv\/index.php\/departamento-de-difusion-cultural\/","title":{"rendered":"Departamento de Difusi\u00f3n Cultural"},"content":{"rendered":"\n\n<div class=\"wp-block-image\">\n<figure class=\"aligncenter is-resized\"><a href=\"https:\/\/www.uaa.mx\/portal\/eventos\/\" target=\"_blank\" rel=\"noreferrer noopener\"><img loading=\"lazy\" decoding=\"async\" src=\"https:\/\/www.uaa.mx\/dgdv\/wp-content\/uploads\/2019\/03\/EVENTOS.png\" alt=\"\" class=\"wp-image-86\" width=\"170\" height=\"28\"\/><\/a><\/figure>\n<\/div>\n\n\n<p>El Departamento de Difusi\u00f3n Cultural tiene como objetivo principal contribuir al enriquecimiento de la formaci\u00f3n integral, la sensibilidad y el talento individual de todos los alumnos a trav\u00e9s del acercamiento a los temas culturales. Para ello se promueven actividades art\u00edsticas en distintos espacios universitarios, tales como conciertos, exposiciones, presentaciones de teatro, funciones de cine y conferencias.<\/p>\n\n\n\n<p>Tambi\u00e9n se convoca a los estudiantes a festivales, cursos, talleres y concursos en los que ellos pueden participar y en su momento,  representar a la Universidad en distintos escenarios culturales. Las principales opciones que ofrece son:<\/p>\n\n\n\n<figure class=\"wp-block-image\"><img loading=\"lazy\" decoding=\"async\" width=\"1024\" height=\"56\" src=\"https:\/\/www.uaa.mx\/dgdv\/wp-content\/uploads\/2019\/03\/galeria-1024x56.png\" alt=\"\" class=\"wp-image-100\" srcset=\"https:\/\/www.uaa.mx\/dgdv\/wp-content\/uploads\/2019\/03\/galeria-1024x56.png 1024w, https:\/\/www.uaa.mx\/dgdv\/wp-content\/uploads\/2019\/03\/galeria-300x16.png 300w, https:\/\/www.uaa.mx\/dgdv\/wp-content\/uploads\/2019\/03\/galeria-768x42.png 768w, https:\/\/www.uaa.mx\/dgdv\/wp-content\/uploads\/2019\/03\/galeria.png 1565w\" sizes=\"auto, (max-width: 1024px) 100vw, 1024px\" \/><\/figure>\n\n\n\n<p>Proyecto enfocado a las artes pl\u00e1sticas en general. En diferentes espacios para exposiciones, como en las galer\u00edas exteriores del Campus Universitario, reconocidos artistas dan a conocer sus obras de escultura, pintura, gr\u00e1fica, arte objeto, fotograf\u00eda, entre otros. Asimismo, la UAA convoca a la Bienal de Artes Pl\u00e1sticas \u201cDr. Alfonso P\u00e9rez Romo\u201d tanto a artistas locales como nacionales. Se cuenta tambi\u00e9n con salas de exposiciones temporales en el Museo Nacional de la Muerte.<\/p>\n\n\n\n<figure class=\"wp-block-image\"><img loading=\"lazy\" decoding=\"async\" width=\"1024\" height=\"56\" src=\"https:\/\/www.uaa.mx\/dgdv\/wp-content\/uploads\/2019\/03\/cinema-1024x56.png\" alt=\"\" class=\"wp-image-88\" srcset=\"https:\/\/www.uaa.mx\/dgdv\/wp-content\/uploads\/2019\/03\/cinema-1024x56.png 1024w, https:\/\/www.uaa.mx\/dgdv\/wp-content\/uploads\/2019\/03\/cinema-300x16.png 300w, https:\/\/www.uaa.mx\/dgdv\/wp-content\/uploads\/2019\/03\/cinema-768x42.png 768w, https:\/\/www.uaa.mx\/dgdv\/wp-content\/uploads\/2019\/03\/cinema.png 1565w\" sizes=\"auto, (max-width: 1024px) 100vw, 1024px\" \/><\/figure>\n\n\n\n<p>Por medio de este proyecto, la Universidad Aut\u00f3noma de Aguascalientes es sede de la Muestra Internacional de Cine y del Foro Internacional de la Cineteca Nacional, as\u00ed como del Tour de Cine Franc\u00e9s. A partir del a\u00f1o 2015, se alberga tambi\u00e9n a la Gira FICUNAM (Festival Internacional de Cine de la UNAM) y a Ambulante Presenta.<\/p>\n\n\n\n<figure class=\"wp-block-image\"><img loading=\"lazy\" decoding=\"async\" width=\"1024\" height=\"56\" src=\"https:\/\/www.uaa.mx\/dgdv\/wp-content\/uploads\/2019\/03\/cine-1024x56.png\" alt=\"\" class=\"wp-image-89\" srcset=\"https:\/\/www.uaa.mx\/dgdv\/wp-content\/uploads\/2019\/03\/cine-1024x56.png 1024w, https:\/\/www.uaa.mx\/dgdv\/wp-content\/uploads\/2019\/03\/cine-300x16.png 300w, https:\/\/www.uaa.mx\/dgdv\/wp-content\/uploads\/2019\/03\/cine-768x42.png 768w, https:\/\/www.uaa.mx\/dgdv\/wp-content\/uploads\/2019\/03\/cine.png 1566w\" sizes=\"auto, (max-width: 1024px) 100vw, 1024px\" \/><\/figure>\n\n\n\n<p>Proyecciones de cine al aire libre, organizadas en ciclos con tem\u00e1ticas diversas, en donde tienen cabida exitosas pel\u00edculas de cat\u00e1logo provenientes de todos los puntos geogr\u00e1ficos. Se programa un ciclo de Cine Caf\u00e9 en cada semestre, con proyecciones los mi\u00e9rcoles, en diferentes campus universitarios.<\/p>\n\n\n\n<figure class=\"wp-block-image\"><img loading=\"lazy\" decoding=\"async\" width=\"1024\" height=\"56\" src=\"https:\/\/www.uaa.mx\/dgdv\/wp-content\/uploads\/2019\/03\/polifonia-1024x56.png\" alt=\"\" class=\"wp-image-90\" srcset=\"https:\/\/www.uaa.mx\/dgdv\/wp-content\/uploads\/2019\/03\/polifonia-1024x56.png 1024w, https:\/\/www.uaa.mx\/dgdv\/wp-content\/uploads\/2019\/03\/polifonia-300x16.png 300w, https:\/\/www.uaa.mx\/dgdv\/wp-content\/uploads\/2019\/03\/polifonia-768x42.png 768w, https:\/\/www.uaa.mx\/dgdv\/wp-content\/uploads\/2019\/03\/polifonia.png 1565w\" sizes=\"auto, (max-width: 1024px) 100vw, 1024px\" \/><\/figure>\n\n\n\n<p>Programa de conciertos en distintos espacios universitarios,  mediante el cual se difunden g\u00e9neros musicales como cl\u00e1sico, blues, jazz, rock, new age, tradicional, entre otros, con la participaci\u00f3n de m\u00fasicos locales, nacionales e internacionales.<\/p>\n\n\n\n<figure class=\"wp-block-image\"><img loading=\"lazy\" decoding=\"async\" width=\"1024\" height=\"56\" src=\"https:\/\/www.uaa.mx\/dgdv\/wp-content\/uploads\/2019\/03\/farandula-1024x56.png\" alt=\"\" class=\"wp-image-91\" srcset=\"https:\/\/www.uaa.mx\/dgdv\/wp-content\/uploads\/2019\/03\/farandula-1024x56.png 1024w, https:\/\/www.uaa.mx\/dgdv\/wp-content\/uploads\/2019\/03\/farandula-300x16.png 300w, https:\/\/www.uaa.mx\/dgdv\/wp-content\/uploads\/2019\/03\/farandula-768x42.png 768w, https:\/\/www.uaa.mx\/dgdv\/wp-content\/uploads\/2019\/03\/farandula.png 1565w\" sizes=\"auto, (max-width: 1024px) 100vw, 1024px\" \/><\/figure>\n\n\n\n<p>Ofrece presentaciones teatrales con grupos universitarios, puestas en escena propias de la UAA y otras compa\u00f1\u00edas locales, nacionales y extranjeras. Incluye tambi\u00e9n presentaciones de danza en sus diferentes estilos.<\/p>\n\n\n\n<figure class=\"wp-block-image\"><img loading=\"lazy\" decoding=\"async\" width=\"1024\" height=\"56\" src=\"https:\/\/www.uaa.mx\/dgdv\/wp-content\/uploads\/2019\/03\/talentos-1024x56.png\" alt=\"\" class=\"wp-image-92\" srcset=\"https:\/\/www.uaa.mx\/dgdv\/wp-content\/uploads\/2019\/03\/talentos-1024x56.png 1024w, https:\/\/www.uaa.mx\/dgdv\/wp-content\/uploads\/2019\/03\/talentos-300x16.png 300w, https:\/\/www.uaa.mx\/dgdv\/wp-content\/uploads\/2019\/03\/talentos-768x42.png 768w, https:\/\/www.uaa.mx\/dgdv\/wp-content\/uploads\/2019\/03\/talentos.png 1566w\" sizes=\"auto, (max-width: 1024px) 100vw, 1024px\" \/><\/figure>\n\n\n\n<p>Concursos a los que se convoca a todos los estudiantes en \u00e1reas como m\u00fasica, literatura, fotograf\u00eda, baile, canto y m\u00e1s, mediante los cuales se les ofrece un espacio para la expresi\u00f3n y desarrollo de su creatividad, a la vez que se les otorgan atractivos premios.<\/p>\n\n\n\n<figure class=\"wp-block-image\"><img loading=\"lazy\" decoding=\"async\" width=\"1024\" height=\"56\" src=\"https:\/\/www.uaa.mx\/dgdv\/wp-content\/uploads\/2019\/03\/conmemorando-1024x56.png\" alt=\"\" class=\"wp-image-93\" srcset=\"https:\/\/www.uaa.mx\/dgdv\/wp-content\/uploads\/2019\/03\/conmemorando-1024x56.png 1024w, https:\/\/www.uaa.mx\/dgdv\/wp-content\/uploads\/2019\/03\/conmemorando-300x16.png 300w, https:\/\/www.uaa.mx\/dgdv\/wp-content\/uploads\/2019\/03\/conmemorando-768x42.png 768w, https:\/\/www.uaa.mx\/dgdv\/wp-content\/uploads\/2019\/03\/conmemorando.png 1565w\" sizes=\"auto, (max-width: 1024px) 100vw, 1024px\" \/><\/figure>\n\n\n\n<p>Festival orientado al rescate de las tradiciones mexicanas con eventos entre los que destacan obras de teatro, conciertos, exposiciones, concursos de altares, conferencias y presentaciones editoriales.<\/p>\n\n\n\n<figure class=\"wp-block-image\"><img loading=\"lazy\" decoding=\"async\" width=\"1024\" height=\"56\" src=\"https:\/\/www.uaa.mx\/dgdv\/wp-content\/uploads\/2019\/03\/museo-1024x56.png\" alt=\"\" class=\"wp-image-94\" srcset=\"https:\/\/www.uaa.mx\/dgdv\/wp-content\/uploads\/2019\/03\/museo-1024x56.png 1024w, https:\/\/www.uaa.mx\/dgdv\/wp-content\/uploads\/2019\/03\/museo-300x16.png 300w, https:\/\/www.uaa.mx\/dgdv\/wp-content\/uploads\/2019\/03\/museo-768x42.png 768w, https:\/\/www.uaa.mx\/dgdv\/wp-content\/uploads\/2019\/03\/museo.png 1565w\" sizes=\"auto, (max-width: 1024px) 100vw, 1024px\" \/><\/figure>\n\n\n\n<p>Posee un acervo de m\u00e1s de dos mil piezas en relaci\u00f3n a la iconograf\u00eda de la muerte, sus manifestaciones en la cultura mexicana y el arte funerario en el desarrollo hist\u00f3rico de M\u00e9xico. La colecci\u00f3n de este Museo est\u00e1 integrada por la donaci\u00f3n que hizo el  desaparecido artista pl\u00e1stico Octavio Bajonero Gil y el comodato de parte de la colecci\u00f3n personal de Daniel Mercurio L\u00f3pez Casillas. Se ubica en el Centro Hist\u00f3rico de la ciudad de Aguascalientes y est\u00e1 distribuido en tres recintos del patrimonio universitario: Edificio \u201c19 de Junio\u201d, Edificio \u201cC.P. Humberto Mart\u00ednez Le\u00f3n\u201d y Edificio \u201cJ. Jes\u00fas G\u00f3mez Portugal\u201d, construcciones colindantes que resguardan diez espacios de exhibici\u00f3n. Horario: de martes a domingo de 10:00 a 18:00 horas. Entrada libre los mi\u00e9rcoles.<\/p>\n\n\n\n<p><a href=\"https:\/\/museonacionaldelamuerte.uaa.mx\/\">https:\/\/museonacionaldelamuerte.uaa.mx\/<\/a><\/p>\n\n\n\n<figure class=\"wp-block-image size-large\"><img loading=\"lazy\" decoding=\"async\" width=\"1024\" height=\"56\" src=\"https:\/\/www.uaa.mx\/dgdv\/wp-content\/uploads\/2020\/04\/Grupos-arti\u0301sticos.png\" alt=\"\" class=\"wp-image-115\" srcset=\"https:\/\/www.uaa.mx\/dgdv\/wp-content\/uploads\/2020\/04\/Grupos-arti\u0301sticos.png 1024w, https:\/\/www.uaa.mx\/dgdv\/wp-content\/uploads\/2020\/04\/Grupos-arti\u0301sticos-300x16.png 300w, https:\/\/www.uaa.mx\/dgdv\/wp-content\/uploads\/2020\/04\/Grupos-arti\u0301sticos-768x42.png 768w\" sizes=\"auto, (max-width: 1024px) 100vw, 1024px\" \/><\/figure>\n\n\n\n<p>Mediante los grupos art\u00edsticos universitarios y  el Ballet Folcl\u00f3rico, se abren foros para que los alumnos desarrollen sus habilidades en las \u00e1reas de la danza, el canto y la m\u00fasica. De igual manera, se ofrecen cursos de coros, bailes de sal\u00f3n y teatro con cr\u00e9ditos de formaci\u00f3n humanista.<\/p>\n\n\n\n<center>\n<a href=\"https:\/\/www.facebook.com\/culturauaa\/\" rel=\"noopener noreferrer\"><img decoding=\"async\" src=\"https:\/\/www.uaa.mx\/dgdv\/wp-content\/uploads\/2024\/02\/Difusio\u0301n-cultural.png\" width=\"30%\" style=\"margin:8px\" border=\"0\">  <\/a>\n\n<a href=\"https:\/\/www.facebook.com\/munalmueruaa\/\" rel=\"noopener noreferrer\"><img decoding=\"async\" src=\"https:\/\/www.uaa.mx\/dgdv\/wp-content\/uploads\/2024\/02\/Museo-Nacional-de-la-Muerte.png\" width=\"30%\" style=\"margin:8px\" border=\"0\">  <\/a>\n<\/center>\n","protected":false},"excerpt":{"rendered":"<p>El Departamento de Difusi\u00f3n Cultural tiene como objetivo principal contribuir al enriquecimiento de la formaci\u00f3n integral, la sensibilidad y el talento individual de todos los alumnos a trav\u00e9s del acercamiento a los temas culturales. Para ello se promueven actividades art\u00edsticas en distintos espacios universitarios, tales como conciertos, exposiciones, presentaciones de [&hellip;]<\/p>\n","protected":false},"author":2,"featured_media":0,"parent":0,"menu_order":0,"comment_status":"closed","ping_status":"closed","template":"","meta":{"footnotes":""},"class_list":["post-71","page","type-page","status-publish","hentry"],"_links":{"self":[{"href":"https:\/\/www.uaa.mx\/dgdv\/index.php\/wp-json\/wp\/v2\/pages\/71","targetHints":{"allow":["GET"]}}],"collection":[{"href":"https:\/\/www.uaa.mx\/dgdv\/index.php\/wp-json\/wp\/v2\/pages"}],"about":[{"href":"https:\/\/www.uaa.mx\/dgdv\/index.php\/wp-json\/wp\/v2\/types\/page"}],"author":[{"embeddable":true,"href":"https:\/\/www.uaa.mx\/dgdv\/index.php\/wp-json\/wp\/v2\/users\/2"}],"replies":[{"embeddable":true,"href":"https:\/\/www.uaa.mx\/dgdv\/index.php\/wp-json\/wp\/v2\/comments?post=71"}],"version-history":[{"count":21,"href":"https:\/\/www.uaa.mx\/dgdv\/index.php\/wp-json\/wp\/v2\/pages\/71\/revisions"}],"predecessor-version":[{"id":165,"href":"https:\/\/www.uaa.mx\/dgdv\/index.php\/wp-json\/wp\/v2\/pages\/71\/revisions\/165"}],"wp:attachment":[{"href":"https:\/\/www.uaa.mx\/dgdv\/index.php\/wp-json\/wp\/v2\/media?parent=71"}],"curies":[{"name":"wp","href":"https:\/\/api.w.org\/{rel}","templated":true}]}}