{"id":25,"date":"2019-01-18T16:25:50","date_gmt":"2019-01-18T16:25:50","guid":{"rendered":"https:\/\/www.uaa.mx\/dgf\/compras\/?page_id=25"},"modified":"2026-03-25T14:06:33","modified_gmt":"2026-03-25T14:06:33","slug":"normatividad-y-procedimientos","status":"publish","type":"page","link":"https:\/\/www.uaa.mx\/dgf\/compras\/index.php\/normatividad-y-procedimientos\/","title":{"rendered":"Normatividad"},"content":{"rendered":"\n<div class=\"wp-block-file\"><a id=\"wp-block-file--media-8452ac28-dc3b-42b6-9af2-5eaaf4997dad\" href=\"https:\/\/www.uaa.mx\/dgf\/compras\/wp-content\/uploads\/2026\/03\/programa_anual_de_adquisiciones_arrendamientos_y_servicios_2026._modificado.xlsx\">Programa Anual de Adquisiciones Arrendamientos y Servicios 2026 (Modificado)<\/a><a href=\"https:\/\/www.uaa.mx\/dgf\/compras\/wp-content\/uploads\/2026\/03\/programa_anual_de_adquisiciones_arrendamientos_y_servicios_2026._modificado.xlsx\" class=\"wp-block-file__button wp-element-button\" download aria-describedby=\"wp-block-file--media-8452ac28-dc3b-42b6-9af2-5eaaf4997dad\">Descargar<\/a><\/div>\n\n\n\n<div class=\"wp-block-file\"><a id=\"wp-block-file--media-9ec3bf12-628f-41fa-a224-344fabb106fc\" href=\"https:\/\/www.uaa.mx\/dgf\/compras\/wp-content\/uploads\/2026\/01\/paaas_uaa_2026.xlsx\">Programa Anual de Adquisiciones Arrendamientos y Servicios 2026 <\/a><a href=\"https:\/\/www.uaa.mx\/dgf\/compras\/wp-content\/uploads\/2026\/01\/paaas_uaa_2026.xlsx\" class=\"wp-block-file__button wp-element-button\" download aria-describedby=\"wp-block-file--media-9ec3bf12-628f-41fa-a224-344fabb106fc\">Descargar<\/a><\/div>\n\n\n\n<div class=\"wp-block-file\"><a id=\"wp-block-file--media-2427de66-1d0c-4f87-8f58-aaa393e57a36\" href=\"https:\/\/www.uaa.mx\/dgf\/compras\/wp-content\/uploads\/2019\/02\/2_Constitucion-Politica-de-Ags.pdf\">Constituci\u00f3n Pol\u00edtica del Estado de Aguascalientes<\/a><a href=\"https:\/\/www.uaa.mx\/dgf\/compras\/wp-content\/uploads\/2019\/02\/2_Constitucion-Politica-de-Ags.pdf\" class=\"wp-block-file__button wp-element-button\" download aria-describedby=\"wp-block-file--media-2427de66-1d0c-4f87-8f58-aaa393e57a36\">Descargar<\/a><\/div>\n\n\n\n<div class=\"wp-block-file\"><a id=\"wp-block-file--media-389c10a1-06d9-4c42-bc15-cee968ebe278\" href=\"https:\/\/www.uaa.mx\/dgf\/compras\/wp-content\/uploads\/2025\/05\/LEY-DE-ADQUISICIONES-ARRENDAMIENTOS-Y-SERVICIOS-DEL-SECTOR-PUBLICO-16-04-2025.pdf\">Ley de Adquisiciones, arrendamientos y servicios del Sector P\u00fablico<\/a><a href=\"https:\/\/www.uaa.mx\/dgf\/compras\/wp-content\/uploads\/2019\/02\/3_Ley-de-Adquisiciones-Arrendamientos-y-Servicios.pdf\" class=\"wp-block-file__button wp-element-button\" download aria-describedby=\"wp-block-file--media-389c10a1-06d9-4c42-bc15-cee968ebe278\">Descargar<\/a><\/div>\n\n\n\n<div class=\"wp-block-file\"><a id=\"wp-block-file--media-2c9b4479-5bd0-4aa7-baa1-529a56bbea44\" href=\"https:\/\/www.uaa.mx\/dgf\/compras\/wp-content\/uploads\/2019\/02\/4_Reglamento-de-la-Ley-de-AASSP.pdf\">Reglamento de la Ley de Adquisiciones, arrendamientos y servicios del Sector P\u00fablico<\/a><a href=\"https:\/\/www.uaa.mx\/dgf\/compras\/wp-content\/uploads\/2019\/02\/4_Reglamento-de-la-Ley-de-AASSP.pdf\" class=\"wp-block-file__button wp-element-button\" download aria-describedby=\"wp-block-file--media-2c9b4479-5bd0-4aa7-baa1-529a56bbea44\">Descargar<\/a><\/div>\n\n\n\n<div class=\"wp-block-file\"><a id=\"wp-block-file--media-290ebc75-453f-4530-a6fd-3f98c0218d51\" href=\"https:\/\/www.uaa.mx\/dgf\/compras\/wp-content\/uploads\/2019\/02\/5_EDO-18-3-Ley-de-Adquisiciones-del-Edo-de-Ags-y-sus-Municipios.pdf\">Ley de Adquisiciones, arrendamientos y servicios del Estado de Aguascalientes y sus Municipios<\/a><a href=\"https:\/\/www.uaa.mx\/dgf\/compras\/wp-content\/uploads\/2019\/02\/5_EDO-18-3-Ley-de-Adquisiciones-del-Edo-de-Ags-y-sus-Municipios.pdf\" class=\"wp-block-file__button wp-element-button\" download aria-describedby=\"wp-block-file--media-290ebc75-453f-4530-a6fd-3f98c0218d51\">Descargar<\/a><\/div>\n\n\n\n<div class=\"wp-block-file\"><a id=\"wp-block-file--media-faa28b0e-922e-4ce8-b32a-d59349f79301\" href=\"https:\/\/www.uaa.mx\/dgf\/compras\/wp-content\/uploads\/2019\/02\/6_Estatuto-de-la-Ley-Organica-de-la-UAA.pdf\">Estatuto de la Universidad Aut\u00f3noma de Aguascalientes.<\/a><a href=\"https:\/\/www.uaa.mx\/dgf\/compras\/wp-content\/uploads\/2019\/02\/6_Estatuto-de-la-Ley-Organica-de-la-UAA.pdf\" class=\"wp-block-file__button wp-element-button\" download aria-describedby=\"wp-block-file--media-faa28b0e-922e-4ce8-b32a-d59349f79301\">Descargar<\/a><\/div>\n\n\n\n<div class=\"wp-block-file\"><a id=\"wp-block-file--media-e28dafc8-261a-41ca-bd67-7fe51f5c8c5f\" href=\"https:\/\/www.uaa.mx\/dgf\/compras\/wp-content\/uploads\/2019\/02\/6_Ley-Organica-de-la-UAA.pdf\">Ley Org\u00e1nica de la Universidad Aut\u00f3noma de Aguascalientes.<\/a><a href=\"https:\/\/www.uaa.mx\/dgf\/compras\/wp-content\/uploads\/2019\/02\/6_Ley-Organica-de-la-UAA.pdf\" class=\"wp-block-file__button wp-element-button\" download aria-describedby=\"wp-block-file--media-e28dafc8-261a-41ca-bd67-7fe51f5c8c5f\">Descargar<\/a><\/div>\n\n\n\n<div class=\"wp-block-file\"><a id=\"wp-block-file--media-d654a394-6c94-4793-a0ec-4f1bb788e99f\" href=\"https:\/\/www.uaa.mx\/dgf\/compras\/wp-content\/uploads\/2019\/02\/7_Reglamento-de-Control-Patrimonial-de-la-UAA.pdf\">Reglamento de Control Patrimonial de la Universidad Aut\u00f3noma de Aguascalientes.<\/a><a href=\"https:\/\/www.uaa.mx\/dgf\/compras\/wp-content\/uploads\/2019\/02\/7_Reglamento-de-Control-Patrimonial-de-la-UAA.pdf\" class=\"wp-block-file__button wp-element-button\" download aria-describedby=\"wp-block-file--media-d654a394-6c94-4793-a0ec-4f1bb788e99f\">Descargar<\/a><\/div>\n\n\n\n<div class=\"wp-block-file\"><a id=\"wp-block-file--media-e1bedae1-c058-4395-831a-4d4f28a48193\" href=\"https:\/\/www.uaa.mx\/dgf\/compras\/wp-content\/uploads\/2023\/01\/Manual-unico-de-Adquisiciones-UAA.pdf\">Manual \u00danico de Adquisiciones, Arrendamientos y Servicios de la Universidad Aut\u00f3noma de Aguascalientes.<\/a><a href=\"https:\/\/www.uaa.mx\/dgf\/compras\/wp-content\/uploads\/2023\/01\/Manual-unico-de-Adquisiciones-UAA.pdf\" class=\"wp-block-file__button wp-element-button\" download aria-describedby=\"wp-block-file--media-e1bedae1-c058-4395-831a-4d4f28a48193\">Descarga<\/a><\/div>\n\n\n<div class=\"wp-block-file\"><a id=\"wp-block-file--media-e1bedae1-c058-4395-831a-4d4f28a48193\" href=\"https:\/\/www.uaa.mx\/dgf\/compras\/wp-content\/uploads\/2025\/03\/DI-PL-NO-34-Codigo-de-Etica-de-la-UAA.pdf\">C\u00f3digo de \u00c9tica de la Universidad Aut\u00f3noma de Aguascalientes <\/a><a href=\"https:\/\/www.uaa.mx\/dgf\/compras\/wp-content\/uploads\/2025\/03\/DI-PL-NO-34-Codigo-de-Etica-de-la-UAA.pdf\" class=\"wp-block-file__button wp-element-button\" download=\"\" aria-describedby=\"wp-block-file--media-e1bedae1-c058-4395-831a-4d4f28a48193\">Descarga<\/a><\/div>\n<div class=\"wp-block-file\"><a id=\"wp-block-file--media-e1bedae1-c058-4395-831a-4d4f28a48193\" href=\"https:\/\/www.uaa.mx\/dgf\/compras\/wp-content\/uploads\/2025\/03\/DI-PL-NO-139-Codigo-de-Conducta-de-la-UAA.pdf\">C\u00f3digo de Conducta de la Universidad Aut\u00f3noma de Aguascalientes <\/a><a href=\"https:\/\/www.uaa.mx\/dgf\/compras\/wp-content\/uploads\/2025\/03\/DI-PL-NO-139-Codigo-de-Conducta-de-la-UAA.pdf\" class=\"wp-block-file__button wp-element-button\" download=\"\" aria-describedby=\"wp-block-file--media-e1bedae1-c058-4395-831a-4d4f28a48193\">Descarga<\/a><\/div>\n\n\n<p><\/p>\n\n\n\n<p style=\"font-size:15px\"><a href=\"https:\/\/www.uaa.mx\/informacionpublica\/\">Transparencia y rendici\u00f3n de cuentas.<\/a><\/p>\n\n\n\n<div class=\"wp-block-file hidden\"><a id=\"wp-block-file--media-ee7b0088-479a-4d76-9749-d25afb8f693e\" href=\"https:\/\/www.uaa.mx\/dgf\/compras\/wp-content\/uploads\/2025\/01\/Programa-Anual-de-Adquisiciones-2025.xlsx\">Programa Anual de Adquisiciones Arrendamientos y Servicios 2025<\/a><a href=\"https:\/\/www.uaa.mx\/dgf\/compras\/wp-content\/uploads\/2025\/01\/Programa-Anual-de-Adquisiciones-2025.xlsx\" class=\"wp-block-file__button wp-element-button\" download aria-describedby=\"wp-block-file--media-ee7b0088-479a-4d76-9749-d25afb8f693e\">Descarga<\/a><\/div>\n\n\n\n<div class=\"wp-block-file\"><a id=\"wp-block-file--media-615b6f1c-0b25-42fc-923a-ccf24e90e1e5\" href=\"https:\/\/www.uaa.mx\/dgf\/compras\/wp-content\/uploads\/2019\/12\/AD-CR-IT-01-Manual-de-Operaci\u00f3n-de-Plataforma-Adquisiciones-y-Obra-P\u00fablica.pdf\">Manual de Operaci\u00f3n de Plataforma Adquisiciones y Obra P\u00fablica.<\/a><a href=\"https:\/\/www.uaa.mx\/dgf\/compras\/wp-content\/uploads\/2019\/12\/AD-CR-IT-01-Manual-de-Operaci\u00f3n-de-Plataforma-Adquisiciones-y-Obra-P\u00fablica.pdf\" class=\"wp-block-file__button wp-element-button\" download aria-describedby=\"wp-block-file--media-615b6f1c-0b25-42fc-923a-ccf24e90e1e5\">Descarga<\/a><\/div>\n\n\n\n<div class=\"wp-block-file\"><a id=\"wp-block-file--media-d1cfb5a7-2f5f-4a50-8a3b-2295ab0132de\" href=\"https:\/\/www.uaa.mx\/dgf\/compras\/wp-content\/uploads\/2023\/10\/GI-PS-NO-33-Criterios-para-la-adquisicion-de-bienes-y-contratacion-de-servicios-con-menor.pdf\">Criterios para la adquisici\u00f3n de bienes y contrataci\u00f3n de servicios con menor impacto ambiental de la Universidad Aut\u00f3noma de Aguascalientes.<\/a><a href=\"https:\/\/www.uaa.mx\/dgf\/compras\/wp-content\/uploads\/2023\/10\/GI-PS-NO-33-Criterios-para-la-adquisicion-de-bienes-y-contratacion-de-servicios-con-menor.pdf\" class=\"wp-block-file__button wp-element-button\" download aria-describedby=\"wp-block-file--media-d1cfb5a7-2f5f-4a50-8a3b-2295ab0132de\">Descarga<\/a><\/div>\n\n\n\n<div class=\"wp-block-buttons is-layout-flex wp-block-buttons-is-layout-flex\"><\/div>\n\n\n\n<p><\/p>\n","protected":false},"excerpt":{"rendered":"<p>C\u00f3digo de \u00c9tica de la Universidad Aut\u00f3noma de Aguascalientes Descarga C\u00f3digo de Conducta de la Universidad Aut\u00f3noma de Aguascalientes Descarga Transparencia y rendici\u00f3n de cuentas.<\/p>\n","protected":false},"author":3,"featured_media":0,"parent":0,"menu_order":0,"comment_status":"closed","ping_status":"closed","template":"","meta":{"footnotes":""},"class_list":["post-25","page","type-page","status-publish","hentry"],"_links":{"self":[{"href":"https:\/\/www.uaa.mx\/dgf\/compras\/index.php\/wp-json\/wp\/v2\/pages\/25","targetHints":{"allow":["GET"]}}],"collection":[{"href":"https:\/\/www.uaa.mx\/dgf\/compras\/index.php\/wp-json\/wp\/v2\/pages"}],"about":[{"href":"https:\/\/www.uaa.mx\/dgf\/compras\/index.php\/wp-json\/wp\/v2\/types\/page"}],"author":[{"embeddable":true,"href":"https:\/\/www.uaa.mx\/dgf\/compras\/index.php\/wp-json\/wp\/v2\/users\/3"}],"replies":[{"embeddable":true,"href":"https:\/\/www.uaa.mx\/dgf\/compras\/index.php\/wp-json\/wp\/v2\/comments?post=25"}],"version-history":[{"count":42,"href":"https:\/\/www.uaa.mx\/dgf\/compras\/index.php\/wp-json\/wp\/v2\/pages\/25\/revisions"}],"predecessor-version":[{"id":377,"href":"https:\/\/www.uaa.mx\/dgf\/compras\/index.php\/wp-json\/wp\/v2\/pages\/25\/revisions\/377"}],"wp:attachment":[{"href":"https:\/\/www.uaa.mx\/dgf\/compras\/index.php\/wp-json\/wp\/v2\/media?parent=25"}],"curies":[{"name":"wp","href":"https:\/\/api.w.org\/{rel}","templated":true}]}}