{"id":40,"date":"2019-02-01T18:17:32","date_gmt":"2019-02-01T18:17:32","guid":{"rendered":"https:\/\/www.uaa.mx\/dgf\/compras\/?page_id=40"},"modified":"2026-02-16T19:49:57","modified_gmt":"2026-02-16T19:49:57","slug":"seccion-de-licitaciones","status":"publish","type":"page","link":"https:\/\/www.uaa.mx\/dgf\/compras\/index.php\/seccion-de-licitaciones\/","title":{"rendered":"Secci\u00f3n de Licitaciones"},"content":{"rendered":"<p style=\"text-align: right;\"><strong>Tel\u00e9fono conmutador: 449 910 74 00:<\/strong><\/p>\n<h2><strong>Encargada de Licitaciones<\/strong><\/h2>\n<p><strong>Lic. en Der. Gabriela del Socorro Mu\u00f1oz Vera.<\/strong><br \/>Extensi\u00f3n 32219.<br \/><a href=\"mailto:socorro.munoz@edu.uaa.mx\">socorro.munoz@edu.uaa.mx<\/a><\/p>\n<h2><strong>Asistentes de Licitaciones:<\/strong><\/h2>\n<p><strong>TSU. Berenice Ceballos Guzm\u00e1n.<\/strong><br \/>Extensi\u00f3n 32218.<br \/><a href=\"mailto:berenice.ceballos@edu.uaa.mx\">berenice.ceballos@edu.uaa.mx<\/a><\/p>\n<p><strong>Lic. en Der. Esthela Delgado Ruiz Esparza.<\/strong> <br \/>Extensi\u00f3n 32228. <br \/><a href=\"mailto:esthela.delgado@edu.uaa.mx\">esthela.delgado@edu.uaa.mx<\/a><\/p>\n<p><strong>Lic. Marl\u00e9n Celeste Esquivel Vel\u00e1zquez<\/strong><br \/>Extensi\u00f3n 32217.<br \/><a href=\"mailto:marlen.esquivel@edu.uaa.mx\">marlen.esquivel@edu.uaa.mx<\/a><\/p>\n<p><strong>IC. Arnoldo Rodr\u00edguez Romo.<\/strong> <br \/>Extensi\u00f3n 32216. <br \/><a href=\"mailto:arnoldo.rodriguez@edu.uaa.mx\">arnoldo.rodriguez@edu.uaa.mx<\/a><\/p>\n<p><strong>Ing. V\u00edctor Hugo Lu\u00e9vano Zamarripa.<\/strong><br \/>Extensi\u00f3n 32222.<br \/><a href=\"mailto:victor.luevano@edu.uaa.mx\">victor.luevano@edu.uaa.mx<\/a><\/p>\n\n\n<div class=\"wp-block-file\"><a id=\"wp-block-file--media-5b3b8267-7f45-4d9d-aaa8-d02e2508a3ed\" href=\"https:\/\/www.uaa.mx\/dgf\/compras\/wp-content\/uploads\/2026\/01\/formato_de_licitaciones_ad-cr-fo-09.doc\">Formato: informaci\u00f3n b\u00e1sica requerida para un proceso de licitaci\u00f3n<\/a><a href=\"https:\/\/www.uaa.mx\/dgf\/compras\/wp-content\/uploads\/2026\/01\/formato_de_licitaciones_ad-cr-fo-09.doc\" class=\"wp-block-file__button wp-element-button\" download aria-describedby=\"wp-block-file--media-5b3b8267-7f45-4d9d-aaa8-d02e2508a3ed\">Descarga<\/a><\/div>\n\n\n\n<div class=\"wp-block-file\"><a id=\"wp-block-file--media-786f4791-def7-4240-8dfa-d2a5c959f894\" href=\"https:\/\/www.uaa.mx\/dgf\/compras\/wp-content\/uploads\/2026\/01\/estudio_de_mercado_ad-cr-fo-64.docx\">Estudio de Mercado<\/a><a href=\"https:\/\/www.uaa.mx\/dgf\/compras\/wp-content\/uploads\/2026\/01\/estudio_de_mercado_ad-cr-fo-64.docx\" class=\"wp-block-file__button wp-element-button\" download aria-describedby=\"wp-block-file--media-786f4791-def7-4240-8dfa-d2a5c959f894\">Descarga<\/a><\/div>\n\n\n\n<div style=\"height:20px\" aria-hidden=\"true\" class=\"wp-block-spacer\"><\/div>\n\n\n\n<p><\/p>\n","protected":false},"excerpt":{"rendered":"<p>Tel\u00e9fono conmutador: 449 910 74 00: Encargada de Licitaciones Lic. en Der. Gabriela del Socorro Mu\u00f1oz Vera.Extensi\u00f3n 32219.socorro.munoz@edu.uaa.mx Asistentes de Licitaciones: TSU. Berenice Ceballos Guzm\u00e1n.Extensi\u00f3n 32218.berenice.ceballos@edu.uaa.mx Lic. en Der. Esthela Delgado Ruiz Esparza. Extensi\u00f3n 32228. esthela.delgado@edu.uaa.mx Lic. Marl\u00e9n Celeste Esquivel Vel\u00e1zquezExtensi\u00f3n 32217.marlen.esquivel@edu.uaa.mx IC. Arnoldo Rodr\u00edguez Romo. Extensi\u00f3n 32216. arnoldo.rodriguez@edu.uaa.mx Ing. [&hellip;]<\/p>\n","protected":false},"author":3,"featured_media":0,"parent":0,"menu_order":0,"comment_status":"closed","ping_status":"closed","template":"","meta":{"footnotes":""},"class_list":["post-40","page","type-page","status-publish","hentry"],"_links":{"self":[{"href":"https:\/\/www.uaa.mx\/dgf\/compras\/index.php\/wp-json\/wp\/v2\/pages\/40","targetHints":{"allow":["GET"]}}],"collection":[{"href":"https:\/\/www.uaa.mx\/dgf\/compras\/index.php\/wp-json\/wp\/v2\/pages"}],"about":[{"href":"https:\/\/www.uaa.mx\/dgf\/compras\/index.php\/wp-json\/wp\/v2\/types\/page"}],"author":[{"embeddable":true,"href":"https:\/\/www.uaa.mx\/dgf\/compras\/index.php\/wp-json\/wp\/v2\/users\/3"}],"replies":[{"embeddable":true,"href":"https:\/\/www.uaa.mx\/dgf\/compras\/index.php\/wp-json\/wp\/v2\/comments?post=40"}],"version-history":[{"count":12,"href":"https:\/\/www.uaa.mx\/dgf\/compras\/index.php\/wp-json\/wp\/v2\/pages\/40\/revisions"}],"predecessor-version":[{"id":367,"href":"https:\/\/www.uaa.mx\/dgf\/compras\/index.php\/wp-json\/wp\/v2\/pages\/40\/revisions\/367"}],"wp:attachment":[{"href":"https:\/\/www.uaa.mx\/dgf\/compras\/index.php\/wp-json\/wp\/v2\/media?parent=40"}],"curies":[{"name":"wp","href":"https:\/\/api.w.org\/{rel}","templated":true}]}}