{"id":42,"date":"2019-02-01T18:18:32","date_gmt":"2019-02-01T18:18:32","guid":{"rendered":"https:\/\/www.uaa.mx\/dgf\/compras\/?page_id=42"},"modified":"2024-12-10T16:51:36","modified_gmt":"2024-12-10T16:51:36","slug":"seccion-de-recepcion-de-mercancia","status":"publish","type":"page","link":"https:\/\/www.uaa.mx\/dgf\/compras\/index.php\/seccion-de-recepcion-de-mercancia\/","title":{"rendered":"Secci\u00f3n de Recepci\u00f3n de Mercanc\u00eda"},"content":{"rendered":"<p><strong>LAO. Elsa Margarita M\u00e1rquez Aguilar.<\/strong><br \/>Encargada de Recepci\u00f3n de Mercanc\u00eda.<br \/>Tel\u00e9fono 910-74-00 Ext. 32225.<br \/>Correo electr\u00f3nico: <a href=\"mailto:elsa.marquez@edu.uaa.mx\">elsa.marquez@edu.uaa.mx<\/a>.<\/p>\n<p><strong>C. Ernesto Hern\u00e1ndez Serrano.<\/strong><br \/>Auxiliar de Recepci\u00f3n de Mercanc\u00eda.<br \/>Tel\u00e9fono 910-74-00 Ext. 32226.<br \/>Correo electr\u00f3nico: <a href=\"mailto:ernesto.hernandez@edu.uaa.mx\">ernesto.hernandez@edu.uaa.mx<\/a>.<\/p>\n<p><strong>C. Francisco Javier Mart\u00ednez Zenteno.<\/strong><br \/>Auxiliar de Recepci\u00f3n de Mercanc\u00eda.<br \/>Tel\u00e9fono 910-74-00 Ext. 32226.<br \/>Correo electr\u00f3nico: <a href=\"mailto:francisco.martinezz@edu.uaa.mx\">francisco.martinezz@edu.uaa.mx<\/a>.<\/p>\n<p><strong>C. Jos\u00e9 Dayan Cornejo M\u00e9ndez.<\/strong><br \/>Auxiliar de Recepci\u00f3n de Mercanc\u00eda.<br \/>Tel\u00e9fono 910-74-00 Ext. 32227.<br \/>Correo electr\u00f3nico: <a href=\"mailto:jose.cornejo@edu.uaa.mx\">jose.cornejo@edu.uaa.mx<\/a>.<\/p>\n\n\n<div class=\"wp-block-file\"><a id=\"wp-block-file--media-be34be7c-3291-4059-8506-aeb8a0b90206\" href=\"https:\/\/www.uaa.mx\/dgf\/compras\/wp-content\/uploads\/2019\/02\/Requisitos-para-la-entrega-de-mercancia.pdf\"> <br>Requisitos para entrega de Mercanc\u00eda. <\/a><a href=\"https:\/\/www.uaa.mx\/dgf\/compras\/wp-content\/uploads\/2019\/02\/Requisitos-para-la-entrega-de-mercancia.pdf\" class=\"wp-block-file__button wp-element-button\" download aria-describedby=\"wp-block-file--media-be34be7c-3291-4059-8506-aeb8a0b90206\">Descargar<\/a><\/div>\n\n\n\n<div style=\"height:20px\" aria-hidden=\"true\" class=\"wp-block-spacer\"><\/div>\n","protected":false},"excerpt":{"rendered":"<p>LAO. Elsa Margarita M\u00e1rquez Aguilar.Encargada de Recepci\u00f3n de Mercanc\u00eda.Tel\u00e9fono 910-74-00 Ext. 32225.Correo electr\u00f3nico: elsa.marquez@edu.uaa.mx. C. Ernesto Hern\u00e1ndez Serrano.Auxiliar de Recepci\u00f3n de Mercanc\u00eda.Tel\u00e9fono 910-74-00 Ext. 32226.Correo electr\u00f3nico: ernesto.hernandez@edu.uaa.mx. C. Francisco Javier Mart\u00ednez Zenteno.Auxiliar de Recepci\u00f3n de Mercanc\u00eda.Tel\u00e9fono 910-74-00 Ext. 32226.Correo electr\u00f3nico: francisco.martinezz@edu.uaa.mx. C. Jos\u00e9 Dayan Cornejo M\u00e9ndez.Auxiliar de Recepci\u00f3n de Mercanc\u00eda.Tel\u00e9fono [&hellip;]<\/p>\n","protected":false},"author":3,"featured_media":0,"parent":0,"menu_order":0,"comment_status":"closed","ping_status":"closed","template":"","meta":{"footnotes":""},"class_list":["post-42","page","type-page","status-publish","hentry"],"_links":{"self":[{"href":"https:\/\/www.uaa.mx\/dgf\/compras\/index.php\/wp-json\/wp\/v2\/pages\/42","targetHints":{"allow":["GET"]}}],"collection":[{"href":"https:\/\/www.uaa.mx\/dgf\/compras\/index.php\/wp-json\/wp\/v2\/pages"}],"about":[{"href":"https:\/\/www.uaa.mx\/dgf\/compras\/index.php\/wp-json\/wp\/v2\/types\/page"}],"author":[{"embeddable":true,"href":"https:\/\/www.uaa.mx\/dgf\/compras\/index.php\/wp-json\/wp\/v2\/users\/3"}],"replies":[{"embeddable":true,"href":"https:\/\/www.uaa.mx\/dgf\/compras\/index.php\/wp-json\/wp\/v2\/comments?post=42"}],"version-history":[{"count":9,"href":"https:\/\/www.uaa.mx\/dgf\/compras\/index.php\/wp-json\/wp\/v2\/pages\/42\/revisions"}],"predecessor-version":[{"id":307,"href":"https:\/\/www.uaa.mx\/dgf\/compras\/index.php\/wp-json\/wp\/v2\/pages\/42\/revisions\/307"}],"wp:attachment":[{"href":"https:\/\/www.uaa.mx\/dgf\/compras\/index.php\/wp-json\/wp\/v2\/media?parent=42"}],"curies":[{"name":"wp","href":"https:\/\/api.w.org\/{rel}","templated":true}]}}