{"id":44,"date":"2019-02-01T18:23:48","date_gmt":"2019-02-01T18:23:48","guid":{"rendered":"https:\/\/www.uaa.mx\/dgf\/compras\/?page_id=44"},"modified":"2026-02-10T20:34:18","modified_gmt":"2026-02-10T20:34:18","slug":"seccion-de-almacen","status":"publish","type":"page","link":"https:\/\/www.uaa.mx\/dgf\/compras\/index.php\/seccion-de-almacen\/","title":{"rendered":"Secci\u00f3n de Almac\u00e9n General de Consumibles"},"content":{"rendered":"\n<p>LAE. Jessica de Jes\u00fas Nieto Plascencia<br>Encargada del Almac\u00e9n <br>Tel\u00e9fono 910-74-00 Ext. 32224<br>Correo electr\u00f3nico: jessica.nieto@edu.uaa.mx<\/p>\n\n\n\n<div class=\"wp-block-file\"><a id=\"wp-block-file--media-67812ec3-ba61-4101-965d-90d482a8dfdd\" href=\"https:\/\/www.uaa.mx\/dgf\/compras\/wp-content\/uploads\/2020\/10\/Criterios-Ambientales-para-la-Gesti\u00f3n-de-Compras-Verdes-de-la-UAA.pdf\">Criterios-Ambientales-para-la-Gesti\u00f3n-de-Compras-Verdes-de-la-UAA<\/a><a href=\"https:\/\/www.uaa.mx\/dgf\/compras\/wp-content\/uploads\/2020\/10\/Criterios-Ambientales-para-la-Gesti\u00f3n-de-Compras-Verdes-de-la-UAA.pdf\" class=\"wp-block-file__button wp-element-button\" download aria-describedby=\"wp-block-file--media-67812ec3-ba61-4101-965d-90d482a8dfdd\">Descarga<\/a><\/div>\n\n\n<p style=\"text-align: justify;\">Como Instituci\u00f3n comprometida con el cumplimiento de aspectos ambientales y sociales mediante acciones concretas, el Departamento de Compras de la Direcci\u00f3n General de Finanzas hace de su conocimiento el<strong> \u201c<em><a aria-label=\" (se abre en una nueva pesta\u00f1a)\" href=\"https:\/\/www.uaa.mx\/dgf\/compras\/wp-content\/uploads\/2020\/10\/Criterios-Ambientales-para-la-Gesti\u00f3n-de-Compras-Verdes-de-la-UAA.pdf\" target=\"_blank\" rel=\"noreferrer noopener\">Documento de Criterios Ambientales para la Gesti\u00f3n de Compras Verdes en la UAA<\/a>\u201d<\/em>\u00a0<\/strong>emitido por el Sistema de Gesti\u00f3n Ambiental de la Direcci\u00f3n General de Infraestructura Universitaria.<\/p>\n<p style=\"text-align: justify;\">Los invitamos a colaborar con ellos:<\/p>\n<ul>\n<li style=\"text-align: justify;\">Disminuyendo el consumo de productos no sustentables (papel bond, pl\u00e1stico, desechables, pilas no recargables, etc.,).<\/li>\n<li style=\"text-align: justify;\">Solicitando bienes y productos con procesos productivos responsables y respetuosos con el medio ambiente (con porcentaje de material reciclado, biodegradables, que contribuyan al ahorro de energ\u00eda y\/o que cumplan con certificaciones medioambientales).<\/li>\n<li style=\"text-align: justify;\">Consumiendo menos y reutilizando m\u00e1s.<\/li>\n<\/ul>\n\n\n<div style=\"height:50px\" aria-hidden=\"true\" class=\"wp-block-spacer\"><\/div>\n\n\n\n<div data-wp-interactive=\"core\/file\" class=\"wp-block-file\"><object data-wp-bind--hidden=\"!state.hasPdfPreview\" hidden class=\"wp-block-file__embed\" data=\"https:\/\/www.uaa.mx\/dgf\/compras\/wp-content\/uploads\/2026\/02\/Catalogo-del-Almacen-General-de-Consumibles-2026-1-comprimido.pdf\" type=\"application\/pdf\" style=\"width:100%;height:600px\" aria-label=\"Incrustado de Cat\u00e1logo del Almacen General de Consumibles 2026.\"><\/object><a id=\"wp-block-file--media-9f6bbb6e-393e-46e2-b584-a5d64ebecaf5\" href=\"https:\/\/www.uaa.mx\/dgf\/compras\/wp-content\/uploads\/2026\/02\/Catalogo-del-Almacen-General-de-Consumibles-2026-1-comprimido.pdf\">Cat\u00e1logo del Almacen General de Consumibles 2026<\/a><a href=\"https:\/\/www.uaa.mx\/dgf\/compras\/wp-content\/uploads\/2026\/02\/Catalogo-del-Almacen-General-de-Consumibles-2026-1-comprimido.pdf\" class=\"wp-block-file__button wp-element-button\" download aria-describedby=\"wp-block-file--media-9f6bbb6e-393e-46e2-b584-a5d64ebecaf5\">Descarga<\/a><\/div>\n\n\n\n<div style=\"height:50px\" aria-hidden=\"true\" class=\"wp-block-spacer\"><\/div>\n\n\n\n<figure class=\"wp-block-video\"><video autoplay controls src=\"https:\/\/www.uaa.mx\/dgf\/compras\/video\/VIDEO_PROCESO_CONSUMIBLES.mp4\"><\/video><figcaption class=\"wp-element-caption\"> <br>Solicitudes de almac\u00e9n <\/figcaption><\/figure>\n","protected":false},"excerpt":{"rendered":"<p>LAE. Jessica de Jes\u00fas Nieto PlascenciaEncargada del Almac\u00e9n Tel\u00e9fono 910-74-00 Ext. 32224Correo electr\u00f3nico: jessica.nieto@edu.uaa.mx Como Instituci\u00f3n comprometida con el cumplimiento de aspectos ambientales y sociales mediante acciones concretas, el Departamento de Compras de la Direcci\u00f3n General de Finanzas hace de su conocimiento el \u201cDocumento de Criterios Ambientales para la Gesti\u00f3n [&hellip;]<\/p>\n","protected":false},"author":3,"featured_media":0,"parent":0,"menu_order":0,"comment_status":"closed","ping_status":"closed","template":"","meta":{"footnotes":""},"class_list":["post-44","page","type-page","status-publish","hentry"],"_links":{"self":[{"href":"https:\/\/www.uaa.mx\/dgf\/compras\/index.php\/wp-json\/wp\/v2\/pages\/44","targetHints":{"allow":["GET"]}}],"collection":[{"href":"https:\/\/www.uaa.mx\/dgf\/compras\/index.php\/wp-json\/wp\/v2\/pages"}],"about":[{"href":"https:\/\/www.uaa.mx\/dgf\/compras\/index.php\/wp-json\/wp\/v2\/types\/page"}],"author":[{"embeddable":true,"href":"https:\/\/www.uaa.mx\/dgf\/compras\/index.php\/wp-json\/wp\/v2\/users\/3"}],"replies":[{"embeddable":true,"href":"https:\/\/www.uaa.mx\/dgf\/compras\/index.php\/wp-json\/wp\/v2\/comments?post=44"}],"version-history":[{"count":18,"href":"https:\/\/www.uaa.mx\/dgf\/compras\/index.php\/wp-json\/wp\/v2\/pages\/44\/revisions"}],"predecessor-version":[{"id":361,"href":"https:\/\/www.uaa.mx\/dgf\/compras\/index.php\/wp-json\/wp\/v2\/pages\/44\/revisions\/361"}],"wp:attachment":[{"href":"https:\/\/www.uaa.mx\/dgf\/compras\/index.php\/wp-json\/wp\/v2\/media?parent=44"}],"curies":[{"name":"wp","href":"https:\/\/api.w.org\/{rel}","templated":true}]}}