{"id":46,"date":"2019-02-01T18:24:41","date_gmt":"2019-02-01T18:24:41","guid":{"rendered":"https:\/\/www.uaa.mx\/dgf\/compras\/?page_id=46"},"modified":"2024-12-10T16:08:39","modified_gmt":"2024-12-10T16:08:39","slug":"padron-de-proveedores","status":"publish","type":"page","link":"https:\/\/www.uaa.mx\/dgf\/compras\/index.php\/padron-de-proveedores\/","title":{"rendered":"Padr\u00f3n de Proveedores"},"content":{"rendered":"<p style=\"text-align: justify;\">Las empresas personas f\u00edsicas con actividad empresarial y personas morales legalmente constituidas, que deseen pertenecer al <strong>Padr\u00f3n de Proveedores y contratistas de la Universidad,<\/strong> para vender\/suministrar bienes y servicios, podr\u00e1n realizar su registro electr\u00f3nico a trav\u00e9s de la <strong>Plataforma de Adquisiciones y Obra P\u00fablica <\/strong>de la Universidad Aut\u00f3noma de Aguascalientes.<\/p>\n<p style=\"text-align: justify;\">El registro es gratuito y tiene una <strong>vigencia de un a\u00f1o fiscal<\/strong> por lo que, se deber\u00e1 <strong>refrendar<\/strong> preferentemente en los primeros tres meses de cada a\u00f1o para continuar como <strong>proveedor vigente<\/strong>.<\/p>\n<p>El acceso para el <strong>registro <\/strong>o <strong>refrendo anual<\/strong> es el siguiente:<br><a href=\"https:\/\/adquisicionesyobrapublica.uaa.mx\/\"><strong>https:\/\/adquisicionesyobrapublica.uaa.mx\/<\/strong><\/a><\/p>\n<p style=\"text-align: justify;\">Tambi\u00e9n encontrar\u00e1n la <strong>Consulta al Padr\u00f3n de Proveedores<\/strong> y el <strong>Manual de Operaci\u00f3n para la Plataforma de Adquisiciones y Obra P\u00fablica<\/strong>.<\/p>\n<p style=\"text-align: justify;\">Es importante encontrarse <strong>vigente<\/strong> en la Plataforma para poder participar en los procedimientos de <strong>contrataci\u00f3n<\/strong> del <strong>Departamento de Compras<\/strong> de la Direcci\u00f3n General de Finanzas y de las <strong>diferentes \u00e1reas de la Instituci\u00f3n<\/strong>.<\/p>\n\n\n<div style=\"height:20px\" aria-hidden=\"true\" class=\"wp-block-spacer\"><\/div>\n","protected":false},"excerpt":{"rendered":"<p>Las empresas personas f\u00edsicas con actividad empresarial y personas morales legalmente constituidas, que deseen pertenecer al Padr\u00f3n de Proveedores y contratistas de la Universidad, para vender\/suministrar bienes y servicios, podr\u00e1n realizar su registro electr\u00f3nico a trav\u00e9s de la Plataforma de Adquisiciones y Obra P\u00fablica de la Universidad Aut\u00f3noma de Aguascalientes. [&hellip;]<\/p>\n","protected":false},"author":3,"featured_media":0,"parent":0,"menu_order":0,"comment_status":"closed","ping_status":"closed","template":"","meta":{"footnotes":""},"class_list":["post-46","page","type-page","status-publish","hentry"],"_links":{"self":[{"href":"https:\/\/www.uaa.mx\/dgf\/compras\/index.php\/wp-json\/wp\/v2\/pages\/46","targetHints":{"allow":["GET"]}}],"collection":[{"href":"https:\/\/www.uaa.mx\/dgf\/compras\/index.php\/wp-json\/wp\/v2\/pages"}],"about":[{"href":"https:\/\/www.uaa.mx\/dgf\/compras\/index.php\/wp-json\/wp\/v2\/types\/page"}],"author":[{"embeddable":true,"href":"https:\/\/www.uaa.mx\/dgf\/compras\/index.php\/wp-json\/wp\/v2\/users\/3"}],"replies":[{"embeddable":true,"href":"https:\/\/www.uaa.mx\/dgf\/compras\/index.php\/wp-json\/wp\/v2\/comments?post=46"}],"version-history":[{"count":15,"href":"https:\/\/www.uaa.mx\/dgf\/compras\/index.php\/wp-json\/wp\/v2\/pages\/46\/revisions"}],"predecessor-version":[{"id":299,"href":"https:\/\/www.uaa.mx\/dgf\/compras\/index.php\/wp-json\/wp\/v2\/pages\/46\/revisions\/299"}],"wp:attachment":[{"href":"https:\/\/www.uaa.mx\/dgf\/compras\/index.php\/wp-json\/wp\/v2\/media?parent=46"}],"curies":[{"name":"wp","href":"https:\/\/api.w.org\/{rel}","templated":true}]}}