{"id":55,"date":"2019-02-01T18:35:23","date_gmt":"2019-02-01T18:35:23","guid":{"rendered":"https:\/\/www.uaa.mx\/dgf\/compras\/?page_id=55"},"modified":"2026-02-16T19:52:42","modified_gmt":"2026-02-16T19:52:42","slug":"licitaciones","status":"publish","type":"page","link":"https:\/\/www.uaa.mx\/dgf\/compras\/index.php\/licitaciones\/","title":{"rendered":"Licitaciones"},"content":{"rendered":"\n<p>a. <a href=\"https:\/\/upcp-compranet.buengobierno.gob.mx\/\">Convocatorias para Licitaci\u00f3n P\u00fablica y sus excepciones Federales <\/a><\/p>\n\n\n<div class=\"wp-block-image\">\n<figure class=\"aligncenter size-full is-resized\"><a href=\"https:\/\/upcp-compranet.buengobierno.gob.mx\/\" target=\"_blank\" rel=\"noreferrer noopener\"><img loading=\"lazy\" decoding=\"async\" width=\"242\" height=\"82\" src=\"https:\/\/www.uaa.mx\/dgf\/compras\/wp-content\/uploads\/2026\/02\/comprasM.jpg\" alt=\"\" class=\"wp-image-368\" style=\"width:200px\"\/><\/a><\/figure>\n<\/div>\n\n\n<p><a href=\"https:\/\/compranet.funcionpublica.gob.mx\/web\/login.html\"><\/a>b.    <a href=\"https:\/\/www.uaa.mx\/informacionpublica\/?page_id=771\">Convocatorias para Licitaci\u00f3n P\u00fablica y sus excepciones Estatales e Ingreso Propio.<\/a><\/p>\n","protected":false},"excerpt":{"rendered":"<p>a. Convocatorias para Licitaci\u00f3n P\u00fablica y sus excepciones Federales b. Convocatorias para Licitaci\u00f3n P\u00fablica y sus excepciones Estatales e Ingreso Propio.<\/p>\n","protected":false},"author":3,"featured_media":0,"parent":0,"menu_order":0,"comment_status":"closed","ping_status":"closed","template":"","meta":{"footnotes":""},"class_list":["post-55","page","type-page","status-publish","hentry"],"_links":{"self":[{"href":"https:\/\/www.uaa.mx\/dgf\/compras\/index.php\/wp-json\/wp\/v2\/pages\/55","targetHints":{"allow":["GET"]}}],"collection":[{"href":"https:\/\/www.uaa.mx\/dgf\/compras\/index.php\/wp-json\/wp\/v2\/pages"}],"about":[{"href":"https:\/\/www.uaa.mx\/dgf\/compras\/index.php\/wp-json\/wp\/v2\/types\/page"}],"author":[{"embeddable":true,"href":"https:\/\/www.uaa.mx\/dgf\/compras\/index.php\/wp-json\/wp\/v2\/users\/3"}],"replies":[{"embeddable":true,"href":"https:\/\/www.uaa.mx\/dgf\/compras\/index.php\/wp-json\/wp\/v2\/comments?post=55"}],"version-history":[{"count":4,"href":"https:\/\/www.uaa.mx\/dgf\/compras\/index.php\/wp-json\/wp\/v2\/pages\/55\/revisions"}],"predecessor-version":[{"id":371,"href":"https:\/\/www.uaa.mx\/dgf\/compras\/index.php\/wp-json\/wp\/v2\/pages\/55\/revisions\/371"}],"wp:attachment":[{"href":"https:\/\/www.uaa.mx\/dgf\/compras\/index.php\/wp-json\/wp\/v2\/media?parent=55"}],"curies":[{"name":"wp","href":"https:\/\/api.w.org\/{rel}","templated":true}]}}