{"id":331,"date":"2019-04-15T14:47:08","date_gmt":"2019-04-15T14:47:08","guid":{"rendered":"https:\/\/www.uaa.mx\/dgse\/?page_id=331"},"modified":"2024-03-08T18:50:14","modified_gmt":"2024-03-08T18:50:14","slug":"departamento-de-orientacion-educativa","status":"publish","type":"page","link":"https:\/\/www.uaa.mx\/dgse\/index.php\/departamento-de-orientacion-educativa\/","title":{"rendered":"Departamento de Orientaci\u00f3n Educativa"},"content":{"rendered":"\n<p><\/p>\n\n\n\n<figure class=\"wp-block-image\"><img loading=\"lazy\" decoding=\"async\" width=\"970\" height=\"370\" src=\"https:\/\/www.uaa.mx\/dgse\/wp-content\/uploads\/2019\/04\/orientacion_3.jpg\" alt=\"\" class=\"wp-image-332\" srcset=\"https:\/\/www.uaa.mx\/dgse\/wp-content\/uploads\/2019\/04\/orientacion_3.jpg 970w, https:\/\/www.uaa.mx\/dgse\/wp-content\/uploads\/2019\/04\/orientacion_3-300x114.jpg 300w, https:\/\/www.uaa.mx\/dgse\/wp-content\/uploads\/2019\/04\/orientacion_3-768x293.jpg 768w\" sizes=\"auto, (max-width: 970px) 100vw, 970px\" \/><\/figure>\n\n\n\n<p><\/p>\n\n\n\n<p>La asesor\u00eda psicopedag\u00f3gica es un proceso de ayuda que te brindan los orientadores educativos, a trav\u00e9s del cual conoces aspectos sobre ti mismo, mejoras tus relaciones interpersonales, aprendes comportamientos y estrategias que preparan tu desarrollo personal, acad\u00e9mico y profesional mediante la elaboraci\u00f3n de tu proyecto de vida y la toma de decisiones.<\/p>\n\n\n\n<p>El objetivo del programa es ser gu\u00eda y apoya la formaci\u00f3n integral de los alumnos desde su ingreso a la Universidad hasta el egreso, mediante acciones encaminadas a su desarrollo personal, acad\u00e9mico y profesional, con el prop\u00f3sito de facilitar su integraci\u00f3n al mercado laboral.<\/p>\n\n\n\n<p><a rel=\"noreferrer noopener\" aria-label=\"Orientaci\u00f3n Educativa (abre en una nueva pesta\u00f1a)\" href=\"https:\/\/www.uaa.mx\/portal\/aspirantes\/departamento-de-orientacion-educativa\/\" target=\"_blank\">Orientaci\u00f3n Educativa<\/a> <br><a rel=\"noreferrer noopener\" aria-label=\" (abre en una nueva pesta\u00f1a)\" href=\"https:\/\/www.uaa.mx\/portal\/alumnos\/tutorias\/\" target=\"_blank\">Tutor\u00eda&nbsp; (Licenciatura)<\/a><\/p>\n\n\n\n<p> Lic. en Psic. Karina Guti\u00e9rrez Ju\u00e1rez <br>910-74-37<br>Ext. 36401<br><a href=\"mailto:karina.gutierrez@edu.uaa.mx\">karina.gutierrez@edu.uaa.mx <\/a><\/p>\n\n\n\n<p> \u2013Orientadores <br>910-74-38 <br>Ext. 36413, 36415, 36416<br><a href=\"mailto:karina.gutierrez@edu.uaa.mx\">orientacion.educativa@edu.uaa.mx<\/a><\/p>\n\n\n\n<p> \u2013Tutor\u00edas<br>910-74-00<br>Ext. 36414<\/p>\n\n\n\n<div style=\"height:36px\" aria-hidden=\"true\" class=\"wp-block-spacer\"><\/div>\n\n\n\n<figure class=\"wp-block-image size-large is-resized\"><a href=\"https:\/\/www.uaa.mx\/dgse\/wp-content\/uploads\/2024\/03\/Directorio-Asesoras-PIT.jpg\"><img loading=\"lazy\" decoding=\"async\" src=\"https:\/\/www.uaa.mx\/dgse\/wp-content\/uploads\/2024\/03\/Directorio-Asesoras-PIT-1024x576.jpg\" alt=\"\" class=\"wp-image-415\" width=\"1024\" height=\"576\" srcset=\"https:\/\/www.uaa.mx\/dgse\/wp-content\/uploads\/2024\/03\/Directorio-Asesoras-PIT-1024x576.jpg 1024w, https:\/\/www.uaa.mx\/dgse\/wp-content\/uploads\/2024\/03\/Directorio-Asesoras-PIT-300x169.jpg 300w, https:\/\/www.uaa.mx\/dgse\/wp-content\/uploads\/2024\/03\/Directorio-Asesoras-PIT-768x432.jpg 768w, https:\/\/www.uaa.mx\/dgse\/wp-content\/uploads\/2024\/03\/Directorio-Asesoras-PIT-1536x864.jpg 1536w, https:\/\/www.uaa.mx\/dgse\/wp-content\/uploads\/2024\/03\/Directorio-Asesoras-PIT.jpg 2000w\" sizes=\"auto, (max-width: 1024px) 100vw, 1024px\" \/><\/a><\/figure>\n\n\n\n<div style=\"height:36px\" aria-hidden=\"true\" class=\"wp-block-spacer\"><\/div>\n","protected":false},"excerpt":{"rendered":"<p>La asesor\u00eda psicopedag\u00f3gica es un proceso de ayuda que te brindan los orientadores educativos, a trav\u00e9s del cual conoces aspectos sobre ti mismo, mejoras tus relaciones interpersonales, aprendes comportamientos y estrategias que preparan tu desarrollo personal, acad\u00e9mico y profesional mediante la elaboraci\u00f3n de tu proyecto de vida y la toma [&hellip;]<\/p>\n","protected":false},"author":3,"featured_media":0,"parent":0,"menu_order":0,"comment_status":"closed","ping_status":"closed","template":"","meta":{"footnotes":""},"class_list":["post-331","page","type-page","status-publish","hentry"],"_links":{"self":[{"href":"https:\/\/www.uaa.mx\/dgse\/index.php\/wp-json\/wp\/v2\/pages\/331","targetHints":{"allow":["GET"]}}],"collection":[{"href":"https:\/\/www.uaa.mx\/dgse\/index.php\/wp-json\/wp\/v2\/pages"}],"about":[{"href":"https:\/\/www.uaa.mx\/dgse\/index.php\/wp-json\/wp\/v2\/types\/page"}],"author":[{"embeddable":true,"href":"https:\/\/www.uaa.mx\/dgse\/index.php\/wp-json\/wp\/v2\/users\/3"}],"replies":[{"embeddable":true,"href":"https:\/\/www.uaa.mx\/dgse\/index.php\/wp-json\/wp\/v2\/comments?post=331"}],"version-history":[{"count":6,"href":"https:\/\/www.uaa.mx\/dgse\/index.php\/wp-json\/wp\/v2\/pages\/331\/revisions"}],"predecessor-version":[{"id":422,"href":"https:\/\/www.uaa.mx\/dgse\/index.php\/wp-json\/wp\/v2\/pages\/331\/revisions\/422"}],"wp:attachment":[{"href":"https:\/\/www.uaa.mx\/dgse\/index.php\/wp-json\/wp\/v2\/media?parent=331"}],"curies":[{"name":"wp","href":"https:\/\/api.w.org\/{rel}","templated":true}]}}