{"id":142,"date":"2018-12-19T19:48:42","date_gmt":"2018-12-19T19:48:42","guid":{"rendered":"https:\/\/www.uaa.mx\/direcciones\/dgf\/bienes\/?page_id=142"},"modified":"2019-11-26T21:52:30","modified_gmt":"2019-11-26T21:52:30","slug":"que-se-debe-hacer-si-se-requiere-la-elaboracion-o-modificacion-de-un-bien-mueble","status":"publish","type":"page","link":"https:\/\/www.uaa.mx\/direcciones\/dgf\/bienes\/index.php\/que-se-debe-hacer-si-se-requiere-la-elaboracion-o-modificacion-de-un-bien-mueble\/","title":{"rendered":"\u00bfQu\u00e9 se debe hacer si se requiere la elaboraci\u00f3n o modificaci\u00f3n de un bien mueble?"},"content":{"rendered":"\n<p><\/p>\n\n\n<p style=\"text-align: center;\"><iframe loading=\"lazy\" width=\"560\" height=\"315\" src=\"https:\/\/www.youtube.com\/embed\/RTxFxyuzExs\" frameborder=\"0\" allow=\"accelerometer; autoplay; encrypted-media; gyroscope; picture-in-picture\" allowfullscreen=\"\"><\/iframe><\/p>","protected":false},"excerpt":{"rendered":"","protected":false},"author":3,"featured_media":0,"parent":0,"menu_order":21,"comment_status":"closed","ping_status":"closed","template":"","meta":{"footnotes":""},"class_list":["post-142","page","type-page","status-publish","hentry"],"_links":{"self":[{"href":"https:\/\/www.uaa.mx\/direcciones\/dgf\/bienes\/index.php\/wp-json\/wp\/v2\/pages\/142","targetHints":{"allow":["GET"]}}],"collection":[{"href":"https:\/\/www.uaa.mx\/direcciones\/dgf\/bienes\/index.php\/wp-json\/wp\/v2\/pages"}],"about":[{"href":"https:\/\/www.uaa.mx\/direcciones\/dgf\/bienes\/index.php\/wp-json\/wp\/v2\/types\/page"}],"author":[{"embeddable":true,"href":"https:\/\/www.uaa.mx\/direcciones\/dgf\/bienes\/index.php\/wp-json\/wp\/v2\/users\/3"}],"replies":[{"embeddable":true,"href":"https:\/\/www.uaa.mx\/direcciones\/dgf\/bienes\/index.php\/wp-json\/wp\/v2\/comments?post=142"}],"version-history":[{"count":4,"href":"https:\/\/www.uaa.mx\/direcciones\/dgf\/bienes\/index.php\/wp-json\/wp\/v2\/pages\/142\/revisions"}],"predecessor-version":[{"id":319,"href":"https:\/\/www.uaa.mx\/direcciones\/dgf\/bienes\/index.php\/wp-json\/wp\/v2\/pages\/142\/revisions\/319"}],"wp:attachment":[{"href":"https:\/\/www.uaa.mx\/direcciones\/dgf\/bienes\/index.php\/wp-json\/wp\/v2\/media?parent=142"}],"curies":[{"name":"wp","href":"https:\/\/api.w.org\/{rel}","templated":true}]}}