{"id":39,"date":"2018-11-15T19:59:05","date_gmt":"2018-11-15T19:59:05","guid":{"rendered":"https:\/\/www.uaa.mx\/direcciones\/dgf\/bienes\/?page_id=39"},"modified":"2018-11-26T20:02:16","modified_gmt":"2018-11-26T20:02:16","slug":"areas","status":"publish","type":"page","link":"https:\/\/www.uaa.mx\/direcciones\/dgf\/bienes\/index.php\/areas\/","title":{"rendered":"\u00c1REAS"},"content":{"rendered":"<table width=\"560\">\n<tbody>\n<tr>\n<td colspan=\"2\" width=\"197\"><strong>SECCI\u00d3N DE INVENTARIOS<\/strong><\/td>\n<td width=\"363\"><\/td>\n<\/tr>\n<tr>\n<td><\/td>\n<td><\/td>\n<td><\/td>\n<\/tr>\n<tr>\n<td>\n<ul>\n<li><\/li>\n<\/ul>\n<\/td>\n<td colspan=\"2\"><strong>ENCARGADO DE ALMAC\u00c9N DE BIENES MUEBLES.<\/strong><\/td>\n<\/tr>\n<tr>\n<td>\n<ul>\n<li><\/li>\n<\/ul>\n<\/td>\n<td colspan=\"2\"><strong>ENCARGADO DE BIENES MUEBLES.<\/strong><\/td>\n<\/tr>\n<tr>\n<td>\n<ul>\n<li><\/li>\n<\/ul>\n<\/td>\n<td colspan=\"2\"><strong>ENCARGADO DE CONTROL DE BIENES INMUEBLES.<\/strong><\/td>\n<\/tr>\n<tr>\n<td><\/td>\n<td><\/td>\n<td><\/td>\n<\/tr>\n<tr>\n<td colspan=\"3\"><strong>SECCI\u00d3N DE CONTROL DE BIENES MUEBLES<\/strong><\/td>\n<\/tr>\n<tr>\n<td><\/td>\n<td><\/td>\n<td><\/td>\n<\/tr>\n<tr>\n<td>\n<ul>\n<li><\/li>\n<\/ul>\n<\/td>\n<td colspan=\"2\"><strong>ENCARGADO DE REGISTRO DE B.M.<\/strong><\/td>\n<\/tr>\n<tr>\n<td>\n<ul>\n<li><\/li>\n<\/ul>\n<\/td>\n<td colspan=\"2\"><strong>ENCARGADO DE CONTROL DE OTROS BIENES.<\/strong><\/td>\n<\/tr>\n<\/tbody>\n<\/table>\n","protected":false},"excerpt":{"rendered":"<p>SECCI\u00d3N DE INVENTARIOS ENCARGADO DE ALMAC\u00c9N DE BIENES MUEBLES. ENCARGADO DE BIENES MUEBLES. ENCARGADO DE CONTROL DE BIENES INMUEBLES. SECCI\u00d3N DE CONTROL DE BIENES MUEBLES ENCARGADO DE REGISTRO DE B.M. ENCARGADO DE CONTROL DE OTROS BIENES.<\/p>\n","protected":false},"author":3,"featured_media":0,"parent":0,"menu_order":101,"comment_status":"closed","ping_status":"closed","template":"","meta":{"footnotes":""},"class_list":["post-39","page","type-page","status-publish","hentry"],"_links":{"self":[{"href":"https:\/\/www.uaa.mx\/direcciones\/dgf\/bienes\/index.php\/wp-json\/wp\/v2\/pages\/39","targetHints":{"allow":["GET"]}}],"collection":[{"href":"https:\/\/www.uaa.mx\/direcciones\/dgf\/bienes\/index.php\/wp-json\/wp\/v2\/pages"}],"about":[{"href":"https:\/\/www.uaa.mx\/direcciones\/dgf\/bienes\/index.php\/wp-json\/wp\/v2\/types\/page"}],"author":[{"embeddable":true,"href":"https:\/\/www.uaa.mx\/direcciones\/dgf\/bienes\/index.php\/wp-json\/wp\/v2\/users\/3"}],"replies":[{"embeddable":true,"href":"https:\/\/www.uaa.mx\/direcciones\/dgf\/bienes\/index.php\/wp-json\/wp\/v2\/comments?post=39"}],"version-history":[{"count":4,"href":"https:\/\/www.uaa.mx\/direcciones\/dgf\/bienes\/index.php\/wp-json\/wp\/v2\/pages\/39\/revisions"}],"predecessor-version":[{"id":66,"href":"https:\/\/www.uaa.mx\/direcciones\/dgf\/bienes\/index.php\/wp-json\/wp\/v2\/pages\/39\/revisions\/66"}],"wp:attachment":[{"href":"https:\/\/www.uaa.mx\/direcciones\/dgf\/bienes\/index.php\/wp-json\/wp\/v2\/media?parent=39"}],"curies":[{"name":"wp","href":"https:\/\/api.w.org\/{rel}","templated":true}]}}