{"id":41,"date":"2018-11-15T20:00:30","date_gmt":"2018-11-15T20:00:30","guid":{"rendered":"https:\/\/www.uaa.mx\/direcciones\/dgf\/bienes\/?page_id=41"},"modified":"2019-07-25T18:17:03","modified_gmt":"2019-07-25T18:17:03","slug":"fotos","status":"publish","type":"page","link":"https:\/\/www.uaa.mx\/direcciones\/dgf\/bienes\/index.php\/fotos\/","title":{"rendered":"PERSONAL"},"content":{"rendered":"<table width=\"480\">\n<tbody>\n<tr>\n<td colspan=\"2\" width=\"480\"><strong>ENCARGADO DE ALMAC\u00c9N DE BIENES MUEBLES\u00a0<\/strong><\/td>\n<\/tr>\n<tr>\n<td colspan=\"2\"><img loading=\"lazy\" decoding=\"async\" src=\"https:\/\/www.uaa.mx\/direcciones\/dgf\/bienes\/wp-content\/uploads\/2018\/12\/Victor-Manuel-Raygoza-Brise\u00f1o-300x300.jpg\" alt=\"\" width=\"300\" height=\"300\" class=\"alignnone size-medium wp-image-106 aligncenter\" srcset=\"https:\/\/www.uaa.mx\/direcciones\/dgf\/bienes\/wp-content\/uploads\/2018\/12\/Victor-Manuel-Raygoza-Brise\u00f1o-300x300.jpg 300w, https:\/\/www.uaa.mx\/direcciones\/dgf\/bienes\/wp-content\/uploads\/2018\/12\/Victor-Manuel-Raygoza-Brise\u00f1o-150x150.jpg 150w, https:\/\/www.uaa.mx\/direcciones\/dgf\/bienes\/wp-content\/uploads\/2018\/12\/Victor-Manuel-Raygoza-Brise\u00f1o-768x768.jpg 768w, https:\/\/www.uaa.mx\/direcciones\/dgf\/bienes\/wp-content\/uploads\/2018\/12\/Victor-Manuel-Raygoza-Brise\u00f1o-1024x1024.jpg 1024w\" sizes=\"auto, (max-width: 300px) 100vw, 300px\" \/><\/p>\n<p style=\"text-align: center;\">ING. VICTOR MANUEL RAYGOZA BRISE\u00d1O<\/p>\n<\/td>\n<\/tr>\n<tr>\n<td><\/td>\n<td><\/td>\n<\/tr>\n<tr>\n<td colspan=\"2\"><strong>ENCARGADO DE CONTROL DE BIENES MUEBLES\u00a0<\/strong><\/td>\n<\/tr>\n<tr>\n<td><\/td>\n<td><\/td>\n<\/tr>\n<tr>\n<td colspan=\"2\" width=\"480\">\n<p style=\"text-align: center;\"><img loading=\"lazy\" decoding=\"async\" src=\"https:\/\/www.uaa.mx\/direcciones\/dgf\/bienes\/wp-content\/uploads\/2018\/12\/Claudia-Judith-Torres-Rios-300x300.jpg\" alt=\"\" width=\"300\" height=\"300\" class=\"alignnone size-medium wp-image-99\" srcset=\"https:\/\/www.uaa.mx\/direcciones\/dgf\/bienes\/wp-content\/uploads\/2018\/12\/Claudia-Judith-Torres-Rios-300x300.jpg 300w, https:\/\/www.uaa.mx\/direcciones\/dgf\/bienes\/wp-content\/uploads\/2018\/12\/Claudia-Judith-Torres-Rios-150x150.jpg 150w, https:\/\/www.uaa.mx\/direcciones\/dgf\/bienes\/wp-content\/uploads\/2018\/12\/Claudia-Judith-Torres-Rios-768x768.jpg 768w, https:\/\/www.uaa.mx\/direcciones\/dgf\/bienes\/wp-content\/uploads\/2018\/12\/Claudia-Judith-Torres-Rios-1024x1024.jpg 1024w\" sizes=\"auto, (max-width: 300px) 100vw, 300px\" \/><br \/>\nLAE. CLAUDIA JUDITH TORRES RIOS<\/p>\n<\/td>\n<\/tr>\n<tr>\n<td colspan=\"2\" width=\"480\">\n<p style=\"text-align: center;\"><img loading=\"lazy\" decoding=\"async\" src=\"https:\/\/www.uaa.mx\/direcciones\/dgf\/bienes\/wp-content\/uploads\/2018\/12\/Alberto-Macias-Gonzalez-300x200.jpg\" alt=\"\" width=\"300\" height=\"200\" class=\"alignnone size-medium wp-image-98\" srcset=\"https:\/\/www.uaa.mx\/direcciones\/dgf\/bienes\/wp-content\/uploads\/2018\/12\/Alberto-Macias-Gonzalez-300x200.jpg 300w, https:\/\/www.uaa.mx\/direcciones\/dgf\/bienes\/wp-content\/uploads\/2018\/12\/Alberto-Macias-Gonzalez-768x512.jpg 768w, https:\/\/www.uaa.mx\/direcciones\/dgf\/bienes\/wp-content\/uploads\/2018\/12\/Alberto-Macias-Gonzalez-1024x683.jpg 1024w, https:\/\/www.uaa.mx\/direcciones\/dgf\/bienes\/wp-content\/uploads\/2018\/12\/Alberto-Macias-Gonzalez-360x240.jpg 360w\" sizes=\"auto, (max-width: 300px) 100vw, 300px\" \/><\/p>\n<p style=\"text-align: center;\">SR. ALBERTO MACIAS GONZ\u00c1LEZ<\/p>\n<\/td>\n<\/tr>\n<tr>\n<td colspan=\"2\" width=\"480\">\n<p style=\"text-align: center;\"><img loading=\"lazy\" decoding=\"async\" src=\"https:\/\/www.uaa.mx\/direcciones\/dgf\/bienes\/wp-content\/uploads\/2018\/12\/Ernesto-Anaya-Diaz-300x300.jpg\" alt=\"\" width=\"300\" height=\"300\" class=\"alignnone size-medium wp-image-101\" srcset=\"https:\/\/www.uaa.mx\/direcciones\/dgf\/bienes\/wp-content\/uploads\/2018\/12\/Ernesto-Anaya-Diaz-300x300.jpg 300w, https:\/\/www.uaa.mx\/direcciones\/dgf\/bienes\/wp-content\/uploads\/2018\/12\/Ernesto-Anaya-Diaz-150x150.jpg 150w, https:\/\/www.uaa.mx\/direcciones\/dgf\/bienes\/wp-content\/uploads\/2018\/12\/Ernesto-Anaya-Diaz-768x768.jpg 768w, https:\/\/www.uaa.mx\/direcciones\/dgf\/bienes\/wp-content\/uploads\/2018\/12\/Ernesto-Anaya-Diaz-1024x1024.jpg 1024w\" sizes=\"auto, (max-width: 300px) 100vw, 300px\" \/><br \/>\nT.A. ERNESTO ANAYA DIAZ<\/p>\n<\/td>\n<\/tr>\n<tr>\n<td colspan=\"2\" width=\"480\">\n<p style=\"text-align: center;\"><img loading=\"lazy\" decoding=\"async\" src=\"https:\/\/www.uaa.mx\/direcciones\/dgf\/bienes\/wp-content\/uploads\/2018\/12\/Jaime-Alberto-Ya\u00f1ez-Sanchez-300x300.jpg\" alt=\"\" width=\"300\" height=\"300\" class=\"alignnone size-medium wp-image-103\" srcset=\"https:\/\/www.uaa.mx\/direcciones\/dgf\/bienes\/wp-content\/uploads\/2018\/12\/Jaime-Alberto-Ya\u00f1ez-Sanchez-300x300.jpg 300w, https:\/\/www.uaa.mx\/direcciones\/dgf\/bienes\/wp-content\/uploads\/2018\/12\/Jaime-Alberto-Ya\u00f1ez-Sanchez-150x150.jpg 150w, https:\/\/www.uaa.mx\/direcciones\/dgf\/bienes\/wp-content\/uploads\/2018\/12\/Jaime-Alberto-Ya\u00f1ez-Sanchez-768x768.jpg 768w, https:\/\/www.uaa.mx\/direcciones\/dgf\/bienes\/wp-content\/uploads\/2018\/12\/Jaime-Alberto-Ya\u00f1ez-Sanchez-1024x1024.jpg 1024w\" sizes=\"auto, (max-width: 300px) 100vw, 300px\" \/><br \/>\nSR. JAIME ALBERTO YA\u00d1EZ S\u00c1NCHEZ.<\/p>\n<\/td>\n<\/tr>\n<tr>\n<td colspan=\"2\" width=\"480\">\n<p style=\"text-align: center;\"><img loading=\"lazy\" decoding=\"async\" src=\"https:\/\/www.uaa.mx\/direcciones\/dgf\/bienes\/wp-content\/uploads\/2018\/12\/Eduardo-Guillermo-Vazquez-Gallegos-300x300.jpg\" alt=\"\" width=\"300\" height=\"300\" class=\"alignnone size-medium wp-image-100\" srcset=\"https:\/\/www.uaa.mx\/direcciones\/dgf\/bienes\/wp-content\/uploads\/2018\/12\/Eduardo-Guillermo-Vazquez-Gallegos-300x300.jpg 300w, https:\/\/www.uaa.mx\/direcciones\/dgf\/bienes\/wp-content\/uploads\/2018\/12\/Eduardo-Guillermo-Vazquez-Gallegos-150x150.jpg 150w, https:\/\/www.uaa.mx\/direcciones\/dgf\/bienes\/wp-content\/uploads\/2018\/12\/Eduardo-Guillermo-Vazquez-Gallegos-768x768.jpg 768w, https:\/\/www.uaa.mx\/direcciones\/dgf\/bienes\/wp-content\/uploads\/2018\/12\/Eduardo-Guillermo-Vazquez-Gallegos-1024x1024.jpg 1024w\" sizes=\"auto, (max-width: 300px) 100vw, 300px\" \/><br \/>\nT.A. EDUARDO GUILLERMO V\u00c1ZQUEZ GALLEGOS<\/p>\n<\/td>\n<\/tr>\n<tr>\n<td><\/td>\n<td><\/td>\n<\/tr>\n<tr>\n<td colspan=\"2\"><strong>ENCARGADO DE CONTROL DE BIENES INMUEBLES<\/strong><\/td>\n<\/tr>\n<tr>\n<td colspan=\"2\">\n<p style=\"text-align: center;\"><img loading=\"lazy\" decoding=\"async\" src=\"https:\/\/www.uaa.mx\/direcciones\/dgf\/bienes\/wp-content\/uploads\/2018\/12\/Guillermo-Macias-Ovalle2-300x300.jpg\" alt=\"\" width=\"300\" height=\"300\" class=\"alignnone size-medium wp-image-102\" srcset=\"https:\/\/www.uaa.mx\/direcciones\/dgf\/bienes\/wp-content\/uploads\/2018\/12\/Guillermo-Macias-Ovalle2-300x300.jpg 300w, https:\/\/www.uaa.mx\/direcciones\/dgf\/bienes\/wp-content\/uploads\/2018\/12\/Guillermo-Macias-Ovalle2-150x150.jpg 150w, https:\/\/www.uaa.mx\/direcciones\/dgf\/bienes\/wp-content\/uploads\/2018\/12\/Guillermo-Macias-Ovalle2-768x768.jpg 768w, https:\/\/www.uaa.mx\/direcciones\/dgf\/bienes\/wp-content\/uploads\/2018\/12\/Guillermo-Macias-Ovalle2-1024x1024.jpg 1024w\" sizes=\"auto, (max-width: 300px) 100vw, 300px\" \/><br \/>\nLM. GUILLERMO MACIAS OVALLE<\/p>\n<\/td>\n<\/tr>\n<tr>\n<td><\/td>\n<td><\/td>\n<\/tr>\n<tr>\n<td colspan=\"2\"><strong>ENCARGADO DE REGISTRO DE BIENES MUEBLES<\/strong><\/td>\n<\/tr>\n<tr>\n<td colspan=\"2\">\n<p style=\"text-align: center;\"><img loading=\"lazy\" decoding=\"async\" src=\"https:\/\/www.uaa.mx\/direcciones\/dgf\/bienes\/wp-content\/uploads\/2019\/01\/Yadira-Yazmin-Rosales-Ramirez-300x300.jpg\" alt=\"\" width=\"300\" height=\"300\" class=\"alignnone size-medium wp-image-234\" srcset=\"https:\/\/www.uaa.mx\/direcciones\/dgf\/bienes\/wp-content\/uploads\/2019\/01\/Yadira-Yazmin-Rosales-Ramirez-300x300.jpg 300w, https:\/\/www.uaa.mx\/direcciones\/dgf\/bienes\/wp-content\/uploads\/2019\/01\/Yadira-Yazmin-Rosales-Ramirez-150x150.jpg 150w, https:\/\/www.uaa.mx\/direcciones\/dgf\/bienes\/wp-content\/uploads\/2019\/01\/Yadira-Yazmin-Rosales-Ramirez-768x768.jpg 768w, https:\/\/www.uaa.mx\/direcciones\/dgf\/bienes\/wp-content\/uploads\/2019\/01\/Yadira-Yazmin-Rosales-Ramirez-1024x1024.jpg 1024w\" sizes=\"auto, (max-width: 300px) 100vw, 300px\" \/><br \/>\nLA. YADIRA YAZMIN ROSALES RAM\u00cdREZ<\/p>\n<\/td>\n<\/tr>\n<tr>\n<td colspan=\"2\">\n<p style=\"text-align: center;\"><img loading=\"lazy\" decoding=\"async\" src=\"https:\/\/www.uaa.mx\/direcciones\/dgf\/bienes\/wp-content\/uploads\/2018\/12\/Lourdes-Gabriela-Ruelas-Ramos2-300x300.jpg\" alt=\"\" width=\"300\" height=\"300\" class=\"alignnone size-medium wp-image-104\" srcset=\"https:\/\/www.uaa.mx\/direcciones\/dgf\/bienes\/wp-content\/uploads\/2018\/12\/Lourdes-Gabriela-Ruelas-Ramos2-300x300.jpg 300w, https:\/\/www.uaa.mx\/direcciones\/dgf\/bienes\/wp-content\/uploads\/2018\/12\/Lourdes-Gabriela-Ruelas-Ramos2-150x150.jpg 150w, https:\/\/www.uaa.mx\/direcciones\/dgf\/bienes\/wp-content\/uploads\/2018\/12\/Lourdes-Gabriela-Ruelas-Ramos2-768x768.jpg 768w, https:\/\/www.uaa.mx\/direcciones\/dgf\/bienes\/wp-content\/uploads\/2018\/12\/Lourdes-Gabriela-Ruelas-Ramos2-1024x1024.jpg 1024w\" sizes=\"auto, (max-width: 300px) 100vw, 300px\" \/><br \/>\nLM. LOURDES GABRIELA RUELAS RAMOS<\/p>\n<\/td>\n<\/tr>\n<tr>\n<td><\/td>\n<td><\/td>\n<\/tr>\n<tr>\n<td colspan=\"2\"><strong>ENCARGADO DE CONTROL DE OTROS BIENES<\/strong><\/td>\n<\/tr>\n<tr>\n<td colspan=\"2\">\n<p style=\"text-align: center;\"><img loading=\"lazy\" decoding=\"async\" src=\"https:\/\/www.uaa.mx\/direcciones\/dgf\/bienes\/wp-content\/uploads\/2018\/12\/Miriam-Cristina-Lujan-de-lara-300x300.jpg\" alt=\"\" width=\"300\" height=\"300\" class=\"alignnone size-medium wp-image-105\" srcset=\"https:\/\/www.uaa.mx\/direcciones\/dgf\/bienes\/wp-content\/uploads\/2018\/12\/Miriam-Cristina-Lujan-de-lara-300x300.jpg 300w, https:\/\/www.uaa.mx\/direcciones\/dgf\/bienes\/wp-content\/uploads\/2018\/12\/Miriam-Cristina-Lujan-de-lara-150x150.jpg 150w, https:\/\/www.uaa.mx\/direcciones\/dgf\/bienes\/wp-content\/uploads\/2018\/12\/Miriam-Cristina-Lujan-de-lara-768x768.jpg 768w, https:\/\/www.uaa.mx\/direcciones\/dgf\/bienes\/wp-content\/uploads\/2018\/12\/Miriam-Cristina-Lujan-de-lara-1024x1024.jpg 1024w\" sizes=\"auto, (max-width: 300px) 100vw, 300px\" \/><br \/>\nC.P. MIRIAM CRISTINA LUJ\u00c1N DE LARA.<\/p>\n<\/td>\n<\/tr>\n<\/tbody>\n<\/table>\n","protected":false},"excerpt":{"rendered":"<p>ENCARGADO DE ALMAC\u00c9N DE BIENES MUEBLES\u00a0 ING. VICTOR MANUEL RAYGOZA BRISE\u00d1O ENCARGADO DE CONTROL DE BIENES MUEBLES\u00a0 LAE. CLAUDIA JUDITH TORRES RIOS SR. ALBERTO MACIAS GONZ\u00c1LEZ T.A. ERNESTO ANAYA DIAZ SR. JAIME ALBERTO YA\u00d1EZ S\u00c1NCHEZ. T.A. EDUARDO GUILLERMO V\u00c1ZQUEZ GALLEGOS ENCARGADO DE CONTROL DE BIENES INMUEBLES LM. GUILLERMO MACIAS OVALLE [&hellip;]<\/p>\n","protected":false},"author":3,"featured_media":0,"parent":0,"menu_order":107,"comment_status":"closed","ping_status":"closed","template":"","meta":{"footnotes":""},"class_list":["post-41","page","type-page","status-publish","hentry"],"_links":{"self":[{"href":"https:\/\/www.uaa.mx\/direcciones\/dgf\/bienes\/index.php\/wp-json\/wp\/v2\/pages\/41","targetHints":{"allow":["GET"]}}],"collection":[{"href":"https:\/\/www.uaa.mx\/direcciones\/dgf\/bienes\/index.php\/wp-json\/wp\/v2\/pages"}],"about":[{"href":"https:\/\/www.uaa.mx\/direcciones\/dgf\/bienes\/index.php\/wp-json\/wp\/v2\/types\/page"}],"author":[{"embeddable":true,"href":"https:\/\/www.uaa.mx\/direcciones\/dgf\/bienes\/index.php\/wp-json\/wp\/v2\/users\/3"}],"replies":[{"embeddable":true,"href":"https:\/\/www.uaa.mx\/direcciones\/dgf\/bienes\/index.php\/wp-json\/wp\/v2\/comments?post=41"}],"version-history":[{"count":9,"href":"https:\/\/www.uaa.mx\/direcciones\/dgf\/bienes\/index.php\/wp-json\/wp\/v2\/pages\/41\/revisions"}],"predecessor-version":[{"id":251,"href":"https:\/\/www.uaa.mx\/direcciones\/dgf\/bienes\/index.php\/wp-json\/wp\/v2\/pages\/41\/revisions\/251"}],"wp:attachment":[{"href":"https:\/\/www.uaa.mx\/direcciones\/dgf\/bienes\/index.php\/wp-json\/wp\/v2\/media?parent=41"}],"curies":[{"name":"wp","href":"https:\/\/api.w.org\/{rel}","templated":true}]}}