{"id":45,"date":"2018-11-15T20:04:15","date_gmt":"2018-11-15T20:04:15","guid":{"rendered":"https:\/\/www.uaa.mx\/direcciones\/dgf\/bienes\/?page_id=45"},"modified":"2018-12-17T18:27:53","modified_gmt":"2018-12-17T18:27:53","slug":"enlace","status":"publish","type":"page","link":"https:\/\/www.uaa.mx\/direcciones\/dgf\/bienes\/index.php\/enlace\/","title":{"rendered":"ENLACE"},"content":{"rendered":"<p>&nbsp;<\/p>\n<table width=\"560\">\n<tbody>\n<tr>\n<td colspan=\"2\" width=\"197\" style=\"text-align: center;\"><strong>ENLACE PERSONAL DEPARTAMENTO DE <\/strong><br \/>\n<strong>CONTROL DE BIENES MUEBLES<\/strong><\/td>\n<td width=\"363\" style=\"text-align: center;\"><strong>\u00a0<\/strong><b>\u00c1REAS\u00a0ASIGNADAS<\/b><\/td>\n<\/tr>\n<tr>\n<td colspan=\"2\" width=\"197\"><strong>LAE. CLAUDIA JUDITH TORRES RIOS.<\/strong><\/td>\n<td width=\"363\">\n<ul>\n<li>\u00a0RECTOR\u00cdA.<\/li>\n<li>\u00a0CENTRO DE CIENCIAS SOCIALES Y HUMANIDADES<\/li>\n<li>CENTRO DE CIENCIAS ECON\u00d3MICAS Y ADMINISTRATIVAS<\/li>\n<li>DIRECCI\u00d3N GENERAL DE INFRAESTRUCTURA UNIVERSITARIA.<\/li>\n<\/ul>\n<\/td>\n<\/tr>\n<tr>\n<td colspan=\"2\"><\/td>\n<td width=\"363\"><\/td>\n<\/tr>\n<tr>\n<td colspan=\"2\"><strong>SR. ALBERTO MACIAS GONZALEZ.<\/strong><\/td>\n<td width=\"363\">\n<ul>\n<li>CENTRO DE EDUCACI\u00d3N MEDIA<\/li>\n<li>CENTRO DE CIENCIAS AGROPECUARIAS<\/li>\n<li>CENTRO DE LAS ARTES Y LA CULTURA<\/li>\n<li>CONTRALORIA UNIVERSIARIA<\/li>\n<li>FEUAA<\/li>\n<li>STUAA<\/li>\n<li>ACIUAA.<\/li>\n<\/ul>\n<\/td>\n<\/tr>\n<tr>\n<td colspan=\"2\"><\/td>\n<td width=\"363\"><\/td>\n<\/tr>\n<tr>\n<td colspan=\"2\" width=\"197\"><strong><span>T.A.<\/span> ERNESTO ANAYA DIAZ.<\/strong><\/td>\n<td width=\"363\">\n<ul>\n<li>DIRECCI\u00d3N GENERAL DE PLANEACI\u00d3N Y DESARROLLO<\/li>\n<li>DIRECCI\u00d3N GENERAL DE INVESTIGACI\u00d3N Y POSGRADO<\/li>\n<li>DIRECCI\u00d3N GENERAL DE SERVICIOS EDUCATIVOS<\/li>\n<li>DIRECCI\u00d3N GENERAL DE DOCENCIA DE PREGRADO<\/li>\n<\/ul>\n<\/td>\n<\/tr>\n<tr>\n<td colspan=\"2\"><\/td>\n<td width=\"363\"><\/td>\n<\/tr>\n<tr>\n<td colspan=\"2\" width=\"197\"><strong>SR. JAIME ALBERTO YA\u00d1EZ SANCHEZ.<\/strong><\/td>\n<td width=\"363\">\n<ul>\n<li>CENTRO DE CIENCIAS B\u00c1SICAS<\/li>\n<li>CENTRO DE CIENCIAS DEL DISE\u00d1O Y LA CONSTRUCCI\u00d3N<\/li>\n<li>DIRECCI\u00d3N GENERAL DE DIFUSI\u00d3N Y VINCULACI\u00d3N<\/li>\n<li>CENTRO DE CIENCIAS EMPRESARIALES<\/li>\n<\/ul>\n<\/td>\n<\/tr>\n<tr>\n<td colspan=\"2\"><\/td>\n<td width=\"363\"><\/td>\n<\/tr>\n<tr>\n<td colspan=\"2\" width=\"197\"><strong><span>T.A.<\/span> EDUARDO GUILLERMO VAZQUEZ GALLEGOS<\/strong><\/td>\n<td width=\"363\">\n<ul>\n<li>SECRETARIA GENERAL<\/li>\n<li>CENTRO DE CIENCIAS DE LA SALUD<\/li>\n<li>CENTRO DE CIENCIAS DE LA INGENIER\u00cdA<\/li>\n<li>DIRECCI\u00d3N GENERAL DE FINANZAS.<\/li>\n<\/ul>\n<\/td>\n<\/tr>\n<\/tbody>\n<\/table>\n<p>&nbsp;<\/p>\n","protected":false},"excerpt":{"rendered":"<p>&nbsp; ENLACE PERSONAL DEPARTAMENTO DE CONTROL DE BIENES MUEBLES \u00a0\u00c1REAS\u00a0ASIGNADAS LAE. CLAUDIA JUDITH TORRES RIOS. \u00a0RECTOR\u00cdA. \u00a0CENTRO DE CIENCIAS SOCIALES Y HUMANIDADES CENTRO DE CIENCIAS ECON\u00d3MICAS Y ADMINISTRATIVAS DIRECCI\u00d3N GENERAL DE INFRAESTRUCTURA UNIVERSITARIA. SR. ALBERTO MACIAS GONZALEZ. CENTRO DE EDUCACI\u00d3N MEDIA CENTRO DE CIENCIAS AGROPECUARIAS CENTRO DE LAS ARTES Y [&hellip;]<\/p>\n","protected":false},"author":3,"featured_media":0,"parent":0,"menu_order":103,"comment_status":"closed","ping_status":"closed","template":"","meta":{"footnotes":""},"class_list":["post-45","page","type-page","status-publish","hentry"],"_links":{"self":[{"href":"https:\/\/www.uaa.mx\/direcciones\/dgf\/bienes\/index.php\/wp-json\/wp\/v2\/pages\/45","targetHints":{"allow":["GET"]}}],"collection":[{"href":"https:\/\/www.uaa.mx\/direcciones\/dgf\/bienes\/index.php\/wp-json\/wp\/v2\/pages"}],"about":[{"href":"https:\/\/www.uaa.mx\/direcciones\/dgf\/bienes\/index.php\/wp-json\/wp\/v2\/types\/page"}],"author":[{"embeddable":true,"href":"https:\/\/www.uaa.mx\/direcciones\/dgf\/bienes\/index.php\/wp-json\/wp\/v2\/users\/3"}],"replies":[{"embeddable":true,"href":"https:\/\/www.uaa.mx\/direcciones\/dgf\/bienes\/index.php\/wp-json\/wp\/v2\/comments?post=45"}],"version-history":[{"count":4,"href":"https:\/\/www.uaa.mx\/direcciones\/dgf\/bienes\/index.php\/wp-json\/wp\/v2\/pages\/45\/revisions"}],"predecessor-version":[{"id":109,"href":"https:\/\/www.uaa.mx\/direcciones\/dgf\/bienes\/index.php\/wp-json\/wp\/v2\/pages\/45\/revisions\/109"}],"wp:attachment":[{"href":"https:\/\/www.uaa.mx\/direcciones\/dgf\/bienes\/index.php\/wp-json\/wp\/v2\/media?parent=45"}],"curies":[{"name":"wp","href":"https:\/\/api.w.org\/{rel}","templated":true}]}}