{"id":10758,"date":"2024-02-09T21:02:08","date_gmt":"2024-02-09T21:02:08","guid":{"rendered":"https:\/\/www.uaa.mx\/informacionpublica\/?page_id=10758"},"modified":"2024-03-26T18:00:20","modified_gmt":"2024-03-26T18:00:20","slug":"ejercicio-2024","status":"publish","type":"page","link":"https:\/\/www.uaa.mx\/informacionpublica\/transparencia-proactiva\/convocatorias-para-adquisiciones-de-bienes-y-servicios\/ejercicio-2024\/","title":{"rendered":"Ejercicio 2024"},"content":{"rendered":"<h3><a href=\"https:\/\/www.uaa.mx\/informacionpublica\/?page_id=10762\">Licitaci\u00f3n P\u00fablica Nacional<\/a><\/h3>\n<h3><a href=\"https:\/\/www.uaa.mx\/informacionpublica\/?page_id=11056\">Invitaci\u00f3n a cuando menos Tres Personas<\/a><\/h3>\n<h3><a href=\"https:\/\/www.uaa.mx\/informacionpublica\/?page_id=11059\">Adjudicaci\u00f3n Directa<\/a><\/h3>\n<h3><\/h3>\n","protected":false},"excerpt":{"rendered":"<p>Licitaci\u00f3n P\u00fablica Nacional Invitaci\u00f3n a cuando menos Tres Personas Adjudicaci\u00f3n Directa<\/p>\n","protected":false},"author":4,"featured_media":0,"parent":788,"menu_order":0,"comment_status":"closed","ping_status":"closed","template":"","meta":{"footnotes":""},"class_list":["post-10758","page","type-page","status-publish","hentry"],"_links":{"self":[{"href":"https:\/\/www.uaa.mx\/informacionpublica\/wp-json\/wp\/v2\/pages\/10758","targetHints":{"allow":["GET"]}}],"collection":[{"href":"https:\/\/www.uaa.mx\/informacionpublica\/wp-json\/wp\/v2\/pages"}],"about":[{"href":"https:\/\/www.uaa.mx\/informacionpublica\/wp-json\/wp\/v2\/types\/page"}],"author":[{"embeddable":true,"href":"https:\/\/www.uaa.mx\/informacionpublica\/wp-json\/wp\/v2\/users\/4"}],"replies":[{"embeddable":true,"href":"https:\/\/www.uaa.mx\/informacionpublica\/wp-json\/wp\/v2\/comments?post=10758"}],"version-history":[{"count":10,"href":"https:\/\/www.uaa.mx\/informacionpublica\/wp-json\/wp\/v2\/pages\/10758\/revisions"}],"predecessor-version":[{"id":11061,"href":"https:\/\/www.uaa.mx\/informacionpublica\/wp-json\/wp\/v2\/pages\/10758\/revisions\/11061"}],"up":[{"embeddable":true,"href":"https:\/\/www.uaa.mx\/informacionpublica\/wp-json\/wp\/v2\/pages\/788"}],"wp:attachment":[{"href":"https:\/\/www.uaa.mx\/informacionpublica\/wp-json\/wp\/v2\/media?parent=10758"}],"curies":[{"name":"wp","href":"https:\/\/api.w.org\/{rel}","templated":true}]}}