{"id":11059,"date":"2024-03-26T17:59:57","date_gmt":"2024-03-26T17:59:57","guid":{"rendered":"https:\/\/www.uaa.mx\/informacionpublica\/?page_id=11059"},"modified":"2024-11-27T21:42:33","modified_gmt":"2024-11-27T21:42:33","slug":"adjudicacion-directa","status":"publish","type":"page","link":"https:\/\/www.uaa.mx\/informacionpublica\/transparencia-proactiva\/convocatorias-para-adquisiciones-de-bienes-y-servicios\/ejercicio-2024\/adjudicacion-directa\/","title":{"rendered":"Adjudicaci\u00f3n Directa"},"content":{"rendered":"<p><strong>AD E\/001-2024<\/strong> CONTRATACI\u00d3N SERVICIOS DE MANTENIMIENTO PREVENTIVO DE VEH\u00cdCULOS Y CONTRATACI\u00d3N DE SERVICIOS DE AROMATIZACI\u00d3N Y SANITIZACI\u00d3N, PARA EL DEPARTAMENTO DE SERVICIOS GENERALES DE LA DGIU DE LA UNIVERSIDAD AUT\u00d3NOMA DE AGUASCALIENTES.<\/p>\n<p style=\"padding-left: 280px;\"><a href=\"https:\/\/www.uaa.mx\/informacionpublica\/wp-content\/uploads\/2024\/03\/Convocatoria-AD-E-001-20241.pdf\">Bases<\/a><span>\u00a0<\/span><a href=\"https:\/\/www.uaa.mx\/informacionpublica\/wp-content\/uploads\/2024\/03\/Convocatoria-AD-E-001-2024.docx\"><img loading=\"lazy\" decoding=\"async\" class=\"lazy lazy lazy-loaded lazy-loaded alignnone\" src=\"http:\/\/www.uaa.mx\/transparencia\/iconos\/word.gif\" data-lazy-type=\"image\" data-lazy-src=\"http:\/\/www.uaa.mx\/transparencia\/iconos\/word.gif\" alt=\"Conv-LPN E 039-2023\" width=\"17\" height=\"17\" border=\"0\" \/><\/a><br \/>\n<a href=\"https:\/\/www.uaa.mx\/informacionpublica\/wp-content\/uploads\/2024\/03\/Acta-Fallo-AD-E-001-2024.pdf\">Acta de Fallo<\/a><span>\u00a0<\/span><img decoding=\"async\" loading=\"lazy\" class=\"lazy lazy lazy-loaded lazy-loaded alignnone\" src=\"http:\/\/www.uaa.mx\/transparencia\/iconos\/word.gif\" data-lazy-type=\"image\" data-lazy-src=\"http:\/\/www.uaa.mx\/transparencia\/iconos\/word.gif\" alt=\"J.A. LPN E 037-2023\" width=\"17\" height=\"17\" border=\"0\" \/><\/p>\n<hr \/>\n<p><strong>AD E\/002-2024<\/strong> CONTRATACI\u00d3N SERVICIOS DE MANTENIMIENTO PREVENTIVO DE VEH\u00cdCULOS, PARA EL DEPARTAMENTO DE SERVICIOS GENERALES DE LA DGIU DE LA UNIVERSIDAD AUT\u00d3NOMA DE AGUASCALIENTES.<\/p>\n<p style=\"padding-left: 280px;\"><a href=\"https:\/\/www.uaa.mx\/informacionpublica\/wp-content\/uploads\/2024\/03\/Convocatoria-AD-E-002-2024.pdf\">Bases<\/a><span>\u00a0<\/span><a href=\"https:\/\/www.uaa.mx\/informacionpublica\/wp-content\/uploads\/2024\/03\/Convocatoria-AD-E-002-2024.docx\"><img loading=\"lazy\" decoding=\"async\" class=\"lazy lazy lazy-loaded lazy-loaded alignnone\" src=\"http:\/\/www.uaa.mx\/transparencia\/iconos\/word.gif\" data-lazy-type=\"image\" data-lazy-src=\"http:\/\/www.uaa.mx\/transparencia\/iconos\/word.gif\" alt=\"Conv-LPN E 039-2023\" width=\"17\" height=\"17\" border=\"0\" \/><\/a><br \/>\n<a href=\"https:\/\/www.uaa.mx\/informacionpublica\/wp-content\/uploads\/2024\/04\/Acta-Fallo-AD-E-002-2024.pdf\">Acta de Fallo<\/a><span>\u00a0<\/span><img decoding=\"async\" loading=\"lazy\" class=\"lazy lazy lazy-loaded lazy-loaded alignnone\" src=\"http:\/\/www.uaa.mx\/transparencia\/iconos\/word.gif\" data-lazy-type=\"image\" data-lazy-src=\"http:\/\/www.uaa.mx\/transparencia\/iconos\/word.gif\" alt=\"J.A. LPN E 037-2023\" width=\"17\" height=\"17\" border=\"0\" title=\"https:\/\/www.uaa.mx\/informacionpublica\/wp-content\/uploads\/2024\/04\/Acta-Fallo-AD-E-002-2024.docx\" \/><\/p>\n<hr \/>\n<p><strong>AD E\/003-2024<\/strong> CONTRATACI\u00d3N DE SERVICIOS PROFESIONALES DE ARBITRAJE Y JUECES PARA LA UNIVERSIADA NACIONAL 2024,\u00a0 UNIVERSIDAD AUT\u00d3NOMA DE AGUASCALIENTES.<\/p>\n<p style=\"padding-left: 280px;\"><a href=\"https:\/\/www.uaa.mx\/informacionpublica\/wp-content\/uploads\/2024\/04\/Convocatoria-ADE-003-2024-Universiada.pdf\">Bases<\/a><span>\u00a0<\/span><a href=\"https:\/\/www.uaa.mx\/informacionpublica\/wp-content\/uploads\/2024\/04\/Convocatoria-AD-E-003-2024-Universiada.docx\"><img loading=\"lazy\" decoding=\"async\" class=\"lazy lazy lazy-loaded lazy-loaded alignnone\" src=\"http:\/\/www.uaa.mx\/transparencia\/iconos\/word.gif\" data-lazy-type=\"image\" data-lazy-src=\"http:\/\/www.uaa.mx\/transparencia\/iconos\/word.gif\" alt=\"Conv-LPN E 039-2023\" width=\"17\" height=\"17\" border=\"0\" \/><\/a><br \/>\n<a href=\"https:\/\/www.uaa.mx\/informacionpublica\/wp-content\/uploads\/2024\/05\/Acta-Fallo-AD-E-003-2024.pdf\">Acta de Fallo<\/a><span>\u00a0<\/span><img decoding=\"async\" loading=\"lazy\" class=\"lazy lazy lazy-loaded lazy-loaded alignnone\" src=\"http:\/\/www.uaa.mx\/transparencia\/iconos\/word.gif\" data-lazy-type=\"image\" data-lazy-src=\"http:\/\/www.uaa.mx\/transparencia\/iconos\/word.gif\" alt=\"J.A. LPN E 037-2023\" width=\"17\" height=\"17\" border=\"0\" title=\"https:\/\/www.uaa.mx\/informacionpublica\/wp-content\/uploads\/2024\/05\/Acta-Fallo-AD-E-003-2024.docx\" \/><\/p>\n<hr \/>\n<p><strong>AD E\/004-2024<\/strong> ADQUISICI\u00d3N DE PRODUCTOS Y ALIMENTOS PARA ANIMALES DEL BIOTERIO DE CRIANZA DEL CENTRO DE CIENCIAS B\u00c1SICAS DE LA UNIVERSIDAD AUT\u00d3NOMA DE AGUASCALIENTES.<\/p>\n<p style=\"padding-left: 280px;\"><a href=\"https:\/\/www.uaa.mx\/informacionpublica\/wp-content\/uploads\/2024\/04\/Convocatoria-AD-E-004-2024.pdf\">Bases<\/a><span>\u00a0<\/span><a href=\"https:\/\/www.uaa.mx\/informacionpublica\/wp-content\/uploads\/2024\/04\/Convocatoria-AD-E-004-2024.docx\"><img loading=\"lazy\" decoding=\"async\" class=\"lazy lazy lazy-loaded lazy-loaded alignnone\" src=\"http:\/\/www.uaa.mx\/transparencia\/iconos\/word.gif\" data-lazy-type=\"image\" data-lazy-src=\"http:\/\/www.uaa.mx\/transparencia\/iconos\/word.gif\" alt=\"Conv-LPN E 039-2023\" width=\"17\" height=\"17\" border=\"0\" \/><\/a><br \/>\n<a href=\"https:\/\/www.uaa.mx\/informacionpublica\/wp-content\/uploads\/2024\/05\/Acta-Fallo-AD-E-004-2024.pdf\">Acta de Fallo<\/a><span>\u00a0<\/span><img decoding=\"async\" loading=\"lazy\" class=\"lazy lazy lazy-loaded lazy-loaded alignnone\" src=\"http:\/\/www.uaa.mx\/transparencia\/iconos\/word.gif\" data-lazy-type=\"image\" data-lazy-src=\"http:\/\/www.uaa.mx\/transparencia\/iconos\/word.gif\" alt=\"J.A. LPN E 037-2023\" width=\"17\" height=\"17\" border=\"0\" title=\"https:\/\/www.uaa.mx\/informacionpublica\/wp-content\/uploads\/2024\/05\/Acta-Fallo-AD-E-004-2024.docx\" \/><\/p>\n<hr \/>\n<p><strong>AD E\/005-2024<\/strong> <span data-markjs=\"true\" class=\"markky6pv94ce\" data-ogac=\"\" data-ogab=\"\" data-ogsc=\"\" data-ogsb=\"\">AD<\/span>QUISICI\u00d3N DE UNIFORMES INSTITUCIONALES\u00a0<span data-markjs=\"true\" class=\"markf0gouj6ew\" data-ogac=\"\" data-ogab=\"\" data-ogsc=\"\" data-ogsb=\"\">E<\/span>\u00a0INDUSTRIALES PARA LA UNIVERSIDAD AUT\u00d3NOMA DE AGUASCALIENTES.<\/p>\n<p style=\"padding-left: 280px;\"><a href=\"https:\/\/www.uaa.mx\/informacionpublica\/wp-content\/uploads\/2024\/05\/Convocatoria-AD-E-005-2024.pdf\">Bases<\/a><span>\u00a0<\/span><a href=\"https:\/\/www.uaa.mx\/informacionpublica\/wp-content\/uploads\/2024\/05\/Convocatoria-AD-E-005-2024.docx\"><img loading=\"lazy\" decoding=\"async\" class=\"lazy lazy lazy-loaded lazy-loaded alignnone\" src=\"http:\/\/www.uaa.mx\/transparencia\/iconos\/word.gif\" data-lazy-type=\"image\" data-lazy-src=\"http:\/\/www.uaa.mx\/transparencia\/iconos\/word.gif\" alt=\"Conv-LPN E 039-2023\" width=\"17\" height=\"17\" border=\"0\" \/><\/a><br \/>\n<a href=\"https:\/\/www.uaa.mx\/informacionpublica\/wp-content\/uploads\/2024\/06\/Acta-Fallo-AD-E-005-2024.pdf\">Acta de Fallo<\/a><span>\u00a0<\/span><img decoding=\"async\" loading=\"lazy\" class=\"lazy lazy lazy-loaded lazy-loaded alignnone\" src=\"http:\/\/www.uaa.mx\/transparencia\/iconos\/word.gif\" data-lazy-type=\"image\" data-lazy-src=\"http:\/\/www.uaa.mx\/transparencia\/iconos\/word.gif\" alt=\"J.A. LPN E 037-2023\" width=\"17\" height=\"17\" border=\"0\" title=\"https:\/\/www.uaa.mx\/informacionpublica\/wp-content\/uploads\/2024\/06\/Acta-Fallo-AD-E-005-2024.docx\" \/><\/p>\n<hr \/>\n<p><strong>AD E\/006-2024<\/strong> ADQUISICI\u00d3N DE T\u00d3NER Y CARTUCHOS PARA LAS DIFERENTES \u00c1REAS DE LA UNIVERSIDAD AUT\u00d3NOMA DE AGUASCALIENTES.<\/p>\n<p style=\"padding-left: 280px;\"><a href=\"https:\/\/www.uaa.mx\/informacionpublica\/wp-content\/uploads\/2024\/05\/Convocatoria-AD-E-006-2024.docx.pdf\">Bases<\/a><span>\u00a0<\/span><a href=\"https:\/\/www.uaa.mx\/informacionpublica\/wp-content\/uploads\/2024\/05\/Convocatoria-AD-E-006-2024.docx\"><img loading=\"lazy\" decoding=\"async\" class=\"lazy lazy lazy-loaded lazy-loaded alignnone\" src=\"http:\/\/www.uaa.mx\/transparencia\/iconos\/word.gif\" data-lazy-type=\"image\" data-lazy-src=\"http:\/\/www.uaa.mx\/transparencia\/iconos\/word.gif\" alt=\"Conv-LPN E 039-2023\" width=\"17\" height=\"17\" border=\"0\" \/><\/a><br \/>\n<a href=\"https:\/\/www.uaa.mx\/informacionpublica\/wp-content\/uploads\/2024\/06\/Acta-Fallo-AD-E-006-2024.pdf\">Acta de Fallo<\/a><span>\u00a0<\/span><img decoding=\"async\" loading=\"lazy\" class=\"lazy lazy lazy-loaded lazy-loaded alignnone\" src=\"http:\/\/www.uaa.mx\/transparencia\/iconos\/word.gif\" data-lazy-type=\"image\" data-lazy-src=\"http:\/\/www.uaa.mx\/transparencia\/iconos\/word.gif\" alt=\"J.A. LPN E 037-2023\" width=\"17\" height=\"17\" border=\"0\" title=\"https:\/\/www.uaa.mx\/informacionpublica\/wp-content\/uploads\/2024\/06\/Acta-Fallo-AD-E-006-2024.docx\" \/><\/p>\n<hr \/>\n<p><strong>AD E\/007-2024<\/strong> ADQUISICI\u00d3N DE MATERIALES Y SERVICIOS PARA EL DEPARTAMENTO DE MANTENIMIENTO DE LA DGIU DE LA UNIVERSIDAD AUT\u00d3NOMA DE AGUASCALIENTES.<\/p>\n<p style=\"padding-left: 280px;\"><a href=\"https:\/\/www.uaa.mx\/informacionpublica\/wp-content\/uploads\/2024\/07\/Convocatoria-AD-E-007-2024.pdf\">Bases<\/a><span>\u00a0<\/span><a href=\"https:\/\/www.uaa.mx\/informacionpublica\/wp-content\/uploads\/2024\/07\/Convocatoria-AD-E-007-2024.docx\"><img loading=\"lazy\" decoding=\"async\" class=\"lazy lazy lazy-loaded lazy-loaded alignnone\" src=\"http:\/\/www.uaa.mx\/transparencia\/iconos\/word.gif\" data-lazy-type=\"image\" data-lazy-src=\"http:\/\/www.uaa.mx\/transparencia\/iconos\/word.gif\" alt=\"Conv-LPN E 039-2023\" width=\"17\" height=\"17\" border=\"0\" \/><\/a><br \/>\n<a href=\"https:\/\/www.uaa.mx\/informacionpublica\/wp-content\/uploads\/2024\/08\/Acta-Fallo-AD-E-007-2024.pdf\">Acta de Fallo<\/a><span>\u00a0<\/span><img decoding=\"async\" loading=\"lazy\" class=\"lazy lazy lazy-loaded lazy-loaded alignnone\" src=\"http:\/\/www.uaa.mx\/transparencia\/iconos\/word.gif\" data-lazy-type=\"image\" data-lazy-src=\"http:\/\/www.uaa.mx\/transparencia\/iconos\/word.gif\" alt=\"J.A. LPN E 037-2023\" width=\"17\" height=\"17\" border=\"0\" title=\"https:\/\/www.uaa.mx\/informacionpublica\/wp-content\/uploads\/2024\/08\/Acta-Fallo-AD-E-007-2024.docx\" \/><\/p>\n<hr \/>\n<p><strong>AD E\/008-2024<\/strong> CONTRATACI\u00d3N DE SEGUROS DE BIENES MUEBLES E INMUEBLES PARA LA UNIVERSIDAD AUT\u00d3NOMA DE AGUASCALIENTES.<\/p>\n<p style=\"padding-left: 280px;\"><a href=\"https:\/\/www.uaa.mx\/informacionpublica\/wp-content\/uploads\/2024\/08\/Convocatoria-AD-E-008-2024.pdf\">Bases<\/a><span>\u00a0<\/span><a href=\"https:\/\/www.uaa.mx\/informacionpublica\/wp-content\/uploads\/2024\/08\/Convocatoria-AD-E-008-2024.docx\"><img loading=\"lazy\" decoding=\"async\" class=\"lazy lazy lazy-loaded lazy-loaded alignnone\" src=\"http:\/\/www.uaa.mx\/transparencia\/iconos\/word.gif\" data-lazy-type=\"image\" data-lazy-src=\"http:\/\/www.uaa.mx\/transparencia\/iconos\/word.gif\" alt=\"Conv-LPN E 039-2023\" width=\"17\" height=\"17\" border=\"0\" \/><\/a><br \/>\n<a href=\"https:\/\/www.uaa.mx\/informacionpublica\/wp-content\/uploads\/2024\/08\/Acta-Fallo-AD-E-008-2024-1.pdf\">Acta de Fallo<\/a><span>\u00a0<\/span><img decoding=\"async\" loading=\"lazy\" class=\"lazy lazy lazy-loaded lazy-loaded alignnone\" src=\"http:\/\/www.uaa.mx\/transparencia\/iconos\/word.gif\" data-lazy-type=\"image\" data-lazy-src=\"http:\/\/www.uaa.mx\/transparencia\/iconos\/word.gif\" alt=\"J.A. LPN E 037-2023\" width=\"17\" height=\"17\" border=\"0\" title=\"https:\/\/www.uaa.mx\/informacionpublica\/wp-content\/uploads\/2024\/08\/Acta-Fallo-AD-E-008-2024.docx\" \/><\/p>\n<hr \/>\n<p><strong>AD E\/009-2024<\/strong> ARRENDAMIENTO DE ESCENARIOS, MOBILIARIO Y PIROTECNIA PARA LA FERIA UNIVERSITARIA DE LA UAA, SOLICITADO POR LA DGDYV DE LA UNIVERSIDAD AUT\u00d3NOMA DE AGUASCALIENTES<\/p>\n<p style=\"padding-left: 280px;\"><a href=\"https:\/\/www.uaa.mx\/informacionpublica\/wp-content\/uploads\/2024\/08\/Convocatoria-AD-E-009-2024.pdf\">Bases<\/a><span>\u00a0<\/span><a href=\"https:\/\/www.uaa.mx\/informacionpublica\/wp-content\/uploads\/2024\/08\/Convocatoria-AD-E-009-2024.docx\"><img loading=\"lazy\" decoding=\"async\" class=\"lazy lazy lazy-loaded lazy-loaded alignnone\" src=\"http:\/\/www.uaa.mx\/transparencia\/iconos\/word.gif\" data-lazy-type=\"image\" data-lazy-src=\"http:\/\/www.uaa.mx\/transparencia\/iconos\/word.gif\" alt=\"Conv-LPN E 039-2023\" width=\"17\" height=\"17\" border=\"0\" \/><\/a><br \/>\n<a href=\"https:\/\/www.uaa.mx\/informacionpublica\/wp-content\/uploads\/2024\/08\/Acta-Fallo-AD-E-009-2024.pdf\">Acta de Fallo<\/a><span>\u00a0<\/span><img decoding=\"async\" loading=\"lazy\" class=\"lazy lazy lazy-loaded lazy-loaded alignnone\" src=\"http:\/\/www.uaa.mx\/transparencia\/iconos\/word.gif\" data-lazy-type=\"image\" data-lazy-src=\"http:\/\/www.uaa.mx\/transparencia\/iconos\/word.gif\" alt=\"J.A. LPN E 037-2023\" width=\"17\" height=\"17\" border=\"0\" title=\"https:\/\/www.uaa.mx\/informacionpublica\/wp-content\/uploads\/2024\/08\/Acta-Fallo-AD-E-009-2024.docx\" \/><\/p>\n<hr \/>\n<p><strong>AD E\/010-2024<\/strong> <span data-olk-copy-source=\"MessageBody\">ADQUISICI\u00d3N DE EQUIPOS DE C\u00d3MPUTO, LICENCIAS Y SOFTWARES, PARA LOS DIFERENTES CENTROS ACAD\u00c9MICOS, DEPTO. DE REDES Y TELECOMUNICACIONES DE LA DGPYD DE LA UNIVERSIDAD AUT\u00d3NOMA DE AGUASCALIENTES<\/span><\/p>\n<p style=\"padding-left: 280px;\"><a href=\"https:\/\/www.uaa.mx\/informacionpublica\/wp-content\/uploads\/2024\/10\/Convocatoria-AD-E-010-2024.pdf\">Bases<\/a><span>\u00a0<\/span><a href=\"https:\/\/www.uaa.mx\/informacionpublica\/wp-content\/uploads\/2024\/10\/Convocatoria-AD-E-010-2024.docx\"><img loading=\"lazy\" decoding=\"async\" class=\"lazy lazy lazy-loaded lazy-loaded alignnone\" src=\"http:\/\/www.uaa.mx\/transparencia\/iconos\/word.gif\" data-lazy-type=\"image\" data-lazy-src=\"http:\/\/www.uaa.mx\/transparencia\/iconos\/word.gif\" alt=\"Conv-LPN E 039-2023\" width=\"17\" height=\"17\" border=\"0\" \/><\/a><br \/>\n<a href=\"https:\/\/www.uaa.mx\/informacionpublica\/wp-content\/uploads\/2024\/10\/Acta-Fallo-AD-E-010-2024.pdf\">Acta de Fallo<\/a><span>\u00a0<\/span><img decoding=\"async\" loading=\"lazy\" class=\"lazy lazy lazy-loaded lazy-loaded alignnone\" src=\"http:\/\/www.uaa.mx\/transparencia\/iconos\/word.gif\" data-lazy-type=\"image\" data-lazy-src=\"http:\/\/www.uaa.mx\/transparencia\/iconos\/word.gif\" alt=\"J.A. LPN E 037-2023\" width=\"17\" height=\"17\" border=\"0\" title=\"https:\/\/www.uaa.mx\/informacionpublica\/wp-content\/uploads\/2024\/10\/Acta-Fallo-AD-E-010-2024.docx\" \/><\/p>\n<hr \/>\n<p><strong>AD E\/011-2024<\/strong> <span data-olk-copy-source=\"MessageBody\">ADQUISICI\u00d3N DE LIBROS PARA EL DEPARTAMENTO DE INFORMACI\u00d3N BIBLIOGR\u00c1FICA DE LA DGSE DE LA UNIVERSIDAD AUT\u00d3NOMA DE AGUASCALIENTES.<\/span><\/p>\n<p style=\"padding-left: 280px;\"><a href=\"https:\/\/www.uaa.mx\/informacionpublica\/wp-content\/uploads\/2024\/10\/Convocatoria-AD-E-011-2024.pdf\">Bases<\/a><span>\u00a0<\/span><a href=\"https:\/\/www.uaa.mx\/informacionpublica\/wp-content\/uploads\/2024\/10\/Convocatoria-AD-E-011-2024.docx\"><img loading=\"lazy\" decoding=\"async\" class=\"lazy lazy lazy-loaded lazy-loaded alignnone\" src=\"http:\/\/www.uaa.mx\/transparencia\/iconos\/word.gif\" data-lazy-type=\"image\" data-lazy-src=\"http:\/\/www.uaa.mx\/transparencia\/iconos\/word.gif\" alt=\"Conv-LPN E 039-2023\" width=\"17\" height=\"17\" border=\"0\" \/><\/a><br \/>\n<a href=\"http:\/\/Acta de Fallo\">Acta de Fallo<\/a><span>\u00a0<\/span><img decoding=\"async\" loading=\"lazy\" class=\"lazy lazy lazy-loaded lazy-loaded alignnone\" src=\"http:\/\/www.uaa.mx\/transparencia\/iconos\/word.gif\" data-lazy-type=\"image\" data-lazy-src=\"http:\/\/www.uaa.mx\/transparencia\/iconos\/word.gif\" alt=\"J.A. LPN E 037-2023\" width=\"17\" height=\"17\" border=\"0\" title=\"https:\/\/www.uaa.mx\/informacionpublica\/wp-content\/uploads\/2024\/11\/Acta-Fallo-AD-E-011-2024.docx\" \/><\/p>\n<hr \/>\n<p><strong>AD E\/012-2024<\/strong> <span data-olk-copy-source=\"MessageBody\">CONTRATACI\u00d3N DE SERVICIOS DIVERSOS Y ADQUISICI\u00d3N DE MATERIALES PARA EL DEPTO. DE MANTENIMIENTO DE LA DGIU DE LA UNIVERSIDAD AUT\u00d3NOMA DE AGUASCALIENTES.<\/span><\/p>\n<p style=\"padding-left: 280px;\"><a href=\"https:\/\/www.uaa.mx\/informacionpublica\/wp-content\/uploads\/2024\/11\/Convocatoria-AD-E-012-2024-1.pdf\">Bases<\/a><span>\u00a0<\/span><a href=\"https:\/\/www.uaa.mx\/informacionpublica\/wp-content\/uploads\/2024\/11\/Convocatoria-AD-E-012-2024-1.docx\"><img loading=\"lazy\" decoding=\"async\" class=\"lazy lazy lazy-loaded lazy-loaded alignnone\" src=\"http:\/\/www.uaa.mx\/transparencia\/iconos\/word.gif\" data-lazy-type=\"image\" data-lazy-src=\"http:\/\/www.uaa.mx\/transparencia\/iconos\/word.gif\" alt=\"Conv-LPN E 039-2023\" width=\"17\" height=\"17\" border=\"0\" \/><\/a><br \/>\n<a href=\"https:\/\/www.uaa.mx\/informacionpublica\/wp-content\/uploads\/2024\/11\/Acta-Fallo-AD-E-012-2024.pdf\">Acta de Fallo<\/a><span>\u00a0<\/span><img decoding=\"async\" loading=\"lazy\" class=\"lazy lazy lazy-loaded lazy-loaded alignnone\" src=\"http:\/\/www.uaa.mx\/transparencia\/iconos\/word.gif\" data-lazy-type=\"image\" data-lazy-src=\"http:\/\/www.uaa.mx\/transparencia\/iconos\/word.gif\" alt=\"J.A. LPN E 037-2023\" width=\"17\" height=\"17\" border=\"0\" title=\"https:\/\/www.uaa.mx\/informacionpublica\/wp-content\/uploads\/2024\/11\/Acta-Fallo-AD-E-012-2024.docx\" \/><\/p>\n<hr \/>\n<p><strong>AD E\/013-2024<\/strong> <span data-olk-copy-source=\"MessageBody\">ADQUISICI\u00d3N DE EQUIPOS DE TECNOLOG\u00cdA, LABORATORIO Y MOBILIARIO PARA LA UNIVERSIDAD AUT\u00d3NOMA DE AGUASCALIENTES.<\/span><\/p>\n<p style=\"padding-left: 280px;\"><a href=\"https:\/\/www.uaa.mx\/informacionpublica\/wp-content\/uploads\/2024\/11\/Convocatoria-AD-E-013-2024.pdf\">Bases<\/a><span>\u00a0<\/span><a href=\"https:\/\/www.uaa.mx\/informacionpublica\/wp-content\/uploads\/2024\/11\/Convocatoria-AD-E-013-2024.docx\"><img loading=\"lazy\" decoding=\"async\" class=\"lazy lazy lazy-loaded lazy-loaded alignnone\" src=\"http:\/\/www.uaa.mx\/transparencia\/iconos\/word.gif\" data-lazy-type=\"image\" data-lazy-src=\"http:\/\/www.uaa.mx\/transparencia\/iconos\/word.gif\" alt=\"Conv-LPN E 039-2023\" width=\"17\" height=\"17\" border=\"0\" \/><\/a><br \/>\n<a href=\"https:\/\/www.uaa.mx\/informacionpublica\/wp-content\/uploads\/2024\/11\/Acta-Fallo-AD-E-013-2024.pdf\">Acta de Fallo<\/a><span>\u00a0<\/span><img decoding=\"async\" loading=\"lazy\" class=\"lazy lazy lazy-loaded lazy-loaded alignnone\" src=\"http:\/\/www.uaa.mx\/transparencia\/iconos\/word.gif\" data-lazy-type=\"image\" data-lazy-src=\"http:\/\/www.uaa.mx\/transparencia\/iconos\/word.gif\" alt=\"J.A. LPN E 037-2023\" width=\"17\" height=\"17\" border=\"0\" title=\"https:\/\/www.uaa.mx\/informacionpublica\/wp-content\/uploads\/2024\/11\/Acta-Fallo-AD-E-013-2024.docx\" \/><\/p>\n","protected":false},"excerpt":{"rendered":"<p>AD E\/001-2024 CONTRATACI\u00d3N SERVICIOS DE MANTENIMIENTO PREVENTIVO DE VEH\u00cdCULOS Y CONTRATACI\u00d3N DE SERVICIOS DE AROMATIZACI\u00d3N Y SANITIZACI\u00d3N, PARA EL DEPARTAMENTO DE SERVICIOS GENERALES DE LA DGIU DE LA UNIVERSIDAD AUT\u00d3NOMA DE AGUASCALIENTES. Bases\u00a0 Acta de Fallo\u00a0 AD E\/002-2024 CONTRATACI\u00d3N SERVICIOS DE MANTENIMIENTO PREVENTIVO DE VEH\u00cdCULOS, PARA EL DEPARTAMENTO DE SERVICIOS [&hellip;]<\/p>\n","protected":false},"author":4,"featured_media":0,"parent":10758,"menu_order":3,"comment_status":"closed","ping_status":"closed","template":"","meta":{"footnotes":""},"class_list":["post-11059","page","type-page","status-publish","hentry"],"_links":{"self":[{"href":"https:\/\/www.uaa.mx\/informacionpublica\/wp-json\/wp\/v2\/pages\/11059","targetHints":{"allow":["GET"]}}],"collection":[{"href":"https:\/\/www.uaa.mx\/informacionpublica\/wp-json\/wp\/v2\/pages"}],"about":[{"href":"https:\/\/www.uaa.mx\/informacionpublica\/wp-json\/wp\/v2\/types\/page"}],"author":[{"embeddable":true,"href":"https:\/\/www.uaa.mx\/informacionpublica\/wp-json\/wp\/v2\/users\/4"}],"replies":[{"embeddable":true,"href":"https:\/\/www.uaa.mx\/informacionpublica\/wp-json\/wp\/v2\/comments?post=11059"}],"version-history":[{"count":35,"href":"https:\/\/www.uaa.mx\/informacionpublica\/wp-json\/wp\/v2\/pages\/11059\/revisions"}],"predecessor-version":[{"id":12734,"href":"https:\/\/www.uaa.mx\/informacionpublica\/wp-json\/wp\/v2\/pages\/11059\/revisions\/12734"}],"up":[{"embeddable":true,"href":"https:\/\/www.uaa.mx\/informacionpublica\/wp-json\/wp\/v2\/pages\/10758"}],"wp:attachment":[{"href":"https:\/\/www.uaa.mx\/informacionpublica\/wp-json\/wp\/v2\/media?parent=11059"}],"curies":[{"name":"wp","href":"https:\/\/api.w.org\/{rel}","templated":true}]}}