{"id":14986,"date":"2026-02-09T20:53:53","date_gmt":"2026-02-09T20:53:53","guid":{"rendered":"https:\/\/www.uaa.mx\/informacionpublica\/?page_id=14986"},"modified":"2026-04-17T16:54:20","modified_gmt":"2026-04-17T16:54:20","slug":"adjudicacion-directa","status":"publish","type":"page","link":"https:\/\/www.uaa.mx\/informacionpublica\/transparencia-proactiva\/convocatorias-para-adquisiciones-de-bienes-y-servicios\/ejercicio-2026\/adjudicacion-directa\/","title":{"rendered":"Adjudicaci\u00f3n Directa"},"content":{"rendered":"\n<p><\/p>\n\n\n\n<p><strong>AD E\/003-2026<\/strong> ADQUISICI\u00d3N DE MATERIAL PARA EL SERVICIO DE ESTOMATOLOG\u00cdA DE LA UNIDAD M\u00c9DICO DID\u00c1CTICA DEL CCS DE LA UNIVERSIDAD AUT\u00d3NOMA DE AGUASCALIENTESS.<\/p>\n\n\n<div class=\"wp-block-image\">\n<figure class=\"aligncenter is-resized\"><a href=\"https:\/\/www.uaa.mx\/informacionpublica\/wp-content\/uploads\/2026\/04\/Convocatoria-AD-E-003-2026.docx\"><img decoding=\"async\" src=\"http:\/\/www.uaa.mx\/transparencia\/iconos\/word.gif\" alt=\"Conv-AD E 003-2026\" style=\"aspect-ratio:7.030092592592593;width:190px;height:auto\"\/><\/a><\/figure>\n<\/div>\n\n\n<p class=\"has-text-align-center\"><a href=\"https:\/\/www.uaa.mx\/informacionpublica\/wp-content\/uploads\/2026\/04\/Convocatoria-AD-E-003-2026.pdf\">Bases<\/a><\/p>\n\n\n<div class=\"wp-block-image\">\n<figure class=\"aligncenter is-resized\"><a href=\"https:\/\/www.uaa.mx\/informacionpublica\/wp-content\/uploads\/2026\/04\/Acta-Fallo-AD-E-003-2026.pdf\"><img decoding=\"async\" src=\"http:\/\/www.uaa.mx\/transparencia\/iconos\/word.gif\" alt=\"Acta-Fallo-AD-E-003-2026\" style=\"aspect-ratio:8.33449074074074;width:167px;height:auto\"\/><\/a><\/figure>\n<\/div>\n\n\n<p class=\"has-text-align-center\"><a href=\"https:\/\/www.uaa.mx\/informacionpublica\/wp-content\/uploads\/2026\/04\/Acta-Fallo-AD-E-003-2026.docx\">Fallo<\/a><\/p>\n\n\n\n<p><strong>AD E\/002-2026<\/strong> CONTRATACI\u00d3N DE SERVICIOS DE MANTENIMIENTO PREVENTIVO DE VEH\u00cdCULOS, ADQUISICI\u00d3N DE LLANTAS Y SERVICIO DE MONITOREO POR GPS DE UNIDADES DEL PADR\u00d3N VEHICULAR PARA EL DEPTO. DE SERVICIOS GENERALES DE LA DGIU DE LA UNIVERSIDAD AUT\u00d3NOMA DE AGUASCALIENTES. <\/p>\n\n\n<div class=\"wp-block-image\">\n<figure class=\"aligncenter is-resized\"><a href=\"https:\/\/www.uaa.mx\/informacionpublica\/wp-content\/uploads\/2026\/03\/Convocatoria-AD-E-002-2026.docx\"><img decoding=\"async\" src=\"http:\/\/www.uaa.mx\/transparencia\/iconos\/word.gif\" alt=\"Conv-AD E 002-20263\" style=\"aspect-ratio:7.030092592592593;width:190px;height:auto\"\/><\/a><\/figure>\n<\/div>\n\n\n<p class=\"has-text-align-center\"><a href=\"https:\/\/www.uaa.mx\/informacionpublica\/wp-content\/uploads\/2026\/03\/Convocatoria-AD-E-002-2026.pdf\">Bases<\/a><\/p>\n\n\n<div class=\"wp-block-image\">\n<figure class=\"aligncenter is-resized\"><a href=\"https:\/\/www.uaa.mx\/informacionpublica\/wp-content\/uploads\/2026\/04\/Acta-Fallo-AD-E-002-2026.docx\"><img decoding=\"async\" src=\"http:\/\/www.uaa.mx\/transparencia\/iconos\/word.gif\" alt=\"Acta-Fallo-AD-E-002-2026\" style=\"aspect-ratio:8.33449074074074;width:167px;height:auto\"\/><\/a><\/figure>\n<\/div>\n\n\n<p class=\"has-text-align-center\"><a href=\"https:\/\/www.uaa.mx\/informacionpublica\/wp-content\/uploads\/2026\/04\/Acta-Fallo-AD-E-002-2026.pdf\">Fallo<\/a><\/p>\n\n\n\n<p><strong>AD E\/001-2026<\/strong> CONTRATACI\u00d3N DE SERVICIOS DE AROMATIZACI\u00d3N, SANITIZACI\u00d3N, FUMIGACI\u00d3N, DESRATIZACI\u00d3N, MANTENIMIENTO PREVENTIVO A MAQUINARIAS Y EQUIPOS;  CONTRATACI\u00d3N DE SERVICIO DE AN\u00c1LISIS DE CALIDAD DEL AGUA, PLANTAS TRATADORAS DE DIVERSOS CAMPUS DE LA UNIVERSIDAD AUT\u00d3NOMA DE AGUASCALIENTES Y SERVICIO DE DESAZOLVE, DEPTO. DE SERVICIOS GENERALES DE LA DGIU. <\/p>\n\n\n<div class=\"wp-block-image\">\n<figure class=\"aligncenter is-resized\"><a href=\"https:\/\/www.uaa.mx\/informacionpublica\/wp-content\/uploads\/2026\/03\/Convocatoria-AD-E-001-2026.docx\"><img decoding=\"async\" src=\"http:\/\/www.uaa.mx\/transparencia\/iconos\/word.gif\" alt=\"Conv-AD-E-001-2026\" style=\"aspect-ratio:7.030092592592593;width:190px;height:auto\"\/><\/a><\/figure>\n<\/div>\n\n\n<p class=\"has-text-align-center\"><a href=\"https:\/\/www.uaa.mx\/informacionpublica\/wp-content\/uploads\/2026\/03\/Convocatoria-AD-E-001-2026.pdf\">Bases<\/a><\/p>\n\n\n<div class=\"wp-block-image\">\n<figure class=\"aligncenter is-resized\"><a href=\"https:\/\/www.uaa.mx\/informacionpublica\/wp-content\/uploads\/2026\/04\/3-Acta-Fallo-AD-E-001-2026.docx\"><img decoding=\"async\" src=\"http:\/\/www.uaa.mx\/transparencia\/iconos\/word.gif\" alt=\"Acta-Fallo-AD-E-001-2026\" style=\"aspect-ratio:7.030092592592593;width:190px;height:auto\"\/><\/a><\/figure>\n<\/div>\n\n\n<p class=\"has-text-align-center\"><a href=\"https:\/\/www.uaa.mx\/informacionpublica\/wp-content\/uploads\/2026\/04\/3-Acta-Fallo-AD-E-001-2026.pdf\">Fallo<\/a><\/p>\n\n\n\n<p><br><a href=\"https:\/\/www.uaa.mx\/informacionpublica\/wp-content\/uploads\/2025\/11\/Acta-Fallo-AD-E-021-2025.docx\"><\/a><\/p>\n","protected":false},"excerpt":{"rendered":"<p>AD E\/003-2026 ADQUISICI\u00d3N DE MATERIAL PARA EL SERVICIO DE ESTOMATOLOG\u00cdA DE LA UNIDAD M\u00c9DICO DID\u00c1CTICA DEL CCS DE LA UNIVERSIDAD AUT\u00d3NOMA DE AGUASCALIENTESS. Bases Fallo AD E\/002-2026 CONTRATACI\u00d3N DE SERVICIOS DE MANTENIMIENTO PREVENTIVO DE VEH\u00cdCULOS, ADQUISICI\u00d3N DE LLANTAS Y SERVICIO DE MONITOREO POR GPS DE UNIDADES DEL PADR\u00d3N VEHICULAR PARA [&hellip;]<\/p>\n","protected":false},"author":8,"featured_media":0,"parent":14978,"menu_order":0,"comment_status":"closed","ping_status":"closed","template":"","meta":{"footnotes":""},"class_list":["post-14986","page","type-page","status-publish","hentry"],"_links":{"self":[{"href":"https:\/\/www.uaa.mx\/informacionpublica\/wp-json\/wp\/v2\/pages\/14986","targetHints":{"allow":["GET"]}}],"collection":[{"href":"https:\/\/www.uaa.mx\/informacionpublica\/wp-json\/wp\/v2\/pages"}],"about":[{"href":"https:\/\/www.uaa.mx\/informacionpublica\/wp-json\/wp\/v2\/types\/page"}],"author":[{"embeddable":true,"href":"https:\/\/www.uaa.mx\/informacionpublica\/wp-json\/wp\/v2\/users\/8"}],"replies":[{"embeddable":true,"href":"https:\/\/www.uaa.mx\/informacionpublica\/wp-json\/wp\/v2\/comments?post=14986"}],"version-history":[{"count":22,"href":"https:\/\/www.uaa.mx\/informacionpublica\/wp-json\/wp\/v2\/pages\/14986\/revisions"}],"predecessor-version":[{"id":15779,"href":"https:\/\/www.uaa.mx\/informacionpublica\/wp-json\/wp\/v2\/pages\/14986\/revisions\/15779"}],"up":[{"embeddable":true,"href":"https:\/\/www.uaa.mx\/informacionpublica\/wp-json\/wp\/v2\/pages\/14978"}],"wp:attachment":[{"href":"https:\/\/www.uaa.mx\/informacionpublica\/wp-json\/wp\/v2\/media?parent=14986"}],"curies":[{"name":"wp","href":"https:\/\/api.w.org\/{rel}","templated":true}]}}