{"id":15011,"date":"2026-02-10T14:18:40","date_gmt":"2026-02-10T14:18:40","guid":{"rendered":"https:\/\/www.uaa.mx\/informacionpublica\/?page_id=15011"},"modified":"2026-05-05T20:25:38","modified_gmt":"2026-05-05T20:25:38","slug":"ejercicio-2026","status":"publish","type":"page","link":"https:\/\/www.uaa.mx\/informacionpublica\/transparencia-proactiva\/convocatoria-para-obra-publica\/ejercicio-2026\/","title":{"rendered":"Ejercicio 2026"},"content":{"rendered":"\n<p class=\"has-text-align-left\"><strong>UAA- LOPEA-003-2026<\/strong> COMPLEMENTO DE LA TERCERA ETAPA DE URBANIZACI\u00d3N PARA LA<br>CONSOLIDACI\u00d3N DE INSTALACIONES EN EL C.E.M. PLANTEL NORTE<\/p>\n\n\n\n<p class=\"has-text-align-center\"><a href=\"https:\/\/www.uaa.mx\/informacionpublica\/wp-content\/uploads\/2026\/05\/BASES-UAA-LOPEA-003-2026.pdf\">Bases de Licitaci\u00f3n<\/a><\/p>\n\n\n\n<p class=\"has-text-align-center\"><a href=\"https:\/\/www.uaa.mx\/informacionpublica\/wp-content\/uploads\/2026\/05\/UAA-LOPEA-003-2026_Junta-de-Aclaraciones.pdf\">Junta de Aclaraciones<\/a><\/p>\n\n\n\n<p class=\"has-text-align-left\"><strong>UAA- LOPEA-002-2026<\/strong> CONSTRUCCI\u00d3N DE CISTERNA PLUVIAL, PLANTEL NORTE DEL C.E.M.<\/p>\n\n\n\n<p class=\"has-text-align-center\"><a href=\"https:\/\/www.uaa.mx\/informacionpublica\/wp-content\/uploads\/2026\/03\/BASES-UAA-LOPEA-002-2026.pdf\">Bases de Licitaci\u00f3n<\/a><\/p>\n\n\n\n<p class=\"has-text-align-center\"><a href=\"https:\/\/www.uaa.mx\/informacionpublica\/wp-content\/uploads\/2026\/03\/UAA-LOPEA-002-2026_Junta-de-Aclaraciones.pdf\">Junta de Aclaraciones<\/a><\/p>\n\n\n\n<p class=\"has-text-align-center\"><a href=\"https:\/\/www.uaa.mx\/informacionpublica\/wp-content\/uploads\/2026\/04\/UAA-LOPEA-002-2026_Apertura-Tecnica.pdf\">Apertura T\u00e9cnica<\/a><\/p>\n\n\n\n<p class=\"has-text-align-center\"><a href=\"https:\/\/www.uaa.mx\/informacionpublica\/wp-content\/uploads\/2026\/04\/UAA-LOPEA-002-2026_Apertura-Economica.pdf\">Apertura Econ\u00f3mica<\/a><br><a href=\"https:\/\/www.uaa.mx\/informacionpublica\/wp-content\/uploads\/2026\/04\/UAA-LOPEA-002-2025_Fallo-Tecnico.pdf\">Fallo T\u00e9cnico<\/a><\/p>\n\n\n\n<p class=\"has-text-align-center\"><a href=\"https:\/\/www.uaa.mx\/informacionpublica\/wp-content\/uploads\/2026\/04\/UAA-LOPEA-002-202_Fallo-de-Adjudicacion.pdf\">Fallo de Adjudicaci\u00f3n<\/a><\/p>\n\n\n\n<p class=\"has-text-align-left\"><strong>UAA- LOPEA-001-2026<\/strong> CONSTRUCCI\u00d3N DE VELAR\u00cdA PARA LA CANCHA DE BASQUETBOL EN EL PLANTEL NORTE DEL C.E.M.<\/p>\n\n\n\n<p class=\"has-text-align-center\"><a href=\"https:\/\/www.uaa.mx\/informacionpublica\/wp-content\/uploads\/2026\/03\/BASES-UAA-LOPEA-001-2026.pdf\">Bases de Licitaci\u00f3n<\/a><\/p>\n\n\n\n<p class=\"has-text-align-center\"><a href=\"https:\/\/www.uaa.mx\/informacionpublica\/wp-content\/uploads\/2026\/03\/UAA-LOPEA-001-2026_Junta-de-Aclaraciones.pdf\">Junta de Aclaraciones<\/a><\/p>\n\n\n\n<p class=\"has-text-align-center\"><a href=\"https:\/\/www.uaa.mx\/informacionpublica\/wp-content\/uploads\/2026\/03\/UAA-LOPEA-001-2026_Apertura-Tecnica.pdf\">Apertura T\u00e9cnica<\/a><\/p>\n\n\n\n<p class=\"has-text-align-center\"><a href=\"https:\/\/www.uaa.mx\/informacionpublica\/wp-content\/uploads\/2026\/04\/UAA-LOPEA-001-2026_Apertura-Economica.pdf\">Apertura Econ\u00f3mica<\/a><br><a href=\"https:\/\/www.uaa.mx\/informacionpublica\/wp-content\/uploads\/2026\/04\/UAA-LOPEA-001-2026_Fallo-Tecnico.pdf\">Fallo T\u00e9cnico<\/a><\/p>\n\n\n\n<p class=\"has-text-align-center\"><a href=\"https:\/\/www.uaa.mx\/informacionpublica\/wp-content\/uploads\/2026\/04\/UAA-LOPEA-001-2026_Fallo-de-Adjudicacion.pdf\">Fallo de Adjudicaci\u00f3n<\/a><\/p>\n\n\n\n<p><\/p>\n","protected":false},"excerpt":{"rendered":"<p>UAA- LOPEA-003-2026 COMPLEMENTO DE LA TERCERA ETAPA DE URBANIZACI\u00d3N PARA LACONSOLIDACI\u00d3N DE INSTALACIONES EN EL C.E.M. PLANTEL NORTE Bases de Licitaci\u00f3n Junta de Aclaraciones UAA- LOPEA-002-2026 CONSTRUCCI\u00d3N DE CISTERNA PLUVIAL, PLANTEL NORTE DEL C.E.M. Bases de Licitaci\u00f3n Junta de Aclaraciones Apertura T\u00e9cnica Apertura Econ\u00f3micaFallo T\u00e9cnico Fallo de Adjudicaci\u00f3n UAA- LOPEA-001-2026 [&hellip;]<\/p>\n","protected":false},"author":8,"featured_media":0,"parent":6113,"menu_order":0,"comment_status":"closed","ping_status":"closed","template":"","meta":{"footnotes":""},"class_list":["post-15011","page","type-page","status-publish","hentry"],"_links":{"self":[{"href":"https:\/\/www.uaa.mx\/informacionpublica\/wp-json\/wp\/v2\/pages\/15011","targetHints":{"allow":["GET"]}}],"collection":[{"href":"https:\/\/www.uaa.mx\/informacionpublica\/wp-json\/wp\/v2\/pages"}],"about":[{"href":"https:\/\/www.uaa.mx\/informacionpublica\/wp-json\/wp\/v2\/types\/page"}],"author":[{"embeddable":true,"href":"https:\/\/www.uaa.mx\/informacionpublica\/wp-json\/wp\/v2\/users\/8"}],"replies":[{"embeddable":true,"href":"https:\/\/www.uaa.mx\/informacionpublica\/wp-json\/wp\/v2\/comments?post=15011"}],"version-history":[{"count":17,"href":"https:\/\/www.uaa.mx\/informacionpublica\/wp-json\/wp\/v2\/pages\/15011\/revisions"}],"predecessor-version":[{"id":15825,"href":"https:\/\/www.uaa.mx\/informacionpublica\/wp-json\/wp\/v2\/pages\/15011\/revisions\/15825"}],"up":[{"embeddable":true,"href":"https:\/\/www.uaa.mx\/informacionpublica\/wp-json\/wp\/v2\/pages\/6113"}],"wp:attachment":[{"href":"https:\/\/www.uaa.mx\/informacionpublica\/wp-json\/wp\/v2\/media?parent=15011"}],"curies":[{"name":"wp","href":"https:\/\/api.w.org\/{rel}","templated":true}]}}