{"id":771,"date":"2017-08-22T00:46:42","date_gmt":"2017-08-22T00:46:42","guid":{"rendered":"http:\/\/www.uaa.mx\/informacionpublica\/?page_id=771"},"modified":"2025-06-16T19:28:09","modified_gmt":"2025-06-16T19:28:09","slug":"transparencia-proactiva","status":"publish","type":"page","link":"https:\/\/www.uaa.mx\/informacionpublica\/transparencia-proactiva\/","title":{"rendered":"Transparencia Proactiva"},"content":{"rendered":"<hr \/>\n<ul>\n<li><a href=\"http:\/\/www.uaa.mx\/informacionpublica\/?page_id=788\">Convocatorias para Adquisiciones de Bienes y Servicios<\/a><\/li>\n<\/ul>\n<hr \/>\n<ul>\n<li><a href=\"https:\/\/www.uaa.mx\/informacionpublica\/?page_id=6113&amp;preview=true\">Convocatorias para Obra P\u00fablica<\/a><\/li>\n<\/ul>\n<hr \/>\n<ul>\n<li><a href=\"https:\/\/www.uaa.mx\/informacionpublica\/?page_id=4257\">Programa Anual de Adquisiciones, Arrendamientos y Servicios (PAAAS)<\/a><\/li>\n<\/ul>\n<hr \/>\n<ul>\n<li><a href=\"https:\/\/www.uaa.mx\/informacionpublica\/?page_id=7400\">Programa Anual de Obra P\u00fablica<\/a><\/li>\n<\/ul>\n<hr \/>\n<ul>\n<li><a href=\"https:\/\/www.uaa.mx\/informacionpublica\/?page_id=13728\">Desempe\u00f1o de los Programas Presupuestarios<\/a><\/li>\n<\/ul>\n","protected":false},"excerpt":{"rendered":"<p>Convocatorias para Adquisiciones de Bienes y Servicios Convocatorias para Obra P\u00fablica Programa Anual de Adquisiciones, Arrendamientos y Servicios (PAAAS) Programa Anual de Obra P\u00fablica Desempe\u00f1o de los Programas Presupuestarios<\/p>\n","protected":false},"author":4,"featured_media":0,"parent":0,"menu_order":8,"comment_status":"closed","ping_status":"closed","template":"","meta":{"footnotes":""},"class_list":["post-771","page","type-page","status-publish","hentry"],"_links":{"self":[{"href":"https:\/\/www.uaa.mx\/informacionpublica\/wp-json\/wp\/v2\/pages\/771","targetHints":{"allow":["GET"]}}],"collection":[{"href":"https:\/\/www.uaa.mx\/informacionpublica\/wp-json\/wp\/v2\/pages"}],"about":[{"href":"https:\/\/www.uaa.mx\/informacionpublica\/wp-json\/wp\/v2\/types\/page"}],"author":[{"embeddable":true,"href":"https:\/\/www.uaa.mx\/informacionpublica\/wp-json\/wp\/v2\/users\/4"}],"replies":[{"embeddable":true,"href":"https:\/\/www.uaa.mx\/informacionpublica\/wp-json\/wp\/v2\/comments?post=771"}],"version-history":[{"count":8,"href":"https:\/\/www.uaa.mx\/informacionpublica\/wp-json\/wp\/v2\/pages\/771\/revisions"}],"predecessor-version":[{"id":13732,"href":"https:\/\/www.uaa.mx\/informacionpublica\/wp-json\/wp\/v2\/pages\/771\/revisions\/13732"}],"wp:attachment":[{"href":"https:\/\/www.uaa.mx\/informacionpublica\/wp-json\/wp\/v2\/media?parent=771"}],"curies":[{"name":"wp","href":"https:\/\/api.w.org\/{rel}","templated":true}]}}