{"id":8650,"date":"2022-11-07T17:58:16","date_gmt":"2022-11-07T17:58:16","guid":{"rendered":"https:\/\/www.uaa.mx\/informacionpublica\/?page_id=8650"},"modified":"2023-02-02T19:13:53","modified_gmt":"2023-02-02T19:13:53","slug":"ejercicio-2022","status":"publish","type":"page","link":"https:\/\/www.uaa.mx\/informacionpublica\/transparencia-proactiva\/convocatorias-para-adquisiciones-de-bienes-y-servicios\/ejercicio-2022\/","title":{"rendered":"Ejercicio 2022"},"content":{"rendered":"<h3><a href=\"https:\/\/www.uaa.mx\/informacionpublica\/?page_id=8673\">Licitaci\u00f3n P\u00fablica Nacional<\/a><\/h3>\n<h3><a href=\"https:\/\/www.uaa.mx\/informacionpublica\/?page_id=8675\">Invitaci\u00f3n a cuando menos Tres Personas<\/a><\/h3>\n<h3><a href=\"https:\/\/www.uaa.mx\/informacionpublica\/?page_id=8684\">Adjudicaci\u00f3n Directa<\/a><\/h3>\n<p>&nbsp;<\/p>\n<p style=\"text-align: center;\">\n","protected":false},"excerpt":{"rendered":"<p>Licitaci\u00f3n P\u00fablica Nacional Invitaci\u00f3n a cuando menos Tres Personas Adjudicaci\u00f3n Directa &nbsp;<\/p>\n","protected":false},"author":2,"featured_media":0,"parent":788,"menu_order":1,"comment_status":"closed","ping_status":"closed","template":"","meta":{"footnotes":""},"class_list":["post-8650","page","type-page","status-publish","hentry"],"_links":{"self":[{"href":"https:\/\/www.uaa.mx\/informacionpublica\/wp-json\/wp\/v2\/pages\/8650","targetHints":{"allow":["GET"]}}],"collection":[{"href":"https:\/\/www.uaa.mx\/informacionpublica\/wp-json\/wp\/v2\/pages"}],"about":[{"href":"https:\/\/www.uaa.mx\/informacionpublica\/wp-json\/wp\/v2\/types\/page"}],"author":[{"embeddable":true,"href":"https:\/\/www.uaa.mx\/informacionpublica\/wp-json\/wp\/v2\/users\/2"}],"replies":[{"embeddable":true,"href":"https:\/\/www.uaa.mx\/informacionpublica\/wp-json\/wp\/v2\/comments?post=8650"}],"version-history":[{"count":16,"href":"https:\/\/www.uaa.mx\/informacionpublica\/wp-json\/wp\/v2\/pages\/8650\/revisions"}],"predecessor-version":[{"id":8904,"href":"https:\/\/www.uaa.mx\/informacionpublica\/wp-json\/wp\/v2\/pages\/8650\/revisions\/8904"}],"up":[{"embeddable":true,"href":"https:\/\/www.uaa.mx\/informacionpublica\/wp-json\/wp\/v2\/pages\/788"}],"wp:attachment":[{"href":"https:\/\/www.uaa.mx\/informacionpublica\/wp-json\/wp\/v2\/media?parent=8650"}],"curies":[{"name":"wp","href":"https:\/\/api.w.org\/{rel}","templated":true}]}}