{"id":8657,"date":"2022-11-07T18:05:04","date_gmt":"2022-11-07T18:05:04","guid":{"rendered":"https:\/\/www.uaa.mx\/informacionpublica\/?page_id=8657"},"modified":"2022-11-07T18:52:48","modified_gmt":"2022-11-07T18:52:48","slug":"ejercicio-2021","status":"publish","type":"page","link":"https:\/\/www.uaa.mx\/informacionpublica\/transparencia-proactiva\/convocatorias-para-adquisiciones-de-bienes-y-servicios\/ejercicio-2021\/","title":{"rendered":"Ejercicio 2021"},"content":{"rendered":"<h3><a href=\"https:\/\/www.uaa.mx\/informacionpublica\/?page_id=8688\">Licitaci\u00f3n P\u00fablica Nacional<\/a><\/h3>\n<h3><a href=\"https:\/\/www.uaa.mx\/informacionpublica\/?page_id=8692\">Invitaci\u00f3n a cuando menos Tres Personas<\/a><\/h3>\n<p style=\"text-align: center;\">\n","protected":false},"excerpt":{"rendered":"<p>Licitaci\u00f3n P\u00fablica Nacional Invitaci\u00f3n a cuando menos Tres Personas<\/p>\n","protected":false},"author":2,"featured_media":0,"parent":788,"menu_order":2,"comment_status":"closed","ping_status":"closed","template":"","meta":{"footnotes":""},"class_list":["post-8657","page","type-page","status-publish","hentry"],"_links":{"self":[{"href":"https:\/\/www.uaa.mx\/informacionpublica\/wp-json\/wp\/v2\/pages\/8657","targetHints":{"allow":["GET"]}}],"collection":[{"href":"https:\/\/www.uaa.mx\/informacionpublica\/wp-json\/wp\/v2\/pages"}],"about":[{"href":"https:\/\/www.uaa.mx\/informacionpublica\/wp-json\/wp\/v2\/types\/page"}],"author":[{"embeddable":true,"href":"https:\/\/www.uaa.mx\/informacionpublica\/wp-json\/wp\/v2\/users\/2"}],"replies":[{"embeddable":true,"href":"https:\/\/www.uaa.mx\/informacionpublica\/wp-json\/wp\/v2\/comments?post=8657"}],"version-history":[{"count":9,"href":"https:\/\/www.uaa.mx\/informacionpublica\/wp-json\/wp\/v2\/pages\/8657\/revisions"}],"predecessor-version":[{"id":8717,"href":"https:\/\/www.uaa.mx\/informacionpublica\/wp-json\/wp\/v2\/pages\/8657\/revisions\/8717"}],"up":[{"embeddable":true,"href":"https:\/\/www.uaa.mx\/informacionpublica\/wp-json\/wp\/v2\/pages\/788"}],"wp:attachment":[{"href":"https:\/\/www.uaa.mx\/informacionpublica\/wp-json\/wp\/v2\/media?parent=8657"}],"curies":[{"name":"wp","href":"https:\/\/api.w.org\/{rel}","templated":true}]}}