{"id":8662,"date":"2022-11-07T18:09:32","date_gmt":"2022-11-07T18:09:32","guid":{"rendered":"https:\/\/www.uaa.mx\/informacionpublica\/?page_id=8662"},"modified":"2022-11-07T18:56:01","modified_gmt":"2022-11-07T18:56:01","slug":"ejercicio-2020","status":"publish","type":"page","link":"https:\/\/www.uaa.mx\/informacionpublica\/transparencia-proactiva\/convocatorias-para-adquisiciones-de-bienes-y-servicios\/ejercicio-2020\/","title":{"rendered":"Ejercicio 2020"},"content":{"rendered":"<h3><a href=\"https:\/\/www.uaa.mx\/informacionpublica\/?page_id=8695\">Licitaci\u00f3n P\u00fablica Nacional<\/a><\/h3>\n<h3><a href=\"https:\/\/www.uaa.mx\/informacionpublica\/?page_id=8698\">Invitaci\u00f3n a cuando menos Tres Personas<\/a><\/h3>\n<p style=\"text-align: center;\">\n<p style=\"text-align: center;\">\n","protected":false},"excerpt":{"rendered":"<p>Licitaci\u00f3n P\u00fablica Nacional Invitaci\u00f3n a cuando menos Tres Personas<\/p>\n","protected":false},"author":2,"featured_media":0,"parent":788,"menu_order":3,"comment_status":"closed","ping_status":"closed","template":"","meta":{"footnotes":""},"class_list":["post-8662","page","type-page","status-publish","hentry"],"_links":{"self":[{"href":"https:\/\/www.uaa.mx\/informacionpublica\/wp-json\/wp\/v2\/pages\/8662","targetHints":{"allow":["GET"]}}],"collection":[{"href":"https:\/\/www.uaa.mx\/informacionpublica\/wp-json\/wp\/v2\/pages"}],"about":[{"href":"https:\/\/www.uaa.mx\/informacionpublica\/wp-json\/wp\/v2\/types\/page"}],"author":[{"embeddable":true,"href":"https:\/\/www.uaa.mx\/informacionpublica\/wp-json\/wp\/v2\/users\/2"}],"replies":[{"embeddable":true,"href":"https:\/\/www.uaa.mx\/informacionpublica\/wp-json\/wp\/v2\/comments?post=8662"}],"version-history":[{"count":6,"href":"https:\/\/www.uaa.mx\/informacionpublica\/wp-json\/wp\/v2\/pages\/8662\/revisions"}],"predecessor-version":[{"id":8722,"href":"https:\/\/www.uaa.mx\/informacionpublica\/wp-json\/wp\/v2\/pages\/8662\/revisions\/8722"}],"up":[{"embeddable":true,"href":"https:\/\/www.uaa.mx\/informacionpublica\/wp-json\/wp\/v2\/pages\/788"}],"wp:attachment":[{"href":"https:\/\/www.uaa.mx\/informacionpublica\/wp-json\/wp\/v2\/media?parent=8662"}],"curies":[{"name":"wp","href":"https:\/\/api.w.org\/{rel}","templated":true}]}}