{"id":8666,"date":"2022-11-07T18:12:17","date_gmt":"2022-11-07T18:12:17","guid":{"rendered":"https:\/\/www.uaa.mx\/informacionpublica\/?page_id=8666"},"modified":"2022-11-07T19:00:48","modified_gmt":"2022-11-07T19:00:48","slug":"ejercicio-2019","status":"publish","type":"page","link":"https:\/\/www.uaa.mx\/informacionpublica\/transparencia-proactiva\/convocatorias-para-adquisiciones-de-bienes-y-servicios\/ejercicio-2019\/","title":{"rendered":"Ejercicio 2019"},"content":{"rendered":"<h3><a href=\"https:\/\/www.uaa.mx\/informacionpublica\/?page_id=8723\">Licitaci\u00f3n P\u00fablica Nacional<\/a><\/h3>\n<h3><a href=\"https:\/\/www.uaa.mx\/informacionpublica\/?page_id=8729\">Invitaci\u00f3n a cuando menos Tres Personas<\/a><\/h3>\n<p>&nbsp;<\/p>\n<p style=\"text-align: center;\">\n","protected":false},"excerpt":{"rendered":"<p>Licitaci\u00f3n P\u00fablica Nacional Invitaci\u00f3n a cuando menos Tres Personas &nbsp;<\/p>\n","protected":false},"author":2,"featured_media":0,"parent":788,"menu_order":4,"comment_status":"closed","ping_status":"closed","template":"","meta":{"footnotes":""},"class_list":["post-8666","page","type-page","status-publish","hentry"],"_links":{"self":[{"href":"https:\/\/www.uaa.mx\/informacionpublica\/wp-json\/wp\/v2\/pages\/8666","targetHints":{"allow":["GET"]}}],"collection":[{"href":"https:\/\/www.uaa.mx\/informacionpublica\/wp-json\/wp\/v2\/pages"}],"about":[{"href":"https:\/\/www.uaa.mx\/informacionpublica\/wp-json\/wp\/v2\/types\/page"}],"author":[{"embeddable":true,"href":"https:\/\/www.uaa.mx\/informacionpublica\/wp-json\/wp\/v2\/users\/2"}],"replies":[{"embeddable":true,"href":"https:\/\/www.uaa.mx\/informacionpublica\/wp-json\/wp\/v2\/comments?post=8666"}],"version-history":[{"count":7,"href":"https:\/\/www.uaa.mx\/informacionpublica\/wp-json\/wp\/v2\/pages\/8666\/revisions"}],"predecessor-version":[{"id":8733,"href":"https:\/\/www.uaa.mx\/informacionpublica\/wp-json\/wp\/v2\/pages\/8666\/revisions\/8733"}],"up":[{"embeddable":true,"href":"https:\/\/www.uaa.mx\/informacionpublica\/wp-json\/wp\/v2\/pages\/788"}],"wp:attachment":[{"href":"https:\/\/www.uaa.mx\/informacionpublica\/wp-json\/wp\/v2\/media?parent=8666"}],"curies":[{"name":"wp","href":"https:\/\/api.w.org\/{rel}","templated":true}]}}