{"id":8723,"date":"2022-11-07T18:57:01","date_gmt":"2022-11-07T18:57:01","guid":{"rendered":"https:\/\/www.uaa.mx\/informacionpublica\/?page_id=8723"},"modified":"2022-11-07T18:58:18","modified_gmt":"2022-11-07T18:58:18","slug":"licitacion-publica-nacional","status":"publish","type":"page","link":"https:\/\/www.uaa.mx\/informacionpublica\/transparencia-proactiva\/convocatorias-para-adquisiciones-de-bienes-y-servicios\/ejercicio-2019\/licitacion-publica-nacional\/","title":{"rendered":"Licitaci\u00f3n P\u00fablica Nacional"},"content":{"rendered":"<p><strong>LPN E\/901045968-013-19<\/strong> ADQUISICI\u00d3N DE EQUIPO DE C\u00d3MPUTO Y TECNOLOG\u00cdA PARA UNIVERSIDAD AUT\u00d3NOMA DE AGUASCALIENTES<\/p>\n<p style=\"text-align: center;\"><a href=\"https:\/\/www.uaa.mx\/informacionpublica\/wp-content\/uploads\/2019\/12\/1_Bases_LPN_013_19_Equipo_de_computo_y_tecnologia.pdf\">Bases de la Licitaci\u00f3n<\/a>\u00a0<a href=\"https:\/\/www.uaa.mx\/informacionpublica\/wp-content\/uploads\/2019\/12\/1_Bases_LPN_013_19_Equipo_de_computo_y_tecnologia.docx\" target=\"_blank\" rel=\"noopener noreferrer\"><img loading=\"lazy\" decoding=\"async\" class=\"alignnone\" src=\"http:\/\/www.uaa.mx\/transparencia\/iconos\/word.gif\" alt=\"\" width=\"16\" height=\"16\" border=\"0\" \/><\/a><br \/>\n<a href=\"https:\/\/eduuaa-my.sharepoint.com\/:b:\/r\/personal\/beatriz_rivera_edu_uaa_mx\/Documents\/Junta%20de%20Aclaraciones%20LPN%20E%2013%202019\/Acta%20Junta%20de%20aclaraciones%20LPN%20E%20013-19.PDF?csf=1&amp;e=TWFkuK\">Junta de Aclaraciones<\/a> <a href=\"https:\/\/www.uaa.mx\/informacionpublica\/wp-content\/uploads\/2019\/12\/2_Junta_Aclaraciones_LPN_013_19_Equipo_de_computo_y_tecnologia.docx\" target=\"_blank\" rel=\"noopener noreferrer\"><img loading=\"lazy\" decoding=\"async\" class=\"alignnone\" src=\"http:\/\/www.uaa.mx\/transparencia\/iconos\/word.gif\" alt=\"\" width=\"16\" height=\"16\" border=\"0\" \/><\/a><br \/>\n<a href=\"https:\/\/www.uaa.mx\/informacionpublica\/wp-content\/uploads\/2019\/12\/Acta-de-Recepci\u00f3n-y-apertura-LPN-013.pdf\">Acta de Apertura<\/a> <a href=\"https:\/\/www.uaa.mx\/informacionpublica\/wp-content\/uploads\/2019\/12\/3_Acta_Apertura_LPN_013_19_Equipo_de_computo_y_tecnologia.docx\" target=\"_blank\" rel=\"noopener noreferrer\"><img loading=\"lazy\" decoding=\"async\" class=\"alignnone\" src=\"http:\/\/www.uaa.mx\/transparencia\/iconos\/word.gif\" alt=\"\" width=\"16\" height=\"16\" border=\"0\" \/><\/a><br \/>\n<a href=\"https:\/\/www.uaa.mx\/informacionpublica\/wp-content\/uploads\/2019\/12\/4_Fallo_LPN_013_19_Equipo_de_computo_y_tecnologia.pdf\">Acta de Fallo<\/a>\u00a0<a href=\"https:\/\/www.uaa.mx\/informacionpublica\/wp-content\/uploads\/2019\/12\/Acta-Notificaci\u00f3n-Fallo-LPN-E-013-19-Eq.-C\u00f3mputo-y-Tecnolog\u00eda-3.docx\" target=\"_blank\" rel=\"noopener noreferrer\"><img loading=\"lazy\" decoding=\"async\" class=\"alignnone\" src=\"http:\/\/www.uaa.mx\/transparencia\/iconos\/word.gif\" alt=\"\" width=\"16\" height=\"16\" border=\"0\" \/><\/a><\/p>\n<hr \/>\n<p><strong>LPN E\/901045968-012-19<\/strong> ADQUISICI\u00d3N DE EQUIPO Y MATERIALES PARA LA DIRECCI\u00d3N GENERAL DE INFRAESTRUCTURA UNIVERSITARIA DE LA UNIVERSIDAD AUT\u00d3NOMA DE AGUASCALIENTES<\/p>\n<p style=\"text-align: center;\"><a href=\"https:\/\/www.uaa.mx\/informacionpublica\/wp-content\/uploads\/2019\/11\/Bases-ITP-E-010-19-Plantas-y-macetas-Depto.-Servicios-Generales-DGIU.pdf\"><\/a> <a href=\"https:\/\/www.uaa.mx\/informacionpublica\/wp-content\/uploads\/2019\/12\/1_Bases_LPN_E_012_19_Equipo_y_material_DGIU.pdf\">Bases de la Licitaci\u00f3n<\/a>\u00a0<a href=\"https:\/\/www.uaa.mx\/informacionpublica\/wp-content\/uploads\/2019\/12\/1_Bases_LPN_E_012_19_Equipo_y_material_DGIU.docx\" target=\"_blank\" rel=\"noopener noreferrer\"><img loading=\"lazy\" decoding=\"async\" class=\"alignnone\" src=\"http:\/\/www.uaa.mx\/transparencia\/iconos\/word.gif\" alt=\"\" width=\"16\" height=\"16\" border=\"0\" \/><\/a><br \/>\n<a href=\"https:\/\/www.uaa.mx\/informacionpublica\/wp-content\/uploads\/2019\/12\/ACTA-JUNTA-ACLARACIONES-LPN-E012-19.pdf\">Junta de Aclaraciones<\/a> <a href=\"https:\/\/www.uaa.mx\/informacionpublica\/wp-content\/uploads\/2019\/12\/2_Junta_Aclaraciones_LPN_E_012_19_Equipo_y_material_DGIU.docx\" target=\"_blank\" rel=\"noopener noreferrer\"><img loading=\"lazy\" decoding=\"async\" class=\"alignnone\" src=\"http:\/\/www.uaa.mx\/transparencia\/iconos\/word.gif\" alt=\"\" width=\"16\" height=\"16\" border=\"0\" \/><\/a><br \/>\n<a href=\"https:\/\/www.uaa.mx\/informacionpublica\/wp-content\/uploads\/2019\/12\/4_Fallo_LPN_E_012_19_Equipo_y_material_DGIU.docx\">Acta de Apertura<\/a> <a href=\"https:\/\/www.uaa.mx\/informacionpublica\/wp-content\/uploads\/2019\/12\/3_Acta_Apertura_LPN_E_012_19_Equipo_y_material_DGIU.docx\" target=\"_blank\" rel=\"noopener noreferrer\"><img loading=\"lazy\" decoding=\"async\" class=\"alignnone\" src=\"http:\/\/www.uaa.mx\/transparencia\/iconos\/word.gif\" alt=\"\" width=\"16\" height=\"16\" border=\"0\" \/><\/a><br \/>\n<a href=\"https:\/\/www.uaa.mx\/informacionpublica\/wp-content\/uploads\/2019\/12\/ACTA-FALLO-LPN-E012-19-ADQUSICION-DE-EQUIPO-DE-MATERIALES.pdf\">Acta de Fallo<\/a> <a href=\"https:\/\/www.uaa.mx\/informacionpublica\/wp-content\/uploads\/2019\/12\/4_Fallo_LPN_E_012_19_Equipo_y_material_DGIU.docx\" target=\"_blank\" rel=\"noopener noreferrer\"><img loading=\"lazy\" decoding=\"async\" class=\"alignnone\" src=\"http:\/\/www.uaa.mx\/transparencia\/iconos\/word.gif\" alt=\"\" width=\"16\" height=\"16\" border=\"0\" \/><\/a><\/p>\n","protected":false},"excerpt":{"rendered":"<p>LPN E\/901045968-013-19 ADQUISICI\u00d3N DE EQUIPO DE C\u00d3MPUTO Y TECNOLOG\u00cdA PARA UNIVERSIDAD AUT\u00d3NOMA DE AGUASCALIENTES Bases de la Licitaci\u00f3n\u00a0 Junta de Aclaraciones Acta de Apertura Acta de Fallo\u00a0 LPN E\/901045968-012-19 ADQUISICI\u00d3N DE EQUIPO Y MATERIALES PARA LA DIRECCI\u00d3N GENERAL DE INFRAESTRUCTURA UNIVERSITARIA DE LA UNIVERSIDAD AUT\u00d3NOMA DE AGUASCALIENTES Bases de la [&hellip;]<\/p>\n","protected":false},"author":2,"featured_media":0,"parent":8666,"menu_order":1,"comment_status":"closed","ping_status":"closed","template":"","meta":{"footnotes":""},"class_list":["post-8723","page","type-page","status-publish","hentry"],"_links":{"self":[{"href":"https:\/\/www.uaa.mx\/informacionpublica\/wp-json\/wp\/v2\/pages\/8723","targetHints":{"allow":["GET"]}}],"collection":[{"href":"https:\/\/www.uaa.mx\/informacionpublica\/wp-json\/wp\/v2\/pages"}],"about":[{"href":"https:\/\/www.uaa.mx\/informacionpublica\/wp-json\/wp\/v2\/types\/page"}],"author":[{"embeddable":true,"href":"https:\/\/www.uaa.mx\/informacionpublica\/wp-json\/wp\/v2\/users\/2"}],"replies":[{"embeddable":true,"href":"https:\/\/www.uaa.mx\/informacionpublica\/wp-json\/wp\/v2\/comments?post=8723"}],"version-history":[{"count":2,"href":"https:\/\/www.uaa.mx\/informacionpublica\/wp-json\/wp\/v2\/pages\/8723\/revisions"}],"predecessor-version":[{"id":8726,"href":"https:\/\/www.uaa.mx\/informacionpublica\/wp-json\/wp\/v2\/pages\/8723\/revisions\/8726"}],"up":[{"embeddable":true,"href":"https:\/\/www.uaa.mx\/informacionpublica\/wp-json\/wp\/v2\/pages\/8666"}],"wp:attachment":[{"href":"https:\/\/www.uaa.mx\/informacionpublica\/wp-json\/wp\/v2\/media?parent=8723"}],"curies":[{"name":"wp","href":"https:\/\/api.w.org\/{rel}","templated":true}]}}