{"id":8729,"date":"2022-11-07T18:59:28","date_gmt":"2022-11-07T18:59:28","guid":{"rendered":"https:\/\/www.uaa.mx\/informacionpublica\/?page_id=8729"},"modified":"2022-11-07T19:00:41","modified_gmt":"2022-11-07T19:00:41","slug":"invitacion-a-cuando-menos-tres-personas","status":"publish","type":"page","link":"https:\/\/www.uaa.mx\/informacionpublica\/transparencia-proactiva\/convocatorias-para-adquisiciones-de-bienes-y-servicios\/ejercicio-2019\/invitacion-a-cuando-menos-tres-personas\/","title":{"rendered":"Invitaci\u00f3n a cuando menos Tres Personas"},"content":{"rendered":"<p style=\"text-align: left;\"><strong>ITP E\/901045968-010-19<\/strong> ADQUISICI\u00d3N DE PLANTAS Y MACETAS PARA LA UNIVERSIDAD AUT\u00d3NOMA DE AGUASCALIENTES<\/p>\n<p style=\"text-align: center;\"><a href=\"https:\/\/www.uaa.mx\/informacionpublica\/wp-content\/uploads\/2019\/11\/Bases-ITP-E-010-19-Plantas-y-macetas-Depto.-Servicios-Generales-DGIU.pdf\">Bases de la Licitaci\u00f3n<\/a> <a href=\"https:\/\/www.uaa.mx\/informacionpublica\/wp-content\/uploads\/2019\/12\/1_Bases_ITP_E_010_19_Plantas_y_macetas.docx\" target=\"_blank\" rel=\"noopener noreferrer\"><img loading=\"lazy\" decoding=\"async\" class=\"alignnone\" src=\"http:\/\/www.uaa.mx\/transparencia\/iconos\/word.gif\" alt=\"\" width=\"16\" height=\"16\" border=\"0\" \/><\/a><br \/>\n<a href=\"https:\/\/www.uaa.mx\/informacionpublica\/wp-content\/uploads\/2019\/12\/2_Junta_Aclaraciones_ITP_E_010_19_Plantas_y_macetas.pdf\">Junta de Aclaraciones<\/a>\u00a0<a href=\"https:\/\/www.uaa.mx\/informacionpublica\/wp-content\/uploads\/2019\/12\/2_Junta_Aclaraciones_ITP_E_010_19_Plantas_y_macetas.doc\" target=\"_blank\" rel=\"noopener noreferrer\"><img loading=\"lazy\" decoding=\"async\" class=\"alignnone\" src=\"http:\/\/www.uaa.mx\/transparencia\/iconos\/word.gif\" alt=\"\" width=\"16\" height=\"16\" border=\"0\" \/><\/a><br \/>\n<span><a href=\"https:\/\/www.uaa.mx\/informacionpublica\/wp-content\/uploads\/2019\/12\/3_Acta_Apertura_ITP_E_010_19_Plantas_y_macetas.pdf\">Acta de Apertura<\/a>\u00a0<a href=\"https:\/\/www.uaa.mx\/informacionpublica\/wp-content\/uploads\/2019\/12\/3_Acta_Apertura_ITP_E_010_19_Plantas_y_macetas.doc\" target=\"_blank\" rel=\"noopener noreferrer\"><img loading=\"lazy\" decoding=\"async\" class=\"alignnone\" src=\"http:\/\/www.uaa.mx\/transparencia\/iconos\/word.gif\" alt=\"\" width=\"16\" height=\"16\" border=\"0\" \/><\/a><br \/>\n<a href=\"https:\/\/www.uaa.mx\/informacionpublica\/wp-content\/uploads\/2019\/12\/4_Fallo_ITP_E_010_19_Plantas_y_macetas.pdf\">Acta de Fallo\u00a0<\/a>\u00a0<a href=\"https:\/\/www.uaa.mx\/informacionpublica\/wp-content\/uploads\/2019\/12\/4_Fallo_ITP_E_010_19_Plantas_y_macetas.docx\"><img loading=\"lazy\" decoding=\"async\" class=\"lazy lazy-loaded alignnone\" src=\"http:\/\/www.uaa.mx\/transparencia\/iconos\/word.gif\" data-lazy-type=\"image\" data-lazy-src=\"http:\/\/www.uaa.mx\/transparencia\/iconos\/word.gif\" alt=\"\" width=\"16\" height=\"16\" border=\"0\" \/><\/a><br \/>\n<\/span><\/p>\n<hr \/>\n<p><span><strong>ITP E\/901045968-009-19<\/strong> ADQUISICI\u00d3N DE EQUIPOS PARA PROYECTOS DE FORTALECIMIENTO DE CENTROS ACAD\u00c9MICOS Y VEH\u00cdCULO DE TRABAJO\u00a0<\/span><\/p>\n<p style=\"text-align: center;\"><a href=\"https:\/\/www.uaa.mx\/informacionpublica\/wp-content\/uploads\/2019\/11\/Bases-ITP-E-009-19-Equipo-Proyectos-Ense\u00f1anza-Aprendizaje-p.-desiertas.pdf\">Bases de la Licitaci\u00f3n<\/a>\u00a0<a href=\"https:\/\/www.uaa.mx\/informacionpublica\/wp-content\/uploads\/2019\/11\/Bases-ITP-E-009-19-Equipo-Proyectos-Ense\u00f1anza-Aprendizaje-p.-desiertas.docx\" target=\"_blank\" rel=\"noopener noreferrer\"><img loading=\"lazy\" decoding=\"async\" class=\"alignnone\" src=\"http:\/\/www.uaa.mx\/transparencia\/iconos\/word.gif\" alt=\"\" width=\"16\" height=\"16\" border=\"0\" \/><\/a><br \/>\n<a href=\"https:\/\/www.uaa.mx\/informacionpublica\/wp-content\/uploads\/2019\/11\/2_Junta_Aclaraciones_009_19_Equipo_para_Centros_y_Vehiculo.pdf\">Junta de Aclaraciones<\/a>\u00a0<a href=\"https:\/\/www.uaa.mx\/informacionpublica\/wp-content\/uploads\/2019\/11\/2_Junta_Aclaraciones_009_19_Equipo_para_Centros_y_Vehiculo.doc\" target=\"_blank\" rel=\"noopener noreferrer\"><img loading=\"lazy\" decoding=\"async\" class=\"alignnone\" src=\"http:\/\/www.uaa.mx\/transparencia\/iconos\/word.gif\" alt=\"\" width=\"16\" height=\"16\" border=\"0\" \/><\/a><br \/>\n<span><a href=\"https:\/\/www.uaa.mx\/informacionpublica\/wp-content\/uploads\/2019\/12\/3_Acta_Apertura_009_19_Equipo_para_Centros_y_Vehiculo.pdf\">Acta de Apertura<\/a>\u00a0<\/span><\/p>\n","protected":false},"excerpt":{"rendered":"<p>ITP E\/901045968-010-19 ADQUISICI\u00d3N DE PLANTAS Y MACETAS PARA LA UNIVERSIDAD AUT\u00d3NOMA DE AGUASCALIENTES Bases de la Licitaci\u00f3n Junta de Aclaraciones\u00a0 Acta de Apertura\u00a0 Acta de Fallo\u00a0\u00a0 ITP E\/901045968-009-19 ADQUISICI\u00d3N DE EQUIPOS PARA PROYECTOS DE FORTALECIMIENTO DE CENTROS ACAD\u00c9MICOS Y VEH\u00cdCULO DE TRABAJO\u00a0 Bases de la Licitaci\u00f3n\u00a0 Junta de Aclaraciones\u00a0 Acta [&hellip;]<\/p>\n","protected":false},"author":2,"featured_media":0,"parent":8666,"menu_order":2,"comment_status":"closed","ping_status":"closed","template":"","meta":{"footnotes":""},"class_list":["post-8729","page","type-page","status-publish","hentry"],"_links":{"self":[{"href":"https:\/\/www.uaa.mx\/informacionpublica\/wp-json\/wp\/v2\/pages\/8729","targetHints":{"allow":["GET"]}}],"collection":[{"href":"https:\/\/www.uaa.mx\/informacionpublica\/wp-json\/wp\/v2\/pages"}],"about":[{"href":"https:\/\/www.uaa.mx\/informacionpublica\/wp-json\/wp\/v2\/types\/page"}],"author":[{"embeddable":true,"href":"https:\/\/www.uaa.mx\/informacionpublica\/wp-json\/wp\/v2\/users\/2"}],"replies":[{"embeddable":true,"href":"https:\/\/www.uaa.mx\/informacionpublica\/wp-json\/wp\/v2\/comments?post=8729"}],"version-history":[{"count":2,"href":"https:\/\/www.uaa.mx\/informacionpublica\/wp-json\/wp\/v2\/pages\/8729\/revisions"}],"predecessor-version":[{"id":8732,"href":"https:\/\/www.uaa.mx\/informacionpublica\/wp-json\/wp\/v2\/pages\/8729\/revisions\/8732"}],"up":[{"embeddable":true,"href":"https:\/\/www.uaa.mx\/informacionpublica\/wp-json\/wp\/v2\/pages\/8666"}],"wp:attachment":[{"href":"https:\/\/www.uaa.mx\/informacionpublica\/wp-json\/wp\/v2\/media?parent=8729"}],"curies":[{"name":"wp","href":"https:\/\/api.w.org\/{rel}","templated":true}]}}