{"id":8931,"date":"2023-02-03T16:34:21","date_gmt":"2023-02-03T16:34:21","guid":{"rendered":"https:\/\/www.uaa.mx\/informacionpublica\/?page_id=8931"},"modified":"2024-03-26T20:38:40","modified_gmt":"2024-03-26T20:38:40","slug":"ejercicio-2023","status":"publish","type":"page","link":"https:\/\/www.uaa.mx\/informacionpublica\/transparencia-proactiva\/convocatoria-para-obra-publica\/ejercicio-2023\/","title":{"rendered":"Ejercicio 2023"},"content":{"rendered":"<p style=\"text-align: center;\">\n<p><strong>UAA-LOPF-003-2023<\/strong> REENCARPETAMIENTO DE ESTACIONAMIENTO DE EDIFICIO 202 Y VIALIDADES DEL PAR NORTE DEL JARD\u00cdN LINEAL, EN CIUDAD UNIVERSITARIA, AGUASCALIENTES, AGS.<\/p>\n<p style=\"text-align: center;\"><a href=\"https:\/\/www.uaa.mx\/informacionpublica\/wp-content\/uploads\/2023\/10\/BASES-DE-LICITACION-UAA-LOPF-003-2023.pdf\">Bases de Licitaci\u00f3n<\/a><br \/>\n<a href=\"https:\/\/www.uaa.mx\/informacionpublica\/wp-content\/uploads\/2023\/10\/UAA-LOPF-003-2023_Junta-de-Aclaraciones.pdf\">Junta de Aclaraciones<\/a><br \/>\n<a href=\"https:\/\/www.uaa.mx\/informacionpublica\/wp-content\/uploads\/2023\/11\/UAA-LOPF-003-2023_Apertura-Tecnica-y-Economica-1.pdf\">Acta de Apertura T\u00e9cnica y Econ\u00f3mica<\/a><br \/>\n<a href=\"https:\/\/www.uaa.mx\/informacionpublica\/wp-content\/uploads\/2023\/11\/UAA-LOPF-003-2023_Fallo-de-Adjudicacion.pdf\">Acta de Fallo de Adjudicaci\u00f3n<\/a><\/p>\n<hr \/>\n<p><strong>UAA-LOPF-002-2023<\/strong> AMPLIACI\u00d3N DE PLANTA DE TRATAMIENTO, OBRA EXTERIOR PARA LA CONECTIVIDAD: VIALIDAD DE ACCESO Y ANDADOR DE CONEXI\u00d3N Y RE-ENCARPETAMIENTO DE VIALIDADES COLINDANTES, EN CIUDAD UNIVERSITARIA<\/p>\n<p style=\"text-align: center;\"><a href=\"https:\/\/www.uaa.mx\/informacionpublica\/wp-content\/uploads\/2023\/10\/BASES-DE-LICITACION-UAA-LOPF-002-2023.pdf\">Bases de Licitaci\u00f3n<\/a><br \/>\n<a href=\"https:\/\/www.uaa.mx\/informacionpublica\/wp-content\/uploads\/2023\/10\/UAA-LOPF-002-2023_Junta-de-Aclaraciones.pdf\">Junta de Aclaraciones<\/a><br \/>\n<a href=\"https:\/\/www.uaa.mx\/informacionpublica\/wp-content\/uploads\/2023\/10\/UAA-LOPF-002-2023_Apertura-Tecnica-y-Economica.pdf\">Acta de Apertura T\u00e9cnica y Econ\u00f3mica<\/a><br \/>\n<a href=\"https:\/\/www.uaa.mx\/informacionpublica\/wp-content\/uploads\/2023\/10\/UAA-LOPF-002-2023_Fallo-de-Adjudicacion.pdf\">Acta de Fallo de Adjudicaci\u00f3n<\/a><\/p>\n<hr \/>\n<p><strong>UAA-LOPF-001-2023<\/strong> SEGUNDA ETAPA DE CONSTRUCCI\u00d3N DE RAMPA Y ESCALERAS DE PASO PEATONAL ZONA PONIENTE, EN CIUDAD UNIVERSITARIA<\/p>\n<p style=\"text-align: center;\"><a href=\"https:\/\/www.uaa.mx\/informacionpublica\/wp-content\/uploads\/2023\/10\/BASES-DE-LICITACION-UAA-LOPF-001-2023.pdf\">Bases de Licitaci\u00f3n<\/a><br \/>\n<a href=\"https:\/\/www.uaa.mx\/informacionpublica\/wp-content\/uploads\/2023\/10\/LOPF-001-2023_Junta-de-Aclaraciones.pdf\">Junta de Aclaraciones<\/a><br \/>\n<a href=\"https:\/\/www.uaa.mx\/informacionpublica\/wp-content\/uploads\/2023\/10\/UAA-LOPF-001-2023_Apertura-Tecnica-y-Economica.pdf\">Acta de Apertura T\u00e9cnica y Econ\u00f3mica<\/a><br \/>\n<a href=\"https:\/\/www.uaa.mx\/informacionpublica\/wp-content\/uploads\/2023\/10\/UAA-LOPF-001-2023_Fallo-de-Adjudicacion.pdf\">Acta de Fallo de Adjudicaci\u00f3n<\/a><\/p>\n<hr \/>\n<p><strong>UAA-LOPEA-016-2023<\/strong> ADECUACI\u00d3N DE AULA IS\u00d3PTICA MULTIDISCIPLINARIA EN EL EDIFICIO 15 Y CL\u00cdNICA DE LITIGIO EN DERECHOS HUMANOS EDIFICIO 15-A, EN CIUDAD<br \/>\nUNIVERSITARIA (SEGUNDO PROCEDIMIENTO)<\/p>\n<p style=\"text-align: center;\"><a href=\"https:\/\/www.uaa.mx\/informacionpublica\/wp-content\/uploads\/2023\/09\/BASES-UAA-LOPEA-016-2023.pdf\">Bases de Licitaci\u00f3n<\/a><br \/>\n<a href=\"https:\/\/www.uaa.mx\/informacionpublica\/wp-content\/uploads\/2023\/09\/UAA-LOPEA-016-2023_Junta-de-Aclaraciones.pdf\">Junta de Aclaraciones<\/a><br \/>\n<a href=\"https:\/\/www.uaa.mx\/informacionpublica\/wp-content\/uploads\/2023\/10\/UAA-LOPEA-016-2023_Apertura-Tecnica.pdf\">Acta de Apertura T\u00e9cnica<\/a><br \/>\n<a href=\"https:\/\/www.uaa.mx\/informacionpublica\/wp-content\/uploads\/2023\/10\/UAA-LOPEA-016-2023_Fallo-Tecnico.pdf\">Acta de Fallo T\u00e9cnico<\/a><br \/>\n<a href=\"https:\/\/www.uaa.mx\/informacionpublica\/wp-content\/uploads\/2023\/10\/UAA-LOPEA-016-2023_Apertura-Economica.pdf\">Acta de Apertura Econ\u00f3mica<\/a><br \/>\n<a href=\"https:\/\/www.uaa.mx\/informacionpublica\/wp-content\/uploads\/2023\/10\/UAA-LOPEA-016-2023_Fallo-de-Adjudicacion.pdf\">Acta de Fallo de Adjudicaci\u00f3n<\/a><\/p>\n<hr \/>\n<p><strong>UAA-LOPEA-015-2023<\/strong> ADECUACI\u00d3N DE 2 IS\u00d3PTICAS Y 1 AULA MULTIDISCIPLINARIA EN EDIFICIO 5 EN CIUDAD UNIVERSITARIA<\/p>\n<p style=\"text-align: center;\"><a href=\"https:\/\/www.uaa.mx\/informacionpublica\/wp-content\/uploads\/2023\/08\/BASES-UAA-LOPEA-015-2023.pdf\">Bases de Licitaci\u00f3n<\/a><br \/>\n<a href=\"https:\/\/www.uaa.mx\/informacionpublica\/wp-content\/uploads\/2023\/08\/UAA-LOPEA-015-2023_Junta-de-Aclaraciones.pdf\">Junta de Aclaraciones<\/a><br \/>\n<a href=\"https:\/\/www.uaa.mx\/informacionpublica\/wp-content\/uploads\/2023\/09\/UAA-LOPEA-015-2023_Apertura-Tecnica.pdf\">Acta de Apertura T\u00e9cnica<\/a><br \/>\n<a href=\"https:\/\/www.uaa.mx\/informacionpublica\/wp-content\/uploads\/2023\/09\/UAA-LOPEA-015-2023_Fallo-Tecnico.pdf\">Acta de Fallo T\u00e9cnico<\/a><br \/>\n<a href=\"https:\/\/www.uaa.mx\/informacionpublica\/wp-content\/uploads\/2023\/09\/UAA-LOPEA-015-2023_Apertura-Economica.pdf\">Acta de Apertura Econ\u00f3mica<\/a><br \/>\n<a href=\"https:\/\/www.uaa.mx\/informacionpublica\/wp-content\/uploads\/2023\/09\/UAA-LOPEA-015_Fallo-de-Adjudicacion.pdf\">Acta de Fallo de Adjudicaci\u00f3n<\/a><\/p>\n<hr \/>\n<p><strong>UAA-LOPEA-014-2023<\/strong> ADECUACI\u00d3N DE AULA IS\u00d3PTICA MULTIDISCIPLINARIA EN EL EDIFICIO 15 Y CL\u00cdNICA DE LITIGIO EN DERECHOS HUMANOS EDIFICIO 15-A, EN CIUDAD<br \/>\nUNIVERSITARIA<\/p>\n<p style=\"text-align: center;\"><a href=\"https:\/\/www.uaa.mx\/informacionpublica\/wp-content\/uploads\/2023\/08\/BASES-UAA-LOPEA-014-2023.pdf\">Bases de Licitaci\u00f3n<\/a><br \/>\n<a href=\"https:\/\/www.uaa.mx\/informacionpublica\/wp-content\/uploads\/2023\/08\/UAA-LOPEA-014-2023_Junta-de-Aclaraciones.pdf\">Junta de Aclaraciones<\/a><br \/>\n<a href=\"https:\/\/www.uaa.mx\/informacionpublica\/wp-content\/uploads\/2023\/08\/UAA-LOPEA-014-2023_Apertura-Tecnica.pdf\">Acta de Apertura T\u00e9cnica<\/a><br \/>\n<a href=\"https:\/\/www.uaa.mx\/informacionpublica\/wp-content\/uploads\/2023\/08\/UAA-LOPEA-014-2023_Fallo-Tecnico.pdf\">Acta de Fallo T\u00e9cnico<\/a><br \/>\n<a href=\"https:\/\/www.uaa.mx\/informacionpublica\/wp-content\/uploads\/2023\/08\/UAA-LOPEA-014-2023_Apertura-Economica.pdf\">Acta de Apertura Econ\u00f3mica<\/a><br \/>\n<a href=\"https:\/\/www.uaa.mx\/informacionpublica\/wp-content\/uploads\/2023\/09\/UAA-LOPEA-014-2023_Fallo-de-Adjudicacion.pdf\">Acta de Fallo de Adjudicaci\u00f3n<\/a><\/p>\n<hr \/>\n<p><strong>UAA-LOPEA-013-2023<\/strong> SEGUNDA ETAPA DE CONSTRUCCI\u00d3N DE TALLERES DEL DEPARTAMENTO DE MANTENIMIENTO, CIUDAD UNIVERSITARIA (NOR-PONIENTE)<\/p>\n<p style=\"text-align: center;\"><a href=\"https:\/\/www.uaa.mx\/informacionpublica\/wp-content\/uploads\/2023\/08\/BASES-UAA-LOPEA-013-2023.pdf\">Bases de Licitaci\u00f3n<\/a><br \/>\n<a href=\"https:\/\/www.uaa.mx\/informacionpublica\/wp-content\/uploads\/2023\/08\/UAA-LOPEA-013-2023_Junta-de-Aclaraciones.pdf\">Junta de Aclaraciones<\/a><br \/>\n<a href=\"https:\/\/www.uaa.mx\/informacionpublica\/wp-content\/uploads\/2023\/08\/UAA-LOPEA-013-2023_Apertura-Tecnica.pdf\">Acta de Apertura T\u00e9cnica<\/a><br \/>\n<a href=\"https:\/\/www.uaa.mx\/informacionpublica\/wp-content\/uploads\/2023\/08\/UAA-LOPEA-013-2023_Fallo-Tecnico.pdf\">Acta de Fallo T\u00e9cnico<\/a><br \/>\n<a href=\"https:\/\/www.uaa.mx\/informacionpublica\/wp-content\/uploads\/2023\/08\/UAA-LOPEA-013-2023_Apertura-Economica.pdf\">Acta de Apertura Econ\u00f3mica<\/a><br \/>\n<a href=\"https:\/\/www.uaa.mx\/informacionpublica\/wp-content\/uploads\/2023\/08\/UAA-LOPEA-013-2023_Fallo-de-Adjudicacion.pdf\">Acta de Fallo de Adjudicaci\u00f3n<\/a><\/p>\n<hr \/>\n<p><strong>UAA-LOPEA-012-2023<\/strong> SEGUNDA ETAPA DE CONSTRUCCI\u00d3N DE TALLERES DEL DEPARTAMENTO DE MANTENIMIENTO, CIUDAD UNIVERSITARIA (SUR-ORIENTE)<\/p>\n<p style=\"text-align: center;\"><a href=\"https:\/\/www.uaa.mx\/informacionpublica\/wp-content\/uploads\/2023\/08\/BASES-UAA-LOPEA-012-2023.pdf\">Bases de Licitaci\u00f3n<\/a><br \/>\n<a href=\"https:\/\/www.uaa.mx\/informacionpublica\/wp-content\/uploads\/2023\/08\/UAA-LOPEA-012-2023_Junta-de-Aclaraciones.pdf\">Junta de Aclaraciones<\/a><br \/>\n<a href=\"https:\/\/www.uaa.mx\/informacionpublica\/wp-content\/uploads\/2023\/08\/UAA-LOPEA-012-2023_Apertura-Tecnica.pdf\">Acta de Apertura T\u00e9cnica<\/a><br \/>\n<a href=\"https:\/\/www.uaa.mx\/informacionpublica\/wp-content\/uploads\/2023\/08\/UAA-LOPEA-012-2023_Fallo-Tecnico.pdf\">Acta de Fallo T\u00e9cnico<\/a><br \/>\n<a href=\"https:\/\/www.uaa.mx\/informacionpublica\/wp-content\/uploads\/2023\/08\/UAA-LOPEA-012-2023_Apertura-Economica.pdf\">Acta de Apertura Econ\u00f3mica<\/a><br \/>\n<a href=\"https:\/\/www.uaa.mx\/informacionpublica\/wp-content\/uploads\/2023\/08\/UAA-LOPEA-012-2023_Fallo-de-Adjudicacion.pdf\">Acta de Fallo de Adjudicaci\u00f3n<\/a><\/p>\n<hr \/>\n<p><strong>UAA-LOPEA-011-2023<\/strong> SEGUNDA ETAPA DE CONSTRUCCI\u00d3N DE CUBIERTA DEL DEPARTAMENTO DE CONTROL DE BIENES MUEBLES E INMUEBLES, CIUDAD UNIVERSITARIA<\/p>\n<p style=\"text-align: center;\"><a href=\"https:\/\/www.uaa.mx\/informacionpublica\/wp-content\/uploads\/2023\/07\/BASES-UAA-LOPEA-011-2023.pdf\">Bases de Licitaci\u00f3n<\/a><br \/>\n<a href=\"https:\/\/www.uaa.mx\/informacionpublica\/wp-content\/uploads\/2023\/07\/UAA-LOPEA-011-2023_Junta-de-Aclaraciones.pdf\">Junta de Aclaraciones<\/a><br \/>\n<a href=\"https:\/\/www.uaa.mx\/informacionpublica\/wp-content\/uploads\/2023\/07\/UAA-LOPEA-011-2023_Apertura-Tecnica.pdf\">Acta de Apertura T\u00e9cnica<\/a><br \/>\n<a href=\"https:\/\/www.uaa.mx\/informacionpublica\/wp-content\/uploads\/2023\/07\/UAA-LOPEA-011-2023_FE-DE-ERRATAS_01.pdf\">FE DE ERRATAS<\/a><br \/>\n<a href=\"https:\/\/www.uaa.mx\/informacionpublica\/wp-content\/uploads\/2023\/07\/UAA-LOPEA-011-2023_Fallo-Tecnico.pdf\">Acta de Fallo T\u00e9cnico<\/a><br \/>\n<a href=\"https:\/\/www.uaa.mx\/informacionpublica\/wp-content\/uploads\/2023\/07\/UAA-LOPEA-011-2023_Apertura-Economica.pdf\">Acta de Apertura Econ\u00f3mica<\/a><br \/>\n<a href=\"https:\/\/www.uaa.mx\/informacionpublica\/wp-content\/uploads\/2023\/08\/UAA-LOPEA-011-2023_Fallo-de-Adjudicacion.pdf\">Acta de Fallo de Adjudicaci\u00f3n<\/a><\/p>\n<hr \/>\n<p><strong>UAA-LOPEA-010-2023<\/strong> SEGUNDA ETAPA DE CONSTRUCCI\u00d3N DE ESTACIONAMIENTOS, VIALIDADES Y ANDADORES (ZONA NORTE-EDIF. 126-127), CIUDAD UNIVERSITARIA<\/p>\n<p style=\"text-align: center;\"><a href=\"https:\/\/www.uaa.mx\/informacionpublica\/wp-content\/uploads\/2023\/06\/BASES-UAA-LOPEA-010-2023.pdf\">Bases de Licitaci\u00f3n<\/a><br \/>\n<a href=\"https:\/\/www.uaa.mx\/informacionpublica\/wp-content\/uploads\/2023\/07\/UAA-LOPEA-010-2023_Junta-de-Aclaraciones.pdf\">Junta de Aclaraciones<\/a><br \/>\n<a href=\"https:\/\/www.uaa.mx\/informacionpublica\/wp-content\/uploads\/2023\/07\/UAA-LOPEA-010_Apertura-Tecnica.pdf\">Acta de Apertura T\u00e9cnica<\/a><br \/>\n<a href=\"https:\/\/www.uaa.mx\/informacionpublica\/wp-content\/uploads\/2023\/07\/UAA-LOPEA-010-2023_Fallo-Tecnico.pdf\">Acta de Fallo T\u00e9cnico<\/a><br \/>\n<a href=\"https:\/\/www.uaa.mx\/informacionpublica\/wp-content\/uploads\/2023\/07\/UAA-LOPEA-010_2023_Apertura-Economica.pdf\">Acta de Apertura Econ\u00f3mica<\/a><br \/>\n<a href=\"https:\/\/www.uaa.mx\/informacionpublica\/wp-content\/uploads\/2023\/07\/UAA-LOPEA-010-2023_-Fallo-de-Adjudicacion.pdf\">Acta de Fallo de Adjudicaci\u00f3n<\/a><\/p>\n<hr \/>\n<p><strong>UAA-LOPEA-009-2023<\/strong> RE ENCARPETAMIENTO DE ESTACIONAMIENTO SUR-PONIENTE ENTRE EDIFICIO 61 Y EDIFICIO 51, EN CIUDAD UNIVERSITARIA<\/p>\n<p style=\"text-align: center;\"><a href=\"https:\/\/www.uaa.mx\/informacionpublica\/wp-content\/uploads\/2023\/06\/BASES-UAA-LOPEA-009-2023.pdf\">Bases de Licitaci\u00f3n<\/a><br \/>\n<a href=\"https:\/\/www.uaa.mx\/informacionpublica\/wp-content\/uploads\/2023\/06\/UAA-LOPEA-009-2023_Junta-de-Aclaraciones.pdf\">Junta de Aclaraciones<\/a><br \/>\n<a href=\"https:\/\/www.uaa.mx\/informacionpublica\/wp-content\/uploads\/2023\/07\/UAA-LOPEA-009-2023_Apertura-Tecnica.pdf\">Acta de Apertura T\u00e9cnica<\/a><br \/>\n<a href=\"https:\/\/www.uaa.mx\/informacionpublica\/wp-content\/uploads\/2023\/07\/UAA-LOPEA-009-2023_Fallo-Tecnico.pdf\">Acta de Fallo T\u00e9cnico<\/a><br \/>\n<a href=\"https:\/\/www.uaa.mx\/informacionpublica\/wp-content\/uploads\/2023\/07\/UAA-LOPEA-009-2023_Apertura-Economica.pdf\">Acta de Apertura Econ\u00f3mica<\/a><br \/>\n<a href=\"https:\/\/www.uaa.mx\/informacionpublica\/wp-content\/uploads\/2023\/07\/UAA-LOPEA-009-2023_Fallo-de-Adjudicacion.pdf\">Acta de Fallo de Adjudicaci\u00f3n<\/a><\/p>\n<hr \/>\n<p><strong>UAA-LOPEA-008-2023<\/strong> INFRAESTRUCTURA PARA LOS TALLERES DE SERVICIOS,<br \/>\nESTACIONAMIENTOS, VIALIDADES Y ANDADORES (TERMAPOLIS, ZONA SURPONIENTE<\/p>\n<p style=\"text-align: center;\"><a href=\"https:\/\/www.uaa.mx\/informacionpublica\/wp-content\/uploads\/2023\/06\/BASES-UAA-LOPEA-008-2023-1.pdf\">Bases de Licitaci\u00f3n<\/a><br \/>\n<a href=\"https:\/\/www.uaa.mx\/informacionpublica\/wp-content\/uploads\/2023\/06\/UAA-LOPEA-008-2023_Junta-de-Aclaraciones-1.pdf\">Junta de Aclaraciones<\/a><br \/>\n<a href=\"https:\/\/www.uaa.mx\/informacionpublica\/wp-content\/uploads\/2023\/06\/UAA-LOPEA-008-2023_Apertura-Tecnica.pdf\">Acta de Apertura T\u00e9cnica<\/a><br \/>\n<a href=\"https:\/\/www.uaa.mx\/informacionpublica\/wp-content\/uploads\/2023\/06\/UAA-LOPEA-008-2023_Fallo-Tecnico.pdf\">Acta de Fallo T\u00e9cnico<\/a><br \/>\n<a href=\"https:\/\/www.uaa.mx\/informacionpublica\/wp-content\/uploads\/2023\/06\/UAA-LOPEA-008-2023_Apertura-Economica.pdf\">Acta de Apertura Econ\u00f3mica<\/a><br \/>\n<a href=\"https:\/\/www.uaa.mx\/informacionpublica\/wp-content\/uploads\/2023\/07\/UAA-LOPEA-008-2023_Fallo-de-Adjudicacion.pdf\">Acta de Fallo de Adjudicaci\u00f3n<\/a><\/p>\n<hr \/>\n<p><strong>UAA-LOPEA-007-2023<\/strong> TERCERA ETAPA DE CONSTRUCCI\u00d3N DE COMEDOR UNIVERSITARIO, CIUDAD UNIVERSITARIA<\/p>\n<p style=\"text-align: center;\"><a href=\"https:\/\/www.uaa.mx\/informacionpublica\/wp-content\/uploads\/2023\/05\/BASES-UAA-LOPEA-007-2023.pdf\">Bases de Licitaci\u00f3n<\/a><br \/>\n<a href=\"https:\/\/www.uaa.mx\/informacionpublica\/wp-content\/uploads\/2023\/06\/UAA-LOPEA-007-2023_Junta-de-Aclaraciones.pdf\">Junta de Aclaraciones<\/a><br \/>\n<a href=\"https:\/\/www.uaa.mx\/informacionpublica\/wp-content\/uploads\/2023\/06\/UAA-LOPEA-007-2023_Apertura-Tecnica.pdf\">Acta de Apertura T\u00e9cnica<\/a><br \/>\n<a href=\"https:\/\/www.uaa.mx\/informacionpublica\/wp-content\/uploads\/2023\/06\/UAA-LOPEA-007-2023_Fallo-Tecnico-1.pdf\">Acta de Fallo T\u00e9cnico<\/a><br \/>\n<a href=\"https:\/\/www.uaa.mx\/informacionpublica\/wp-content\/uploads\/2023\/06\/UAA-LOPEA-007-2023_Apertura-Economica-1.pdf\">Acta de Apertura Econ\u00f3mica<\/a><br \/>\n<a href=\"https:\/\/www.uaa.mx\/informacionpublica\/wp-content\/uploads\/2023\/06\/UAA-LOPEA-007-2023_Fallo-de-Adjudicacion.pdf\">Acta de Fallo de Adjudicaci\u00f3n<\/a><\/p>\n<hr \/>\n<p><strong>UAA-LOPEA-006-2023<\/strong> TRABAJOS DE REHABILITACI\u00d3N EN PLANTEL DEL DEPARTAMENTO DE ACTIVIDADES ARTISTICAS Y CULTURALES (DAAC)<\/p>\n<p style=\"text-align: center;\"><a href=\"https:\/\/www.uaa.mx\/informacionpublica\/wp-content\/uploads\/2023\/05\/BASES-UAA-LOPEA-006-2023.pdf\">Bases de Licitaci\u00f3n<\/a><br \/>\n<a href=\"https:\/\/www.uaa.mx\/informacionpublica\/wp-content\/uploads\/2023\/05\/UAA-LOPEA-006-2023_Junta-de-Aclaraciones.pdf\">Junta de Aclaraciones<\/a><br \/>\n<a href=\"https:\/\/www.uaa.mx\/informacionpublica\/wp-content\/uploads\/2023\/06\/UAA-LOPEA-006_Apertura-Tecnica.pdf\">Acta de Apertura T\u00e9cnica<\/a><br \/>\n<a href=\"https:\/\/www.uaa.mx\/informacionpublica\/wp-content\/uploads\/2023\/06\/UAA-LOPEA-006-2023_Fallo-Tecnico.pdf\">Acta de Fallo T\u00e9cnico<\/a><br \/>\n<a href=\"https:\/\/www.uaa.mx\/informacionpublica\/wp-content\/uploads\/2023\/06\/UAA-LOPEA-006-2023_Apertura-Economica.pdf\">Acta de Apertura Econ\u00f3mica<\/a><br \/>\n<a href=\"https:\/\/www.uaa.mx\/informacionpublica\/wp-content\/uploads\/2023\/06\/UAA-LOPEA-006-2023_Fallo-de-Adjudicacion-1.pdf\">Acta de Fallo de Adjudicaci\u00f3n<\/a><\/p>\n<hr \/>\n<p><strong>UAA-LOPEA-005-2023<\/strong> AMPLIACI\u00d3N Y REMODELACI\u00d3N DE LABORATORIO DE SIMULACI\u00d3N<br \/>\nESTOMATOL\u00d3GICA EN EL EDIFICIO 103, CIUDAD UNIVERSITARIA<\/p>\n<p style=\"text-align: center;\"><a href=\"https:\/\/www.uaa.mx\/informacionpublica\/wp-content\/uploads\/2023\/05\/BASES-UAA-LOPEA-005-2023.pdf\">Bases de Licitaciones<\/a><br \/>\n<a href=\"https:\/\/www.uaa.mx\/informacionpublica\/wp-content\/uploads\/2023\/05\/UAA-LOPEA-005-2023_Junta-de-Aclaraciones.pdf\">Junta de Aclaraciones<\/a><br \/>\n<a href=\"https:\/\/www.uaa.mx\/informacionpublica\/wp-content\/uploads\/2023\/05\/UAA-LOPEA-005-2023_Apertura-Tecnica.pdf\">Acta de Apertura T\u00e9cnica<\/a><br \/>\n<a href=\"https:\/\/www.uaa.mx\/informacionpublica\/wp-content\/uploads\/2023\/06\/UAA-LOPEA-005-_Fallo-Tecnico.pdf\">Acta de Fallo T\u00e9cnico<\/a><br \/>\n<a href=\"https:\/\/www.uaa.mx\/informacionpublica\/wp-content\/uploads\/2023\/06\/UAA-LOPEA-005-Apertura-Economica.pdf\">Acta de Apertura Econ\u00f3mica<\/a><br \/>\n<a href=\"https:\/\/www.uaa.mx\/informacionpublica\/wp-content\/uploads\/2023\/06\/UAA-LOPEA-005-2023_Fallo-de-Adjudicacion.pdf\">Acta de Fallo de Adjudicaci\u00f3n<\/a><\/p>\n<hr \/>\n<p><strong>UAA-LOPEA-004-2023<\/strong> SEGUNDA ETAPA DE AMPLIACI\u00d3N DE ARCHIVO HIST\u00d3RICO EN EL EDIFICIO 62, CIUDAD UNIVERSITARIA<\/p>\n<p style=\"text-align: center;\"><a href=\"https:\/\/www.uaa.mx\/informacionpublica\/wp-content\/uploads\/2023\/05\/BASES-UAA-LOPEA-004-2023.pdf\">Bases de Licitaci\u00f3n<\/a><br \/>\n<a href=\"https:\/\/www.uaa.mx\/informacionpublica\/wp-content\/uploads\/2023\/05\/UAA-LOPEA-004-2023_Junta-de-Aclaraciones.pdf\">Junta de Aclaraciones<\/a><br \/>\n<a href=\"https:\/\/www.uaa.mx\/informacionpublica\/wp-content\/uploads\/2023\/05\/UAA-LOPEA-004-2023_Apertura-Tecnica.pdf\">Acta de Apertura T\u00e9cnica<\/a><br \/>\n<a href=\"https:\/\/www.uaa.mx\/informacionpublica\/wp-content\/uploads\/2023\/06\/UAA-LOPEA-005-2023_Fallo-Tecnico.pdf\">Acta de Fallo T\u00e9cnico<\/a><br \/>\n<a href=\"https:\/\/www.uaa.mx\/informacionpublica\/wp-content\/uploads\/2023\/06\/UAA-LOPEA-004_Apertura-Economica.pdf\">Acta de Apertura Econ\u00f3mica<\/a><br \/>\n<a href=\"https:\/\/www.uaa.mx\/informacionpublica\/wp-content\/uploads\/2023\/06\/UAA-LOPEA-004-2023_Fallo-de-Adjudicacion.pdf\">Acta de Fallo de Adjudicaci\u00f3n<\/a><\/p>\n<hr \/>\n<p><strong>UAA-LOPEA-003-2023<\/strong> TERCERA ETAPA PARA LA ADECUACI\u00d3N DE CENTRO DE COMPUTO Y DEL DEPARTAMENTO DE REDES Y TELECOMUNICACIONES, EN EDIFICIO 55,<br \/>\nCIUDAD UNIVERSITARIA<\/p>\n<p style=\"text-align: center;\"><a href=\"https:\/\/www.uaa.mx\/informacionpublica\/wp-content\/uploads\/2023\/05\/BASES-UAA-LOPEA-003-2023.pdf\">Bases de Licitaci\u00f3n<\/a><br \/>\n<a href=\"https:\/\/www.uaa.mx\/informacionpublica\/wp-content\/uploads\/2023\/05\/UAA-LOPEA-003-2023_Junta-de-Aclaraciones.pdf\">Junta de Aclaraciones<\/a><br \/>\n<a href=\"https:\/\/www.uaa.mx\/informacionpublica\/wp-content\/uploads\/2023\/05\/UAA-LOPEA-003-2023_Apertura-Tecnica.pdf\">Acta de Apertura T\u00e9cnica<\/a><br \/>\n<a href=\"https:\/\/www.uaa.mx\/informacionpublica\/wp-content\/uploads\/2023\/05\/UAA-LOPEA-003-2023_Fallo-Tecnico.pdf\">Acta de Fallo T\u00e9cnico<\/a><br \/>\n<a href=\"https:\/\/www.uaa.mx\/informacionpublica\/wp-content\/uploads\/2023\/05\/UAA-LOPEA-003-2023_Apertura-Economica.pdf\">Acta de Apertura Econ\u00f3mica<\/a><br \/>\n<a href=\"https:\/\/www.uaa.mx\/informacionpublica\/wp-content\/uploads\/2023\/06\/UAA-LOPEA-003-2023_Fallo-de-Adjudicacion.pdf\">Acta de Fallo de Adjudicaci\u00f3n<\/a><\/p>\n<hr \/>\n<p><strong>UAA-LOPEA-002-2023<\/strong> TERCERA ETAPA DE ADECUACI\u00d3N DE BIBLIOTECA CENTRAL, CIUDAD UNIVERSITARIA<\/p>\n<p style=\"text-align: center;\"><a href=\"https:\/\/www.uaa.mx\/informacionpublica\/wp-content\/uploads\/2023\/05\/BASES-UAA-LOPEA-002-2023.pdf\">Bases de Licitaci\u00f3n<\/a><br \/>\n<a href=\"https:\/\/www.uaa.mx\/informacionpublica\/wp-content\/uploads\/2023\/05\/UAA-LOPEA-002-2023_Junta-de-Aclaraciones.pdf\">Junta de Aclaraciones<\/a><br \/>\n<a href=\"https:\/\/www.uaa.mx\/informacionpublica\/wp-content\/uploads\/2023\/05\/UAA-LOPEA-002-2023_Apertura-Tecnica.pdf\">Acta de Apertura T\u00e9cnica<\/a><br \/>\n<a href=\"https:\/\/www.uaa.mx\/informacionpublica\/wp-content\/uploads\/2023\/05\/UAA-LOPEA-002-2023_Fallo-Tecnico.pdf\">Acta de Fallo T\u00e9cnico<\/a><br \/>\n<a href=\"https:\/\/www.uaa.mx\/informacionpublica\/wp-content\/uploads\/2023\/05\/UAA-LOPEA-002-2023_Apertura-Economica.pdf\">Acta de Apertura Econ\u00f3mica<\/a><br \/>\n<a href=\"https:\/\/www.uaa.mx\/informacionpublica\/wp-content\/uploads\/2023\/05\/UAA-LOPEA-002-2023_Fallo-de-Adjudicacion-1.pdf\">Acta de Fallo de Adjudicaci\u00f3n<\/a><\/p>\n<hr \/>\n<p><strong>UAA-LOPEA-001-2023<\/strong> MODIFICACI\u00d3N DEL ESTACIONAMIENTO EN EL EDIFICIO 32 Y ALEDA\u00d1OS DE CIUDAD UNIVERSITARIA<\/p>\n<p style=\"text-align: center;\"><a href=\"https:\/\/www.uaa.mx\/informacionpublica\/wp-content\/uploads\/2023\/04\/BASES-UAA-LOPEA-001-2023.pdf\">Bases de Licitaci\u00f3n<\/a><br \/>\n<a href=\"https:\/\/www.uaa.mx\/informacionpublica\/wp-content\/uploads\/2023\/04\/UAA-LOPEA-001-2023_Junta-de-Aclaraciones.pdf\">Junta de Aclaraciones<\/a><br \/>\n<a href=\"https:\/\/www.uaa.mx\/informacionpublica\/wp-content\/uploads\/2023\/05\/UAA-LOPEA-001-2023_Apertura-Tecnica.pdf\">Acta de Apertura T\u00e9cnica<\/a><br \/>\n<a href=\"https:\/\/www.uaa.mx\/informacionpublica\/wp-content\/uploads\/2023\/05\/UAA-LOPEA-001-2023_Falllo-Tecnico.pdf\">Acta de Fallo T\u00e9cnico<\/a><br \/>\n<a href=\"https:\/\/www.uaa.mx\/informacionpublica\/wp-content\/uploads\/2023\/05\/UAA-LOPEA-001-2023_Apertura-Economica.pdf\">Acta de Apertura Econ\u00f3mica<\/a><br \/>\n<a href=\"https:\/\/www.uaa.mx\/informacionpublica\/wp-content\/uploads\/2023\/05\/UAA-LOPEA-002-2023_Fallo-de-Adjudicacion.pdf\">Acta de Fallo de Adjudicaci\u00f3n<\/a><\/p>\n","protected":false},"excerpt":{"rendered":"<p>UAA-LOPF-003-2023 REENCARPETAMIENTO DE ESTACIONAMIENTO DE EDIFICIO 202 Y VIALIDADES DEL PAR NORTE DEL JARD\u00cdN LINEAL, EN CIUDAD UNIVERSITARIA, AGUASCALIENTES, AGS. Bases de Licitaci\u00f3n Junta de Aclaraciones Acta de Apertura T\u00e9cnica y Econ\u00f3mica Acta de Fallo de Adjudicaci\u00f3n UAA-LOPF-002-2023 AMPLIACI\u00d3N DE PLANTA DE TRATAMIENTO, OBRA EXTERIOR PARA LA CONECTIVIDAD: VIALIDAD DE [&hellip;]<\/p>\n","protected":false},"author":4,"featured_media":0,"parent":6113,"menu_order":3,"comment_status":"closed","ping_status":"closed","template":"","meta":{"footnotes":""},"class_list":["post-8931","page","type-page","status-publish","hentry"],"_links":{"self":[{"href":"https:\/\/www.uaa.mx\/informacionpublica\/wp-json\/wp\/v2\/pages\/8931","targetHints":{"allow":["GET"]}}],"collection":[{"href":"https:\/\/www.uaa.mx\/informacionpublica\/wp-json\/wp\/v2\/pages"}],"about":[{"href":"https:\/\/www.uaa.mx\/informacionpublica\/wp-json\/wp\/v2\/types\/page"}],"author":[{"embeddable":true,"href":"https:\/\/www.uaa.mx\/informacionpublica\/wp-json\/wp\/v2\/users\/4"}],"replies":[{"embeddable":true,"href":"https:\/\/www.uaa.mx\/informacionpublica\/wp-json\/wp\/v2\/comments?post=8931"}],"version-history":[{"count":98,"href":"https:\/\/www.uaa.mx\/informacionpublica\/wp-json\/wp\/v2\/pages\/8931\/revisions"}],"predecessor-version":[{"id":11078,"href":"https:\/\/www.uaa.mx\/informacionpublica\/wp-json\/wp\/v2\/pages\/8931\/revisions\/11078"}],"up":[{"embeddable":true,"href":"https:\/\/www.uaa.mx\/informacionpublica\/wp-json\/wp\/v2\/pages\/6113"}],"wp:attachment":[{"href":"https:\/\/www.uaa.mx\/informacionpublica\/wp-json\/wp\/v2\/media?parent=8931"}],"curies":[{"name":"wp","href":"https:\/\/api.w.org\/{rel}","templated":true}]}}