{"id":58,"date":"2010-03-04T18:33:08","date_gmt":"2010-03-04T18:33:08","guid":{"rendered":"http:\/\/www.uaa.mx\/inmunidadinnata\/?page_id=58"},"modified":"2022-08-04T08:13:24","modified_gmt":"2022-08-04T13:13:24","slug":"contacto","status":"publish","type":"page","link":"https:\/\/www.uaa.mx\/inmunidadinnata\/?page_id=58","title":{"rendered":"CONTACTO"},"content":{"rendered":"<p style=\"text-align: right;\">Dra. Eva Mar\u00eda Salinas Miralles<br \/>Laboratorio de Inmunolog\u00eda<br \/>Depto. de Microbiolog\u00eda,<br \/>Centro de Ciencias B\u00e1sicas<br \/>Universidad Aut\u00f3noma de Aguascalientes<br \/>Tel: (449) 9 10 84 24<br \/>Correo electr\u00f3nico: <a href=\"mailto:cursoinnataags@gmail.com\">cursoinnataags@gmail.com<\/a><\/p>\n\n\n<p><\/p>\n","protected":false},"excerpt":{"rendered":"<p>Dra. Eva Mar\u00eda Salinas MirallesLaboratorio de Inmunolog\u00edaDepto. de Microbiolog\u00eda,Centro de Ciencias B\u00e1sicasUniversidad Aut\u00f3noma de AguascalientesTel: (449) 9 10 84 24Correo electr\u00f3nico: cursoinnataags@gmail.com<\/p>\n","protected":false},"author":5,"featured_media":0,"parent":0,"menu_order":5,"comment_status":"closed","ping_status":"open","template":"","meta":{"footnotes":""},"class_list":["post-58","page","type-page","status-publish","hentry"],"_links":{"self":[{"href":"https:\/\/www.uaa.mx\/inmunidadinnata\/index.php?rest_route=\/wp\/v2\/pages\/58","targetHints":{"allow":["GET"]}}],"collection":[{"href":"https:\/\/www.uaa.mx\/inmunidadinnata\/index.php?rest_route=\/wp\/v2\/pages"}],"about":[{"href":"https:\/\/www.uaa.mx\/inmunidadinnata\/index.php?rest_route=\/wp\/v2\/types\/page"}],"author":[{"embeddable":true,"href":"https:\/\/www.uaa.mx\/inmunidadinnata\/index.php?rest_route=\/wp\/v2\/users\/5"}],"replies":[{"embeddable":true,"href":"https:\/\/www.uaa.mx\/inmunidadinnata\/index.php?rest_route=%2Fwp%2Fv2%2Fcomments&post=58"}],"version-history":[{"count":7,"href":"https:\/\/www.uaa.mx\/inmunidadinnata\/index.php?rest_route=\/wp\/v2\/pages\/58\/revisions"}],"predecessor-version":[{"id":532,"href":"https:\/\/www.uaa.mx\/inmunidadinnata\/index.php?rest_route=\/wp\/v2\/pages\/58\/revisions\/532"}],"wp:attachment":[{"href":"https:\/\/www.uaa.mx\/inmunidadinnata\/index.php?rest_route=%2Fwp%2Fv2%2Fmedia&parent=58"}],"curies":[{"name":"wp","href":"https:\/\/api.w.org\/{rel}","templated":true}]}}