{"id":243,"date":"2017-09-21T09:31:09","date_gmt":"2017-09-21T15:31:09","guid":{"rendered":"https:\/\/www.uaa.mx\/portal\/?page_id=243"},"modified":"2026-04-15T09:50:47","modified_gmt":"2026-04-15T15:50:47","slug":"arte-y-gestion-cultural","status":"publish","type":"page","link":"https:\/\/www.uaa.mx\/portal\/nuestra-universidad\/centros-academicos\/centro-de-las-artes-y-la-cultura\/arte-y-gestion-cultural\/","title":{"rendered":"Departamento de Arte y Gesti\u00f3n Cultural"},"content":{"rendered":"<p>&nbsp;<\/p>\n<p><img decoding=\"async\" class=\"aligncenter\" src=\"https:\/\/www.uaa.mx\/portal\/wp-content\/uploads\/2024\/07\/Escuela-de-musica.png\" \/><\/p>\n<p>&nbsp;<\/p>\n<ul>\n<li><span style=\"color: #3366ff\"><strong>XIII Concurso Nacional de Cr\u00edtica de Arte para estudiantes de licenciatura &#8220;Universidad Aut\u00f3noma de Aguascalientes&#8221;:<span style=\"color: #ff0000\"> <a style=\"color: #ff0000\" href=\"https:\/\/www.uaa.mx\/portal\/wp-content\/uploads\/2026\/04\/XIII-CONCURSO-CRITICA-ARTE.pdf\" target=\"_blank\" rel=\"noopener\">CONVOCATORIA 2026<\/a><\/span><\/strong><\/span><\/li>\n<\/ul>\n","protected":false},"excerpt":{"rendered":"<p>&nbsp; &nbsp; XIII Concurso Nacional de Cr\u00edtica de Arte para estudiantes de licenciatura &#8220;Universidad Aut\u00f3noma de Aguascalientes&#8221;: CONVOCATORIA 2026<\/p>\n","protected":false},"author":55,"featured_media":0,"parent":147,"menu_order":0,"comment_status":"closed","ping_status":"closed","template":"template-departamento.php","meta":{"_acf_changed":false,"footnotes":""},"class_list":["post-243","page","type-page","status-publish","hentry"],"acf":[],"yoast_head":"<!-- This site is optimized with the Yoast SEO plugin v27.2 - https:\/\/yoast.com\/product\/yoast-seo-wordpress\/ -->\n<title>Departamento de Arte y Gesti\u00f3n Cultural - UAA | Universidad Aut\u00f3noma de Aguascalientes<\/title>\n<meta name=\"robots\" content=\"index, follow, max-snippet:-1, max-image-preview:large, max-video-preview:-1\" \/>\n<link rel=\"canonical\" href=\"https:\/\/www.uaa.mx\/portal\/nuestra-universidad\/centros-academicos\/centro-de-las-artes-y-la-cultura\/arte-y-gestion-cultural\/\" \/>\n<meta property=\"og:locale\" content=\"es_MX\" \/>\n<meta property=\"og:type\" content=\"article\" \/>\n<meta property=\"og:title\" content=\"Departamento de Arte y Gesti\u00f3n Cultural - UAA | Universidad Aut\u00f3noma de Aguascalientes\" \/>\n<meta property=\"og:description\" content=\"&nbsp; &nbsp; XIII Concurso Nacional de Cr\u00edtica de Arte para estudiantes de licenciatura &#8220;Universidad Aut\u00f3noma de Aguascalientes&#8221;: CONVOCATORIA 2026\" \/>\n<meta property=\"og:url\" content=\"https:\/\/www.uaa.mx\/portal\/nuestra-universidad\/centros-academicos\/centro-de-las-artes-y-la-cultura\/arte-y-gestion-cultural\/\" \/>\n<meta property=\"og:site_name\" content=\"UAA | Universidad Aut\u00f3noma de Aguascalientes\" \/>\n<meta property=\"article:publisher\" content=\"https:\/\/www.facebook.com\/uaa.mx\/?ref=br_rs\" \/>\n<meta property=\"article:modified_time\" content=\"2026-04-15T15:50:47+00:00\" \/>\n<meta property=\"og:image\" content=\"https:\/\/www.uaa.mx\/portal\/wp-content\/uploads\/2024\/07\/Escuela-de-musica.png\" \/>\n<meta name=\"twitter:card\" content=\"summary_large_image\" \/>\n<meta name=\"twitter:site\" content=\"@uaa_mx\" \/>\n<meta name=\"twitter:label1\" content=\"Tiempo de lectura\" \/>\n\t<meta name=\"twitter:data1\" content=\"1 minuto\" \/>\n<script type=\"application\/ld+json\" class=\"yoast-schema-graph\">{\"@context\":\"https:\/\/schema.org\",\"@graph\":[{\"@type\":\"WebPage\",\"@id\":\"https:\/\/www.uaa.mx\/portal\/nuestra-universidad\/centros-academicos\/centro-de-las-artes-y-la-cultura\/arte-y-gestion-cultural\/\",\"url\":\"https:\/\/www.uaa.mx\/portal\/nuestra-universidad\/centros-academicos\/centro-de-las-artes-y-la-cultura\/arte-y-gestion-cultural\/\",\"name\":\"Departamento de Arte y Gesti\u00f3n Cultural - UAA | Universidad Aut\u00f3noma de Aguascalientes\",\"isPartOf\":{\"@id\":\"https:\/\/www.uaa.mx\/portal\/#website\"},\"primaryImageOfPage\":{\"@id\":\"https:\/\/www.uaa.mx\/portal\/nuestra-universidad\/centros-academicos\/centro-de-las-artes-y-la-cultura\/arte-y-gestion-cultural\/#primaryimage\"},\"image\":{\"@id\":\"https:\/\/www.uaa.mx\/portal\/nuestra-universidad\/centros-academicos\/centro-de-las-artes-y-la-cultura\/arte-y-gestion-cultural\/#primaryimage\"},\"thumbnailUrl\":\"https:\/\/www.uaa.mx\/portal\/wp-content\/uploads\/2024\/07\/Escuela-de-musica.png\",\"datePublished\":\"2017-09-21T15:31:09+00:00\",\"dateModified\":\"2026-04-15T15:50:47+00:00\",\"breadcrumb\":{\"@id\":\"https:\/\/www.uaa.mx\/portal\/nuestra-universidad\/centros-academicos\/centro-de-las-artes-y-la-cultura\/arte-y-gestion-cultural\/#breadcrumb\"},\"inLanguage\":\"es\",\"potentialAction\":[{\"@type\":\"ReadAction\",\"target\":[\"https:\/\/www.uaa.mx\/portal\/nuestra-universidad\/centros-academicos\/centro-de-las-artes-y-la-cultura\/arte-y-gestion-cultural\/\"]}]},{\"@type\":\"ImageObject\",\"inLanguage\":\"es\",\"@id\":\"https:\/\/www.uaa.mx\/portal\/nuestra-universidad\/centros-academicos\/centro-de-las-artes-y-la-cultura\/arte-y-gestion-cultural\/#primaryimage\",\"url\":\"\",\"contentUrl\":\"\"},{\"@type\":\"BreadcrumbList\",\"@id\":\"https:\/\/www.uaa.mx\/portal\/nuestra-universidad\/centros-academicos\/centro-de-las-artes-y-la-cultura\/arte-y-gestion-cultural\/#breadcrumb\",\"itemListElement\":[{\"@type\":\"ListItem\",\"position\":1,\"name\":\"Inicio\",\"item\":\"https:\/\/www.uaa.mx\/portal\/\"},{\"@type\":\"ListItem\",\"position\":2,\"name\":\"Nuestra Universidad\",\"item\":\"https:\/\/www.uaa.mx\/portal\/nuestra-universidad\/\"},{\"@type\":\"ListItem\",\"position\":3,\"name\":\"Centros acad\u00e9micos\",\"item\":\"https:\/\/www.uaa.mx\/portal\/nuestra-universidad\/centros-academicos\/\"},{\"@type\":\"ListItem\",\"position\":4,\"name\":\"Centro de las Artes y la Cultura\",\"item\":\"https:\/\/www.uaa.mx\/portal\/nuestra-universidad\/centros-academicos\/centro-de-las-artes-y-la-cultura\/\"},{\"@type\":\"ListItem\",\"position\":5,\"name\":\"Departamento de Arte y Gesti\u00f3n Cultural\"}]},{\"@type\":\"WebSite\",\"@id\":\"https:\/\/www.uaa.mx\/portal\/#website\",\"url\":\"https:\/\/www.uaa.mx\/portal\/\",\"name\":\"UAA | Universidad Aut\u00f3noma de Aguascalientes\",\"description\":\"\",\"publisher\":{\"@id\":\"https:\/\/www.uaa.mx\/portal\/#organization\"},\"potentialAction\":[{\"@type\":\"SearchAction\",\"target\":{\"@type\":\"EntryPoint\",\"urlTemplate\":\"https:\/\/www.uaa.mx\/portal\/?s={search_term_string}\"},\"query-input\":{\"@type\":\"PropertyValueSpecification\",\"valueRequired\":true,\"valueName\":\"search_term_string\"}}],\"inLanguage\":\"es\"},{\"@type\":\"Organization\",\"@id\":\"https:\/\/www.uaa.mx\/portal\/#organization\",\"name\":\"UAA | Universidad Aut\u00f3noma de Aguascalientes\",\"url\":\"https:\/\/www.uaa.mx\/portal\/\",\"logo\":{\"@type\":\"ImageObject\",\"inLanguage\":\"es\",\"@id\":\"https:\/\/www.uaa.mx\/portal\/#\/schema\/logo\/image\/\",\"url\":\"https:\/\/www.uaa.mx\/portal\/wp-content\/uploads\/2022\/09\/LOGO-UAA-2022_LOGO-01-COLOR.png\",\"contentUrl\":\"https:\/\/www.uaa.mx\/portal\/wp-content\/uploads\/2022\/09\/LOGO-UAA-2022_LOGO-01-COLOR.png\",\"width\":5218,\"height\":3133,\"caption\":\"UAA | Universidad Aut\u00f3noma de Aguascalientes\"},\"image\":{\"@id\":\"https:\/\/www.uaa.mx\/portal\/#\/schema\/logo\/image\/\"},\"sameAs\":[\"https:\/\/www.facebook.com\/uaa.mx\/?ref=br_rs\",\"https:\/\/x.com\/uaa_mx\",\"https:\/\/www.instagram.com\/uaa_mx?igshid=MzRlODBiNWFlZA\",\"https:\/\/www.youtube.com\/user\/UAAmx\",\"https:\/\/www.linkedin.com\/school\/universidad-aut-noma-de-aguascalientes\/\",\"https:\/\/g.page\/r\/CdstxDdmJKCJEAE\"]}]}<\/script>\n<!-- \/ Yoast SEO plugin. -->","yoast_head_json":{"title":"Departamento de Arte y Gesti\u00f3n Cultural - UAA | Universidad Aut\u00f3noma de Aguascalientes","robots":{"index":"index","follow":"follow","max-snippet":"max-snippet:-1","max-image-preview":"max-image-preview:large","max-video-preview":"max-video-preview:-1"},"canonical":"https:\/\/www.uaa.mx\/portal\/nuestra-universidad\/centros-academicos\/centro-de-las-artes-y-la-cultura\/arte-y-gestion-cultural\/","og_locale":"es_MX","og_type":"article","og_title":"Departamento de Arte y Gesti\u00f3n Cultural - UAA | Universidad Aut\u00f3noma de Aguascalientes","og_description":"&nbsp; &nbsp; XIII Concurso Nacional de Cr\u00edtica de Arte para estudiantes de licenciatura &#8220;Universidad Aut\u00f3noma de Aguascalientes&#8221;: CONVOCATORIA 2026","og_url":"https:\/\/www.uaa.mx\/portal\/nuestra-universidad\/centros-academicos\/centro-de-las-artes-y-la-cultura\/arte-y-gestion-cultural\/","og_site_name":"UAA | Universidad Aut\u00f3noma de Aguascalientes","article_publisher":"https:\/\/www.facebook.com\/uaa.mx\/?ref=br_rs","article_modified_time":"2026-04-15T15:50:47+00:00","og_image":[{"url":"https:\/\/www.uaa.mx\/portal\/wp-content\/uploads\/2024\/07\/Escuela-de-musica.png","type":"","width":"","height":""}],"twitter_card":"summary_large_image","twitter_site":"@uaa_mx","twitter_misc":{"Tiempo de lectura":"1 minuto"},"schema":{"@context":"https:\/\/schema.org","@graph":[{"@type":"WebPage","@id":"https:\/\/www.uaa.mx\/portal\/nuestra-universidad\/centros-academicos\/centro-de-las-artes-y-la-cultura\/arte-y-gestion-cultural\/","url":"https:\/\/www.uaa.mx\/portal\/nuestra-universidad\/centros-academicos\/centro-de-las-artes-y-la-cultura\/arte-y-gestion-cultural\/","name":"Departamento de Arte y Gesti\u00f3n Cultural - UAA | Universidad Aut\u00f3noma de Aguascalientes","isPartOf":{"@id":"https:\/\/www.uaa.mx\/portal\/#website"},"primaryImageOfPage":{"@id":"https:\/\/www.uaa.mx\/portal\/nuestra-universidad\/centros-academicos\/centro-de-las-artes-y-la-cultura\/arte-y-gestion-cultural\/#primaryimage"},"image":{"@id":"https:\/\/www.uaa.mx\/portal\/nuestra-universidad\/centros-academicos\/centro-de-las-artes-y-la-cultura\/arte-y-gestion-cultural\/#primaryimage"},"thumbnailUrl":"https:\/\/www.uaa.mx\/portal\/wp-content\/uploads\/2024\/07\/Escuela-de-musica.png","datePublished":"2017-09-21T15:31:09+00:00","dateModified":"2026-04-15T15:50:47+00:00","breadcrumb":{"@id":"https:\/\/www.uaa.mx\/portal\/nuestra-universidad\/centros-academicos\/centro-de-las-artes-y-la-cultura\/arte-y-gestion-cultural\/#breadcrumb"},"inLanguage":"es","potentialAction":[{"@type":"ReadAction","target":["https:\/\/www.uaa.mx\/portal\/nuestra-universidad\/centros-academicos\/centro-de-las-artes-y-la-cultura\/arte-y-gestion-cultural\/"]}]},{"@type":"ImageObject","inLanguage":"es","@id":"https:\/\/www.uaa.mx\/portal\/nuestra-universidad\/centros-academicos\/centro-de-las-artes-y-la-cultura\/arte-y-gestion-cultural\/#primaryimage","url":"","contentUrl":""},{"@type":"BreadcrumbList","@id":"https:\/\/www.uaa.mx\/portal\/nuestra-universidad\/centros-academicos\/centro-de-las-artes-y-la-cultura\/arte-y-gestion-cultural\/#breadcrumb","itemListElement":[{"@type":"ListItem","position":1,"name":"Inicio","item":"https:\/\/www.uaa.mx\/portal\/"},{"@type":"ListItem","position":2,"name":"Nuestra Universidad","item":"https:\/\/www.uaa.mx\/portal\/nuestra-universidad\/"},{"@type":"ListItem","position":3,"name":"Centros acad\u00e9micos","item":"https:\/\/www.uaa.mx\/portal\/nuestra-universidad\/centros-academicos\/"},{"@type":"ListItem","position":4,"name":"Centro de las Artes y la Cultura","item":"https:\/\/www.uaa.mx\/portal\/nuestra-universidad\/centros-academicos\/centro-de-las-artes-y-la-cultura\/"},{"@type":"ListItem","position":5,"name":"Departamento de Arte y Gesti\u00f3n Cultural"}]},{"@type":"WebSite","@id":"https:\/\/www.uaa.mx\/portal\/#website","url":"https:\/\/www.uaa.mx\/portal\/","name":"UAA | Universidad Aut\u00f3noma de Aguascalientes","description":"","publisher":{"@id":"https:\/\/www.uaa.mx\/portal\/#organization"},"potentialAction":[{"@type":"SearchAction","target":{"@type":"EntryPoint","urlTemplate":"https:\/\/www.uaa.mx\/portal\/?s={search_term_string}"},"query-input":{"@type":"PropertyValueSpecification","valueRequired":true,"valueName":"search_term_string"}}],"inLanguage":"es"},{"@type":"Organization","@id":"https:\/\/www.uaa.mx\/portal\/#organization","name":"UAA | Universidad Aut\u00f3noma de Aguascalientes","url":"https:\/\/www.uaa.mx\/portal\/","logo":{"@type":"ImageObject","inLanguage":"es","@id":"https:\/\/www.uaa.mx\/portal\/#\/schema\/logo\/image\/","url":"https:\/\/www.uaa.mx\/portal\/wp-content\/uploads\/2022\/09\/LOGO-UAA-2022_LOGO-01-COLOR.png","contentUrl":"https:\/\/www.uaa.mx\/portal\/wp-content\/uploads\/2022\/09\/LOGO-UAA-2022_LOGO-01-COLOR.png","width":5218,"height":3133,"caption":"UAA | Universidad Aut\u00f3noma de Aguascalientes"},"image":{"@id":"https:\/\/www.uaa.mx\/portal\/#\/schema\/logo\/image\/"},"sameAs":["https:\/\/www.facebook.com\/uaa.mx\/?ref=br_rs","https:\/\/x.com\/uaa_mx","https:\/\/www.instagram.com\/uaa_mx?igshid=MzRlODBiNWFlZA","https:\/\/www.youtube.com\/user\/UAAmx","https:\/\/www.linkedin.com\/school\/universidad-aut-noma-de-aguascalientes\/","https:\/\/g.page\/r\/CdstxDdmJKCJEAE"]}]}},"jetpack_sharing_enabled":true,"_links":{"self":[{"href":"https:\/\/www.uaa.mx\/portal\/wp-json\/wp\/v2\/pages\/243","targetHints":{"allow":["GET"]}}],"collection":[{"href":"https:\/\/www.uaa.mx\/portal\/wp-json\/wp\/v2\/pages"}],"about":[{"href":"https:\/\/www.uaa.mx\/portal\/wp-json\/wp\/v2\/types\/page"}],"author":[{"embeddable":true,"href":"https:\/\/www.uaa.mx\/portal\/wp-json\/wp\/v2\/users\/55"}],"replies":[{"embeddable":true,"href":"https:\/\/www.uaa.mx\/portal\/wp-json\/wp\/v2\/comments?post=243"}],"version-history":[{"count":66,"href":"https:\/\/www.uaa.mx\/portal\/wp-json\/wp\/v2\/pages\/243\/revisions"}],"predecessor-version":[{"id":69508,"href":"https:\/\/www.uaa.mx\/portal\/wp-json\/wp\/v2\/pages\/243\/revisions\/69508"}],"up":[{"embeddable":true,"href":"https:\/\/www.uaa.mx\/portal\/wp-json\/wp\/v2\/pages\/147"}],"wp:attachment":[{"href":"https:\/\/www.uaa.mx\/portal\/wp-json\/wp\/v2\/media?parent=243"}],"curies":[{"name":"wp","href":"https:\/\/api.w.org\/{rel}","templated":true}]}}