{"id":245,"date":"2017-09-21T09:33:39","date_gmt":"2017-09-21T15:33:39","guid":{"rendered":"https:\/\/www.uaa.mx\/portal\/?page_id=245"},"modified":"2026-05-07T10:46:32","modified_gmt":"2026-05-07T16:46:32","slug":"departamento-de-musica","status":"publish","type":"page","link":"https:\/\/www.uaa.mx\/portal\/nuestra-universidad\/centros-academicos\/centro-de-las-artes-y-la-cultura\/departamento-de-musica\/","title":{"rendered":"Departamento de M\u00fasica"},"content":{"rendered":"<p><a href=\"https:\/\/www.uaa.mx\/portal\/nuestra-universidad\/centros-academicos-2\/centro-de-las-artes-y-la-cultura\/departamento-de-musica\/eventos-musica\/inicia-la-semana-de-la-musica-2024\/\"><img loading=\"lazy\" decoding=\"async\" class=\"aligncenter wp-image-57811 size-full\" src=\"https:\/\/www.uaa.mx\/portal\/wp-content\/uploads\/2024\/07\/Escuela-de-musica.png\" alt=\"\" width=\"800\" height=\"168\" srcset=\"https:\/\/www.uaa.mx\/portal\/wp-content\/uploads\/2024\/07\/Escuela-de-musica.png 800w, https:\/\/www.uaa.mx\/portal\/wp-content\/uploads\/2024\/07\/Escuela-de-musica-300x63.png 300w, https:\/\/www.uaa.mx\/portal\/wp-content\/uploads\/2024\/07\/Escuela-de-musica-768x161.png 768w\" sizes=\"auto, (max-width: 800px) 100vw, 800px\" \/><\/a><\/p>\n<ul>\n<li><span style=\"color: #3366ff\"><strong>Seminario Permanente de Departamento de M\u00fasica (SEMPER) febrero-junio 2026: <span style=\"color: #ff0000\"><a style=\"color: #ff0000\" href=\"https:\/\/www.uaa.mx\/portal\/wp-content\/uploads\/2026\/03\/SEMPER-programa-2026-1.pdf\" target=\"_blank\" rel=\"noopener\">PROGRAMA<\/a><\/span><\/strong><\/span><span style=\"color: #3366ff\"><strong><br \/>\n<\/strong><\/span><\/li>\n<li><span style=\"color: #3366ff\"><strong>C\u00e1tedra Alfonso Moreno 2026 &#8211; 12 y 13 de mayo: <span style=\"color: #ff0000\"><a style=\"color: #ff0000\" href=\"https:\/\/www.uaa.mx\/portal\/wp-content\/uploads\/2026\/05\/Programa-de-mano-Catedra-Alfonso-Moreno-2026.pdf\" target=\"_blank\" rel=\"noopener\">Programa<\/a><\/span><\/strong><\/span><\/li>\n<\/ul>\n","protected":false},"excerpt":{"rendered":"<p>Seminario Permanente de Departamento de M\u00fasica (SEMPER) febrero-junio 2026: PROGRAMA C\u00e1tedra Alfonso Moreno 2026 &#8211; 12 y 13 de mayo: &#8230;<\/p>\n","protected":false},"author":55,"featured_media":0,"parent":147,"menu_order":0,"comment_status":"closed","ping_status":"closed","template":"template-departamento.php","meta":{"_acf_changed":false,"footnotes":""},"class_list":["post-245","page","type-page","status-publish","hentry"],"acf":[],"yoast_head":"<!-- This site is optimized with the Yoast SEO plugin v27.2 - https:\/\/yoast.com\/product\/yoast-seo-wordpress\/ -->\n<title>Departamento de M\u00fasica - UAA | Universidad Aut\u00f3noma de Aguascalientes<\/title>\n<meta name=\"robots\" content=\"index, follow, max-snippet:-1, max-image-preview:large, max-video-preview:-1\" \/>\n<link rel=\"canonical\" href=\"https:\/\/www.uaa.mx\/portal\/nuestra-universidad\/centros-academicos\/centro-de-las-artes-y-la-cultura\/departamento-de-musica\/\" \/>\n<meta property=\"og:locale\" content=\"es_MX\" \/>\n<meta property=\"og:type\" content=\"article\" \/>\n<meta property=\"og:title\" content=\"Departamento de M\u00fasica - UAA | Universidad Aut\u00f3noma de Aguascalientes\" \/>\n<meta property=\"og:description\" content=\"Seminario Permanente de Departamento de M\u00fasica (SEMPER) febrero-junio 2026: PROGRAMA C\u00e1tedra Alfonso Moreno 2026 &#8211; 12 y 13 de mayo: ...\" \/>\n<meta property=\"og:url\" content=\"https:\/\/www.uaa.mx\/portal\/nuestra-universidad\/centros-academicos\/centro-de-las-artes-y-la-cultura\/departamento-de-musica\/\" \/>\n<meta property=\"og:site_name\" content=\"UAA | Universidad Aut\u00f3noma de Aguascalientes\" \/>\n<meta property=\"article:publisher\" content=\"https:\/\/www.facebook.com\/uaa.mx\/?ref=br_rs\" \/>\n<meta property=\"article:modified_time\" content=\"2026-05-07T16:46:32+00:00\" \/>\n<meta property=\"og:image\" content=\"https:\/\/www.uaa.mx\/portal\/wp-content\/uploads\/2024\/07\/Escuela-de-musica.png\" \/>\n\t<meta property=\"og:image:width\" content=\"800\" \/>\n\t<meta property=\"og:image:height\" content=\"168\" \/>\n\t<meta property=\"og:image:type\" content=\"image\/png\" \/>\n<meta name=\"twitter:card\" content=\"summary_large_image\" \/>\n<meta name=\"twitter:site\" content=\"@uaa_mx\" \/>\n<meta name=\"twitter:label1\" content=\"Tiempo de lectura\" \/>\n\t<meta name=\"twitter:data1\" content=\"1 minuto\" \/>\n<script type=\"application\/ld+json\" class=\"yoast-schema-graph\">{\"@context\":\"https:\/\/schema.org\",\"@graph\":[{\"@type\":\"WebPage\",\"@id\":\"https:\/\/www.uaa.mx\/portal\/nuestra-universidad\/centros-academicos\/centro-de-las-artes-y-la-cultura\/departamento-de-musica\/\",\"url\":\"https:\/\/www.uaa.mx\/portal\/nuestra-universidad\/centros-academicos\/centro-de-las-artes-y-la-cultura\/departamento-de-musica\/\",\"name\":\"Departamento de M\u00fasica - UAA | Universidad Aut\u00f3noma de Aguascalientes\",\"isPartOf\":{\"@id\":\"https:\/\/www.uaa.mx\/portal\/#website\"},\"primaryImageOfPage\":{\"@id\":\"https:\/\/www.uaa.mx\/portal\/nuestra-universidad\/centros-academicos\/centro-de-las-artes-y-la-cultura\/departamento-de-musica\/#primaryimage\"},\"image\":{\"@id\":\"https:\/\/www.uaa.mx\/portal\/nuestra-universidad\/centros-academicos\/centro-de-las-artes-y-la-cultura\/departamento-de-musica\/#primaryimage\"},\"thumbnailUrl\":\"https:\/\/www.uaa.mx\/portal\/wp-content\/uploads\/2024\/07\/Escuela-de-musica.png\",\"datePublished\":\"2017-09-21T15:33:39+00:00\",\"dateModified\":\"2026-05-07T16:46:32+00:00\",\"breadcrumb\":{\"@id\":\"https:\/\/www.uaa.mx\/portal\/nuestra-universidad\/centros-academicos\/centro-de-las-artes-y-la-cultura\/departamento-de-musica\/#breadcrumb\"},\"inLanguage\":\"es\",\"potentialAction\":[{\"@type\":\"ReadAction\",\"target\":[\"https:\/\/www.uaa.mx\/portal\/nuestra-universidad\/centros-academicos\/centro-de-las-artes-y-la-cultura\/departamento-de-musica\/\"]}]},{\"@type\":\"ImageObject\",\"inLanguage\":\"es\",\"@id\":\"https:\/\/www.uaa.mx\/portal\/nuestra-universidad\/centros-academicos\/centro-de-las-artes-y-la-cultura\/departamento-de-musica\/#primaryimage\",\"url\":\"\",\"contentUrl\":\"\"},{\"@type\":\"BreadcrumbList\",\"@id\":\"https:\/\/www.uaa.mx\/portal\/nuestra-universidad\/centros-academicos\/centro-de-las-artes-y-la-cultura\/departamento-de-musica\/#breadcrumb\",\"itemListElement\":[{\"@type\":\"ListItem\",\"position\":1,\"name\":\"Inicio\",\"item\":\"https:\/\/www.uaa.mx\/portal\/\"},{\"@type\":\"ListItem\",\"position\":2,\"name\":\"Nuestra Universidad\",\"item\":\"https:\/\/www.uaa.mx\/portal\/nuestra-universidad\/\"},{\"@type\":\"ListItem\",\"position\":3,\"name\":\"Centros acad\u00e9micos\",\"item\":\"https:\/\/www.uaa.mx\/portal\/nuestra-universidad\/centros-academicos\/\"},{\"@type\":\"ListItem\",\"position\":4,\"name\":\"Centro de las Artes y la Cultura\",\"item\":\"https:\/\/www.uaa.mx\/portal\/nuestra-universidad\/centros-academicos\/centro-de-las-artes-y-la-cultura\/\"},{\"@type\":\"ListItem\",\"position\":5,\"name\":\"Departamento de M\u00fasica\"}]},{\"@type\":\"WebSite\",\"@id\":\"https:\/\/www.uaa.mx\/portal\/#website\",\"url\":\"https:\/\/www.uaa.mx\/portal\/\",\"name\":\"UAA | Universidad Aut\u00f3noma de Aguascalientes\",\"description\":\"\",\"publisher\":{\"@id\":\"https:\/\/www.uaa.mx\/portal\/#organization\"},\"potentialAction\":[{\"@type\":\"SearchAction\",\"target\":{\"@type\":\"EntryPoint\",\"urlTemplate\":\"https:\/\/www.uaa.mx\/portal\/?s={search_term_string}\"},\"query-input\":{\"@type\":\"PropertyValueSpecification\",\"valueRequired\":true,\"valueName\":\"search_term_string\"}}],\"inLanguage\":\"es\"},{\"@type\":\"Organization\",\"@id\":\"https:\/\/www.uaa.mx\/portal\/#organization\",\"name\":\"UAA | Universidad Aut\u00f3noma de Aguascalientes\",\"url\":\"https:\/\/www.uaa.mx\/portal\/\",\"logo\":{\"@type\":\"ImageObject\",\"inLanguage\":\"es\",\"@id\":\"https:\/\/www.uaa.mx\/portal\/#\/schema\/logo\/image\/\",\"url\":\"https:\/\/www.uaa.mx\/portal\/wp-content\/uploads\/2022\/09\/LOGO-UAA-2022_LOGO-01-COLOR.png\",\"contentUrl\":\"https:\/\/www.uaa.mx\/portal\/wp-content\/uploads\/2022\/09\/LOGO-UAA-2022_LOGO-01-COLOR.png\",\"width\":5218,\"height\":3133,\"caption\":\"UAA | Universidad Aut\u00f3noma de Aguascalientes\"},\"image\":{\"@id\":\"https:\/\/www.uaa.mx\/portal\/#\/schema\/logo\/image\/\"},\"sameAs\":[\"https:\/\/www.facebook.com\/uaa.mx\/?ref=br_rs\",\"https:\/\/x.com\/uaa_mx\",\"https:\/\/www.instagram.com\/uaa_mx?igshid=MzRlODBiNWFlZA\",\"https:\/\/www.youtube.com\/user\/UAAmx\",\"https:\/\/www.linkedin.com\/school\/universidad-aut-noma-de-aguascalientes\/\",\"https:\/\/g.page\/r\/CdstxDdmJKCJEAE\"]}]}<\/script>\n<!-- \/ Yoast SEO plugin. -->","yoast_head_json":{"title":"Departamento de M\u00fasica - UAA | Universidad Aut\u00f3noma de Aguascalientes","robots":{"index":"index","follow":"follow","max-snippet":"max-snippet:-1","max-image-preview":"max-image-preview:large","max-video-preview":"max-video-preview:-1"},"canonical":"https:\/\/www.uaa.mx\/portal\/nuestra-universidad\/centros-academicos\/centro-de-las-artes-y-la-cultura\/departamento-de-musica\/","og_locale":"es_MX","og_type":"article","og_title":"Departamento de M\u00fasica - UAA | Universidad Aut\u00f3noma de Aguascalientes","og_description":"Seminario Permanente de Departamento de M\u00fasica (SEMPER) febrero-junio 2026: PROGRAMA C\u00e1tedra Alfonso Moreno 2026 &#8211; 12 y 13 de mayo: ...","og_url":"https:\/\/www.uaa.mx\/portal\/nuestra-universidad\/centros-academicos\/centro-de-las-artes-y-la-cultura\/departamento-de-musica\/","og_site_name":"UAA | Universidad Aut\u00f3noma de Aguascalientes","article_publisher":"https:\/\/www.facebook.com\/uaa.mx\/?ref=br_rs","article_modified_time":"2026-05-07T16:46:32+00:00","og_image":[{"width":800,"height":168,"url":"https:\/\/www.uaa.mx\/portal\/wp-content\/uploads\/2024\/07\/Escuela-de-musica.png","type":"image\/png"}],"twitter_card":"summary_large_image","twitter_site":"@uaa_mx","twitter_misc":{"Tiempo de lectura":"1 minuto"},"schema":{"@context":"https:\/\/schema.org","@graph":[{"@type":"WebPage","@id":"https:\/\/www.uaa.mx\/portal\/nuestra-universidad\/centros-academicos\/centro-de-las-artes-y-la-cultura\/departamento-de-musica\/","url":"https:\/\/www.uaa.mx\/portal\/nuestra-universidad\/centros-academicos\/centro-de-las-artes-y-la-cultura\/departamento-de-musica\/","name":"Departamento de M\u00fasica - UAA | Universidad Aut\u00f3noma de Aguascalientes","isPartOf":{"@id":"https:\/\/www.uaa.mx\/portal\/#website"},"primaryImageOfPage":{"@id":"https:\/\/www.uaa.mx\/portal\/nuestra-universidad\/centros-academicos\/centro-de-las-artes-y-la-cultura\/departamento-de-musica\/#primaryimage"},"image":{"@id":"https:\/\/www.uaa.mx\/portal\/nuestra-universidad\/centros-academicos\/centro-de-las-artes-y-la-cultura\/departamento-de-musica\/#primaryimage"},"thumbnailUrl":"https:\/\/www.uaa.mx\/portal\/wp-content\/uploads\/2024\/07\/Escuela-de-musica.png","datePublished":"2017-09-21T15:33:39+00:00","dateModified":"2026-05-07T16:46:32+00:00","breadcrumb":{"@id":"https:\/\/www.uaa.mx\/portal\/nuestra-universidad\/centros-academicos\/centro-de-las-artes-y-la-cultura\/departamento-de-musica\/#breadcrumb"},"inLanguage":"es","potentialAction":[{"@type":"ReadAction","target":["https:\/\/www.uaa.mx\/portal\/nuestra-universidad\/centros-academicos\/centro-de-las-artes-y-la-cultura\/departamento-de-musica\/"]}]},{"@type":"ImageObject","inLanguage":"es","@id":"https:\/\/www.uaa.mx\/portal\/nuestra-universidad\/centros-academicos\/centro-de-las-artes-y-la-cultura\/departamento-de-musica\/#primaryimage","url":"","contentUrl":""},{"@type":"BreadcrumbList","@id":"https:\/\/www.uaa.mx\/portal\/nuestra-universidad\/centros-academicos\/centro-de-las-artes-y-la-cultura\/departamento-de-musica\/#breadcrumb","itemListElement":[{"@type":"ListItem","position":1,"name":"Inicio","item":"https:\/\/www.uaa.mx\/portal\/"},{"@type":"ListItem","position":2,"name":"Nuestra Universidad","item":"https:\/\/www.uaa.mx\/portal\/nuestra-universidad\/"},{"@type":"ListItem","position":3,"name":"Centros acad\u00e9micos","item":"https:\/\/www.uaa.mx\/portal\/nuestra-universidad\/centros-academicos\/"},{"@type":"ListItem","position":4,"name":"Centro de las Artes y la Cultura","item":"https:\/\/www.uaa.mx\/portal\/nuestra-universidad\/centros-academicos\/centro-de-las-artes-y-la-cultura\/"},{"@type":"ListItem","position":5,"name":"Departamento de M\u00fasica"}]},{"@type":"WebSite","@id":"https:\/\/www.uaa.mx\/portal\/#website","url":"https:\/\/www.uaa.mx\/portal\/","name":"UAA | Universidad Aut\u00f3noma de Aguascalientes","description":"","publisher":{"@id":"https:\/\/www.uaa.mx\/portal\/#organization"},"potentialAction":[{"@type":"SearchAction","target":{"@type":"EntryPoint","urlTemplate":"https:\/\/www.uaa.mx\/portal\/?s={search_term_string}"},"query-input":{"@type":"PropertyValueSpecification","valueRequired":true,"valueName":"search_term_string"}}],"inLanguage":"es"},{"@type":"Organization","@id":"https:\/\/www.uaa.mx\/portal\/#organization","name":"UAA | Universidad Aut\u00f3noma de Aguascalientes","url":"https:\/\/www.uaa.mx\/portal\/","logo":{"@type":"ImageObject","inLanguage":"es","@id":"https:\/\/www.uaa.mx\/portal\/#\/schema\/logo\/image\/","url":"https:\/\/www.uaa.mx\/portal\/wp-content\/uploads\/2022\/09\/LOGO-UAA-2022_LOGO-01-COLOR.png","contentUrl":"https:\/\/www.uaa.mx\/portal\/wp-content\/uploads\/2022\/09\/LOGO-UAA-2022_LOGO-01-COLOR.png","width":5218,"height":3133,"caption":"UAA | Universidad Aut\u00f3noma de Aguascalientes"},"image":{"@id":"https:\/\/www.uaa.mx\/portal\/#\/schema\/logo\/image\/"},"sameAs":["https:\/\/www.facebook.com\/uaa.mx\/?ref=br_rs","https:\/\/x.com\/uaa_mx","https:\/\/www.instagram.com\/uaa_mx?igshid=MzRlODBiNWFlZA","https:\/\/www.youtube.com\/user\/UAAmx","https:\/\/www.linkedin.com\/school\/universidad-aut-noma-de-aguascalientes\/","https:\/\/g.page\/r\/CdstxDdmJKCJEAE"]}]}},"jetpack_sharing_enabled":true,"_links":{"self":[{"href":"https:\/\/www.uaa.mx\/portal\/wp-json\/wp\/v2\/pages\/245","targetHints":{"allow":["GET"]}}],"collection":[{"href":"https:\/\/www.uaa.mx\/portal\/wp-json\/wp\/v2\/pages"}],"about":[{"href":"https:\/\/www.uaa.mx\/portal\/wp-json\/wp\/v2\/types\/page"}],"author":[{"embeddable":true,"href":"https:\/\/www.uaa.mx\/portal\/wp-json\/wp\/v2\/users\/55"}],"replies":[{"embeddable":true,"href":"https:\/\/www.uaa.mx\/portal\/wp-json\/wp\/v2\/comments?post=245"}],"version-history":[{"count":143,"href":"https:\/\/www.uaa.mx\/portal\/wp-json\/wp\/v2\/pages\/245\/revisions"}],"predecessor-version":[{"id":69829,"href":"https:\/\/www.uaa.mx\/portal\/wp-json\/wp\/v2\/pages\/245\/revisions\/69829"}],"up":[{"embeddable":true,"href":"https:\/\/www.uaa.mx\/portal\/wp-json\/wp\/v2\/pages\/147"}],"wp:attachment":[{"href":"https:\/\/www.uaa.mx\/portal\/wp-json\/wp\/v2\/media?parent=245"}],"curies":[{"name":"wp","href":"https:\/\/api.w.org\/{rel}","templated":true}]}}