{"id":24611,"date":"2021-02-17T10:24:33","date_gmt":"2021-02-17T16:24:33","guid":{"rendered":"https:\/\/www.uaa.mx\/portal\/?page_id=24611"},"modified":"2021-02-17T10:32:59","modified_gmt":"2021-02-17T16:32:59","slug":"becas-de-orfandad","status":"publish","type":"page","link":"https:\/\/www.uaa.mx\/portal\/aspirantes\/becas-de-orfandad\/","title":{"rendered":"Becas de Orfandad"},"content":{"rendered":"<p style=\"text-align: justify;\">La Universidad Aut\u00f3noma de Aguascalientes, a trav\u00e9s del \u00c1rea de Becas y Apoyos de la Direcci\u00f3n General de Servicios Educativos, ofrece las <strong>Becas de Orfandad <\/strong>dirigidas a aquellos alumnos que durante el transcurso de sus estudios sufren el fallecimiento del padre, madre o tutor(a), responsables de sostener econ\u00f3micamente a la familia.<\/p>\n<p style=\"text-align: justify;\">La Beca de Orfandad consiste en el pago total o parcial de la matr\u00edcula y las colegiaturas, y se solicita a partir del fallecimiento del padre, madre o tutor(a).<\/p>\n<p style=\"text-align: justify;\"><u>Requisitos: <\/u><\/p>\n<ul style=\"text-align: justify;\">\n<li>Estar inscrito en alg\u00fan programa educativo de bachillerato o pregrado.<\/li>\n<li>Presentar acta de defunci\u00f3n (original) del padre, madre o tutor.<\/li>\n<li>Pago de estudio socioecon\u00f3mico que realizar\u00e1 la instituci\u00f3n para acreditar la necesidad de la beca.<\/li>\n<\/ul>\n<p style=\"text-align: justify;\">La Beca de Orfandad se deber\u00e1 <strong>renovar anualmente<\/strong>, siempre y cuando se cumpla con los requisitos desde el inicio del apoyo.<\/p>\n<p style=\"text-align: justify;\">De acuerdo al resultado del estudio socioecon\u00f3mico y la evaluaci\u00f3n del Comit\u00e9 de Becas, se podr\u00e1n asignar becas del 100%, 75%, 50% y 25% aplicables al monto de la matr\u00edcula y las colegiaturas.<\/p>\n<p style=\"text-align: right;\"><strong>INFORMES:<\/strong><\/p>\n<p style=\"text-align: right;\"><strong>\u00c1rea de Becas y Apoyos<br \/>\n<\/strong><strong>Edificio Acad\u00e9mico- Administrativo, planta baja<br \/>\n<\/strong><strong>Horario: 8:00 a 15:30 horas, de lunes a viernes<br \/>\n<\/strong><strong>Tel\u00e9fono: 910-74-00 Ext. 36212, 36213 Y 36214<br \/>\n<\/strong><strong>Correo: becasyapoyos@edu.uaa.mx<\/strong><\/p>\n","protected":false},"excerpt":{"rendered":"<p>La Universidad Aut\u00f3noma de Aguascalientes, a trav\u00e9s del \u00c1rea de Becas y Apoyos de la Direcci\u00f3n General de Servicios Educativos, &#8230;<\/p>\n","protected":false},"author":15,"featured_media":0,"parent":420,"menu_order":0,"comment_status":"closed","ping_status":"closed","template":"page-template-gralconsidebar.php","meta":{"_acf_changed":false,"footnotes":""},"class_list":["post-24611","page","type-page","status-publish","hentry"],"acf":[],"yoast_head":"<!-- This site is optimized with the Yoast SEO plugin v27.2 - https:\/\/yoast.com\/product\/yoast-seo-wordpress\/ -->\n<title>Becas de Orfandad - UAA | Universidad Aut\u00f3noma de Aguascalientes<\/title>\n<meta name=\"robots\" content=\"index, follow, max-snippet:-1, max-image-preview:large, max-video-preview:-1\" \/>\n<link rel=\"canonical\" href=\"https:\/\/www.uaa.mx\/portal\/aspirantes\/becas-de-orfandad\/\" \/>\n<meta property=\"og:locale\" content=\"es_MX\" \/>\n<meta property=\"og:type\" content=\"article\" \/>\n<meta property=\"og:title\" content=\"Becas de Orfandad - UAA | Universidad Aut\u00f3noma de Aguascalientes\" \/>\n<meta property=\"og:description\" content=\"La Universidad Aut\u00f3noma de Aguascalientes, a trav\u00e9s del \u00c1rea de Becas y Apoyos de la Direcci\u00f3n General de Servicios Educativos, ...\" \/>\n<meta property=\"og:url\" content=\"https:\/\/www.uaa.mx\/portal\/aspirantes\/becas-de-orfandad\/\" \/>\n<meta property=\"og:site_name\" content=\"UAA | Universidad Aut\u00f3noma de Aguascalientes\" \/>\n<meta property=\"article:publisher\" content=\"https:\/\/www.facebook.com\/uaa.mx\/?ref=br_rs\" \/>\n<meta property=\"article:modified_time\" content=\"2021-02-17T16:32:59+00:00\" \/>\n<meta property=\"og:image\" content=\"https:\/\/www.uaa.mx\/portal\/wp-content\/uploads\/2022\/09\/Logo-Acceso-dia-scaled.jpg\" \/>\n\t<meta property=\"og:image:width\" content=\"2560\" \/>\n\t<meta property=\"og:image:height\" content=\"1708\" \/>\n\t<meta property=\"og:image:type\" content=\"image\/jpeg\" \/>\n<meta name=\"twitter:card\" content=\"summary_large_image\" \/>\n<meta name=\"twitter:site\" content=\"@uaa_mx\" \/>\n<meta name=\"twitter:label1\" content=\"Tiempo de lectura\" \/>\n\t<meta name=\"twitter:data1\" content=\"1 minuto\" \/>\n<script type=\"application\/ld+json\" class=\"yoast-schema-graph\">{\"@context\":\"https:\/\/schema.org\",\"@graph\":[{\"@type\":\"WebPage\",\"@id\":\"https:\/\/www.uaa.mx\/portal\/aspirantes\/becas-de-orfandad\/\",\"url\":\"https:\/\/www.uaa.mx\/portal\/aspirantes\/becas-de-orfandad\/\",\"name\":\"Becas de Orfandad - UAA | Universidad Aut\u00f3noma de Aguascalientes\",\"isPartOf\":{\"@id\":\"https:\/\/www.uaa.mx\/portal\/#website\"},\"datePublished\":\"2021-02-17T16:24:33+00:00\",\"dateModified\":\"2021-02-17T16:32:59+00:00\",\"breadcrumb\":{\"@id\":\"https:\/\/www.uaa.mx\/portal\/aspirantes\/becas-de-orfandad\/#breadcrumb\"},\"inLanguage\":\"es\",\"potentialAction\":[{\"@type\":\"ReadAction\",\"target\":[\"https:\/\/www.uaa.mx\/portal\/aspirantes\/becas-de-orfandad\/\"]}]},{\"@type\":\"BreadcrumbList\",\"@id\":\"https:\/\/www.uaa.mx\/portal\/aspirantes\/becas-de-orfandad\/#breadcrumb\",\"itemListElement\":[{\"@type\":\"ListItem\",\"position\":1,\"name\":\"Inicio\",\"item\":\"https:\/\/www.uaa.mx\/portal\/\"},{\"@type\":\"ListItem\",\"position\":2,\"name\":\"Aspirantes\",\"item\":\"https:\/\/www.uaa.mx\/portal\/aspirantes\/\"},{\"@type\":\"ListItem\",\"position\":3,\"name\":\"Becas de Orfandad\"}]},{\"@type\":\"WebSite\",\"@id\":\"https:\/\/www.uaa.mx\/portal\/#website\",\"url\":\"https:\/\/www.uaa.mx\/portal\/\",\"name\":\"UAA | Universidad Aut\u00f3noma de Aguascalientes\",\"description\":\"\",\"publisher\":{\"@id\":\"https:\/\/www.uaa.mx\/portal\/#organization\"},\"potentialAction\":[{\"@type\":\"SearchAction\",\"target\":{\"@type\":\"EntryPoint\",\"urlTemplate\":\"https:\/\/www.uaa.mx\/portal\/?s={search_term_string}\"},\"query-input\":{\"@type\":\"PropertyValueSpecification\",\"valueRequired\":true,\"valueName\":\"search_term_string\"}}],\"inLanguage\":\"es\"},{\"@type\":\"Organization\",\"@id\":\"https:\/\/www.uaa.mx\/portal\/#organization\",\"name\":\"UAA | Universidad Aut\u00f3noma de Aguascalientes\",\"url\":\"https:\/\/www.uaa.mx\/portal\/\",\"logo\":{\"@type\":\"ImageObject\",\"inLanguage\":\"es\",\"@id\":\"https:\/\/www.uaa.mx\/portal\/#\/schema\/logo\/image\/\",\"url\":\"https:\/\/www.uaa.mx\/portal\/wp-content\/uploads\/2022\/09\/LOGO-UAA-2022_LOGO-01-COLOR.png\",\"contentUrl\":\"https:\/\/www.uaa.mx\/portal\/wp-content\/uploads\/2022\/09\/LOGO-UAA-2022_LOGO-01-COLOR.png\",\"width\":5218,\"height\":3133,\"caption\":\"UAA | Universidad Aut\u00f3noma de Aguascalientes\"},\"image\":{\"@id\":\"https:\/\/www.uaa.mx\/portal\/#\/schema\/logo\/image\/\"},\"sameAs\":[\"https:\/\/www.facebook.com\/uaa.mx\/?ref=br_rs\",\"https:\/\/x.com\/uaa_mx\",\"https:\/\/www.instagram.com\/uaa_mx?igshid=MzRlODBiNWFlZA\",\"https:\/\/www.youtube.com\/user\/UAAmx\",\"https:\/\/www.linkedin.com\/school\/universidad-aut-noma-de-aguascalientes\/\",\"https:\/\/g.page\/r\/CdstxDdmJKCJEAE\"]}]}<\/script>\n<!-- \/ Yoast SEO plugin. -->","yoast_head_json":{"title":"Becas de Orfandad - UAA | Universidad Aut\u00f3noma de Aguascalientes","robots":{"index":"index","follow":"follow","max-snippet":"max-snippet:-1","max-image-preview":"max-image-preview:large","max-video-preview":"max-video-preview:-1"},"canonical":"https:\/\/www.uaa.mx\/portal\/aspirantes\/becas-de-orfandad\/","og_locale":"es_MX","og_type":"article","og_title":"Becas de Orfandad - UAA | Universidad Aut\u00f3noma de Aguascalientes","og_description":"La Universidad Aut\u00f3noma de Aguascalientes, a trav\u00e9s del \u00c1rea de Becas y Apoyos de la Direcci\u00f3n General de Servicios Educativos, ...","og_url":"https:\/\/www.uaa.mx\/portal\/aspirantes\/becas-de-orfandad\/","og_site_name":"UAA | Universidad Aut\u00f3noma de Aguascalientes","article_publisher":"https:\/\/www.facebook.com\/uaa.mx\/?ref=br_rs","article_modified_time":"2021-02-17T16:32:59+00:00","og_image":[{"width":2560,"height":1708,"url":"https:\/\/www.uaa.mx\/portal\/wp-content\/uploads\/2022\/09\/Logo-Acceso-dia-scaled.jpg","type":"image\/jpeg"}],"twitter_card":"summary_large_image","twitter_site":"@uaa_mx","twitter_misc":{"Tiempo de lectura":"1 minuto"},"schema":{"@context":"https:\/\/schema.org","@graph":[{"@type":"WebPage","@id":"https:\/\/www.uaa.mx\/portal\/aspirantes\/becas-de-orfandad\/","url":"https:\/\/www.uaa.mx\/portal\/aspirantes\/becas-de-orfandad\/","name":"Becas de Orfandad - UAA | Universidad Aut\u00f3noma de Aguascalientes","isPartOf":{"@id":"https:\/\/www.uaa.mx\/portal\/#website"},"datePublished":"2021-02-17T16:24:33+00:00","dateModified":"2021-02-17T16:32:59+00:00","breadcrumb":{"@id":"https:\/\/www.uaa.mx\/portal\/aspirantes\/becas-de-orfandad\/#breadcrumb"},"inLanguage":"es","potentialAction":[{"@type":"ReadAction","target":["https:\/\/www.uaa.mx\/portal\/aspirantes\/becas-de-orfandad\/"]}]},{"@type":"BreadcrumbList","@id":"https:\/\/www.uaa.mx\/portal\/aspirantes\/becas-de-orfandad\/#breadcrumb","itemListElement":[{"@type":"ListItem","position":1,"name":"Inicio","item":"https:\/\/www.uaa.mx\/portal\/"},{"@type":"ListItem","position":2,"name":"Aspirantes","item":"https:\/\/www.uaa.mx\/portal\/aspirantes\/"},{"@type":"ListItem","position":3,"name":"Becas de Orfandad"}]},{"@type":"WebSite","@id":"https:\/\/www.uaa.mx\/portal\/#website","url":"https:\/\/www.uaa.mx\/portal\/","name":"UAA | Universidad Aut\u00f3noma de Aguascalientes","description":"","publisher":{"@id":"https:\/\/www.uaa.mx\/portal\/#organization"},"potentialAction":[{"@type":"SearchAction","target":{"@type":"EntryPoint","urlTemplate":"https:\/\/www.uaa.mx\/portal\/?s={search_term_string}"},"query-input":{"@type":"PropertyValueSpecification","valueRequired":true,"valueName":"search_term_string"}}],"inLanguage":"es"},{"@type":"Organization","@id":"https:\/\/www.uaa.mx\/portal\/#organization","name":"UAA | Universidad Aut\u00f3noma de Aguascalientes","url":"https:\/\/www.uaa.mx\/portal\/","logo":{"@type":"ImageObject","inLanguage":"es","@id":"https:\/\/www.uaa.mx\/portal\/#\/schema\/logo\/image\/","url":"https:\/\/www.uaa.mx\/portal\/wp-content\/uploads\/2022\/09\/LOGO-UAA-2022_LOGO-01-COLOR.png","contentUrl":"https:\/\/www.uaa.mx\/portal\/wp-content\/uploads\/2022\/09\/LOGO-UAA-2022_LOGO-01-COLOR.png","width":5218,"height":3133,"caption":"UAA | Universidad Aut\u00f3noma de Aguascalientes"},"image":{"@id":"https:\/\/www.uaa.mx\/portal\/#\/schema\/logo\/image\/"},"sameAs":["https:\/\/www.facebook.com\/uaa.mx\/?ref=br_rs","https:\/\/x.com\/uaa_mx","https:\/\/www.instagram.com\/uaa_mx?igshid=MzRlODBiNWFlZA","https:\/\/www.youtube.com\/user\/UAAmx","https:\/\/www.linkedin.com\/school\/universidad-aut-noma-de-aguascalientes\/","https:\/\/g.page\/r\/CdstxDdmJKCJEAE"]}]}},"jetpack_sharing_enabled":true,"_links":{"self":[{"href":"https:\/\/www.uaa.mx\/portal\/wp-json\/wp\/v2\/pages\/24611","targetHints":{"allow":["GET"]}}],"collection":[{"href":"https:\/\/www.uaa.mx\/portal\/wp-json\/wp\/v2\/pages"}],"about":[{"href":"https:\/\/www.uaa.mx\/portal\/wp-json\/wp\/v2\/types\/page"}],"author":[{"embeddable":true,"href":"https:\/\/www.uaa.mx\/portal\/wp-json\/wp\/v2\/users\/15"}],"replies":[{"embeddable":true,"href":"https:\/\/www.uaa.mx\/portal\/wp-json\/wp\/v2\/comments?post=24611"}],"version-history":[{"count":1,"href":"https:\/\/www.uaa.mx\/portal\/wp-json\/wp\/v2\/pages\/24611\/revisions"}],"predecessor-version":[{"id":29168,"href":"https:\/\/www.uaa.mx\/portal\/wp-json\/wp\/v2\/pages\/24611\/revisions\/29168"}],"up":[{"embeddable":true,"href":"https:\/\/www.uaa.mx\/portal\/wp-json\/wp\/v2\/pages\/420"}],"wp:attachment":[{"href":"https:\/\/www.uaa.mx\/portal\/wp-json\/wp\/v2\/media?parent=24611"}],"curies":[{"name":"wp","href":"https:\/\/api.w.org\/{rel}","templated":true}]}}