{"id":272,"date":"2017-09-22T09:46:01","date_gmt":"2017-09-22T15:46:01","guid":{"rendered":"https:\/\/www.uaa.mx\/portal\/?page_id=272"},"modified":"2026-03-23T19:56:38","modified_gmt":"2026-03-24T01:56:38","slug":"diseno-industrial","status":"publish","type":"page","link":"https:\/\/www.uaa.mx\/portal\/nuestra-universidad\/centros-academicos\/centro-de-ciencias-del-diseno-y-de-la-construccion\/diseno-industrial\/","title":{"rendered":"Dise\u00f1o Industrial"},"content":{"rendered":"<p><img loading=\"lazy\" decoding=\"async\" class=\"alignnone size-full wp-image-66619\" src=\"https:\/\/www.uaa.mx\/portal\/wp-content\/uploads\/2025\/11\/WhatsApp-Image-2025-11-19-at-11.47.21-AM.jpeg\" alt=\"\" width=\"1064\" height=\"394\" srcset=\"https:\/\/www.uaa.mx\/portal\/wp-content\/uploads\/2025\/11\/WhatsApp-Image-2025-11-19-at-11.47.21-AM.jpeg 1064w, https:\/\/www.uaa.mx\/portal\/wp-content\/uploads\/2025\/11\/WhatsApp-Image-2025-11-19-at-11.47.21-AM-300x111.jpeg 300w, https:\/\/www.uaa.mx\/portal\/wp-content\/uploads\/2025\/11\/WhatsApp-Image-2025-11-19-at-11.47.21-AM-1024x379.jpeg 1024w, https:\/\/www.uaa.mx\/portal\/wp-content\/uploads\/2025\/11\/WhatsApp-Image-2025-11-19-at-11.47.21-AM-768x284.jpeg 768w\" sizes=\"auto, (max-width: 1064px) 100vw, 1064px\" \/><\/p>\n<ul>\n<li><strong>Objetivo (PE)<\/strong><\/li>\n<\/ul>\n<p style=\"text-align: justify\">Formar dise\u00f1adores industriales, capaces de dise\u00f1ar y desarrollar de manera integral productos y servicios caracterizados por su innovaci\u00f3n, usabilidad, factibilidad, rentabilidad, y responsabilidad hacia el medio ambiente y la sociedad y contribuir en la competitividad de las empresas, bajo un enfoque responsable, \u00e9tico y con esp\u00edritu emprendedor.<\/p>\n<ul style=\"text-align: justify\">\n<li><strong>Campo de acci\u00f3n del egresado<\/strong><\/li>\n<\/ul>\n<p style=\"text-align: justify\">El perfil del egresado de la Licenciatura en Dise\u00f1o Industrial se integra por un conjunto de habilidades, conocimientos, actitudes y valores que habr\u00e1 de mostrar en su ejercicio profesional, caracteriz\u00e1ndose por su capacidad para resolver problemas concretos en los sectores de manufactura y de servicios, con la finalidad de desarrollar soluciones rentables y congruentes con las necesidades de dichos sectores.<\/p>\n<p style=\"text-align: justify\">De esta manera el dise\u00f1ador industrial es un profesional sensible a las necesidades tanto del sector productivo como de la sociedad, coadyuvando a trav\u00e9s del dise\u00f1o de productos y servicios pertinentes en los sectores manufacturero y de servicios; dentro de los \u00e1mbitos de:<\/p>\n<ul style=\"text-align: justify\">\n<li>Dise\u00f1o de productos.<\/li>\n<li>Manufactura de productos.<\/li>\n<li>Representaci\u00f3n del producto.<\/li>\n<li>Proyecci\u00f3n y vinculaci\u00f3n de proyectos de dise\u00f1o industrial.<\/li>\n<\/ul>\n<p style=\"text-align: justify\">El campo de acci\u00f3n de los dise\u00f1adores industriales se ubica dentro de las empresas en especial las MIPyMES e instituciones de gobierno, as\u00ed\u0301 como dise\u00f1ador independiente y emprendedor.<\/p>\n","protected":false},"excerpt":{"rendered":"<p>Objetivo (PE) Formar dise\u00f1adores industriales, capaces de dise\u00f1ar y desarrollar de manera integral productos y servicios caracterizados por su innovaci\u00f3n, &#8230;<\/p>\n","protected":false},"author":55,"featured_media":0,"parent":158,"menu_order":0,"comment_status":"closed","ping_status":"closed","template":"template-departamento.php","meta":{"_acf_changed":false,"footnotes":""},"class_list":["post-272","page","type-page","status-publish","hentry"],"acf":[],"yoast_head":"<!-- This site is optimized with the Yoast SEO plugin v27.2 - https:\/\/yoast.com\/product\/yoast-seo-wordpress\/ -->\n<title>Dise\u00f1o Industrial - UAA | Universidad Aut\u00f3noma de Aguascalientes<\/title>\n<meta name=\"robots\" content=\"index, follow, max-snippet:-1, max-image-preview:large, max-video-preview:-1\" \/>\n<link rel=\"canonical\" href=\"https:\/\/www.uaa.mx\/portal\/nuestra-universidad\/centros-academicos\/centro-de-ciencias-del-diseno-y-de-la-construccion\/diseno-industrial\/\" \/>\n<meta property=\"og:locale\" content=\"es_MX\" \/>\n<meta property=\"og:type\" content=\"article\" \/>\n<meta property=\"og:title\" content=\"Dise\u00f1o Industrial - UAA | Universidad Aut\u00f3noma de Aguascalientes\" \/>\n<meta property=\"og:description\" content=\"Objetivo (PE) Formar dise\u00f1adores industriales, capaces de dise\u00f1ar y desarrollar de manera integral productos y servicios caracterizados por su innovaci\u00f3n, ...\" \/>\n<meta property=\"og:url\" content=\"https:\/\/www.uaa.mx\/portal\/nuestra-universidad\/centros-academicos\/centro-de-ciencias-del-diseno-y-de-la-construccion\/diseno-industrial\/\" \/>\n<meta property=\"og:site_name\" content=\"UAA | Universidad Aut\u00f3noma de Aguascalientes\" \/>\n<meta property=\"article:publisher\" content=\"https:\/\/www.facebook.com\/uaa.mx\/?ref=br_rs\" \/>\n<meta property=\"article:modified_time\" content=\"2026-03-24T01:56:38+00:00\" \/>\n<meta property=\"og:image\" content=\"https:\/\/www.uaa.mx\/portal\/wp-content\/uploads\/2025\/11\/WhatsApp-Image-2025-11-19-at-11.47.21-AM.jpeg\" \/>\n\t<meta property=\"og:image:width\" content=\"1064\" \/>\n\t<meta property=\"og:image:height\" content=\"394\" \/>\n\t<meta property=\"og:image:type\" content=\"image\/jpeg\" \/>\n<meta name=\"twitter:card\" content=\"summary_large_image\" \/>\n<meta name=\"twitter:site\" content=\"@uaa_mx\" \/>\n<meta name=\"twitter:label1\" content=\"Tiempo de lectura\" \/>\n\t<meta name=\"twitter:data1\" content=\"2 minutos\" \/>\n<script type=\"application\/ld+json\" class=\"yoast-schema-graph\">{\"@context\":\"https:\/\/schema.org\",\"@graph\":[{\"@type\":\"WebPage\",\"@id\":\"https:\/\/www.uaa.mx\/portal\/nuestra-universidad\/centros-academicos\/centro-de-ciencias-del-diseno-y-de-la-construccion\/diseno-industrial\/\",\"url\":\"https:\/\/www.uaa.mx\/portal\/nuestra-universidad\/centros-academicos\/centro-de-ciencias-del-diseno-y-de-la-construccion\/diseno-industrial\/\",\"name\":\"Dise\u00f1o Industrial - UAA | Universidad Aut\u00f3noma de Aguascalientes\",\"isPartOf\":{\"@id\":\"https:\/\/www.uaa.mx\/portal\/#website\"},\"primaryImageOfPage\":{\"@id\":\"https:\/\/www.uaa.mx\/portal\/nuestra-universidad\/centros-academicos\/centro-de-ciencias-del-diseno-y-de-la-construccion\/diseno-industrial\/#primaryimage\"},\"image\":{\"@id\":\"https:\/\/www.uaa.mx\/portal\/nuestra-universidad\/centros-academicos\/centro-de-ciencias-del-diseno-y-de-la-construccion\/diseno-industrial\/#primaryimage\"},\"thumbnailUrl\":\"https:\/\/www.uaa.mx\/portal\/wp-content\/uploads\/2025\/11\/WhatsApp-Image-2025-11-19-at-11.47.21-AM.jpeg\",\"datePublished\":\"2017-09-22T15:46:01+00:00\",\"dateModified\":\"2026-03-24T01:56:38+00:00\",\"breadcrumb\":{\"@id\":\"https:\/\/www.uaa.mx\/portal\/nuestra-universidad\/centros-academicos\/centro-de-ciencias-del-diseno-y-de-la-construccion\/diseno-industrial\/#breadcrumb\"},\"inLanguage\":\"es\",\"potentialAction\":[{\"@type\":\"ReadAction\",\"target\":[\"https:\/\/www.uaa.mx\/portal\/nuestra-universidad\/centros-academicos\/centro-de-ciencias-del-diseno-y-de-la-construccion\/diseno-industrial\/\"]}]},{\"@type\":\"ImageObject\",\"inLanguage\":\"es\",\"@id\":\"https:\/\/www.uaa.mx\/portal\/nuestra-universidad\/centros-academicos\/centro-de-ciencias-del-diseno-y-de-la-construccion\/diseno-industrial\/#primaryimage\",\"url\":\"https:\/\/www.uaa.mx\/portal\/wp-content\/uploads\/2025\/11\/WhatsApp-Image-2025-11-19-at-11.47.21-AM.jpeg\",\"contentUrl\":\"https:\/\/www.uaa.mx\/portal\/wp-content\/uploads\/2025\/11\/WhatsApp-Image-2025-11-19-at-11.47.21-AM.jpeg\",\"width\":1064,\"height\":394},{\"@type\":\"BreadcrumbList\",\"@id\":\"https:\/\/www.uaa.mx\/portal\/nuestra-universidad\/centros-academicos\/centro-de-ciencias-del-diseno-y-de-la-construccion\/diseno-industrial\/#breadcrumb\",\"itemListElement\":[{\"@type\":\"ListItem\",\"position\":1,\"name\":\"Inicio\",\"item\":\"https:\/\/www.uaa.mx\/portal\/\"},{\"@type\":\"ListItem\",\"position\":2,\"name\":\"Nuestra Universidad\",\"item\":\"https:\/\/www.uaa.mx\/portal\/nuestra-universidad\/\"},{\"@type\":\"ListItem\",\"position\":3,\"name\":\"Centros acad\u00e9micos\",\"item\":\"https:\/\/www.uaa.mx\/portal\/nuestra-universidad\/centros-academicos\/\"},{\"@type\":\"ListItem\",\"position\":4,\"name\":\"Centro de Ciencias del Dise\u00f1o y de la Construcci\u00f3n\",\"item\":\"https:\/\/www.uaa.mx\/portal\/nuestra-universidad\/centros-academicos\/centro-de-ciencias-del-diseno-y-de-la-construccion\/\"},{\"@type\":\"ListItem\",\"position\":5,\"name\":\"Dise\u00f1o Industrial\"}]},{\"@type\":\"WebSite\",\"@id\":\"https:\/\/www.uaa.mx\/portal\/#website\",\"url\":\"https:\/\/www.uaa.mx\/portal\/\",\"name\":\"UAA | Universidad Aut\u00f3noma de Aguascalientes\",\"description\":\"\",\"publisher\":{\"@id\":\"https:\/\/www.uaa.mx\/portal\/#organization\"},\"potentialAction\":[{\"@type\":\"SearchAction\",\"target\":{\"@type\":\"EntryPoint\",\"urlTemplate\":\"https:\/\/www.uaa.mx\/portal\/?s={search_term_string}\"},\"query-input\":{\"@type\":\"PropertyValueSpecification\",\"valueRequired\":true,\"valueName\":\"search_term_string\"}}],\"inLanguage\":\"es\"},{\"@type\":\"Organization\",\"@id\":\"https:\/\/www.uaa.mx\/portal\/#organization\",\"name\":\"UAA | Universidad Aut\u00f3noma de Aguascalientes\",\"url\":\"https:\/\/www.uaa.mx\/portal\/\",\"logo\":{\"@type\":\"ImageObject\",\"inLanguage\":\"es\",\"@id\":\"https:\/\/www.uaa.mx\/portal\/#\/schema\/logo\/image\/\",\"url\":\"https:\/\/www.uaa.mx\/portal\/wp-content\/uploads\/2022\/09\/LOGO-UAA-2022_LOGO-01-COLOR.png\",\"contentUrl\":\"https:\/\/www.uaa.mx\/portal\/wp-content\/uploads\/2022\/09\/LOGO-UAA-2022_LOGO-01-COLOR.png\",\"width\":5218,\"height\":3133,\"caption\":\"UAA | Universidad Aut\u00f3noma de Aguascalientes\"},\"image\":{\"@id\":\"https:\/\/www.uaa.mx\/portal\/#\/schema\/logo\/image\/\"},\"sameAs\":[\"https:\/\/www.facebook.com\/uaa.mx\/?ref=br_rs\",\"https:\/\/x.com\/uaa_mx\",\"https:\/\/www.instagram.com\/uaa_mx?igshid=MzRlODBiNWFlZA\",\"https:\/\/www.youtube.com\/user\/UAAmx\",\"https:\/\/www.linkedin.com\/school\/universidad-aut-noma-de-aguascalientes\/\",\"https:\/\/g.page\/r\/CdstxDdmJKCJEAE\"]}]}<\/script>\n<!-- \/ Yoast SEO plugin. -->","yoast_head_json":{"title":"Dise\u00f1o Industrial - UAA | Universidad Aut\u00f3noma de Aguascalientes","robots":{"index":"index","follow":"follow","max-snippet":"max-snippet:-1","max-image-preview":"max-image-preview:large","max-video-preview":"max-video-preview:-1"},"canonical":"https:\/\/www.uaa.mx\/portal\/nuestra-universidad\/centros-academicos\/centro-de-ciencias-del-diseno-y-de-la-construccion\/diseno-industrial\/","og_locale":"es_MX","og_type":"article","og_title":"Dise\u00f1o Industrial - UAA | Universidad Aut\u00f3noma de Aguascalientes","og_description":"Objetivo (PE) Formar dise\u00f1adores industriales, capaces de dise\u00f1ar y desarrollar de manera integral productos y servicios caracterizados por su innovaci\u00f3n, ...","og_url":"https:\/\/www.uaa.mx\/portal\/nuestra-universidad\/centros-academicos\/centro-de-ciencias-del-diseno-y-de-la-construccion\/diseno-industrial\/","og_site_name":"UAA | Universidad Aut\u00f3noma de Aguascalientes","article_publisher":"https:\/\/www.facebook.com\/uaa.mx\/?ref=br_rs","article_modified_time":"2026-03-24T01:56:38+00:00","og_image":[{"width":1064,"height":394,"url":"https:\/\/www.uaa.mx\/portal\/wp-content\/uploads\/2025\/11\/WhatsApp-Image-2025-11-19-at-11.47.21-AM.jpeg","type":"image\/jpeg"}],"twitter_card":"summary_large_image","twitter_site":"@uaa_mx","twitter_misc":{"Tiempo de lectura":"2 minutos"},"schema":{"@context":"https:\/\/schema.org","@graph":[{"@type":"WebPage","@id":"https:\/\/www.uaa.mx\/portal\/nuestra-universidad\/centros-academicos\/centro-de-ciencias-del-diseno-y-de-la-construccion\/diseno-industrial\/","url":"https:\/\/www.uaa.mx\/portal\/nuestra-universidad\/centros-academicos\/centro-de-ciencias-del-diseno-y-de-la-construccion\/diseno-industrial\/","name":"Dise\u00f1o Industrial - UAA | Universidad Aut\u00f3noma de Aguascalientes","isPartOf":{"@id":"https:\/\/www.uaa.mx\/portal\/#website"},"primaryImageOfPage":{"@id":"https:\/\/www.uaa.mx\/portal\/nuestra-universidad\/centros-academicos\/centro-de-ciencias-del-diseno-y-de-la-construccion\/diseno-industrial\/#primaryimage"},"image":{"@id":"https:\/\/www.uaa.mx\/portal\/nuestra-universidad\/centros-academicos\/centro-de-ciencias-del-diseno-y-de-la-construccion\/diseno-industrial\/#primaryimage"},"thumbnailUrl":"https:\/\/www.uaa.mx\/portal\/wp-content\/uploads\/2025\/11\/WhatsApp-Image-2025-11-19-at-11.47.21-AM.jpeg","datePublished":"2017-09-22T15:46:01+00:00","dateModified":"2026-03-24T01:56:38+00:00","breadcrumb":{"@id":"https:\/\/www.uaa.mx\/portal\/nuestra-universidad\/centros-academicos\/centro-de-ciencias-del-diseno-y-de-la-construccion\/diseno-industrial\/#breadcrumb"},"inLanguage":"es","potentialAction":[{"@type":"ReadAction","target":["https:\/\/www.uaa.mx\/portal\/nuestra-universidad\/centros-academicos\/centro-de-ciencias-del-diseno-y-de-la-construccion\/diseno-industrial\/"]}]},{"@type":"ImageObject","inLanguage":"es","@id":"https:\/\/www.uaa.mx\/portal\/nuestra-universidad\/centros-academicos\/centro-de-ciencias-del-diseno-y-de-la-construccion\/diseno-industrial\/#primaryimage","url":"https:\/\/www.uaa.mx\/portal\/wp-content\/uploads\/2025\/11\/WhatsApp-Image-2025-11-19-at-11.47.21-AM.jpeg","contentUrl":"https:\/\/www.uaa.mx\/portal\/wp-content\/uploads\/2025\/11\/WhatsApp-Image-2025-11-19-at-11.47.21-AM.jpeg","width":1064,"height":394},{"@type":"BreadcrumbList","@id":"https:\/\/www.uaa.mx\/portal\/nuestra-universidad\/centros-academicos\/centro-de-ciencias-del-diseno-y-de-la-construccion\/diseno-industrial\/#breadcrumb","itemListElement":[{"@type":"ListItem","position":1,"name":"Inicio","item":"https:\/\/www.uaa.mx\/portal\/"},{"@type":"ListItem","position":2,"name":"Nuestra Universidad","item":"https:\/\/www.uaa.mx\/portal\/nuestra-universidad\/"},{"@type":"ListItem","position":3,"name":"Centros acad\u00e9micos","item":"https:\/\/www.uaa.mx\/portal\/nuestra-universidad\/centros-academicos\/"},{"@type":"ListItem","position":4,"name":"Centro de Ciencias del Dise\u00f1o y de la Construcci\u00f3n","item":"https:\/\/www.uaa.mx\/portal\/nuestra-universidad\/centros-academicos\/centro-de-ciencias-del-diseno-y-de-la-construccion\/"},{"@type":"ListItem","position":5,"name":"Dise\u00f1o Industrial"}]},{"@type":"WebSite","@id":"https:\/\/www.uaa.mx\/portal\/#website","url":"https:\/\/www.uaa.mx\/portal\/","name":"UAA | Universidad Aut\u00f3noma de Aguascalientes","description":"","publisher":{"@id":"https:\/\/www.uaa.mx\/portal\/#organization"},"potentialAction":[{"@type":"SearchAction","target":{"@type":"EntryPoint","urlTemplate":"https:\/\/www.uaa.mx\/portal\/?s={search_term_string}"},"query-input":{"@type":"PropertyValueSpecification","valueRequired":true,"valueName":"search_term_string"}}],"inLanguage":"es"},{"@type":"Organization","@id":"https:\/\/www.uaa.mx\/portal\/#organization","name":"UAA | Universidad Aut\u00f3noma de Aguascalientes","url":"https:\/\/www.uaa.mx\/portal\/","logo":{"@type":"ImageObject","inLanguage":"es","@id":"https:\/\/www.uaa.mx\/portal\/#\/schema\/logo\/image\/","url":"https:\/\/www.uaa.mx\/portal\/wp-content\/uploads\/2022\/09\/LOGO-UAA-2022_LOGO-01-COLOR.png","contentUrl":"https:\/\/www.uaa.mx\/portal\/wp-content\/uploads\/2022\/09\/LOGO-UAA-2022_LOGO-01-COLOR.png","width":5218,"height":3133,"caption":"UAA | Universidad Aut\u00f3noma de Aguascalientes"},"image":{"@id":"https:\/\/www.uaa.mx\/portal\/#\/schema\/logo\/image\/"},"sameAs":["https:\/\/www.facebook.com\/uaa.mx\/?ref=br_rs","https:\/\/x.com\/uaa_mx","https:\/\/www.instagram.com\/uaa_mx?igshid=MzRlODBiNWFlZA","https:\/\/www.youtube.com\/user\/UAAmx","https:\/\/www.linkedin.com\/school\/universidad-aut-noma-de-aguascalientes\/","https:\/\/g.page\/r\/CdstxDdmJKCJEAE"]}]}},"jetpack_sharing_enabled":true,"_links":{"self":[{"href":"https:\/\/www.uaa.mx\/portal\/wp-json\/wp\/v2\/pages\/272","targetHints":{"allow":["GET"]}}],"collection":[{"href":"https:\/\/www.uaa.mx\/portal\/wp-json\/wp\/v2\/pages"}],"about":[{"href":"https:\/\/www.uaa.mx\/portal\/wp-json\/wp\/v2\/types\/page"}],"author":[{"embeddable":true,"href":"https:\/\/www.uaa.mx\/portal\/wp-json\/wp\/v2\/users\/55"}],"replies":[{"embeddable":true,"href":"https:\/\/www.uaa.mx\/portal\/wp-json\/wp\/v2\/comments?post=272"}],"version-history":[{"count":41,"href":"https:\/\/www.uaa.mx\/portal\/wp-json\/wp\/v2\/pages\/272\/revisions"}],"predecessor-version":[{"id":69049,"href":"https:\/\/www.uaa.mx\/portal\/wp-json\/wp\/v2\/pages\/272\/revisions\/69049"}],"up":[{"embeddable":true,"href":"https:\/\/www.uaa.mx\/portal\/wp-json\/wp\/v2\/pages\/158"}],"wp:attachment":[{"href":"https:\/\/www.uaa.mx\/portal\/wp-json\/wp\/v2\/media?parent=272"}],"curies":[{"name":"wp","href":"https:\/\/api.w.org\/{rel}","templated":true}]}}