{"id":277,"date":"2017-09-22T10:26:02","date_gmt":"2017-09-22T16:26:02","guid":{"rendered":"https:\/\/www.uaa.mx\/portal\/?page_id=277"},"modified":"2026-03-23T20:00:13","modified_gmt":"2026-03-24T02:00:13","slug":"diseno-de-moda","status":"publish","type":"page","link":"https:\/\/www.uaa.mx\/portal\/nuestra-universidad\/centros-academicos\/centro-de-ciencias-del-diseno-y-de-la-construccion\/diseno-de-moda\/","title":{"rendered":"Dise\u00f1o de Moda"},"content":{"rendered":"<ul>\n<li><strong>Objetivo (PE)<\/strong><\/li>\n<\/ul>\n<p style=\"text-align: justify\">Formar Licenciados en Dise\u00f1o de Moda en Indumentaria y Textiles creativos, con iniciativa y esp\u00edritu humanista, capaces de desarrollar productos y servicios de dise\u00f1o de moda incluyente, rentable, sostenible y con identidad sociocultural, en los \u00e1mbitos de dise\u00f1o e innovaci\u00f3n, producci\u00f3n, desarrollo comercial y comunicaci\u00f3n, promoci\u00f3n y difusi\u00f3n de la moda, con impacto a nivel local, regional, nacional e internacional.<\/p>\n<ul style=\"text-align: justify\">\n<li><strong>Campo de acci\u00f3n del egresado<\/strong><\/li>\n<\/ul>\n<p style=\"text-align: justify\">El egresado de la licenciatura en Dise\u00f1o de Moda en Indumentaria y Textiles estar\u00e1 preparado para integrarse a nivel local, regional, nacional e internacional en los sectores industrial, comercial y de servicios profesionales, educativos, culturales y gubernamentales en las siguientes instituciones u\u00a0 organizaciones: Empresas y\/o instituciones p\u00fablicas y privadas relacionadas con la imagen, dise\u00f1o, producci\u00f3n, comercializaci\u00f3n y distribuci\u00f3n de moda; Empresa propia en actividades de asesor\u00eda, consultor\u00eda, dise\u00f1o, producci\u00f3n, administraci\u00f3n, gesti\u00f3n, y representaci\u00f3n de la moda, entre otras.<\/p>\n","protected":false},"excerpt":{"rendered":"<p>Objetivo (PE) Formar Licenciados en Dise\u00f1o de Moda en Indumentaria y Textiles creativos, con iniciativa y esp\u00edritu humanista, capaces de &#8230;<\/p>\n","protected":false},"author":55,"featured_media":0,"parent":158,"menu_order":0,"comment_status":"closed","ping_status":"closed","template":"template-departamento.php","meta":{"_acf_changed":false,"footnotes":""},"class_list":["post-277","page","type-page","status-publish","hentry"],"acf":[],"yoast_head":"<!-- This site is optimized with the Yoast SEO plugin v27.2 - https:\/\/yoast.com\/product\/yoast-seo-wordpress\/ -->\n<title>Dise\u00f1o de Moda - UAA | Universidad Aut\u00f3noma de Aguascalientes<\/title>\n<meta name=\"robots\" content=\"index, follow, max-snippet:-1, max-image-preview:large, max-video-preview:-1\" \/>\n<link rel=\"canonical\" href=\"https:\/\/www.uaa.mx\/portal\/nuestra-universidad\/centros-academicos\/centro-de-ciencias-del-diseno-y-de-la-construccion\/diseno-de-moda\/\" \/>\n<meta property=\"og:locale\" content=\"es_MX\" \/>\n<meta property=\"og:type\" content=\"article\" \/>\n<meta property=\"og:title\" content=\"Dise\u00f1o de Moda - UAA | Universidad Aut\u00f3noma de Aguascalientes\" \/>\n<meta property=\"og:description\" content=\"Objetivo (PE) Formar Licenciados en Dise\u00f1o de Moda en Indumentaria y Textiles creativos, con iniciativa y esp\u00edritu humanista, capaces de ...\" \/>\n<meta property=\"og:url\" content=\"https:\/\/www.uaa.mx\/portal\/nuestra-universidad\/centros-academicos\/centro-de-ciencias-del-diseno-y-de-la-construccion\/diseno-de-moda\/\" \/>\n<meta property=\"og:site_name\" content=\"UAA | Universidad Aut\u00f3noma de Aguascalientes\" \/>\n<meta property=\"article:publisher\" content=\"https:\/\/www.facebook.com\/uaa.mx\/?ref=br_rs\" \/>\n<meta property=\"article:modified_time\" content=\"2026-03-24T02:00:13+00:00\" \/>\n<meta property=\"og:image\" content=\"https:\/\/www.uaa.mx\/portal\/wp-content\/uploads\/2022\/09\/Logo-Acceso-dia-scaled.jpg\" \/>\n\t<meta property=\"og:image:width\" content=\"2560\" \/>\n\t<meta property=\"og:image:height\" content=\"1708\" \/>\n\t<meta property=\"og:image:type\" content=\"image\/jpeg\" \/>\n<meta name=\"twitter:card\" content=\"summary_large_image\" \/>\n<meta name=\"twitter:site\" content=\"@uaa_mx\" \/>\n<meta name=\"twitter:label1\" content=\"Tiempo de lectura\" \/>\n\t<meta name=\"twitter:data1\" content=\"1 minuto\" \/>\n<script type=\"application\/ld+json\" class=\"yoast-schema-graph\">{\"@context\":\"https:\/\/schema.org\",\"@graph\":[{\"@type\":\"WebPage\",\"@id\":\"https:\/\/www.uaa.mx\/portal\/nuestra-universidad\/centros-academicos\/centro-de-ciencias-del-diseno-y-de-la-construccion\/diseno-de-moda\/\",\"url\":\"https:\/\/www.uaa.mx\/portal\/nuestra-universidad\/centros-academicos\/centro-de-ciencias-del-diseno-y-de-la-construccion\/diseno-de-moda\/\",\"name\":\"Dise\u00f1o de Moda - UAA | Universidad Aut\u00f3noma de Aguascalientes\",\"isPartOf\":{\"@id\":\"https:\/\/www.uaa.mx\/portal\/#website\"},\"datePublished\":\"2017-09-22T16:26:02+00:00\",\"dateModified\":\"2026-03-24T02:00:13+00:00\",\"breadcrumb\":{\"@id\":\"https:\/\/www.uaa.mx\/portal\/nuestra-universidad\/centros-academicos\/centro-de-ciencias-del-diseno-y-de-la-construccion\/diseno-de-moda\/#breadcrumb\"},\"inLanguage\":\"es\",\"potentialAction\":[{\"@type\":\"ReadAction\",\"target\":[\"https:\/\/www.uaa.mx\/portal\/nuestra-universidad\/centros-academicos\/centro-de-ciencias-del-diseno-y-de-la-construccion\/diseno-de-moda\/\"]}]},{\"@type\":\"BreadcrumbList\",\"@id\":\"https:\/\/www.uaa.mx\/portal\/nuestra-universidad\/centros-academicos\/centro-de-ciencias-del-diseno-y-de-la-construccion\/diseno-de-moda\/#breadcrumb\",\"itemListElement\":[{\"@type\":\"ListItem\",\"position\":1,\"name\":\"Inicio\",\"item\":\"https:\/\/www.uaa.mx\/portal\/\"},{\"@type\":\"ListItem\",\"position\":2,\"name\":\"Nuestra Universidad\",\"item\":\"https:\/\/www.uaa.mx\/portal\/nuestra-universidad\/\"},{\"@type\":\"ListItem\",\"position\":3,\"name\":\"Centros acad\u00e9micos\",\"item\":\"https:\/\/www.uaa.mx\/portal\/nuestra-universidad\/centros-academicos\/\"},{\"@type\":\"ListItem\",\"position\":4,\"name\":\"Centro de Ciencias del Dise\u00f1o y de la Construcci\u00f3n\",\"item\":\"https:\/\/www.uaa.mx\/portal\/nuestra-universidad\/centros-academicos\/centro-de-ciencias-del-diseno-y-de-la-construccion\/\"},{\"@type\":\"ListItem\",\"position\":5,\"name\":\"Dise\u00f1o de Moda\"}]},{\"@type\":\"WebSite\",\"@id\":\"https:\/\/www.uaa.mx\/portal\/#website\",\"url\":\"https:\/\/www.uaa.mx\/portal\/\",\"name\":\"UAA | Universidad Aut\u00f3noma de Aguascalientes\",\"description\":\"\",\"publisher\":{\"@id\":\"https:\/\/www.uaa.mx\/portal\/#organization\"},\"potentialAction\":[{\"@type\":\"SearchAction\",\"target\":{\"@type\":\"EntryPoint\",\"urlTemplate\":\"https:\/\/www.uaa.mx\/portal\/?s={search_term_string}\"},\"query-input\":{\"@type\":\"PropertyValueSpecification\",\"valueRequired\":true,\"valueName\":\"search_term_string\"}}],\"inLanguage\":\"es\"},{\"@type\":\"Organization\",\"@id\":\"https:\/\/www.uaa.mx\/portal\/#organization\",\"name\":\"UAA | Universidad Aut\u00f3noma de Aguascalientes\",\"url\":\"https:\/\/www.uaa.mx\/portal\/\",\"logo\":{\"@type\":\"ImageObject\",\"inLanguage\":\"es\",\"@id\":\"https:\/\/www.uaa.mx\/portal\/#\/schema\/logo\/image\/\",\"url\":\"https:\/\/www.uaa.mx\/portal\/wp-content\/uploads\/2022\/09\/LOGO-UAA-2022_LOGO-01-COLOR.png\",\"contentUrl\":\"https:\/\/www.uaa.mx\/portal\/wp-content\/uploads\/2022\/09\/LOGO-UAA-2022_LOGO-01-COLOR.png\",\"width\":5218,\"height\":3133,\"caption\":\"UAA | Universidad Aut\u00f3noma de Aguascalientes\"},\"image\":{\"@id\":\"https:\/\/www.uaa.mx\/portal\/#\/schema\/logo\/image\/\"},\"sameAs\":[\"https:\/\/www.facebook.com\/uaa.mx\/?ref=br_rs\",\"https:\/\/x.com\/uaa_mx\",\"https:\/\/www.instagram.com\/uaa_mx?igshid=MzRlODBiNWFlZA\",\"https:\/\/www.youtube.com\/user\/UAAmx\",\"https:\/\/www.linkedin.com\/school\/universidad-aut-noma-de-aguascalientes\/\",\"https:\/\/g.page\/r\/CdstxDdmJKCJEAE\"]}]}<\/script>\n<!-- \/ Yoast SEO plugin. -->","yoast_head_json":{"title":"Dise\u00f1o de Moda - UAA | Universidad Aut\u00f3noma de Aguascalientes","robots":{"index":"index","follow":"follow","max-snippet":"max-snippet:-1","max-image-preview":"max-image-preview:large","max-video-preview":"max-video-preview:-1"},"canonical":"https:\/\/www.uaa.mx\/portal\/nuestra-universidad\/centros-academicos\/centro-de-ciencias-del-diseno-y-de-la-construccion\/diseno-de-moda\/","og_locale":"es_MX","og_type":"article","og_title":"Dise\u00f1o de Moda - UAA | Universidad Aut\u00f3noma de Aguascalientes","og_description":"Objetivo (PE) Formar Licenciados en Dise\u00f1o de Moda en Indumentaria y Textiles creativos, con iniciativa y esp\u00edritu humanista, capaces de ...","og_url":"https:\/\/www.uaa.mx\/portal\/nuestra-universidad\/centros-academicos\/centro-de-ciencias-del-diseno-y-de-la-construccion\/diseno-de-moda\/","og_site_name":"UAA | Universidad Aut\u00f3noma de Aguascalientes","article_publisher":"https:\/\/www.facebook.com\/uaa.mx\/?ref=br_rs","article_modified_time":"2026-03-24T02:00:13+00:00","og_image":[{"width":2560,"height":1708,"url":"https:\/\/www.uaa.mx\/portal\/wp-content\/uploads\/2022\/09\/Logo-Acceso-dia-scaled.jpg","type":"image\/jpeg"}],"twitter_card":"summary_large_image","twitter_site":"@uaa_mx","twitter_misc":{"Tiempo de lectura":"1 minuto"},"schema":{"@context":"https:\/\/schema.org","@graph":[{"@type":"WebPage","@id":"https:\/\/www.uaa.mx\/portal\/nuestra-universidad\/centros-academicos\/centro-de-ciencias-del-diseno-y-de-la-construccion\/diseno-de-moda\/","url":"https:\/\/www.uaa.mx\/portal\/nuestra-universidad\/centros-academicos\/centro-de-ciencias-del-diseno-y-de-la-construccion\/diseno-de-moda\/","name":"Dise\u00f1o de Moda - UAA | Universidad Aut\u00f3noma de Aguascalientes","isPartOf":{"@id":"https:\/\/www.uaa.mx\/portal\/#website"},"datePublished":"2017-09-22T16:26:02+00:00","dateModified":"2026-03-24T02:00:13+00:00","breadcrumb":{"@id":"https:\/\/www.uaa.mx\/portal\/nuestra-universidad\/centros-academicos\/centro-de-ciencias-del-diseno-y-de-la-construccion\/diseno-de-moda\/#breadcrumb"},"inLanguage":"es","potentialAction":[{"@type":"ReadAction","target":["https:\/\/www.uaa.mx\/portal\/nuestra-universidad\/centros-academicos\/centro-de-ciencias-del-diseno-y-de-la-construccion\/diseno-de-moda\/"]}]},{"@type":"BreadcrumbList","@id":"https:\/\/www.uaa.mx\/portal\/nuestra-universidad\/centros-academicos\/centro-de-ciencias-del-diseno-y-de-la-construccion\/diseno-de-moda\/#breadcrumb","itemListElement":[{"@type":"ListItem","position":1,"name":"Inicio","item":"https:\/\/www.uaa.mx\/portal\/"},{"@type":"ListItem","position":2,"name":"Nuestra Universidad","item":"https:\/\/www.uaa.mx\/portal\/nuestra-universidad\/"},{"@type":"ListItem","position":3,"name":"Centros acad\u00e9micos","item":"https:\/\/www.uaa.mx\/portal\/nuestra-universidad\/centros-academicos\/"},{"@type":"ListItem","position":4,"name":"Centro de Ciencias del Dise\u00f1o y de la Construcci\u00f3n","item":"https:\/\/www.uaa.mx\/portal\/nuestra-universidad\/centros-academicos\/centro-de-ciencias-del-diseno-y-de-la-construccion\/"},{"@type":"ListItem","position":5,"name":"Dise\u00f1o de Moda"}]},{"@type":"WebSite","@id":"https:\/\/www.uaa.mx\/portal\/#website","url":"https:\/\/www.uaa.mx\/portal\/","name":"UAA | Universidad Aut\u00f3noma de Aguascalientes","description":"","publisher":{"@id":"https:\/\/www.uaa.mx\/portal\/#organization"},"potentialAction":[{"@type":"SearchAction","target":{"@type":"EntryPoint","urlTemplate":"https:\/\/www.uaa.mx\/portal\/?s={search_term_string}"},"query-input":{"@type":"PropertyValueSpecification","valueRequired":true,"valueName":"search_term_string"}}],"inLanguage":"es"},{"@type":"Organization","@id":"https:\/\/www.uaa.mx\/portal\/#organization","name":"UAA | Universidad Aut\u00f3noma de Aguascalientes","url":"https:\/\/www.uaa.mx\/portal\/","logo":{"@type":"ImageObject","inLanguage":"es","@id":"https:\/\/www.uaa.mx\/portal\/#\/schema\/logo\/image\/","url":"https:\/\/www.uaa.mx\/portal\/wp-content\/uploads\/2022\/09\/LOGO-UAA-2022_LOGO-01-COLOR.png","contentUrl":"https:\/\/www.uaa.mx\/portal\/wp-content\/uploads\/2022\/09\/LOGO-UAA-2022_LOGO-01-COLOR.png","width":5218,"height":3133,"caption":"UAA | Universidad Aut\u00f3noma de Aguascalientes"},"image":{"@id":"https:\/\/www.uaa.mx\/portal\/#\/schema\/logo\/image\/"},"sameAs":["https:\/\/www.facebook.com\/uaa.mx\/?ref=br_rs","https:\/\/x.com\/uaa_mx","https:\/\/www.instagram.com\/uaa_mx?igshid=MzRlODBiNWFlZA","https:\/\/www.youtube.com\/user\/UAAmx","https:\/\/www.linkedin.com\/school\/universidad-aut-noma-de-aguascalientes\/","https:\/\/g.page\/r\/CdstxDdmJKCJEAE"]}]}},"jetpack_sharing_enabled":true,"_links":{"self":[{"href":"https:\/\/www.uaa.mx\/portal\/wp-json\/wp\/v2\/pages\/277","targetHints":{"allow":["GET"]}}],"collection":[{"href":"https:\/\/www.uaa.mx\/portal\/wp-json\/wp\/v2\/pages"}],"about":[{"href":"https:\/\/www.uaa.mx\/portal\/wp-json\/wp\/v2\/types\/page"}],"author":[{"embeddable":true,"href":"https:\/\/www.uaa.mx\/portal\/wp-json\/wp\/v2\/users\/55"}],"replies":[{"embeddable":true,"href":"https:\/\/www.uaa.mx\/portal\/wp-json\/wp\/v2\/comments?post=277"}],"version-history":[{"count":30,"href":"https:\/\/www.uaa.mx\/portal\/wp-json\/wp\/v2\/pages\/277\/revisions"}],"predecessor-version":[{"id":69052,"href":"https:\/\/www.uaa.mx\/portal\/wp-json\/wp\/v2\/pages\/277\/revisions\/69052"}],"up":[{"embeddable":true,"href":"https:\/\/www.uaa.mx\/portal\/wp-json\/wp\/v2\/pages\/158"}],"wp:attachment":[{"href":"https:\/\/www.uaa.mx\/portal\/wp-json\/wp\/v2\/media?parent=277"}],"curies":[{"name":"wp","href":"https:\/\/api.w.org\/{rel}","templated":true}]}}