{"id":40,"date":"2017-06-29T14:58:00","date_gmt":"2017-06-29T20:58:00","guid":{"rendered":"https:\/\/www.uaa.mx\/portal\/?page_id=40"},"modified":"2022-08-03T13:52:51","modified_gmt":"2022-08-03T18:52:51","slug":"himno","status":"publish","type":"page","link":"https:\/\/www.uaa.mx\/portal\/nuestra-universidad\/institucion\/himno\/","title":{"rendered":"Himno"},"content":{"rendered":"<p style=\"text-align: justify;\">Se cant\u00f3 por primera vez en la inauguraci\u00f3n del Centro de Informaci\u00f3n en el a\u00f1o de 1976, ante la presencia del presidente de la Rep\u00fablica Mexicana, Luis Echeverr\u00eda \u00c1lvarez, pero fue hasta el a\u00f1o siguiente en el mes de noviembre, cuando el Consejo Universitario, que por encargo del rector, contador p\u00fablico Humberto Mart\u00ednez de Le\u00f3n, le fue encomendado al etnomusic\u00f3logo \u00d3scar Malo Flores, jefe del departamento de Promociones Culturales y maestro de m\u00fasica de la Universidad en aquel tiempo.<\/p>\n<p style=\"text-align: justify;\">El autor, en la primera estrofa resalta el lema universitario y la complementa con la palabra Universitas (Universidad), que permite al compositor reflejar su idea musical. La estructura del himno es una per\u00edfrasis de lo que es &#8220;convertirse en luz&#8221;, bas\u00e1ndose en los principios de libertad, justicia, igualdad y paz en beneficio de la humanidad por medio del trabajo cotidiano, din\u00e1mico y audaz.<\/p>\n<p style=\"text-align: justify;\">La m\u00fasica da principio con una &#8220;Cuarta&#8221; (fado) para dar la sensaci\u00f3n de lo IND\u00cdGENA (caracoles marinos, Hu\u00e9huetl, Teponaztli, Chirim\u00eda), contin\u00faa con un &#8220;tono menor&#8221; que significa la lucha entre lo ind\u00edgena y lo hispano y termina, la primera parte, con un &#8220;tono mayor&#8221; s\u00edmbolo de una nueva nacionalidad.<\/p>\n<p style=\"text-align: justify;\">La melod\u00eda es sencilla para que pueda ser cantada por todos, pero no menos rica arm\u00f3nicamente ya que juega con tonos relativos para la grandiosidad. Se termina reafirmando la primera estrofa.<\/p>\n<blockquote>\n<h3><strong>HIMNO UNIVERSITARIO<\/strong><br \/>\nLetra y m\u00fasica: <strong>\u00d3scar Malo Flores<\/strong><\/h3>\n<p>\u00a1SE LUMEN PROFERRE!<br \/>\nUNIVERSITAS, UNIVERSITAS<\/p>\n<p>S\u00e9 luz que brille<br \/>\ncon gran intensidad<br \/>\nluz que irradie<br \/>\ncon libertad.<\/p>\n<p>S\u00e9 luz que crezca<br \/>\nen bien de los dem\u00e1s<br \/>\nluz que transforme<br \/>\nla humanidad.<\/p>\n<p>Tus ideales ser\u00e1n verdad<br \/>\nsi decidido lanzas tu af\u00e1n.<\/p>\n<p>S\u00e9 luz que a todos<br \/>\nd\u00e9 lo que debe dar<br \/>\nluz de justicia<br \/>\ny de igualdad.<\/p>\n<p>S\u00e9 luz de joven<br \/>\ndin\u00e1mico y audaz<br \/>\nluz que se extienda<br \/>\npor dar la paz.<\/p>\n<p>\u00a1SE LUMEN PROFERRE!<br \/>\nUNIVERSITAS, UNIVERSITAS<\/p>\n<audio class=\"wp-audio-shortcode\" id=\"audio-40-1\" preload=\"none\" style=\"width: 100%;\" controls=\"controls\"><source type=\"audio\/mpeg\" src=\"https:\/\/www.uaa.mx\/portal\/wp-content\/uploads\/2017\/06\/himno_universitario_oficial.mp3?_=1\" \/><a href=\"https:\/\/www.uaa.mx\/portal\/wp-content\/uploads\/2017\/06\/himno_universitario_oficial.mp3\">https:\/\/www.uaa.mx\/portal\/wp-content\/uploads\/2017\/06\/himno_universitario_oficial.mp3<\/a><\/audio><\/blockquote>\n<p><img loading=\"lazy\" decoding=\"async\" class=\"alignnone size-large wp-image-5275 aligncenter\" src=\"https:\/\/www.uaa.mx\/portal\/wp-content\/uploads\/2018\/10\/Himno-Universitario-1024x561.jpg\" alt=\"\" width=\"1024\" height=\"561\" srcset=\"https:\/\/www.uaa.mx\/portal\/wp-content\/uploads\/2018\/10\/Himno-Universitario-1024x561.jpg 1024w, https:\/\/www.uaa.mx\/portal\/wp-content\/uploads\/2018\/10\/Himno-Universitario-300x164.jpg 300w, https:\/\/www.uaa.mx\/portal\/wp-content\/uploads\/2018\/10\/Himno-Universitario-768x421.jpg 768w, https:\/\/www.uaa.mx\/portal\/wp-content\/uploads\/2018\/10\/Himno-Universitario.jpg 1046w\" sizes=\"auto, (max-width: 1024px) 100vw, 1024px\" \/><\/p>\n","protected":false},"excerpt":{"rendered":"<p>Se cant\u00f3 por primera vez en la inauguraci\u00f3n del Centro de Informaci\u00f3n en el a\u00f1o de 1976, ante la presencia &#8230;<\/p>\n","protected":false},"author":55,"featured_media":0,"parent":17,"menu_order":0,"comment_status":"closed","ping_status":"closed","template":"page-template-gralconsidebar.php","meta":{"_acf_changed":false,"footnotes":""},"class_list":["post-40","page","type-page","status-publish","hentry"],"acf":[],"yoast_head":"<!-- This site is optimized with the Yoast SEO plugin v27.2 - https:\/\/yoast.com\/product\/yoast-seo-wordpress\/ -->\n<title>Himno - UAA | Universidad Aut\u00f3noma de Aguascalientes<\/title>\n<meta name=\"robots\" content=\"index, follow, max-snippet:-1, max-image-preview:large, max-video-preview:-1\" \/>\n<link rel=\"canonical\" href=\"https:\/\/www.uaa.mx\/portal\/nuestra-universidad\/institucion\/himno\/\" \/>\n<meta property=\"og:locale\" content=\"es_MX\" \/>\n<meta property=\"og:type\" content=\"article\" \/>\n<meta property=\"og:title\" content=\"Himno - UAA | Universidad Aut\u00f3noma de Aguascalientes\" \/>\n<meta property=\"og:description\" content=\"Se cant\u00f3 por primera vez en la inauguraci\u00f3n del Centro de Informaci\u00f3n en el a\u00f1o de 1976, ante la presencia ...\" \/>\n<meta property=\"og:url\" content=\"https:\/\/www.uaa.mx\/portal\/nuestra-universidad\/institucion\/himno\/\" \/>\n<meta property=\"og:site_name\" content=\"UAA | Universidad Aut\u00f3noma de Aguascalientes\" \/>\n<meta property=\"article:publisher\" content=\"https:\/\/www.facebook.com\/uaa.mx\/?ref=br_rs\" \/>\n<meta property=\"article:modified_time\" content=\"2022-08-03T18:52:51+00:00\" \/>\n<meta property=\"og:image\" content=\"https:\/\/www.uaa.mx\/portal\/wp-content\/uploads\/2018\/10\/Himno-Universitario-1024x561.jpg\" \/>\n<meta name=\"twitter:card\" content=\"summary_large_image\" \/>\n<meta name=\"twitter:site\" content=\"@uaa_mx\" \/>\n<meta name=\"twitter:label1\" content=\"Tiempo de lectura\" \/>\n\t<meta name=\"twitter:data1\" content=\"2 minutos\" \/>\n<script type=\"application\/ld+json\" class=\"yoast-schema-graph\">{\"@context\":\"https:\/\/schema.org\",\"@graph\":[{\"@type\":\"WebPage\",\"@id\":\"https:\/\/www.uaa.mx\/portal\/nuestra-universidad\/institucion\/himno\/\",\"url\":\"https:\/\/www.uaa.mx\/portal\/nuestra-universidad\/institucion\/himno\/\",\"name\":\"Himno - UAA | Universidad Aut\u00f3noma de Aguascalientes\",\"isPartOf\":{\"@id\":\"https:\/\/www.uaa.mx\/portal\/#website\"},\"primaryImageOfPage\":{\"@id\":\"https:\/\/www.uaa.mx\/portal\/nuestra-universidad\/institucion\/himno\/#primaryimage\"},\"image\":{\"@id\":\"https:\/\/www.uaa.mx\/portal\/nuestra-universidad\/institucion\/himno\/#primaryimage\"},\"thumbnailUrl\":\"https:\/\/www.uaa.mx\/portal\/wp-content\/uploads\/2018\/10\/Himno-Universitario-1024x561.jpg\",\"datePublished\":\"2017-06-29T20:58:00+00:00\",\"dateModified\":\"2022-08-03T18:52:51+00:00\",\"breadcrumb\":{\"@id\":\"https:\/\/www.uaa.mx\/portal\/nuestra-universidad\/institucion\/himno\/#breadcrumb\"},\"inLanguage\":\"es\",\"potentialAction\":[{\"@type\":\"ReadAction\",\"target\":[\"https:\/\/www.uaa.mx\/portal\/nuestra-universidad\/institucion\/himno\/\"]}]},{\"@type\":\"ImageObject\",\"inLanguage\":\"es\",\"@id\":\"https:\/\/www.uaa.mx\/portal\/nuestra-universidad\/institucion\/himno\/#primaryimage\",\"url\":\"https:\/\/www.uaa.mx\/portal\/wp-content\/uploads\/2018\/10\/Himno-Universitario.jpg\",\"contentUrl\":\"https:\/\/www.uaa.mx\/portal\/wp-content\/uploads\/2018\/10\/Himno-Universitario.jpg\",\"width\":1046,\"height\":573},{\"@type\":\"BreadcrumbList\",\"@id\":\"https:\/\/www.uaa.mx\/portal\/nuestra-universidad\/institucion\/himno\/#breadcrumb\",\"itemListElement\":[{\"@type\":\"ListItem\",\"position\":1,\"name\":\"Inicio\",\"item\":\"https:\/\/www.uaa.mx\/portal\/\"},{\"@type\":\"ListItem\",\"position\":2,\"name\":\"Nuestra Universidad\",\"item\":\"https:\/\/www.uaa.mx\/portal\/nuestra-universidad\/\"},{\"@type\":\"ListItem\",\"position\":3,\"name\":\"Instituci\u00f3n\",\"item\":\"https:\/\/www.uaa.mx\/portal\/nuestra-universidad\/institucion\/\"},{\"@type\":\"ListItem\",\"position\":4,\"name\":\"Himno\"}]},{\"@type\":\"WebSite\",\"@id\":\"https:\/\/www.uaa.mx\/portal\/#website\",\"url\":\"https:\/\/www.uaa.mx\/portal\/\",\"name\":\"UAA | Universidad Aut\u00f3noma de Aguascalientes\",\"description\":\"\",\"publisher\":{\"@id\":\"https:\/\/www.uaa.mx\/portal\/#organization\"},\"potentialAction\":[{\"@type\":\"SearchAction\",\"target\":{\"@type\":\"EntryPoint\",\"urlTemplate\":\"https:\/\/www.uaa.mx\/portal\/?s={search_term_string}\"},\"query-input\":{\"@type\":\"PropertyValueSpecification\",\"valueRequired\":true,\"valueName\":\"search_term_string\"}}],\"inLanguage\":\"es\"},{\"@type\":\"Organization\",\"@id\":\"https:\/\/www.uaa.mx\/portal\/#organization\",\"name\":\"UAA | Universidad Aut\u00f3noma de Aguascalientes\",\"url\":\"https:\/\/www.uaa.mx\/portal\/\",\"logo\":{\"@type\":\"ImageObject\",\"inLanguage\":\"es\",\"@id\":\"https:\/\/www.uaa.mx\/portal\/#\/schema\/logo\/image\/\",\"url\":\"https:\/\/www.uaa.mx\/portal\/wp-content\/uploads\/2022\/09\/LOGO-UAA-2022_LOGO-01-COLOR.png\",\"contentUrl\":\"https:\/\/www.uaa.mx\/portal\/wp-content\/uploads\/2022\/09\/LOGO-UAA-2022_LOGO-01-COLOR.png\",\"width\":5218,\"height\":3133,\"caption\":\"UAA | Universidad Aut\u00f3noma de Aguascalientes\"},\"image\":{\"@id\":\"https:\/\/www.uaa.mx\/portal\/#\/schema\/logo\/image\/\"},\"sameAs\":[\"https:\/\/www.facebook.com\/uaa.mx\/?ref=br_rs\",\"https:\/\/x.com\/uaa_mx\",\"https:\/\/www.instagram.com\/uaa_mx?igshid=MzRlODBiNWFlZA\",\"https:\/\/www.youtube.com\/user\/UAAmx\",\"https:\/\/www.linkedin.com\/school\/universidad-aut-noma-de-aguascalientes\/\",\"https:\/\/g.page\/r\/CdstxDdmJKCJEAE\"]}]}<\/script>\n<!-- \/ Yoast SEO plugin. -->","yoast_head_json":{"title":"Himno - UAA | Universidad Aut\u00f3noma de Aguascalientes","robots":{"index":"index","follow":"follow","max-snippet":"max-snippet:-1","max-image-preview":"max-image-preview:large","max-video-preview":"max-video-preview:-1"},"canonical":"https:\/\/www.uaa.mx\/portal\/nuestra-universidad\/institucion\/himno\/","og_locale":"es_MX","og_type":"article","og_title":"Himno - UAA | Universidad Aut\u00f3noma de Aguascalientes","og_description":"Se cant\u00f3 por primera vez en la inauguraci\u00f3n del Centro de Informaci\u00f3n en el a\u00f1o de 1976, ante la presencia ...","og_url":"https:\/\/www.uaa.mx\/portal\/nuestra-universidad\/institucion\/himno\/","og_site_name":"UAA | Universidad Aut\u00f3noma de Aguascalientes","article_publisher":"https:\/\/www.facebook.com\/uaa.mx\/?ref=br_rs","article_modified_time":"2022-08-03T18:52:51+00:00","og_image":[{"url":"https:\/\/www.uaa.mx\/portal\/wp-content\/uploads\/2018\/10\/Himno-Universitario-1024x561.jpg","type":"","width":"","height":""}],"twitter_card":"summary_large_image","twitter_site":"@uaa_mx","twitter_misc":{"Tiempo de lectura":"2 minutos"},"schema":{"@context":"https:\/\/schema.org","@graph":[{"@type":"WebPage","@id":"https:\/\/www.uaa.mx\/portal\/nuestra-universidad\/institucion\/himno\/","url":"https:\/\/www.uaa.mx\/portal\/nuestra-universidad\/institucion\/himno\/","name":"Himno - UAA | Universidad Aut\u00f3noma de Aguascalientes","isPartOf":{"@id":"https:\/\/www.uaa.mx\/portal\/#website"},"primaryImageOfPage":{"@id":"https:\/\/www.uaa.mx\/portal\/nuestra-universidad\/institucion\/himno\/#primaryimage"},"image":{"@id":"https:\/\/www.uaa.mx\/portal\/nuestra-universidad\/institucion\/himno\/#primaryimage"},"thumbnailUrl":"https:\/\/www.uaa.mx\/portal\/wp-content\/uploads\/2018\/10\/Himno-Universitario-1024x561.jpg","datePublished":"2017-06-29T20:58:00+00:00","dateModified":"2022-08-03T18:52:51+00:00","breadcrumb":{"@id":"https:\/\/www.uaa.mx\/portal\/nuestra-universidad\/institucion\/himno\/#breadcrumb"},"inLanguage":"es","potentialAction":[{"@type":"ReadAction","target":["https:\/\/www.uaa.mx\/portal\/nuestra-universidad\/institucion\/himno\/"]}]},{"@type":"ImageObject","inLanguage":"es","@id":"https:\/\/www.uaa.mx\/portal\/nuestra-universidad\/institucion\/himno\/#primaryimage","url":"https:\/\/www.uaa.mx\/portal\/wp-content\/uploads\/2018\/10\/Himno-Universitario.jpg","contentUrl":"https:\/\/www.uaa.mx\/portal\/wp-content\/uploads\/2018\/10\/Himno-Universitario.jpg","width":1046,"height":573},{"@type":"BreadcrumbList","@id":"https:\/\/www.uaa.mx\/portal\/nuestra-universidad\/institucion\/himno\/#breadcrumb","itemListElement":[{"@type":"ListItem","position":1,"name":"Inicio","item":"https:\/\/www.uaa.mx\/portal\/"},{"@type":"ListItem","position":2,"name":"Nuestra Universidad","item":"https:\/\/www.uaa.mx\/portal\/nuestra-universidad\/"},{"@type":"ListItem","position":3,"name":"Instituci\u00f3n","item":"https:\/\/www.uaa.mx\/portal\/nuestra-universidad\/institucion\/"},{"@type":"ListItem","position":4,"name":"Himno"}]},{"@type":"WebSite","@id":"https:\/\/www.uaa.mx\/portal\/#website","url":"https:\/\/www.uaa.mx\/portal\/","name":"UAA | Universidad Aut\u00f3noma de Aguascalientes","description":"","publisher":{"@id":"https:\/\/www.uaa.mx\/portal\/#organization"},"potentialAction":[{"@type":"SearchAction","target":{"@type":"EntryPoint","urlTemplate":"https:\/\/www.uaa.mx\/portal\/?s={search_term_string}"},"query-input":{"@type":"PropertyValueSpecification","valueRequired":true,"valueName":"search_term_string"}}],"inLanguage":"es"},{"@type":"Organization","@id":"https:\/\/www.uaa.mx\/portal\/#organization","name":"UAA | Universidad Aut\u00f3noma de Aguascalientes","url":"https:\/\/www.uaa.mx\/portal\/","logo":{"@type":"ImageObject","inLanguage":"es","@id":"https:\/\/www.uaa.mx\/portal\/#\/schema\/logo\/image\/","url":"https:\/\/www.uaa.mx\/portal\/wp-content\/uploads\/2022\/09\/LOGO-UAA-2022_LOGO-01-COLOR.png","contentUrl":"https:\/\/www.uaa.mx\/portal\/wp-content\/uploads\/2022\/09\/LOGO-UAA-2022_LOGO-01-COLOR.png","width":5218,"height":3133,"caption":"UAA | Universidad Aut\u00f3noma de Aguascalientes"},"image":{"@id":"https:\/\/www.uaa.mx\/portal\/#\/schema\/logo\/image\/"},"sameAs":["https:\/\/www.facebook.com\/uaa.mx\/?ref=br_rs","https:\/\/x.com\/uaa_mx","https:\/\/www.instagram.com\/uaa_mx?igshid=MzRlODBiNWFlZA","https:\/\/www.youtube.com\/user\/UAAmx","https:\/\/www.linkedin.com\/school\/universidad-aut-noma-de-aguascalientes\/","https:\/\/g.page\/r\/CdstxDdmJKCJEAE"]}]}},"jetpack_sharing_enabled":true,"_links":{"self":[{"href":"https:\/\/www.uaa.mx\/portal\/wp-json\/wp\/v2\/pages\/40","targetHints":{"allow":["GET"]}}],"collection":[{"href":"https:\/\/www.uaa.mx\/portal\/wp-json\/wp\/v2\/pages"}],"about":[{"href":"https:\/\/www.uaa.mx\/portal\/wp-json\/wp\/v2\/types\/page"}],"author":[{"embeddable":true,"href":"https:\/\/www.uaa.mx\/portal\/wp-json\/wp\/v2\/users\/55"}],"replies":[{"embeddable":true,"href":"https:\/\/www.uaa.mx\/portal\/wp-json\/wp\/v2\/comments?post=40"}],"version-history":[{"count":13,"href":"https:\/\/www.uaa.mx\/portal\/wp-json\/wp\/v2\/pages\/40\/revisions"}],"predecessor-version":[{"id":44266,"href":"https:\/\/www.uaa.mx\/portal\/wp-json\/wp\/v2\/pages\/40\/revisions\/44266"}],"up":[{"embeddable":true,"href":"https:\/\/www.uaa.mx\/portal\/wp-json\/wp\/v2\/pages\/17"}],"wp:attachment":[{"href":"https:\/\/www.uaa.mx\/portal\/wp-json\/wp\/v2\/media?parent=40"}],"curies":[{"name":"wp","href":"https:\/\/api.w.org\/{rel}","templated":true}]}}