{"id":406,"date":"2018-02-02T11:38:53","date_gmt":"2018-02-02T17:38:53","guid":{"rendered":"https:\/\/www.uaa.mx\/portal\/?page_id=406"},"modified":"2023-08-01T14:51:07","modified_gmt":"2023-08-01T20:51:07","slug":"credito-educativo-y-becas","status":"publish","type":"page","link":"https:\/\/www.uaa.mx\/portal\/alumnos\/credito-educativo-y-becas\/","title":{"rendered":"Becas y Apoyos"},"content":{"rendered":"<h3 style=\"text-align: justify\">APOYOS QUE OFRECE LA UNIVERSIDAD AUT\u00d3NOMA DE AGUASCALIENTES.<\/h3>\n<p style=\"text-align: justify\">La Universidad Aut\u00f3noma de Aguascalientes tiene para ti diversos apoyos para que no te quedes sin estudiar.<\/p>\n<p style=\"text-align: justify\">En el \u00c1rea de Cr\u00e9dito Educativo y Becas adscrita a la Direcci\u00f3n de Servicios Educativos, estamos comprometidos con todos los estudiantes en situaciones econ\u00f3micas adversas que no cuenten los recursos necesarios para solventar su estancia en la Universidad, de esta manera se contribuye tambi\u00e9n a la disminuci\u00f3n la deserci\u00f3n.<\/p>\n<p style=\"text-align: justify\">La Universidad Aut\u00f3noma de Aguascalientes, otorga cada a\u00f1o un promedio de 1,500 becas, de esta cantidad alrededor del 80% son destinadas a nivel licenciatura y el 20% a nivel bachillerato.<\/p>\n<p style=\"text-align: justify\"><strong>Los principales objetivos de nuestras becas son <\/strong>ampliar las oportunidades educativas por medio de la reducci\u00f3n de la desigualdad entre grupos sociales, contribuyendo a la permanencia y al egreso oportuno de la poblaci\u00f3n estudiantil.<\/p>\n<p style=\"text-align: justify\">Adem\u00e1s la Secretaria de Educaci\u00f3n P\u00fablica (SEP) a trav\u00e9s del Instituto de Educaci\u00f3n de Aguascalientes (IEA), otorga a estudiantes de la Universidad Aut\u00f3noma de Aguascalientes de Nivel Licenciatura becas: Universitario al 100.<\/p>\n<p style=\"text-align: justify\">De igual forma el Fideicomiso de Fondo de Becas para Estudiantes de Instituciones P\u00fablicas de Educaci\u00f3n Superior en el Estado de Aguascalientes (IDSCEA) otorga becas a estudiantes de la Universidad para apoyar en el pago de colegiatura.<\/p>\n<p style=\"text-align: justify\">Se cuenta tambi\u00e9n con otros apoyos externos brindados por Gobierno Federal para becas como: manutenci\u00f3n, servicio social, pr\u00e1cticas profesionales y apoyo a la titulaci\u00f3n.<\/p>\n<p style=\"text-align: justify\">Las becas de nivel Licenciatura y Bachillerato postulan convocatoria cada semestre en agosto y enero, en periodo <u>de Reinscripci\u00f3n<\/u>. La duraci\u00f3n de beca es de 2 semestres, por lo que al a\u00f1o de haber obtenido la beca, deber\u00e1 volverse a solicitar como si fuera 1a vez.<\/p>\n<p>&nbsp;<\/p>\n<p>&nbsp;<\/p>\n<h2 style=\"text-align: justify\">DIRECTORIO<\/h2>\n<ul>\n<li style=\"text-align: justify\">M en A.N. Elizabeth Arriaga Organista<br \/>\n<strong>Encargada del \u00c1rea de Becas y Cr\u00e9dito<br \/>\n<\/strong>elizabeth.arriaga@edu.uaa.mx<\/li>\n<li style=\"text-align: justify\">Lic. Valeria Gabriela Romo P\u00e9rez<br \/>\n<strong>Asistente del \u00c1rea<\/strong><br \/>\nvaleria.romo@edu.uaa.mx<\/li>\n<li style=\"text-align: justify\">Lic. Andrea Alejandra Posada Ibarra<br \/>\n<strong>Asistente del \u00c1rea<\/strong><br \/>\nandrea.posada@edu.uaa.mx<\/li>\n<li>M. en Adm\u00f3n. Cynthia Melissa Alem\u00e1n Mart\u00ednez<br \/>\n<strong>Asistente del \u00c1rea<br \/>\n<\/strong>cynthia.aleman@edu.uaa.mx<\/li>\n<\/ul>\n","protected":false},"excerpt":{"rendered":"<p>APOYOS QUE OFRECE LA UNIVERSIDAD AUT\u00d3NOMA DE AGUASCALIENTES. La Universidad Aut\u00f3noma de Aguascalientes tiene para ti diversos apoyos para que &#8230;<\/p>\n","protected":false},"author":55,"featured_media":0,"parent":398,"menu_order":0,"comment_status":"closed","ping_status":"closed","template":"","meta":{"_acf_changed":false,"footnotes":""},"class_list":["post-406","page","type-page","status-publish","hentry"],"acf":[],"yoast_head":"<!-- This site is optimized with the Yoast SEO plugin v27.2 - https:\/\/yoast.com\/product\/yoast-seo-wordpress\/ -->\n<title>Becas y Apoyos - UAA | Universidad Aut\u00f3noma de Aguascalientes<\/title>\n<meta name=\"robots\" content=\"index, follow, max-snippet:-1, max-image-preview:large, max-video-preview:-1\" \/>\n<link rel=\"canonical\" href=\"https:\/\/www.uaa.mx\/portal\/alumnos\/credito-educativo-y-becas\/\" \/>\n<meta property=\"og:locale\" content=\"es_MX\" \/>\n<meta property=\"og:type\" content=\"article\" \/>\n<meta property=\"og:title\" content=\"Becas y Apoyos - UAA | Universidad Aut\u00f3noma de Aguascalientes\" \/>\n<meta property=\"og:description\" content=\"APOYOS QUE OFRECE LA UNIVERSIDAD AUT\u00d3NOMA DE AGUASCALIENTES. La Universidad Aut\u00f3noma de Aguascalientes tiene para ti diversos apoyos para que ...\" \/>\n<meta property=\"og:url\" content=\"https:\/\/www.uaa.mx\/portal\/alumnos\/credito-educativo-y-becas\/\" \/>\n<meta property=\"og:site_name\" content=\"UAA | Universidad Aut\u00f3noma de Aguascalientes\" \/>\n<meta property=\"article:publisher\" content=\"https:\/\/www.facebook.com\/uaa.mx\/?ref=br_rs\" \/>\n<meta property=\"article:modified_time\" content=\"2023-08-01T20:51:07+00:00\" \/>\n<meta property=\"og:image\" content=\"https:\/\/www.uaa.mx\/portal\/wp-content\/uploads\/2022\/09\/Logo-Acceso-dia-scaled.jpg\" \/>\n\t<meta property=\"og:image:width\" content=\"2560\" \/>\n\t<meta property=\"og:image:height\" content=\"1708\" \/>\n\t<meta property=\"og:image:type\" content=\"image\/jpeg\" \/>\n<meta name=\"twitter:card\" content=\"summary_large_image\" \/>\n<meta name=\"twitter:site\" content=\"@uaa_mx\" \/>\n<meta name=\"twitter:label1\" content=\"Tiempo de lectura\" \/>\n\t<meta name=\"twitter:data1\" content=\"2 minutos\" \/>\n<script type=\"application\/ld+json\" class=\"yoast-schema-graph\">{\"@context\":\"https:\/\/schema.org\",\"@graph\":[{\"@type\":\"WebPage\",\"@id\":\"https:\/\/www.uaa.mx\/portal\/alumnos\/credito-educativo-y-becas\/\",\"url\":\"https:\/\/www.uaa.mx\/portal\/alumnos\/credito-educativo-y-becas\/\",\"name\":\"Becas y Apoyos - UAA | Universidad Aut\u00f3noma de Aguascalientes\",\"isPartOf\":{\"@id\":\"https:\/\/www.uaa.mx\/portal\/#website\"},\"datePublished\":\"2018-02-02T17:38:53+00:00\",\"dateModified\":\"2023-08-01T20:51:07+00:00\",\"breadcrumb\":{\"@id\":\"https:\/\/www.uaa.mx\/portal\/alumnos\/credito-educativo-y-becas\/#breadcrumb\"},\"inLanguage\":\"es\",\"potentialAction\":[{\"@type\":\"ReadAction\",\"target\":[\"https:\/\/www.uaa.mx\/portal\/alumnos\/credito-educativo-y-becas\/\"]}]},{\"@type\":\"BreadcrumbList\",\"@id\":\"https:\/\/www.uaa.mx\/portal\/alumnos\/credito-educativo-y-becas\/#breadcrumb\",\"itemListElement\":[{\"@type\":\"ListItem\",\"position\":1,\"name\":\"Inicio\",\"item\":\"https:\/\/www.uaa.mx\/portal\/\"},{\"@type\":\"ListItem\",\"position\":2,\"name\":\"Alumnos\",\"item\":\"https:\/\/www.uaa.mx\/portal\/alumnos\/\"},{\"@type\":\"ListItem\",\"position\":3,\"name\":\"Becas y Apoyos\"}]},{\"@type\":\"WebSite\",\"@id\":\"https:\/\/www.uaa.mx\/portal\/#website\",\"url\":\"https:\/\/www.uaa.mx\/portal\/\",\"name\":\"UAA | Universidad Aut\u00f3noma de Aguascalientes\",\"description\":\"\",\"publisher\":{\"@id\":\"https:\/\/www.uaa.mx\/portal\/#organization\"},\"potentialAction\":[{\"@type\":\"SearchAction\",\"target\":{\"@type\":\"EntryPoint\",\"urlTemplate\":\"https:\/\/www.uaa.mx\/portal\/?s={search_term_string}\"},\"query-input\":{\"@type\":\"PropertyValueSpecification\",\"valueRequired\":true,\"valueName\":\"search_term_string\"}}],\"inLanguage\":\"es\"},{\"@type\":\"Organization\",\"@id\":\"https:\/\/www.uaa.mx\/portal\/#organization\",\"name\":\"UAA | Universidad Aut\u00f3noma de Aguascalientes\",\"url\":\"https:\/\/www.uaa.mx\/portal\/\",\"logo\":{\"@type\":\"ImageObject\",\"inLanguage\":\"es\",\"@id\":\"https:\/\/www.uaa.mx\/portal\/#\/schema\/logo\/image\/\",\"url\":\"https:\/\/www.uaa.mx\/portal\/wp-content\/uploads\/2022\/09\/LOGO-UAA-2022_LOGO-01-COLOR.png\",\"contentUrl\":\"https:\/\/www.uaa.mx\/portal\/wp-content\/uploads\/2022\/09\/LOGO-UAA-2022_LOGO-01-COLOR.png\",\"width\":5218,\"height\":3133,\"caption\":\"UAA | Universidad Aut\u00f3noma de Aguascalientes\"},\"image\":{\"@id\":\"https:\/\/www.uaa.mx\/portal\/#\/schema\/logo\/image\/\"},\"sameAs\":[\"https:\/\/www.facebook.com\/uaa.mx\/?ref=br_rs\",\"https:\/\/x.com\/uaa_mx\",\"https:\/\/www.instagram.com\/uaa_mx?igshid=MzRlODBiNWFlZA\",\"https:\/\/www.youtube.com\/user\/UAAmx\",\"https:\/\/www.linkedin.com\/school\/universidad-aut-noma-de-aguascalientes\/\",\"https:\/\/g.page\/r\/CdstxDdmJKCJEAE\"]}]}<\/script>\n<!-- \/ Yoast SEO plugin. -->","yoast_head_json":{"title":"Becas y Apoyos - UAA | Universidad Aut\u00f3noma de Aguascalientes","robots":{"index":"index","follow":"follow","max-snippet":"max-snippet:-1","max-image-preview":"max-image-preview:large","max-video-preview":"max-video-preview:-1"},"canonical":"https:\/\/www.uaa.mx\/portal\/alumnos\/credito-educativo-y-becas\/","og_locale":"es_MX","og_type":"article","og_title":"Becas y Apoyos - UAA | Universidad Aut\u00f3noma de Aguascalientes","og_description":"APOYOS QUE OFRECE LA UNIVERSIDAD AUT\u00d3NOMA DE AGUASCALIENTES. La Universidad Aut\u00f3noma de Aguascalientes tiene para ti diversos apoyos para que ...","og_url":"https:\/\/www.uaa.mx\/portal\/alumnos\/credito-educativo-y-becas\/","og_site_name":"UAA | Universidad Aut\u00f3noma de Aguascalientes","article_publisher":"https:\/\/www.facebook.com\/uaa.mx\/?ref=br_rs","article_modified_time":"2023-08-01T20:51:07+00:00","og_image":[{"width":2560,"height":1708,"url":"https:\/\/www.uaa.mx\/portal\/wp-content\/uploads\/2022\/09\/Logo-Acceso-dia-scaled.jpg","type":"image\/jpeg"}],"twitter_card":"summary_large_image","twitter_site":"@uaa_mx","twitter_misc":{"Tiempo de lectura":"2 minutos"},"schema":{"@context":"https:\/\/schema.org","@graph":[{"@type":"WebPage","@id":"https:\/\/www.uaa.mx\/portal\/alumnos\/credito-educativo-y-becas\/","url":"https:\/\/www.uaa.mx\/portal\/alumnos\/credito-educativo-y-becas\/","name":"Becas y Apoyos - UAA | Universidad Aut\u00f3noma de Aguascalientes","isPartOf":{"@id":"https:\/\/www.uaa.mx\/portal\/#website"},"datePublished":"2018-02-02T17:38:53+00:00","dateModified":"2023-08-01T20:51:07+00:00","breadcrumb":{"@id":"https:\/\/www.uaa.mx\/portal\/alumnos\/credito-educativo-y-becas\/#breadcrumb"},"inLanguage":"es","potentialAction":[{"@type":"ReadAction","target":["https:\/\/www.uaa.mx\/portal\/alumnos\/credito-educativo-y-becas\/"]}]},{"@type":"BreadcrumbList","@id":"https:\/\/www.uaa.mx\/portal\/alumnos\/credito-educativo-y-becas\/#breadcrumb","itemListElement":[{"@type":"ListItem","position":1,"name":"Inicio","item":"https:\/\/www.uaa.mx\/portal\/"},{"@type":"ListItem","position":2,"name":"Alumnos","item":"https:\/\/www.uaa.mx\/portal\/alumnos\/"},{"@type":"ListItem","position":3,"name":"Becas y Apoyos"}]},{"@type":"WebSite","@id":"https:\/\/www.uaa.mx\/portal\/#website","url":"https:\/\/www.uaa.mx\/portal\/","name":"UAA | Universidad Aut\u00f3noma de Aguascalientes","description":"","publisher":{"@id":"https:\/\/www.uaa.mx\/portal\/#organization"},"potentialAction":[{"@type":"SearchAction","target":{"@type":"EntryPoint","urlTemplate":"https:\/\/www.uaa.mx\/portal\/?s={search_term_string}"},"query-input":{"@type":"PropertyValueSpecification","valueRequired":true,"valueName":"search_term_string"}}],"inLanguage":"es"},{"@type":"Organization","@id":"https:\/\/www.uaa.mx\/portal\/#organization","name":"UAA | Universidad Aut\u00f3noma de Aguascalientes","url":"https:\/\/www.uaa.mx\/portal\/","logo":{"@type":"ImageObject","inLanguage":"es","@id":"https:\/\/www.uaa.mx\/portal\/#\/schema\/logo\/image\/","url":"https:\/\/www.uaa.mx\/portal\/wp-content\/uploads\/2022\/09\/LOGO-UAA-2022_LOGO-01-COLOR.png","contentUrl":"https:\/\/www.uaa.mx\/portal\/wp-content\/uploads\/2022\/09\/LOGO-UAA-2022_LOGO-01-COLOR.png","width":5218,"height":3133,"caption":"UAA | Universidad Aut\u00f3noma de Aguascalientes"},"image":{"@id":"https:\/\/www.uaa.mx\/portal\/#\/schema\/logo\/image\/"},"sameAs":["https:\/\/www.facebook.com\/uaa.mx\/?ref=br_rs","https:\/\/x.com\/uaa_mx","https:\/\/www.instagram.com\/uaa_mx?igshid=MzRlODBiNWFlZA","https:\/\/www.youtube.com\/user\/UAAmx","https:\/\/www.linkedin.com\/school\/universidad-aut-noma-de-aguascalientes\/","https:\/\/g.page\/r\/CdstxDdmJKCJEAE"]}]}},"jetpack_sharing_enabled":true,"_links":{"self":[{"href":"https:\/\/www.uaa.mx\/portal\/wp-json\/wp\/v2\/pages\/406","targetHints":{"allow":["GET"]}}],"collection":[{"href":"https:\/\/www.uaa.mx\/portal\/wp-json\/wp\/v2\/pages"}],"about":[{"href":"https:\/\/www.uaa.mx\/portal\/wp-json\/wp\/v2\/types\/page"}],"author":[{"embeddable":true,"href":"https:\/\/www.uaa.mx\/portal\/wp-json\/wp\/v2\/users\/55"}],"replies":[{"embeddable":true,"href":"https:\/\/www.uaa.mx\/portal\/wp-json\/wp\/v2\/comments?post=406"}],"version-history":[{"count":24,"href":"https:\/\/www.uaa.mx\/portal\/wp-json\/wp\/v2\/pages\/406\/revisions"}],"predecessor-version":[{"id":51780,"href":"https:\/\/www.uaa.mx\/portal\/wp-json\/wp\/v2\/pages\/406\/revisions\/51780"}],"up":[{"embeddable":true,"href":"https:\/\/www.uaa.mx\/portal\/wp-json\/wp\/v2\/pages\/398"}],"wp:attachment":[{"href":"https:\/\/www.uaa.mx\/portal\/wp-json\/wp\/v2\/media?parent=406"}],"curies":[{"name":"wp","href":"https:\/\/api.w.org\/{rel}","templated":true}]}}