{"id":4341,"date":"2018-05-24T14:44:46","date_gmt":"2018-05-24T20:44:46","guid":{"rendered":"https:\/\/www.uaa.mx\/portal\/?page_id=4341"},"modified":"2026-03-09T14:29:02","modified_gmt":"2026-03-09T20:29:02","slug":"contacto-2","status":"publish","type":"page","link":"https:\/\/www.uaa.mx\/portal\/docentes\/investigacion\/contacto-2\/","title":{"rendered":"Contacto"},"content":{"rendered":"<h5><strong>Director General de Investigaci\u00f3n y Posgrado<\/strong><\/h5>\n<p>Dr. Francisco Javier Pedroza Cabrera, <a href=\"mailto:francisco.pedroza@edu.uaa.mx\">francisco.pedroza@edu.uaa.mx<\/a><\/p>\n<h5><strong>Jefe del Depto. de Apoyo a la Investigaci\u00f3n<\/strong><\/h5>\n<p>Dr. Marcelo de Jes\u00fas P\u00e9rez Ramos, <a class=\"no-btn\" href=\"mailto:marcelo.perez@edu.uaa.mx\">marcelo.perez@edu.uaa.mx<\/a><\/p>\n<h5><strong>Asistentes<\/strong><\/h5>\n<p>Ang\u00e9lica del Roc\u00edo Ibarra Ram\u00edrez, <a class=\"no-btn\" href=\"mailto:rocio.ibarra@edu.uaa,mx\">rocio.ibarra@edu.uaa,mx<\/a><\/p>\n<p>Lic. Karla G\u00f3mez Rocha, <a href=\"mailto:karla.gomez@edu.uaa.mx\">karla.gomez@edu.uaa.mx<\/a><\/p>\n<p>&nbsp;<\/p>\n<h5 style=\"padding-left: 30px;\"><strong>Jefa de \u00c1rea de Investigaci\u00f3n<\/strong><\/h5>\n<p style=\"padding-left: 30px;\">L.R.I. Laura Olivia Ortega Calder\u00f3n, <a class=\"no-btn\" href=\"mailto:olivia.ortega@edu.uaa.mx\">olivia.ortega@edu.uaa.mx<\/a><\/p>\n<h5 style=\"padding-left: 60px;\">Soporte del \u00e1rea de Investigaci\u00f3n<\/h5>\n<p style=\"padding-left: 60px;\">Lic. Denise Josette Colunga Santos, <a href=\"mailto:denise.colunga@edu.uaa.mx\">denise.colunga@edu.uaa.mx<\/a><\/p>\n<p style=\"padding-left: 60px; text-align: left;\">Minerva Paola Palafox Rojas, <a href=\"mailto:minerva.palafox@edu.uaa.mx\">minerva.palafox@edu.uaa.mx<\/a><\/p>\n<h5><\/h5>\n<h5 style=\"padding-left: 30px;\"><strong>Encargada de Dictaminaci\u00f3n y Divulgaci\u00f3n Cient\u00edfica<\/strong><\/h5>\n<p style=\"padding-left: 30px;\">M. en C.E.A Yazm\u00edn Ram\u00edrez Rodr\u00edguez, <a class=\"no-btn\" href=\"mailto:yazmin.ramirez@edu.uaa.mx\">yazmin.ramirez@edu.uaa.mx<\/a><\/p>\n<p>&nbsp;<\/p>\n<h5 style=\"padding-left: 30px;\"><strong>Apoyo t\u00e9cnico<\/strong><\/h5>\n<p style=\"padding-left: 30px;\">I.S.C. Carolina de Le\u00f3n L\u00f3pez, <a class=\"no-btn\">carolina.deleon@edu.uaa.mx<\/a><\/p>\n<p>&nbsp;<\/p>\n<h5 style=\"padding-left: 30px;\">Revista Investigaci\u00f3n y Ciencia<\/h5>\n<p style=\"padding-left: 30px;\">LEc. Sandra Margarita Ruiz Guerra, <a class=\"no-btn\" href=\"mailto:sandram.ruiz@edu.uaa.mx\">sandram.ruiz@edu.uaa.mx<\/a><\/p>\n<p style=\"padding-left: 30px;\">Lic. M\u00f3nica \u00c1valos Valladares, <a class=\"no-btn\" href=\"mailto:monica.avalos@edu.uaa.mx\">monica.avalos@edu.uaa.mx<\/a><\/p>\n<p>&nbsp;<\/p>\n<h5 style=\"padding-left: 30px;\"><strong>\u00c1REA PRODEP<\/strong><\/h5>\n<p style=\"padding-left: 30px;\">Mtro. Jes\u00fas Arturo Femat D\u00edaz, <a class=\"no-btn\" href=\"mailto:arturo.femat@edu.uaa.mx\">arturo.femat@edu.uaa.mx<\/a><\/p>\n<p style=\"padding-left: 30px;\">Lic. Dula Due\u00f1as Pereschica, <a class=\"no-btn\" href=\"mailto:dula.duenas@edu.uaa.mx\">dula.duenas@edu.uaa.mx<\/a><\/p>\n<p style=\"padding-left: 30px;\">Lic. Luis Antonio Mart\u00ednez de Anda, <a class=\"no-btn\" href=\"mailto:luis.martinezanda@edu.uaa.mx\">luis.martinezanda@edu.uaa.mx<\/a><\/p>\n<h5 style=\"padding-left: 30px;\"><strong>Asistentes<\/strong><\/h5>\n<p style=\"padding-left: 30px;\">Lic. C\u00e9sar Enrique Mart\u00ednez Mart\u00ednez, <a class=\"no-btn\" href=\"mailto:cesar.martinez@edu.uaa.mx\">cesar.martinez@edu.uaa.mx<\/a><\/p>\n<p style=\"padding-left: 30px;\">Lic. Tania Alejandra Viramontes Rangel, <a class=\"no-btn\" href=\"mailto:tania.viramontes@edu.uaa.mx\">tania.viramontes@edu.uaa.mx<\/a><\/p>\n<p>&nbsp;<\/p>\n<p>Av. Universidad #940<br \/>\nC.P. 20100, C.U.<br \/>\nEdificio Acad\u00e9mico Administrativo, Quinto Piso<br \/>\nTels. (449) 9 10 74 00 Ext. 34112<br \/>\nHorario de atenci\u00f3n<br \/>\n8:00 am &#8211; 3:30 pm<\/p>\n<p>&nbsp;<\/p>\n<p>&nbsp;<\/p>\n","protected":false},"excerpt":{"rendered":"<p>Director General de Investigaci\u00f3n y Posgrado Dr. Francisco Javier Pedroza Cabrera, francisco.pedroza@edu.uaa.mx Jefe del Depto. de Apoyo a la Investigaci\u00f3n &#8230;<\/p>\n","protected":false},"author":55,"featured_media":0,"parent":453,"menu_order":0,"comment_status":"closed","ping_status":"closed","template":"page-template-gralconsidebar.php","meta":{"_acf_changed":false,"footnotes":""},"class_list":["post-4341","page","type-page","status-publish","hentry"],"acf":[],"yoast_head":"<!-- This site is optimized with the Yoast SEO plugin v27.2 - https:\/\/yoast.com\/product\/yoast-seo-wordpress\/ -->\n<title>Contacto - UAA | Universidad Aut\u00f3noma de Aguascalientes<\/title>\n<meta name=\"robots\" content=\"index, follow, max-snippet:-1, max-image-preview:large, max-video-preview:-1\" \/>\n<link rel=\"canonical\" href=\"https:\/\/www.uaa.mx\/portal\/docentes\/investigacion\/contacto-2\/\" \/>\n<meta property=\"og:locale\" content=\"es_MX\" \/>\n<meta property=\"og:type\" content=\"article\" \/>\n<meta property=\"og:title\" content=\"Contacto - UAA | Universidad Aut\u00f3noma de Aguascalientes\" \/>\n<meta property=\"og:description\" content=\"Director General de Investigaci\u00f3n y Posgrado Dr. Francisco Javier Pedroza Cabrera, francisco.pedroza@edu.uaa.mx Jefe del Depto. de Apoyo a la Investigaci\u00f3n ...\" \/>\n<meta property=\"og:url\" content=\"https:\/\/www.uaa.mx\/portal\/docentes\/investigacion\/contacto-2\/\" \/>\n<meta property=\"og:site_name\" content=\"UAA | Universidad Aut\u00f3noma de Aguascalientes\" \/>\n<meta property=\"article:publisher\" content=\"https:\/\/www.facebook.com\/uaa.mx\/?ref=br_rs\" \/>\n<meta property=\"article:modified_time\" content=\"2026-03-09T20:29:02+00:00\" \/>\n<meta property=\"og:image\" content=\"https:\/\/www.uaa.mx\/portal\/wp-content\/uploads\/2022\/09\/Logo-Acceso-dia-scaled.jpg\" \/>\n\t<meta property=\"og:image:width\" content=\"2560\" \/>\n\t<meta property=\"og:image:height\" content=\"1708\" \/>\n\t<meta property=\"og:image:type\" content=\"image\/jpeg\" \/>\n<meta name=\"twitter:card\" content=\"summary_large_image\" \/>\n<meta name=\"twitter:site\" content=\"@uaa_mx\" \/>\n<meta name=\"twitter:label1\" content=\"Tiempo de lectura\" \/>\n\t<meta name=\"twitter:data1\" content=\"1 minuto\" \/>\n<script type=\"application\/ld+json\" class=\"yoast-schema-graph\">{\"@context\":\"https:\/\/schema.org\",\"@graph\":[{\"@type\":\"WebPage\",\"@id\":\"https:\/\/www.uaa.mx\/portal\/docentes\/investigacion\/contacto-2\/\",\"url\":\"https:\/\/www.uaa.mx\/portal\/docentes\/investigacion\/contacto-2\/\",\"name\":\"Contacto - UAA | Universidad Aut\u00f3noma de Aguascalientes\",\"isPartOf\":{\"@id\":\"https:\/\/www.uaa.mx\/portal\/#website\"},\"datePublished\":\"2018-05-24T20:44:46+00:00\",\"dateModified\":\"2026-03-09T20:29:02+00:00\",\"breadcrumb\":{\"@id\":\"https:\/\/www.uaa.mx\/portal\/docentes\/investigacion\/contacto-2\/#breadcrumb\"},\"inLanguage\":\"es\",\"potentialAction\":[{\"@type\":\"ReadAction\",\"target\":[\"https:\/\/www.uaa.mx\/portal\/docentes\/investigacion\/contacto-2\/\"]}]},{\"@type\":\"BreadcrumbList\",\"@id\":\"https:\/\/www.uaa.mx\/portal\/docentes\/investigacion\/contacto-2\/#breadcrumb\",\"itemListElement\":[{\"@type\":\"ListItem\",\"position\":1,\"name\":\"Inicio\",\"item\":\"https:\/\/www.uaa.mx\/portal\/\"},{\"@type\":\"ListItem\",\"position\":2,\"name\":\"Docentes\",\"item\":\"https:\/\/www.uaa.mx\/portal\/docentes\/\"},{\"@type\":\"ListItem\",\"position\":3,\"name\":\"Departamento de Apoyo a la Investigaci\u00f3n\",\"item\":\"https:\/\/www.uaa.mx\/portal\/docentes\/investigacion\/\"},{\"@type\":\"ListItem\",\"position\":4,\"name\":\"Contacto\"}]},{\"@type\":\"WebSite\",\"@id\":\"https:\/\/www.uaa.mx\/portal\/#website\",\"url\":\"https:\/\/www.uaa.mx\/portal\/\",\"name\":\"UAA | Universidad Aut\u00f3noma de Aguascalientes\",\"description\":\"\",\"publisher\":{\"@id\":\"https:\/\/www.uaa.mx\/portal\/#organization\"},\"potentialAction\":[{\"@type\":\"SearchAction\",\"target\":{\"@type\":\"EntryPoint\",\"urlTemplate\":\"https:\/\/www.uaa.mx\/portal\/?s={search_term_string}\"},\"query-input\":{\"@type\":\"PropertyValueSpecification\",\"valueRequired\":true,\"valueName\":\"search_term_string\"}}],\"inLanguage\":\"es\"},{\"@type\":\"Organization\",\"@id\":\"https:\/\/www.uaa.mx\/portal\/#organization\",\"name\":\"UAA | Universidad Aut\u00f3noma de Aguascalientes\",\"url\":\"https:\/\/www.uaa.mx\/portal\/\",\"logo\":{\"@type\":\"ImageObject\",\"inLanguage\":\"es\",\"@id\":\"https:\/\/www.uaa.mx\/portal\/#\/schema\/logo\/image\/\",\"url\":\"https:\/\/www.uaa.mx\/portal\/wp-content\/uploads\/2022\/09\/LOGO-UAA-2022_LOGO-01-COLOR.png\",\"contentUrl\":\"https:\/\/www.uaa.mx\/portal\/wp-content\/uploads\/2022\/09\/LOGO-UAA-2022_LOGO-01-COLOR.png\",\"width\":5218,\"height\":3133,\"caption\":\"UAA | Universidad Aut\u00f3noma de Aguascalientes\"},\"image\":{\"@id\":\"https:\/\/www.uaa.mx\/portal\/#\/schema\/logo\/image\/\"},\"sameAs\":[\"https:\/\/www.facebook.com\/uaa.mx\/?ref=br_rs\",\"https:\/\/x.com\/uaa_mx\",\"https:\/\/www.instagram.com\/uaa_mx?igshid=MzRlODBiNWFlZA\",\"https:\/\/www.youtube.com\/user\/UAAmx\",\"https:\/\/www.linkedin.com\/school\/universidad-aut-noma-de-aguascalientes\/\",\"https:\/\/g.page\/r\/CdstxDdmJKCJEAE\"]}]}<\/script>\n<!-- \/ Yoast SEO plugin. -->","yoast_head_json":{"title":"Contacto - UAA | Universidad Aut\u00f3noma de Aguascalientes","robots":{"index":"index","follow":"follow","max-snippet":"max-snippet:-1","max-image-preview":"max-image-preview:large","max-video-preview":"max-video-preview:-1"},"canonical":"https:\/\/www.uaa.mx\/portal\/docentes\/investigacion\/contacto-2\/","og_locale":"es_MX","og_type":"article","og_title":"Contacto - UAA | Universidad Aut\u00f3noma de Aguascalientes","og_description":"Director General de Investigaci\u00f3n y Posgrado Dr. Francisco Javier Pedroza Cabrera, francisco.pedroza@edu.uaa.mx Jefe del Depto. de Apoyo a la Investigaci\u00f3n ...","og_url":"https:\/\/www.uaa.mx\/portal\/docentes\/investigacion\/contacto-2\/","og_site_name":"UAA | Universidad Aut\u00f3noma de Aguascalientes","article_publisher":"https:\/\/www.facebook.com\/uaa.mx\/?ref=br_rs","article_modified_time":"2026-03-09T20:29:02+00:00","og_image":[{"width":2560,"height":1708,"url":"https:\/\/www.uaa.mx\/portal\/wp-content\/uploads\/2022\/09\/Logo-Acceso-dia-scaled.jpg","type":"image\/jpeg"}],"twitter_card":"summary_large_image","twitter_site":"@uaa_mx","twitter_misc":{"Tiempo de lectura":"1 minuto"},"schema":{"@context":"https:\/\/schema.org","@graph":[{"@type":"WebPage","@id":"https:\/\/www.uaa.mx\/portal\/docentes\/investigacion\/contacto-2\/","url":"https:\/\/www.uaa.mx\/portal\/docentes\/investigacion\/contacto-2\/","name":"Contacto - UAA | Universidad Aut\u00f3noma de Aguascalientes","isPartOf":{"@id":"https:\/\/www.uaa.mx\/portal\/#website"},"datePublished":"2018-05-24T20:44:46+00:00","dateModified":"2026-03-09T20:29:02+00:00","breadcrumb":{"@id":"https:\/\/www.uaa.mx\/portal\/docentes\/investigacion\/contacto-2\/#breadcrumb"},"inLanguage":"es","potentialAction":[{"@type":"ReadAction","target":["https:\/\/www.uaa.mx\/portal\/docentes\/investigacion\/contacto-2\/"]}]},{"@type":"BreadcrumbList","@id":"https:\/\/www.uaa.mx\/portal\/docentes\/investigacion\/contacto-2\/#breadcrumb","itemListElement":[{"@type":"ListItem","position":1,"name":"Inicio","item":"https:\/\/www.uaa.mx\/portal\/"},{"@type":"ListItem","position":2,"name":"Docentes","item":"https:\/\/www.uaa.mx\/portal\/docentes\/"},{"@type":"ListItem","position":3,"name":"Departamento de Apoyo a la Investigaci\u00f3n","item":"https:\/\/www.uaa.mx\/portal\/docentes\/investigacion\/"},{"@type":"ListItem","position":4,"name":"Contacto"}]},{"@type":"WebSite","@id":"https:\/\/www.uaa.mx\/portal\/#website","url":"https:\/\/www.uaa.mx\/portal\/","name":"UAA | Universidad Aut\u00f3noma de Aguascalientes","description":"","publisher":{"@id":"https:\/\/www.uaa.mx\/portal\/#organization"},"potentialAction":[{"@type":"SearchAction","target":{"@type":"EntryPoint","urlTemplate":"https:\/\/www.uaa.mx\/portal\/?s={search_term_string}"},"query-input":{"@type":"PropertyValueSpecification","valueRequired":true,"valueName":"search_term_string"}}],"inLanguage":"es"},{"@type":"Organization","@id":"https:\/\/www.uaa.mx\/portal\/#organization","name":"UAA | Universidad Aut\u00f3noma de Aguascalientes","url":"https:\/\/www.uaa.mx\/portal\/","logo":{"@type":"ImageObject","inLanguage":"es","@id":"https:\/\/www.uaa.mx\/portal\/#\/schema\/logo\/image\/","url":"https:\/\/www.uaa.mx\/portal\/wp-content\/uploads\/2022\/09\/LOGO-UAA-2022_LOGO-01-COLOR.png","contentUrl":"https:\/\/www.uaa.mx\/portal\/wp-content\/uploads\/2022\/09\/LOGO-UAA-2022_LOGO-01-COLOR.png","width":5218,"height":3133,"caption":"UAA | Universidad Aut\u00f3noma de Aguascalientes"},"image":{"@id":"https:\/\/www.uaa.mx\/portal\/#\/schema\/logo\/image\/"},"sameAs":["https:\/\/www.facebook.com\/uaa.mx\/?ref=br_rs","https:\/\/x.com\/uaa_mx","https:\/\/www.instagram.com\/uaa_mx?igshid=MzRlODBiNWFlZA","https:\/\/www.youtube.com\/user\/UAAmx","https:\/\/www.linkedin.com\/school\/universidad-aut-noma-de-aguascalientes\/","https:\/\/g.page\/r\/CdstxDdmJKCJEAE"]}]}},"jetpack_sharing_enabled":true,"_links":{"self":[{"href":"https:\/\/www.uaa.mx\/portal\/wp-json\/wp\/v2\/pages\/4341","targetHints":{"allow":["GET"]}}],"collection":[{"href":"https:\/\/www.uaa.mx\/portal\/wp-json\/wp\/v2\/pages"}],"about":[{"href":"https:\/\/www.uaa.mx\/portal\/wp-json\/wp\/v2\/types\/page"}],"author":[{"embeddable":true,"href":"https:\/\/www.uaa.mx\/portal\/wp-json\/wp\/v2\/users\/55"}],"replies":[{"embeddable":true,"href":"https:\/\/www.uaa.mx\/portal\/wp-json\/wp\/v2\/comments?post=4341"}],"version-history":[{"count":24,"href":"https:\/\/www.uaa.mx\/portal\/wp-json\/wp\/v2\/pages\/4341\/revisions"}],"predecessor-version":[{"id":68658,"href":"https:\/\/www.uaa.mx\/portal\/wp-json\/wp\/v2\/pages\/4341\/revisions\/68658"}],"up":[{"embeddable":true,"href":"https:\/\/www.uaa.mx\/portal\/wp-json\/wp\/v2\/pages\/453"}],"wp:attachment":[{"href":"https:\/\/www.uaa.mx\/portal\/wp-json\/wp\/v2\/media?parent=4341"}],"curies":[{"name":"wp","href":"https:\/\/api.w.org\/{rel}","templated":true}]}}