{"id":4351,"date":"2018-05-24T14:51:02","date_gmt":"2018-05-24T20:51:02","guid":{"rendered":"https:\/\/www.uaa.mx\/portal\/?page_id=4351"},"modified":"2023-01-25T12:06:22","modified_gmt":"2023-01-25T18:06:22","slug":"links-de-interes","status":"publish","type":"page","link":"https:\/\/www.uaa.mx\/portal\/alumnos\/divulgacion-de-la-ciencia\/links-de-interes\/","title":{"rendered":"Links de inter\u00e9s"},"content":{"rendered":"<p style=\"text-align: justify\"><a href=\"https:\/\/www.amc.edu.mx\/amc\/\" target=\"_blank\" rel=\"noopener\"><strong>Academia Mexicana de Ciencias<\/strong>\u00a0<\/a><\/p>\n<p style=\"text-align: justify\"><a href=\"http:\/\/www.dgdc.unam.mx\/\" target=\"_blank\" rel=\"noopener\"><strong>Direcci\u00f3n General de Divulgaci\u00f3n de la Ciencia UNAM<\/strong> <\/a><\/p>\n<p style=\"text-align: justify\"><a href=\"http:\/\/www.somedicyt.org.mx\/\" target=\"_blank\" rel=\"noopener\"><strong>Sociedad Mexicana para la Divulgaci\u00f3n de la Ciencia y la T\u00e9cnica A.C.<\/strong> <\/a><\/p>\n<p style=\"text-align: justify\"><a href=\"https:\/\/smf.mx\/\" target=\"_blank\" rel=\"noopener\"><strong>Sociedad Mexicana de F\u00edsica<\/strong> <\/a><\/p>\n<p style=\"text-align: justify\"><a href=\"http:\/\/ommags.com\/new\/\" target=\"_blank\" rel=\"noopener\"><strong>Olimpiada Mexicana de Matem\u00e1ticas<\/strong> <\/a><\/p>\n<p style=\"text-align: justify\"><a href=\"http:\/\/omiags.org\/\" target=\"_blank\" rel=\"noopener\"><strong>Olimpiada Mexicana de Inform\u00e1tica<\/strong> <\/a><\/p>\n","protected":false},"excerpt":{"rendered":"<p>Academia Mexicana de Ciencias\u00a0 Direcci\u00f3n General de Divulgaci\u00f3n de la Ciencia UNAM Sociedad Mexicana para la Divulgaci\u00f3n de la Ciencia &#8230;<\/p>\n","protected":false},"author":55,"featured_media":0,"parent":4343,"menu_order":0,"comment_status":"closed","ping_status":"closed","template":"page-template-gralconsidebar.php","meta":{"_acf_changed":false,"footnotes":""},"class_list":["post-4351","page","type-page","status-publish","hentry"],"acf":[],"yoast_head":"<!-- This site is optimized with the Yoast SEO plugin v27.2 - https:\/\/yoast.com\/product\/yoast-seo-wordpress\/ -->\n<title>Links de inter\u00e9s - UAA | Universidad Aut\u00f3noma de Aguascalientes<\/title>\n<meta name=\"robots\" content=\"index, follow, max-snippet:-1, max-image-preview:large, max-video-preview:-1\" \/>\n<link rel=\"canonical\" href=\"https:\/\/www.uaa.mx\/portal\/alumnos\/divulgacion-de-la-ciencia\/links-de-interes\/\" \/>\n<meta property=\"og:locale\" content=\"es_MX\" \/>\n<meta property=\"og:type\" content=\"article\" \/>\n<meta property=\"og:title\" content=\"Links de inter\u00e9s - UAA | Universidad Aut\u00f3noma de Aguascalientes\" \/>\n<meta property=\"og:description\" content=\"Academia Mexicana de Ciencias\u00a0 Direcci\u00f3n General de Divulgaci\u00f3n de la Ciencia UNAM Sociedad Mexicana para la Divulgaci\u00f3n de la Ciencia ...\" \/>\n<meta property=\"og:url\" content=\"https:\/\/www.uaa.mx\/portal\/alumnos\/divulgacion-de-la-ciencia\/links-de-interes\/\" \/>\n<meta property=\"og:site_name\" content=\"UAA | Universidad Aut\u00f3noma de Aguascalientes\" \/>\n<meta property=\"article:publisher\" content=\"https:\/\/www.facebook.com\/uaa.mx\/?ref=br_rs\" \/>\n<meta property=\"article:modified_time\" content=\"2023-01-25T18:06:22+00:00\" \/>\n<meta property=\"og:image\" content=\"https:\/\/www.uaa.mx\/portal\/wp-content\/uploads\/2022\/09\/Logo-Acceso-dia-scaled.jpg\" \/>\n\t<meta property=\"og:image:width\" content=\"2560\" \/>\n\t<meta property=\"og:image:height\" content=\"1708\" \/>\n\t<meta property=\"og:image:type\" content=\"image\/jpeg\" \/>\n<meta name=\"twitter:card\" content=\"summary_large_image\" \/>\n<meta name=\"twitter:site\" content=\"@uaa_mx\" \/>\n<meta name=\"twitter:label1\" content=\"Tiempo de lectura\" \/>\n\t<meta name=\"twitter:data1\" content=\"1 minuto\" \/>\n<script type=\"application\/ld+json\" class=\"yoast-schema-graph\">{\"@context\":\"https:\/\/schema.org\",\"@graph\":[{\"@type\":\"WebPage\",\"@id\":\"https:\/\/www.uaa.mx\/portal\/alumnos\/divulgacion-de-la-ciencia\/links-de-interes\/\",\"url\":\"https:\/\/www.uaa.mx\/portal\/alumnos\/divulgacion-de-la-ciencia\/links-de-interes\/\",\"name\":\"Links de inter\u00e9s - UAA | Universidad Aut\u00f3noma de Aguascalientes\",\"isPartOf\":{\"@id\":\"https:\/\/www.uaa.mx\/portal\/#website\"},\"datePublished\":\"2018-05-24T20:51:02+00:00\",\"dateModified\":\"2023-01-25T18:06:22+00:00\",\"breadcrumb\":{\"@id\":\"https:\/\/www.uaa.mx\/portal\/alumnos\/divulgacion-de-la-ciencia\/links-de-interes\/#breadcrumb\"},\"inLanguage\":\"es\",\"potentialAction\":[{\"@type\":\"ReadAction\",\"target\":[\"https:\/\/www.uaa.mx\/portal\/alumnos\/divulgacion-de-la-ciencia\/links-de-interes\/\"]}]},{\"@type\":\"BreadcrumbList\",\"@id\":\"https:\/\/www.uaa.mx\/portal\/alumnos\/divulgacion-de-la-ciencia\/links-de-interes\/#breadcrumb\",\"itemListElement\":[{\"@type\":\"ListItem\",\"position\":1,\"name\":\"Inicio\",\"item\":\"https:\/\/www.uaa.mx\/portal\/\"},{\"@type\":\"ListItem\",\"position\":2,\"name\":\"Alumnos\",\"item\":\"https:\/\/www.uaa.mx\/portal\/alumnos\/\"},{\"@type\":\"ListItem\",\"position\":3,\"name\":\"Divulgaci\u00f3n de la ciencia\",\"item\":\"https:\/\/www.uaa.mx\/portal\/alumnos\/divulgacion-de-la-ciencia\/\"},{\"@type\":\"ListItem\",\"position\":4,\"name\":\"Links de inter\u00e9s\"}]},{\"@type\":\"WebSite\",\"@id\":\"https:\/\/www.uaa.mx\/portal\/#website\",\"url\":\"https:\/\/www.uaa.mx\/portal\/\",\"name\":\"UAA | Universidad Aut\u00f3noma de Aguascalientes\",\"description\":\"\",\"publisher\":{\"@id\":\"https:\/\/www.uaa.mx\/portal\/#organization\"},\"potentialAction\":[{\"@type\":\"SearchAction\",\"target\":{\"@type\":\"EntryPoint\",\"urlTemplate\":\"https:\/\/www.uaa.mx\/portal\/?s={search_term_string}\"},\"query-input\":{\"@type\":\"PropertyValueSpecification\",\"valueRequired\":true,\"valueName\":\"search_term_string\"}}],\"inLanguage\":\"es\"},{\"@type\":\"Organization\",\"@id\":\"https:\/\/www.uaa.mx\/portal\/#organization\",\"name\":\"UAA | Universidad Aut\u00f3noma de Aguascalientes\",\"url\":\"https:\/\/www.uaa.mx\/portal\/\",\"logo\":{\"@type\":\"ImageObject\",\"inLanguage\":\"es\",\"@id\":\"https:\/\/www.uaa.mx\/portal\/#\/schema\/logo\/image\/\",\"url\":\"https:\/\/www.uaa.mx\/portal\/wp-content\/uploads\/2022\/09\/LOGO-UAA-2022_LOGO-01-COLOR.png\",\"contentUrl\":\"https:\/\/www.uaa.mx\/portal\/wp-content\/uploads\/2022\/09\/LOGO-UAA-2022_LOGO-01-COLOR.png\",\"width\":5218,\"height\":3133,\"caption\":\"UAA | Universidad Aut\u00f3noma de Aguascalientes\"},\"image\":{\"@id\":\"https:\/\/www.uaa.mx\/portal\/#\/schema\/logo\/image\/\"},\"sameAs\":[\"https:\/\/www.facebook.com\/uaa.mx\/?ref=br_rs\",\"https:\/\/x.com\/uaa_mx\",\"https:\/\/www.instagram.com\/uaa_mx?igshid=MzRlODBiNWFlZA\",\"https:\/\/www.youtube.com\/user\/UAAmx\",\"https:\/\/www.linkedin.com\/school\/universidad-aut-noma-de-aguascalientes\/\",\"https:\/\/g.page\/r\/CdstxDdmJKCJEAE\"]}]}<\/script>\n<!-- \/ Yoast SEO plugin. -->","yoast_head_json":{"title":"Links de inter\u00e9s - UAA | Universidad Aut\u00f3noma de Aguascalientes","robots":{"index":"index","follow":"follow","max-snippet":"max-snippet:-1","max-image-preview":"max-image-preview:large","max-video-preview":"max-video-preview:-1"},"canonical":"https:\/\/www.uaa.mx\/portal\/alumnos\/divulgacion-de-la-ciencia\/links-de-interes\/","og_locale":"es_MX","og_type":"article","og_title":"Links de inter\u00e9s - UAA | Universidad Aut\u00f3noma de Aguascalientes","og_description":"Academia Mexicana de Ciencias\u00a0 Direcci\u00f3n General de Divulgaci\u00f3n de la Ciencia UNAM Sociedad Mexicana para la Divulgaci\u00f3n de la Ciencia ...","og_url":"https:\/\/www.uaa.mx\/portal\/alumnos\/divulgacion-de-la-ciencia\/links-de-interes\/","og_site_name":"UAA | Universidad Aut\u00f3noma de Aguascalientes","article_publisher":"https:\/\/www.facebook.com\/uaa.mx\/?ref=br_rs","article_modified_time":"2023-01-25T18:06:22+00:00","og_image":[{"width":2560,"height":1708,"url":"https:\/\/www.uaa.mx\/portal\/wp-content\/uploads\/2022\/09\/Logo-Acceso-dia-scaled.jpg","type":"image\/jpeg"}],"twitter_card":"summary_large_image","twitter_site":"@uaa_mx","twitter_misc":{"Tiempo de lectura":"1 minuto"},"schema":{"@context":"https:\/\/schema.org","@graph":[{"@type":"WebPage","@id":"https:\/\/www.uaa.mx\/portal\/alumnos\/divulgacion-de-la-ciencia\/links-de-interes\/","url":"https:\/\/www.uaa.mx\/portal\/alumnos\/divulgacion-de-la-ciencia\/links-de-interes\/","name":"Links de inter\u00e9s - UAA | Universidad Aut\u00f3noma de Aguascalientes","isPartOf":{"@id":"https:\/\/www.uaa.mx\/portal\/#website"},"datePublished":"2018-05-24T20:51:02+00:00","dateModified":"2023-01-25T18:06:22+00:00","breadcrumb":{"@id":"https:\/\/www.uaa.mx\/portal\/alumnos\/divulgacion-de-la-ciencia\/links-de-interes\/#breadcrumb"},"inLanguage":"es","potentialAction":[{"@type":"ReadAction","target":["https:\/\/www.uaa.mx\/portal\/alumnos\/divulgacion-de-la-ciencia\/links-de-interes\/"]}]},{"@type":"BreadcrumbList","@id":"https:\/\/www.uaa.mx\/portal\/alumnos\/divulgacion-de-la-ciencia\/links-de-interes\/#breadcrumb","itemListElement":[{"@type":"ListItem","position":1,"name":"Inicio","item":"https:\/\/www.uaa.mx\/portal\/"},{"@type":"ListItem","position":2,"name":"Alumnos","item":"https:\/\/www.uaa.mx\/portal\/alumnos\/"},{"@type":"ListItem","position":3,"name":"Divulgaci\u00f3n de la ciencia","item":"https:\/\/www.uaa.mx\/portal\/alumnos\/divulgacion-de-la-ciencia\/"},{"@type":"ListItem","position":4,"name":"Links de inter\u00e9s"}]},{"@type":"WebSite","@id":"https:\/\/www.uaa.mx\/portal\/#website","url":"https:\/\/www.uaa.mx\/portal\/","name":"UAA | Universidad Aut\u00f3noma de Aguascalientes","description":"","publisher":{"@id":"https:\/\/www.uaa.mx\/portal\/#organization"},"potentialAction":[{"@type":"SearchAction","target":{"@type":"EntryPoint","urlTemplate":"https:\/\/www.uaa.mx\/portal\/?s={search_term_string}"},"query-input":{"@type":"PropertyValueSpecification","valueRequired":true,"valueName":"search_term_string"}}],"inLanguage":"es"},{"@type":"Organization","@id":"https:\/\/www.uaa.mx\/portal\/#organization","name":"UAA | Universidad Aut\u00f3noma de Aguascalientes","url":"https:\/\/www.uaa.mx\/portal\/","logo":{"@type":"ImageObject","inLanguage":"es","@id":"https:\/\/www.uaa.mx\/portal\/#\/schema\/logo\/image\/","url":"https:\/\/www.uaa.mx\/portal\/wp-content\/uploads\/2022\/09\/LOGO-UAA-2022_LOGO-01-COLOR.png","contentUrl":"https:\/\/www.uaa.mx\/portal\/wp-content\/uploads\/2022\/09\/LOGO-UAA-2022_LOGO-01-COLOR.png","width":5218,"height":3133,"caption":"UAA | Universidad Aut\u00f3noma de Aguascalientes"},"image":{"@id":"https:\/\/www.uaa.mx\/portal\/#\/schema\/logo\/image\/"},"sameAs":["https:\/\/www.facebook.com\/uaa.mx\/?ref=br_rs","https:\/\/x.com\/uaa_mx","https:\/\/www.instagram.com\/uaa_mx?igshid=MzRlODBiNWFlZA","https:\/\/www.youtube.com\/user\/UAAmx","https:\/\/www.linkedin.com\/school\/universidad-aut-noma-de-aguascalientes\/","https:\/\/g.page\/r\/CdstxDdmJKCJEAE"]}]}},"jetpack_sharing_enabled":true,"_links":{"self":[{"href":"https:\/\/www.uaa.mx\/portal\/wp-json\/wp\/v2\/pages\/4351","targetHints":{"allow":["GET"]}}],"collection":[{"href":"https:\/\/www.uaa.mx\/portal\/wp-json\/wp\/v2\/pages"}],"about":[{"href":"https:\/\/www.uaa.mx\/portal\/wp-json\/wp\/v2\/types\/page"}],"author":[{"embeddable":true,"href":"https:\/\/www.uaa.mx\/portal\/wp-json\/wp\/v2\/users\/55"}],"replies":[{"embeddable":true,"href":"https:\/\/www.uaa.mx\/portal\/wp-json\/wp\/v2\/comments?post=4351"}],"version-history":[{"count":10,"href":"https:\/\/www.uaa.mx\/portal\/wp-json\/wp\/v2\/pages\/4351\/revisions"}],"predecessor-version":[{"id":48673,"href":"https:\/\/www.uaa.mx\/portal\/wp-json\/wp\/v2\/pages\/4351\/revisions\/48673"}],"up":[{"embeddable":true,"href":"https:\/\/www.uaa.mx\/portal\/wp-json\/wp\/v2\/pages\/4343"}],"wp:attachment":[{"href":"https:\/\/www.uaa.mx\/portal\/wp-json\/wp\/v2\/media?parent=4351"}],"curies":[{"name":"wp","href":"https:\/\/api.w.org\/{rel}","templated":true}]}}