{"id":4405,"date":"2018-05-25T10:55:12","date_gmt":"2018-05-25T16:55:12","guid":{"rendered":"https:\/\/www.uaa.mx\/portal\/?page_id=4405"},"modified":"2026-03-09T14:16:48","modified_gmt":"2026-03-09T20:16:48","slug":"investigacion-cientifica","status":"publish","type":"page","link":"https:\/\/www.uaa.mx\/portal\/docentes\/investigacion\/investigacion-cientifica\/","title":{"rendered":"Investigaci\u00f3n Cient\u00edfica"},"content":{"rendered":"<p style=\"text-align: justify;\">Los proyectos de investigaci\u00f3n que se realizan en la Universidad Aut\u00f3noma de Aguascalientes est\u00e1n integrados en dieciocho programas.<\/p>\n<p style=\"text-align: justify;\">En promedio por semestre est\u00e1n en proceso alrededor de 150 proyectos. De acuerdo a lo establecido en el Reglamento de Investigaci\u00f3n, existe un procedimiento definido para la presentaci\u00f3n, aprobaci\u00f3n y seguimiento de cada proyecto. La retroalimentaci\u00f3n y evaluaci\u00f3n de los diferentes proyectos es llevada a cabo por comit\u00e9s t\u00e9cnicos que cuentan con la participaci\u00f3n de evaluadores externos de alto nivel acad\u00e9mico.<\/p>\n<p style=\"text-align: justify;\">Por lo que se refiere al financiamiento de la investigaci\u00f3n, la UAA tiene un sistema de presupuestaci\u00f3n interna que otorga la cantidad de dinero necesaria para la iniciaci\u00f3n de un proyecto. Cuando se trata de proyectos de gran envergadura, los investigadores deben gestionar apoyos financieros externos. Entre los organismos que han otorgado apoyos monetarios a diversos proyectos de investigaci\u00f3n de la UAA se encuentran: el Programa de Mejoramiento del Profesorado (PROMEP) de la SEP, el Consejo de Ciencia y Tecnolog\u00eda (CONACYT) a trav\u00e9s de sus diferentes fondos y convocatorias, (el Consejo de Ciencia y Tecnolog\u00eda del Estado de Aguascalientes CONCYTEA), el Gobierno del Estado por medio de diversas dependencias, la Fundaci\u00f3n Produce AC., los Municipios del Estado y diferentes organizaciones del Sector Empresarial, Fundaciones Internacionales entre otros.<\/p>\n<p style=\"text-align: justify;\">El desarrollo de investigaci\u00f3n en la UAA ha permitido ofrecer una docencia m\u00e1s actualizada, fortalecer la infraestructura de apoyo a la docencia de pregrado y posgrado; dar servicios externos como asesor\u00edas, consultor\u00edas, cursos de capacitaci\u00f3n y de actualizaci\u00f3n, elaboraci\u00f3n de diagn\u00f3sticos y el desarrollo de proyectos para la soluci\u00f3n de problemas concretos.<\/p>\n<p style=\"text-align: justify;\">Asimismo, gracias a los resultados alcanzados, profesores investigadores de la UAA han sido galardonados por diferentes instituciones como el Centro de Investigaci\u00f3n y Estudios Avanzados (CINVESTAV), la Asociaci\u00f3n Nacional de Universidades e Instituciones de Educaci\u00f3n Superior (ANUIES), la Secretaria de Medio Ambiente y Recursos Naturales (SEMARNAT) y el Instituto Nacional de Antropolog\u00eda e Historia (INAH).<\/p>\n","protected":false},"excerpt":{"rendered":"<p>Los proyectos de investigaci\u00f3n que se realizan en la Universidad Aut\u00f3noma de Aguascalientes est\u00e1n integrados en dieciocho programas. En promedio &#8230;<\/p>\n","protected":false},"author":55,"featured_media":0,"parent":453,"menu_order":1,"comment_status":"closed","ping_status":"closed","template":"page-template-gralconsidebar.php","meta":{"_acf_changed":false,"footnotes":""},"class_list":["post-4405","page","type-page","status-publish","hentry"],"acf":[],"yoast_head":"<!-- This site is optimized with the Yoast SEO plugin v27.2 - https:\/\/yoast.com\/product\/yoast-seo-wordpress\/ -->\n<title>Investigaci\u00f3n Cient\u00edfica - UAA | Universidad Aut\u00f3noma de Aguascalientes<\/title>\n<meta name=\"robots\" content=\"index, follow, max-snippet:-1, max-image-preview:large, max-video-preview:-1\" \/>\n<link rel=\"canonical\" href=\"https:\/\/www.uaa.mx\/portal\/docentes\/investigacion\/investigacion-cientifica\/\" \/>\n<meta property=\"og:locale\" content=\"es_MX\" \/>\n<meta property=\"og:type\" content=\"article\" \/>\n<meta property=\"og:title\" content=\"Investigaci\u00f3n Cient\u00edfica - UAA | Universidad Aut\u00f3noma de Aguascalientes\" \/>\n<meta property=\"og:description\" content=\"Los proyectos de investigaci\u00f3n que se realizan en la Universidad Aut\u00f3noma de Aguascalientes est\u00e1n integrados en dieciocho programas. En promedio ...\" \/>\n<meta property=\"og:url\" content=\"https:\/\/www.uaa.mx\/portal\/docentes\/investigacion\/investigacion-cientifica\/\" \/>\n<meta property=\"og:site_name\" content=\"UAA | Universidad Aut\u00f3noma de Aguascalientes\" \/>\n<meta property=\"article:publisher\" content=\"https:\/\/www.facebook.com\/uaa.mx\/?ref=br_rs\" \/>\n<meta property=\"article:modified_time\" content=\"2026-03-09T20:16:48+00:00\" \/>\n<meta property=\"og:image\" content=\"https:\/\/www.uaa.mx\/portal\/wp-content\/uploads\/2022\/09\/Logo-Acceso-dia-scaled.jpg\" \/>\n\t<meta property=\"og:image:width\" content=\"2560\" \/>\n\t<meta property=\"og:image:height\" content=\"1708\" \/>\n\t<meta property=\"og:image:type\" content=\"image\/jpeg\" \/>\n<meta name=\"twitter:card\" content=\"summary_large_image\" \/>\n<meta name=\"twitter:site\" content=\"@uaa_mx\" \/>\n<meta name=\"twitter:label1\" content=\"Tiempo de lectura\" \/>\n\t<meta name=\"twitter:data1\" content=\"2 minutos\" \/>\n<script type=\"application\/ld+json\" class=\"yoast-schema-graph\">{\"@context\":\"https:\/\/schema.org\",\"@graph\":[{\"@type\":\"WebPage\",\"@id\":\"https:\/\/www.uaa.mx\/portal\/docentes\/investigacion\/investigacion-cientifica\/\",\"url\":\"https:\/\/www.uaa.mx\/portal\/docentes\/investigacion\/investigacion-cientifica\/\",\"name\":\"Investigaci\u00f3n Cient\u00edfica - UAA | Universidad Aut\u00f3noma de Aguascalientes\",\"isPartOf\":{\"@id\":\"https:\/\/www.uaa.mx\/portal\/#website\"},\"datePublished\":\"2018-05-25T16:55:12+00:00\",\"dateModified\":\"2026-03-09T20:16:48+00:00\",\"breadcrumb\":{\"@id\":\"https:\/\/www.uaa.mx\/portal\/docentes\/investigacion\/investigacion-cientifica\/#breadcrumb\"},\"inLanguage\":\"es\",\"potentialAction\":[{\"@type\":\"ReadAction\",\"target\":[\"https:\/\/www.uaa.mx\/portal\/docentes\/investigacion\/investigacion-cientifica\/\"]}]},{\"@type\":\"BreadcrumbList\",\"@id\":\"https:\/\/www.uaa.mx\/portal\/docentes\/investigacion\/investigacion-cientifica\/#breadcrumb\",\"itemListElement\":[{\"@type\":\"ListItem\",\"position\":1,\"name\":\"Inicio\",\"item\":\"https:\/\/www.uaa.mx\/portal\/\"},{\"@type\":\"ListItem\",\"position\":2,\"name\":\"Docentes\",\"item\":\"https:\/\/www.uaa.mx\/portal\/docentes\/\"},{\"@type\":\"ListItem\",\"position\":3,\"name\":\"Departamento de Apoyo a la Investigaci\u00f3n\",\"item\":\"https:\/\/www.uaa.mx\/portal\/docentes\/investigacion\/\"},{\"@type\":\"ListItem\",\"position\":4,\"name\":\"Investigaci\u00f3n Cient\u00edfica\"}]},{\"@type\":\"WebSite\",\"@id\":\"https:\/\/www.uaa.mx\/portal\/#website\",\"url\":\"https:\/\/www.uaa.mx\/portal\/\",\"name\":\"UAA | Universidad Aut\u00f3noma de Aguascalientes\",\"description\":\"\",\"publisher\":{\"@id\":\"https:\/\/www.uaa.mx\/portal\/#organization\"},\"potentialAction\":[{\"@type\":\"SearchAction\",\"target\":{\"@type\":\"EntryPoint\",\"urlTemplate\":\"https:\/\/www.uaa.mx\/portal\/?s={search_term_string}\"},\"query-input\":{\"@type\":\"PropertyValueSpecification\",\"valueRequired\":true,\"valueName\":\"search_term_string\"}}],\"inLanguage\":\"es\"},{\"@type\":\"Organization\",\"@id\":\"https:\/\/www.uaa.mx\/portal\/#organization\",\"name\":\"UAA | Universidad Aut\u00f3noma de Aguascalientes\",\"url\":\"https:\/\/www.uaa.mx\/portal\/\",\"logo\":{\"@type\":\"ImageObject\",\"inLanguage\":\"es\",\"@id\":\"https:\/\/www.uaa.mx\/portal\/#\/schema\/logo\/image\/\",\"url\":\"https:\/\/www.uaa.mx\/portal\/wp-content\/uploads\/2022\/09\/LOGO-UAA-2022_LOGO-01-COLOR.png\",\"contentUrl\":\"https:\/\/www.uaa.mx\/portal\/wp-content\/uploads\/2022\/09\/LOGO-UAA-2022_LOGO-01-COLOR.png\",\"width\":5218,\"height\":3133,\"caption\":\"UAA | Universidad Aut\u00f3noma de Aguascalientes\"},\"image\":{\"@id\":\"https:\/\/www.uaa.mx\/portal\/#\/schema\/logo\/image\/\"},\"sameAs\":[\"https:\/\/www.facebook.com\/uaa.mx\/?ref=br_rs\",\"https:\/\/x.com\/uaa_mx\",\"https:\/\/www.instagram.com\/uaa_mx?igshid=MzRlODBiNWFlZA\",\"https:\/\/www.youtube.com\/user\/UAAmx\",\"https:\/\/www.linkedin.com\/school\/universidad-aut-noma-de-aguascalientes\/\",\"https:\/\/g.page\/r\/CdstxDdmJKCJEAE\"]}]}<\/script>\n<!-- \/ Yoast SEO plugin. -->","yoast_head_json":{"title":"Investigaci\u00f3n Cient\u00edfica - UAA | Universidad Aut\u00f3noma de Aguascalientes","robots":{"index":"index","follow":"follow","max-snippet":"max-snippet:-1","max-image-preview":"max-image-preview:large","max-video-preview":"max-video-preview:-1"},"canonical":"https:\/\/www.uaa.mx\/portal\/docentes\/investigacion\/investigacion-cientifica\/","og_locale":"es_MX","og_type":"article","og_title":"Investigaci\u00f3n Cient\u00edfica - UAA | Universidad Aut\u00f3noma de Aguascalientes","og_description":"Los proyectos de investigaci\u00f3n que se realizan en la Universidad Aut\u00f3noma de Aguascalientes est\u00e1n integrados en dieciocho programas. En promedio ...","og_url":"https:\/\/www.uaa.mx\/portal\/docentes\/investigacion\/investigacion-cientifica\/","og_site_name":"UAA | Universidad Aut\u00f3noma de Aguascalientes","article_publisher":"https:\/\/www.facebook.com\/uaa.mx\/?ref=br_rs","article_modified_time":"2026-03-09T20:16:48+00:00","og_image":[{"width":2560,"height":1708,"url":"https:\/\/www.uaa.mx\/portal\/wp-content\/uploads\/2022\/09\/Logo-Acceso-dia-scaled.jpg","type":"image\/jpeg"}],"twitter_card":"summary_large_image","twitter_site":"@uaa_mx","twitter_misc":{"Tiempo de lectura":"2 minutos"},"schema":{"@context":"https:\/\/schema.org","@graph":[{"@type":"WebPage","@id":"https:\/\/www.uaa.mx\/portal\/docentes\/investigacion\/investigacion-cientifica\/","url":"https:\/\/www.uaa.mx\/portal\/docentes\/investigacion\/investigacion-cientifica\/","name":"Investigaci\u00f3n Cient\u00edfica - UAA | Universidad Aut\u00f3noma de Aguascalientes","isPartOf":{"@id":"https:\/\/www.uaa.mx\/portal\/#website"},"datePublished":"2018-05-25T16:55:12+00:00","dateModified":"2026-03-09T20:16:48+00:00","breadcrumb":{"@id":"https:\/\/www.uaa.mx\/portal\/docentes\/investigacion\/investigacion-cientifica\/#breadcrumb"},"inLanguage":"es","potentialAction":[{"@type":"ReadAction","target":["https:\/\/www.uaa.mx\/portal\/docentes\/investigacion\/investigacion-cientifica\/"]}]},{"@type":"BreadcrumbList","@id":"https:\/\/www.uaa.mx\/portal\/docentes\/investigacion\/investigacion-cientifica\/#breadcrumb","itemListElement":[{"@type":"ListItem","position":1,"name":"Inicio","item":"https:\/\/www.uaa.mx\/portal\/"},{"@type":"ListItem","position":2,"name":"Docentes","item":"https:\/\/www.uaa.mx\/portal\/docentes\/"},{"@type":"ListItem","position":3,"name":"Departamento de Apoyo a la Investigaci\u00f3n","item":"https:\/\/www.uaa.mx\/portal\/docentes\/investigacion\/"},{"@type":"ListItem","position":4,"name":"Investigaci\u00f3n Cient\u00edfica"}]},{"@type":"WebSite","@id":"https:\/\/www.uaa.mx\/portal\/#website","url":"https:\/\/www.uaa.mx\/portal\/","name":"UAA | Universidad Aut\u00f3noma de Aguascalientes","description":"","publisher":{"@id":"https:\/\/www.uaa.mx\/portal\/#organization"},"potentialAction":[{"@type":"SearchAction","target":{"@type":"EntryPoint","urlTemplate":"https:\/\/www.uaa.mx\/portal\/?s={search_term_string}"},"query-input":{"@type":"PropertyValueSpecification","valueRequired":true,"valueName":"search_term_string"}}],"inLanguage":"es"},{"@type":"Organization","@id":"https:\/\/www.uaa.mx\/portal\/#organization","name":"UAA | Universidad Aut\u00f3noma de Aguascalientes","url":"https:\/\/www.uaa.mx\/portal\/","logo":{"@type":"ImageObject","inLanguage":"es","@id":"https:\/\/www.uaa.mx\/portal\/#\/schema\/logo\/image\/","url":"https:\/\/www.uaa.mx\/portal\/wp-content\/uploads\/2022\/09\/LOGO-UAA-2022_LOGO-01-COLOR.png","contentUrl":"https:\/\/www.uaa.mx\/portal\/wp-content\/uploads\/2022\/09\/LOGO-UAA-2022_LOGO-01-COLOR.png","width":5218,"height":3133,"caption":"UAA | Universidad Aut\u00f3noma de Aguascalientes"},"image":{"@id":"https:\/\/www.uaa.mx\/portal\/#\/schema\/logo\/image\/"},"sameAs":["https:\/\/www.facebook.com\/uaa.mx\/?ref=br_rs","https:\/\/x.com\/uaa_mx","https:\/\/www.instagram.com\/uaa_mx?igshid=MzRlODBiNWFlZA","https:\/\/www.youtube.com\/user\/UAAmx","https:\/\/www.linkedin.com\/school\/universidad-aut-noma-de-aguascalientes\/","https:\/\/g.page\/r\/CdstxDdmJKCJEAE"]}]}},"jetpack_sharing_enabled":true,"_links":{"self":[{"href":"https:\/\/www.uaa.mx\/portal\/wp-json\/wp\/v2\/pages\/4405","targetHints":{"allow":["GET"]}}],"collection":[{"href":"https:\/\/www.uaa.mx\/portal\/wp-json\/wp\/v2\/pages"}],"about":[{"href":"https:\/\/www.uaa.mx\/portal\/wp-json\/wp\/v2\/types\/page"}],"author":[{"embeddable":true,"href":"https:\/\/www.uaa.mx\/portal\/wp-json\/wp\/v2\/users\/55"}],"replies":[{"embeddable":true,"href":"https:\/\/www.uaa.mx\/portal\/wp-json\/wp\/v2\/comments?post=4405"}],"version-history":[{"count":9,"href":"https:\/\/www.uaa.mx\/portal\/wp-json\/wp\/v2\/pages\/4405\/revisions"}],"predecessor-version":[{"id":12567,"href":"https:\/\/www.uaa.mx\/portal\/wp-json\/wp\/v2\/pages\/4405\/revisions\/12567"}],"up":[{"embeddable":true,"href":"https:\/\/www.uaa.mx\/portal\/wp-json\/wp\/v2\/pages\/453"}],"wp:attachment":[{"href":"https:\/\/www.uaa.mx\/portal\/wp-json\/wp\/v2\/media?parent=4405"}],"curies":[{"name":"wp","href":"https:\/\/api.w.org\/{rel}","templated":true}]}}