{"id":45,"date":"2017-06-29T15:00:53","date_gmt":"2017-06-29T21:00:53","guid":{"rendered":"https:\/\/www.uaa.mx\/portal\/?page_id=45"},"modified":"2022-08-03T13:48:38","modified_gmt":"2022-08-03T18:48:38","slug":"logotipo","status":"publish","type":"page","link":"https:\/\/www.uaa.mx\/portal\/nuestra-universidad\/institucion\/logotipo\/","title":{"rendered":"Logotipo"},"content":{"rendered":"<p style=\"text-align: justify;\">El 31 de octubre de 1980, el Consejo Universitario aprob\u00f3 la instauraci\u00f3n de un nuevo s\u00edmbolo y logotipo de la instituci\u00f3n con base en la propuesta hecha por el Departamento de Dise\u00f1o del entonces Centro Tecnol\u00f3gico -ahora centro de Ciencias del Dise\u00f1o y de la Construcci\u00f3n-. El dise\u00f1ador Jos\u00e9 Luis M\u00e1rquez busc\u00f3 que los elementos gr\u00e1ficos tuvieran los planteamientos ideol\u00f3gicos y filos\u00f3ficos de la Instituci\u00f3n, d\u00e1ndole caracter\u00edsticas y formas modernas y audaces con la misma instituci\u00f3n. Otro elemento fue el redise\u00f1o del alfabeto, que tuviera semejanza con el nuevo s\u00edmbolo.<\/p>\n<p style=\"text-align: justify;\">En septiembre de 1997, el grupo Aguafuerte Dise\u00f1adores Gr\u00e1ficos A. C. propuso algunas transformaciones al logotipo en sus trazos y colores, esto con el objeto de hacerlo m\u00e1s atractivo y congruente con la realidad actual de nuestra Universidad. La forma del s\u00edmbolo tiene coincidencia conceptual con la filosof\u00eda universitaria. Los conceptos de ciencia, t\u00e9cnica y humanismo son representados por su geometr\u00eda, siendo estas el c\u00e1lculo, la medida y la ciencia al servicio del hombre.<\/p>\n<p style=\"text-align: justify;\">La composici\u00f3n de relaci\u00f3n entre el s\u00edmbolo y la tipograf\u00eda se hizo sim\u00e9trica, acorde al pensamiento universitario. La tipograf\u00eda se modific\u00f3 en su construcci\u00f3n geom\u00e9trica para que sea congruente con las caracter\u00edsticas del s\u00edmbolo institucional y contenga as\u00ed las mismas propiedades t\u00e9cnicas y conceptuales.<\/p>\n<p style=\"text-align: justify;\">En 2022, nuestra Casa de Estudios actualiza su identidad gr\u00e1fica institucional conforme a las nuevas tendencias y aplicaciones digitales y el propio crecimiento de la Instituci\u00f3n, manteniendo siempre los elementos que nos dan identidad: la flama del saber, el conocimiento, que surge en la Universidad.<\/p>\n<p style=\"text-align: justify;\">Lo anterior implica la acentuaci\u00f3n en la tipograf\u00eda institucional, el establecimiento de los imagotipos para los centros acad\u00e9micos y las direcciones generales; de manera general, se presentan los lineamientos para guiar la comunicaci\u00f3n visual y la creaci\u00f3n de futuras marcas a proyectos y productos universitarios.<\/p>\n<p><img loading=\"lazy\" decoding=\"async\" class=\"wp-image-44241 size-full aligncenter\" src=\"https:\/\/www.uaa.mx\/portal\/wp-content\/uploads\/2022\/08\/UAA-LOGO.png\" alt=\"\" width=\"656\" height=\"318\" srcset=\"https:\/\/www.uaa.mx\/portal\/wp-content\/uploads\/2022\/08\/UAA-LOGO.png 656w, https:\/\/www.uaa.mx\/portal\/wp-content\/uploads\/2022\/08\/UAA-LOGO-300x145.png 300w\" sizes=\"auto, (max-width: 656px) 100vw, 656px\" \/><\/p>\n<p>&nbsp;<\/p>\n","protected":false},"excerpt":{"rendered":"<p>El 31 de octubre de 1980, el Consejo Universitario aprob\u00f3 la instauraci\u00f3n de un nuevo s\u00edmbolo y logotipo de la &#8230;<\/p>\n","protected":false},"author":55,"featured_media":0,"parent":17,"menu_order":0,"comment_status":"closed","ping_status":"closed","template":"page-template-gralconsidebar.php","meta":{"_acf_changed":false,"footnotes":""},"class_list":["post-45","page","type-page","status-publish","hentry"],"acf":[],"yoast_head":"<!-- This site is optimized with the Yoast SEO plugin v27.2 - https:\/\/yoast.com\/product\/yoast-seo-wordpress\/ -->\n<title>Logotipo - UAA | Universidad Aut\u00f3noma de Aguascalientes<\/title>\n<meta name=\"robots\" content=\"index, follow, max-snippet:-1, max-image-preview:large, max-video-preview:-1\" \/>\n<link rel=\"canonical\" href=\"https:\/\/www.uaa.mx\/portal\/nuestra-universidad\/institucion\/logotipo\/\" \/>\n<meta property=\"og:locale\" content=\"es_MX\" \/>\n<meta property=\"og:type\" content=\"article\" \/>\n<meta property=\"og:title\" content=\"Logotipo - UAA | Universidad Aut\u00f3noma de Aguascalientes\" \/>\n<meta property=\"og:description\" content=\"El 31 de octubre de 1980, el Consejo Universitario aprob\u00f3 la instauraci\u00f3n de un nuevo s\u00edmbolo y logotipo de la ...\" \/>\n<meta property=\"og:url\" content=\"https:\/\/www.uaa.mx\/portal\/nuestra-universidad\/institucion\/logotipo\/\" \/>\n<meta property=\"og:site_name\" content=\"UAA | Universidad Aut\u00f3noma de Aguascalientes\" \/>\n<meta property=\"article:publisher\" content=\"https:\/\/www.facebook.com\/uaa.mx\/?ref=br_rs\" \/>\n<meta property=\"article:modified_time\" content=\"2022-08-03T18:48:38+00:00\" \/>\n<meta property=\"og:image\" content=\"https:\/\/www.uaa.mx\/portal\/wp-content\/uploads\/2022\/08\/UAA-LOGO.png\" \/>\n<meta name=\"twitter:card\" content=\"summary_large_image\" \/>\n<meta name=\"twitter:site\" content=\"@uaa_mx\" \/>\n<meta name=\"twitter:label1\" content=\"Tiempo de lectura\" \/>\n\t<meta name=\"twitter:data1\" content=\"2 minutos\" \/>\n<script type=\"application\/ld+json\" class=\"yoast-schema-graph\">{\"@context\":\"https:\/\/schema.org\",\"@graph\":[{\"@type\":\"WebPage\",\"@id\":\"https:\/\/www.uaa.mx\/portal\/nuestra-universidad\/institucion\/logotipo\/\",\"url\":\"https:\/\/www.uaa.mx\/portal\/nuestra-universidad\/institucion\/logotipo\/\",\"name\":\"Logotipo - UAA | Universidad Aut\u00f3noma de Aguascalientes\",\"isPartOf\":{\"@id\":\"https:\/\/www.uaa.mx\/portal\/#website\"},\"primaryImageOfPage\":{\"@id\":\"https:\/\/www.uaa.mx\/portal\/nuestra-universidad\/institucion\/logotipo\/#primaryimage\"},\"image\":{\"@id\":\"https:\/\/www.uaa.mx\/portal\/nuestra-universidad\/institucion\/logotipo\/#primaryimage\"},\"thumbnailUrl\":\"https:\/\/www.uaa.mx\/portal\/wp-content\/uploads\/2022\/08\/UAA-LOGO.png\",\"datePublished\":\"2017-06-29T21:00:53+00:00\",\"dateModified\":\"2022-08-03T18:48:38+00:00\",\"breadcrumb\":{\"@id\":\"https:\/\/www.uaa.mx\/portal\/nuestra-universidad\/institucion\/logotipo\/#breadcrumb\"},\"inLanguage\":\"es\",\"potentialAction\":[{\"@type\":\"ReadAction\",\"target\":[\"https:\/\/www.uaa.mx\/portal\/nuestra-universidad\/institucion\/logotipo\/\"]}]},{\"@type\":\"ImageObject\",\"inLanguage\":\"es\",\"@id\":\"https:\/\/www.uaa.mx\/portal\/nuestra-universidad\/institucion\/logotipo\/#primaryimage\",\"url\":\"https:\/\/www.uaa.mx\/portal\/wp-content\/uploads\/2022\/08\/UAA-LOGO.png\",\"contentUrl\":\"https:\/\/www.uaa.mx\/portal\/wp-content\/uploads\/2022\/08\/UAA-LOGO.png\",\"width\":656,\"height\":318},{\"@type\":\"BreadcrumbList\",\"@id\":\"https:\/\/www.uaa.mx\/portal\/nuestra-universidad\/institucion\/logotipo\/#breadcrumb\",\"itemListElement\":[{\"@type\":\"ListItem\",\"position\":1,\"name\":\"Inicio\",\"item\":\"https:\/\/www.uaa.mx\/portal\/\"},{\"@type\":\"ListItem\",\"position\":2,\"name\":\"Nuestra Universidad\",\"item\":\"https:\/\/www.uaa.mx\/portal\/nuestra-universidad\/\"},{\"@type\":\"ListItem\",\"position\":3,\"name\":\"Instituci\u00f3n\",\"item\":\"https:\/\/www.uaa.mx\/portal\/nuestra-universidad\/institucion\/\"},{\"@type\":\"ListItem\",\"position\":4,\"name\":\"Logotipo\"}]},{\"@type\":\"WebSite\",\"@id\":\"https:\/\/www.uaa.mx\/portal\/#website\",\"url\":\"https:\/\/www.uaa.mx\/portal\/\",\"name\":\"UAA | Universidad Aut\u00f3noma de Aguascalientes\",\"description\":\"\",\"publisher\":{\"@id\":\"https:\/\/www.uaa.mx\/portal\/#organization\"},\"potentialAction\":[{\"@type\":\"SearchAction\",\"target\":{\"@type\":\"EntryPoint\",\"urlTemplate\":\"https:\/\/www.uaa.mx\/portal\/?s={search_term_string}\"},\"query-input\":{\"@type\":\"PropertyValueSpecification\",\"valueRequired\":true,\"valueName\":\"search_term_string\"}}],\"inLanguage\":\"es\"},{\"@type\":\"Organization\",\"@id\":\"https:\/\/www.uaa.mx\/portal\/#organization\",\"name\":\"UAA | Universidad Aut\u00f3noma de Aguascalientes\",\"url\":\"https:\/\/www.uaa.mx\/portal\/\",\"logo\":{\"@type\":\"ImageObject\",\"inLanguage\":\"es\",\"@id\":\"https:\/\/www.uaa.mx\/portal\/#\/schema\/logo\/image\/\",\"url\":\"https:\/\/www.uaa.mx\/portal\/wp-content\/uploads\/2022\/09\/LOGO-UAA-2022_LOGO-01-COLOR.png\",\"contentUrl\":\"https:\/\/www.uaa.mx\/portal\/wp-content\/uploads\/2022\/09\/LOGO-UAA-2022_LOGO-01-COLOR.png\",\"width\":5218,\"height\":3133,\"caption\":\"UAA | Universidad Aut\u00f3noma de Aguascalientes\"},\"image\":{\"@id\":\"https:\/\/www.uaa.mx\/portal\/#\/schema\/logo\/image\/\"},\"sameAs\":[\"https:\/\/www.facebook.com\/uaa.mx\/?ref=br_rs\",\"https:\/\/x.com\/uaa_mx\",\"https:\/\/www.instagram.com\/uaa_mx?igshid=MzRlODBiNWFlZA\",\"https:\/\/www.youtube.com\/user\/UAAmx\",\"https:\/\/www.linkedin.com\/school\/universidad-aut-noma-de-aguascalientes\/\",\"https:\/\/g.page\/r\/CdstxDdmJKCJEAE\"]}]}<\/script>\n<!-- \/ Yoast SEO plugin. -->","yoast_head_json":{"title":"Logotipo - UAA | Universidad Aut\u00f3noma de Aguascalientes","robots":{"index":"index","follow":"follow","max-snippet":"max-snippet:-1","max-image-preview":"max-image-preview:large","max-video-preview":"max-video-preview:-1"},"canonical":"https:\/\/www.uaa.mx\/portal\/nuestra-universidad\/institucion\/logotipo\/","og_locale":"es_MX","og_type":"article","og_title":"Logotipo - UAA | Universidad Aut\u00f3noma de Aguascalientes","og_description":"El 31 de octubre de 1980, el Consejo Universitario aprob\u00f3 la instauraci\u00f3n de un nuevo s\u00edmbolo y logotipo de la ...","og_url":"https:\/\/www.uaa.mx\/portal\/nuestra-universidad\/institucion\/logotipo\/","og_site_name":"UAA | Universidad Aut\u00f3noma de Aguascalientes","article_publisher":"https:\/\/www.facebook.com\/uaa.mx\/?ref=br_rs","article_modified_time":"2022-08-03T18:48:38+00:00","og_image":[{"url":"https:\/\/www.uaa.mx\/portal\/wp-content\/uploads\/2022\/08\/UAA-LOGO.png","type":"","width":"","height":""}],"twitter_card":"summary_large_image","twitter_site":"@uaa_mx","twitter_misc":{"Tiempo de lectura":"2 minutos"},"schema":{"@context":"https:\/\/schema.org","@graph":[{"@type":"WebPage","@id":"https:\/\/www.uaa.mx\/portal\/nuestra-universidad\/institucion\/logotipo\/","url":"https:\/\/www.uaa.mx\/portal\/nuestra-universidad\/institucion\/logotipo\/","name":"Logotipo - UAA | Universidad Aut\u00f3noma de Aguascalientes","isPartOf":{"@id":"https:\/\/www.uaa.mx\/portal\/#website"},"primaryImageOfPage":{"@id":"https:\/\/www.uaa.mx\/portal\/nuestra-universidad\/institucion\/logotipo\/#primaryimage"},"image":{"@id":"https:\/\/www.uaa.mx\/portal\/nuestra-universidad\/institucion\/logotipo\/#primaryimage"},"thumbnailUrl":"https:\/\/www.uaa.mx\/portal\/wp-content\/uploads\/2022\/08\/UAA-LOGO.png","datePublished":"2017-06-29T21:00:53+00:00","dateModified":"2022-08-03T18:48:38+00:00","breadcrumb":{"@id":"https:\/\/www.uaa.mx\/portal\/nuestra-universidad\/institucion\/logotipo\/#breadcrumb"},"inLanguage":"es","potentialAction":[{"@type":"ReadAction","target":["https:\/\/www.uaa.mx\/portal\/nuestra-universidad\/institucion\/logotipo\/"]}]},{"@type":"ImageObject","inLanguage":"es","@id":"https:\/\/www.uaa.mx\/portal\/nuestra-universidad\/institucion\/logotipo\/#primaryimage","url":"https:\/\/www.uaa.mx\/portal\/wp-content\/uploads\/2022\/08\/UAA-LOGO.png","contentUrl":"https:\/\/www.uaa.mx\/portal\/wp-content\/uploads\/2022\/08\/UAA-LOGO.png","width":656,"height":318},{"@type":"BreadcrumbList","@id":"https:\/\/www.uaa.mx\/portal\/nuestra-universidad\/institucion\/logotipo\/#breadcrumb","itemListElement":[{"@type":"ListItem","position":1,"name":"Inicio","item":"https:\/\/www.uaa.mx\/portal\/"},{"@type":"ListItem","position":2,"name":"Nuestra Universidad","item":"https:\/\/www.uaa.mx\/portal\/nuestra-universidad\/"},{"@type":"ListItem","position":3,"name":"Instituci\u00f3n","item":"https:\/\/www.uaa.mx\/portal\/nuestra-universidad\/institucion\/"},{"@type":"ListItem","position":4,"name":"Logotipo"}]},{"@type":"WebSite","@id":"https:\/\/www.uaa.mx\/portal\/#website","url":"https:\/\/www.uaa.mx\/portal\/","name":"UAA | Universidad Aut\u00f3noma de Aguascalientes","description":"","publisher":{"@id":"https:\/\/www.uaa.mx\/portal\/#organization"},"potentialAction":[{"@type":"SearchAction","target":{"@type":"EntryPoint","urlTemplate":"https:\/\/www.uaa.mx\/portal\/?s={search_term_string}"},"query-input":{"@type":"PropertyValueSpecification","valueRequired":true,"valueName":"search_term_string"}}],"inLanguage":"es"},{"@type":"Organization","@id":"https:\/\/www.uaa.mx\/portal\/#organization","name":"UAA | Universidad Aut\u00f3noma de Aguascalientes","url":"https:\/\/www.uaa.mx\/portal\/","logo":{"@type":"ImageObject","inLanguage":"es","@id":"https:\/\/www.uaa.mx\/portal\/#\/schema\/logo\/image\/","url":"https:\/\/www.uaa.mx\/portal\/wp-content\/uploads\/2022\/09\/LOGO-UAA-2022_LOGO-01-COLOR.png","contentUrl":"https:\/\/www.uaa.mx\/portal\/wp-content\/uploads\/2022\/09\/LOGO-UAA-2022_LOGO-01-COLOR.png","width":5218,"height":3133,"caption":"UAA | Universidad Aut\u00f3noma de Aguascalientes"},"image":{"@id":"https:\/\/www.uaa.mx\/portal\/#\/schema\/logo\/image\/"},"sameAs":["https:\/\/www.facebook.com\/uaa.mx\/?ref=br_rs","https:\/\/x.com\/uaa_mx","https:\/\/www.instagram.com\/uaa_mx?igshid=MzRlODBiNWFlZA","https:\/\/www.youtube.com\/user\/UAAmx","https:\/\/www.linkedin.com\/school\/universidad-aut-noma-de-aguascalientes\/","https:\/\/g.page\/r\/CdstxDdmJKCJEAE"]}]}},"jetpack_sharing_enabled":true,"_links":{"self":[{"href":"https:\/\/www.uaa.mx\/portal\/wp-json\/wp\/v2\/pages\/45","targetHints":{"allow":["GET"]}}],"collection":[{"href":"https:\/\/www.uaa.mx\/portal\/wp-json\/wp\/v2\/pages"}],"about":[{"href":"https:\/\/www.uaa.mx\/portal\/wp-json\/wp\/v2\/types\/page"}],"author":[{"embeddable":true,"href":"https:\/\/www.uaa.mx\/portal\/wp-json\/wp\/v2\/users\/55"}],"replies":[{"embeddable":true,"href":"https:\/\/www.uaa.mx\/portal\/wp-json\/wp\/v2\/comments?post=45"}],"version-history":[{"count":10,"href":"https:\/\/www.uaa.mx\/portal\/wp-json\/wp\/v2\/pages\/45\/revisions"}],"predecessor-version":[{"id":44264,"href":"https:\/\/www.uaa.mx\/portal\/wp-json\/wp\/v2\/pages\/45\/revisions\/44264"}],"up":[{"embeddable":true,"href":"https:\/\/www.uaa.mx\/portal\/wp-json\/wp\/v2\/pages\/17"}],"wp:attachment":[{"href":"https:\/\/www.uaa.mx\/portal\/wp-json\/wp\/v2\/media?parent=45"}],"curies":[{"name":"wp","href":"https:\/\/api.w.org\/{rel}","templated":true}]}}