{"id":55,"date":"2017-06-29T15:12:21","date_gmt":"2017-06-29T21:12:21","guid":{"rendered":"https:\/\/www.uaa.mx\/portal\/?page_id=55"},"modified":"2024-04-05T11:33:08","modified_gmt":"2024-04-05T17:33:08","slug":"gobierno","status":"publish","type":"page","link":"https:\/\/www.uaa.mx\/portal\/nuestra-universidad\/institucion\/gobierno\/","title":{"rendered":"Gobierno"},"content":{"rendered":"<p style=\"text-align: justify;\"><strong>Junta de Gobierno<\/strong>. La integran nueve destacados universitarios con car\u00e1cter honor\u00edfico, elegidos por el Consejo Universitario. Este organismo designa a las autoridades universitarias de primer nivel como: rector, decanos y directores generales.<\/p>\n<p style=\"text-align: justify;\"><strong>Consejo Universitario.<\/strong> Es el m\u00e1ximo \u00f3rgano de gobierno de la Instituci\u00f3n. Es presidido por el rector y participan acad\u00e9micos, alumnos y personal administrativo como consejeros, dando representatividad a toda la comunidad universitaria en las decisiones de la Instituci\u00f3n. En su interior se proponen, analizan y aprueban las normas que regulan a la Universidad.<\/p>\n<p>&nbsp;<\/p>\n<p><img loading=\"lazy\" decoding=\"async\" class=\"aligncenter wp-image-55886 size-large\" src=\"https:\/\/www.uaa.mx\/portal\/wp-content\/uploads\/2024\/04\/Consejo-Universitario-Extraordinaria-IMG_4610-1024x494.jpg\" alt=\"\" width=\"1024\" height=\"494\" srcset=\"https:\/\/www.uaa.mx\/portal\/wp-content\/uploads\/2024\/04\/Consejo-Universitario-Extraordinaria-IMG_4610-1024x494.jpg 1024w, https:\/\/www.uaa.mx\/portal\/wp-content\/uploads\/2024\/04\/Consejo-Universitario-Extraordinaria-IMG_4610-300x145.jpg 300w, https:\/\/www.uaa.mx\/portal\/wp-content\/uploads\/2024\/04\/Consejo-Universitario-Extraordinaria-IMG_4610-768x370.jpg 768w, https:\/\/www.uaa.mx\/portal\/wp-content\/uploads\/2024\/04\/Consejo-Universitario-Extraordinaria-IMG_4610-1536x741.jpg 1536w, https:\/\/www.uaa.mx\/portal\/wp-content\/uploads\/2024\/04\/Consejo-Universitario-Extraordinaria-IMG_4610-2048x988.jpg 2048w\" sizes=\"auto, (max-width: 1024px) 100vw, 1024px\" \/><\/p>\n<p>&nbsp;<\/p>\n<p style=\"text-align: justify;\"><strong>Consejos de Representantes.<\/strong> Es el \u00f3rgano de representatividad de cada Centro Acad\u00e9mico, integrado por el decano, jefes de departamento acad\u00e9micos, catedr\u00e1ticos y alumnos. Estos organismos son los responsables de orientar y regular la vida acad\u00e9mica y administrativa de los Centros.<\/p>\n<p style=\"text-align: justify;\"><strong>Comisi\u00f3n de Honor y Justicia.<\/strong> Esta comisi\u00f3n es una instancia de car\u00e1cter honor\u00edfico, aut\u00f3noma con respecto a los \u00f3rganos de gobierno de la Universidad para conocer, atender, dirimir y resolver conflictos y controversias que sean estrictamente de competencia universitaria y que no est\u00e9n contemplados en el \u00e1mbito de alg\u00fan otro \u00f3rgano de la Instituci\u00f3n.<\/p>\n<p style=\"text-align: justify;\"><strong>Rector.<\/strong> Es la m\u00e1xima autoridad ejecutiva de la Universidad. Es responsable de dirigir el funcionamiento general de la Instituci\u00f3n y deber\u00e1 cumplir y hacer cumplir la legislaci\u00f3n universitaria, as\u00ed como los acuerdos tomados por los \u00f3rganos colegiados.<\/p>\n<p style=\"text-align: justify;\"><strong>Secretario general.<\/strong> Es el funcionario de primer nivel designado por el rector para que lo auxilie en sus funciones. Se desempe\u00f1a como secretario del Consejo Universitario y es el representante legal de la Instituci\u00f3n junto con el rector.<\/p>\n<p style=\"text-align: justify;\"><strong>Decano.<\/strong> Es la m\u00e1xima autoridad administrativa y acad\u00e9mica de un centro acad\u00e9mico, responsable del funcionamiento adecuado de los programas educativos de su unidad acad\u00e9mica y uno de los contactos m\u00e1s cercanos para atender las inquietudes y necesidades de maestros y alumnos.<\/p>\n<p style=\"text-align: justify;\"><strong>Director general.<\/strong> Es el titular y responsable de un \u00e1rea administrativa que ha sido creada para apoyar en el desarrollo de las funciones sustantivas de los Centros y Departamentos Acad\u00e9micos, as\u00ed como de la rector\u00eda. Atiende tambi\u00e9n a los estudiantes en temas de vinculaci\u00f3n, becas, movilidad, tutor\u00eda, entre otros asuntos.<\/p>\n<p style=\"text-align: justify;\">Tambi\u00e9n se cuenta con asociaciones gremiales y organismos descentralizados:<\/p>\n<ul style=\"text-align: justify;\">\n<li>Federaci\u00f3n de Estudiantes (FEUAA)<\/li>\n<li>Asociaci\u00f3n de Catedr\u00e1ticos e Investigadores (ACIUAA)<\/li>\n<li>Sindicato de Trabajadores (STUAA)<\/li>\n<li>Fundaci\u00f3n UAA<\/li>\n<li>Patronato Universitario<\/li>\n<li>Asociaci\u00f3n de Ex Alumnos UAA<\/li>\n<\/ul>\n<p style=\"text-align: justify;\">Adem\u00e1s de un \u00f3rgano aut\u00f3nomo creado para garantizar y concientizar sobre nuestros derechos<\/p>\n<ul style=\"text-align: justify;\">\n<li>Defensor\u00eda de los Derechos Universitarios<\/li>\n<li>Comit\u00e9 Institucional para la Equidad de G\u00e9nero (CIEG)<\/li>\n<\/ul>\n<h3 style=\"text-align: justify;\"><strong>Estructura departamental<\/strong><\/h3>\n<p style=\"text-align: justify;\">La Universidad Aut\u00f3noma de Aguascalientes est\u00e1 estructurada para ofrecer servicios m\u00faltiples y optimizar sus recursos con base en una estructura departamental, facilitando el apoyo entre las diferentes unidades de la Instituci\u00f3n para responder a sus funciones sustantivas en beneficio de la Comunidad Universitaria y a la sociedad.<\/p>\n","protected":false},"excerpt":{"rendered":"<p>Junta de Gobierno. La integran nueve destacados universitarios con car\u00e1cter honor\u00edfico, elegidos por el Consejo Universitario. Este organismo designa a &#8230;<\/p>\n","protected":false},"author":55,"featured_media":0,"parent":17,"menu_order":0,"comment_status":"closed","ping_status":"closed","template":"page-template-gralconsidebar.php","meta":{"_acf_changed":false,"footnotes":""},"class_list":["post-55","page","type-page","status-publish","hentry"],"acf":[],"yoast_head":"<!-- This site is optimized with the Yoast SEO plugin v27.2 - https:\/\/yoast.com\/product\/yoast-seo-wordpress\/ -->\n<title>Gobierno - UAA | Universidad Aut\u00f3noma de Aguascalientes<\/title>\n<meta name=\"robots\" content=\"index, follow, max-snippet:-1, max-image-preview:large, max-video-preview:-1\" \/>\n<link rel=\"canonical\" href=\"https:\/\/www.uaa.mx\/portal\/nuestra-universidad\/institucion\/gobierno\/\" \/>\n<meta property=\"og:locale\" content=\"es_MX\" \/>\n<meta property=\"og:type\" content=\"article\" \/>\n<meta property=\"og:title\" content=\"Gobierno - UAA | Universidad Aut\u00f3noma de Aguascalientes\" \/>\n<meta property=\"og:description\" content=\"Junta de Gobierno. La integran nueve destacados universitarios con car\u00e1cter honor\u00edfico, elegidos por el Consejo Universitario. Este organismo designa a ...\" \/>\n<meta property=\"og:url\" content=\"https:\/\/www.uaa.mx\/portal\/nuestra-universidad\/institucion\/gobierno\/\" \/>\n<meta property=\"og:site_name\" content=\"UAA | Universidad Aut\u00f3noma de Aguascalientes\" \/>\n<meta property=\"article:publisher\" content=\"https:\/\/www.facebook.com\/uaa.mx\/?ref=br_rs\" \/>\n<meta property=\"article:modified_time\" content=\"2024-04-05T17:33:08+00:00\" \/>\n<meta property=\"og:image\" content=\"https:\/\/www.uaa.mx\/portal\/wp-content\/uploads\/2024\/04\/Consejo-Universitario-Extraordinaria-IMG_4610-1024x494.jpg\" \/>\n<meta name=\"twitter:card\" content=\"summary_large_image\" \/>\n<meta name=\"twitter:site\" content=\"@uaa_mx\" \/>\n<meta name=\"twitter:label1\" content=\"Tiempo de lectura\" \/>\n\t<meta name=\"twitter:data1\" content=\"3 minutos\" \/>\n<script type=\"application\/ld+json\" class=\"yoast-schema-graph\">{\"@context\":\"https:\/\/schema.org\",\"@graph\":[{\"@type\":\"WebPage\",\"@id\":\"https:\/\/www.uaa.mx\/portal\/nuestra-universidad\/institucion\/gobierno\/\",\"url\":\"https:\/\/www.uaa.mx\/portal\/nuestra-universidad\/institucion\/gobierno\/\",\"name\":\"Gobierno - UAA | Universidad Aut\u00f3noma de Aguascalientes\",\"isPartOf\":{\"@id\":\"https:\/\/www.uaa.mx\/portal\/#website\"},\"primaryImageOfPage\":{\"@id\":\"https:\/\/www.uaa.mx\/portal\/nuestra-universidad\/institucion\/gobierno\/#primaryimage\"},\"image\":{\"@id\":\"https:\/\/www.uaa.mx\/portal\/nuestra-universidad\/institucion\/gobierno\/#primaryimage\"},\"thumbnailUrl\":\"https:\/\/www.uaa.mx\/portal\/wp-content\/uploads\/2024\/04\/Consejo-Universitario-Extraordinaria-IMG_4610-1024x494.jpg\",\"datePublished\":\"2017-06-29T21:12:21+00:00\",\"dateModified\":\"2024-04-05T17:33:08+00:00\",\"breadcrumb\":{\"@id\":\"https:\/\/www.uaa.mx\/portal\/nuestra-universidad\/institucion\/gobierno\/#breadcrumb\"},\"inLanguage\":\"es\",\"potentialAction\":[{\"@type\":\"ReadAction\",\"target\":[\"https:\/\/www.uaa.mx\/portal\/nuestra-universidad\/institucion\/gobierno\/\"]}]},{\"@type\":\"ImageObject\",\"inLanguage\":\"es\",\"@id\":\"https:\/\/www.uaa.mx\/portal\/nuestra-universidad\/institucion\/gobierno\/#primaryimage\",\"url\":\"https:\/\/www.uaa.mx\/portal\/wp-content\/uploads\/2024\/04\/Consejo-Universitario-Extraordinaria-IMG_4610-scaled.jpg\",\"contentUrl\":\"https:\/\/www.uaa.mx\/portal\/wp-content\/uploads\/2024\/04\/Consejo-Universitario-Extraordinaria-IMG_4610-scaled.jpg\",\"width\":2560,\"height\":1234},{\"@type\":\"BreadcrumbList\",\"@id\":\"https:\/\/www.uaa.mx\/portal\/nuestra-universidad\/institucion\/gobierno\/#breadcrumb\",\"itemListElement\":[{\"@type\":\"ListItem\",\"position\":1,\"name\":\"Inicio\",\"item\":\"https:\/\/www.uaa.mx\/portal\/\"},{\"@type\":\"ListItem\",\"position\":2,\"name\":\"Nuestra Universidad\",\"item\":\"https:\/\/www.uaa.mx\/portal\/nuestra-universidad\/\"},{\"@type\":\"ListItem\",\"position\":3,\"name\":\"Instituci\u00f3n\",\"item\":\"https:\/\/www.uaa.mx\/portal\/nuestra-universidad\/institucion\/\"},{\"@type\":\"ListItem\",\"position\":4,\"name\":\"Gobierno\"}]},{\"@type\":\"WebSite\",\"@id\":\"https:\/\/www.uaa.mx\/portal\/#website\",\"url\":\"https:\/\/www.uaa.mx\/portal\/\",\"name\":\"UAA | Universidad Aut\u00f3noma de Aguascalientes\",\"description\":\"\",\"publisher\":{\"@id\":\"https:\/\/www.uaa.mx\/portal\/#organization\"},\"potentialAction\":[{\"@type\":\"SearchAction\",\"target\":{\"@type\":\"EntryPoint\",\"urlTemplate\":\"https:\/\/www.uaa.mx\/portal\/?s={search_term_string}\"},\"query-input\":{\"@type\":\"PropertyValueSpecification\",\"valueRequired\":true,\"valueName\":\"search_term_string\"}}],\"inLanguage\":\"es\"},{\"@type\":\"Organization\",\"@id\":\"https:\/\/www.uaa.mx\/portal\/#organization\",\"name\":\"UAA | Universidad Aut\u00f3noma de Aguascalientes\",\"url\":\"https:\/\/www.uaa.mx\/portal\/\",\"logo\":{\"@type\":\"ImageObject\",\"inLanguage\":\"es\",\"@id\":\"https:\/\/www.uaa.mx\/portal\/#\/schema\/logo\/image\/\",\"url\":\"https:\/\/www.uaa.mx\/portal\/wp-content\/uploads\/2022\/09\/LOGO-UAA-2022_LOGO-01-COLOR.png\",\"contentUrl\":\"https:\/\/www.uaa.mx\/portal\/wp-content\/uploads\/2022\/09\/LOGO-UAA-2022_LOGO-01-COLOR.png\",\"width\":5218,\"height\":3133,\"caption\":\"UAA | Universidad Aut\u00f3noma de Aguascalientes\"},\"image\":{\"@id\":\"https:\/\/www.uaa.mx\/portal\/#\/schema\/logo\/image\/\"},\"sameAs\":[\"https:\/\/www.facebook.com\/uaa.mx\/?ref=br_rs\",\"https:\/\/x.com\/uaa_mx\",\"https:\/\/www.instagram.com\/uaa_mx?igshid=MzRlODBiNWFlZA\",\"https:\/\/www.youtube.com\/user\/UAAmx\",\"https:\/\/www.linkedin.com\/school\/universidad-aut-noma-de-aguascalientes\/\",\"https:\/\/g.page\/r\/CdstxDdmJKCJEAE\"]}]}<\/script>\n<!-- \/ Yoast SEO plugin. -->","yoast_head_json":{"title":"Gobierno - UAA | Universidad Aut\u00f3noma de Aguascalientes","robots":{"index":"index","follow":"follow","max-snippet":"max-snippet:-1","max-image-preview":"max-image-preview:large","max-video-preview":"max-video-preview:-1"},"canonical":"https:\/\/www.uaa.mx\/portal\/nuestra-universidad\/institucion\/gobierno\/","og_locale":"es_MX","og_type":"article","og_title":"Gobierno - UAA | Universidad Aut\u00f3noma de Aguascalientes","og_description":"Junta de Gobierno. La integran nueve destacados universitarios con car\u00e1cter honor\u00edfico, elegidos por el Consejo Universitario. Este organismo designa a ...","og_url":"https:\/\/www.uaa.mx\/portal\/nuestra-universidad\/institucion\/gobierno\/","og_site_name":"UAA | Universidad Aut\u00f3noma de Aguascalientes","article_publisher":"https:\/\/www.facebook.com\/uaa.mx\/?ref=br_rs","article_modified_time":"2024-04-05T17:33:08+00:00","og_image":[{"url":"https:\/\/www.uaa.mx\/portal\/wp-content\/uploads\/2024\/04\/Consejo-Universitario-Extraordinaria-IMG_4610-1024x494.jpg","type":"","width":"","height":""}],"twitter_card":"summary_large_image","twitter_site":"@uaa_mx","twitter_misc":{"Tiempo de lectura":"3 minutos"},"schema":{"@context":"https:\/\/schema.org","@graph":[{"@type":"WebPage","@id":"https:\/\/www.uaa.mx\/portal\/nuestra-universidad\/institucion\/gobierno\/","url":"https:\/\/www.uaa.mx\/portal\/nuestra-universidad\/institucion\/gobierno\/","name":"Gobierno - UAA | Universidad Aut\u00f3noma de Aguascalientes","isPartOf":{"@id":"https:\/\/www.uaa.mx\/portal\/#website"},"primaryImageOfPage":{"@id":"https:\/\/www.uaa.mx\/portal\/nuestra-universidad\/institucion\/gobierno\/#primaryimage"},"image":{"@id":"https:\/\/www.uaa.mx\/portal\/nuestra-universidad\/institucion\/gobierno\/#primaryimage"},"thumbnailUrl":"https:\/\/www.uaa.mx\/portal\/wp-content\/uploads\/2024\/04\/Consejo-Universitario-Extraordinaria-IMG_4610-1024x494.jpg","datePublished":"2017-06-29T21:12:21+00:00","dateModified":"2024-04-05T17:33:08+00:00","breadcrumb":{"@id":"https:\/\/www.uaa.mx\/portal\/nuestra-universidad\/institucion\/gobierno\/#breadcrumb"},"inLanguage":"es","potentialAction":[{"@type":"ReadAction","target":["https:\/\/www.uaa.mx\/portal\/nuestra-universidad\/institucion\/gobierno\/"]}]},{"@type":"ImageObject","inLanguage":"es","@id":"https:\/\/www.uaa.mx\/portal\/nuestra-universidad\/institucion\/gobierno\/#primaryimage","url":"https:\/\/www.uaa.mx\/portal\/wp-content\/uploads\/2024\/04\/Consejo-Universitario-Extraordinaria-IMG_4610-scaled.jpg","contentUrl":"https:\/\/www.uaa.mx\/portal\/wp-content\/uploads\/2024\/04\/Consejo-Universitario-Extraordinaria-IMG_4610-scaled.jpg","width":2560,"height":1234},{"@type":"BreadcrumbList","@id":"https:\/\/www.uaa.mx\/portal\/nuestra-universidad\/institucion\/gobierno\/#breadcrumb","itemListElement":[{"@type":"ListItem","position":1,"name":"Inicio","item":"https:\/\/www.uaa.mx\/portal\/"},{"@type":"ListItem","position":2,"name":"Nuestra Universidad","item":"https:\/\/www.uaa.mx\/portal\/nuestra-universidad\/"},{"@type":"ListItem","position":3,"name":"Instituci\u00f3n","item":"https:\/\/www.uaa.mx\/portal\/nuestra-universidad\/institucion\/"},{"@type":"ListItem","position":4,"name":"Gobierno"}]},{"@type":"WebSite","@id":"https:\/\/www.uaa.mx\/portal\/#website","url":"https:\/\/www.uaa.mx\/portal\/","name":"UAA | Universidad Aut\u00f3noma de Aguascalientes","description":"","publisher":{"@id":"https:\/\/www.uaa.mx\/portal\/#organization"},"potentialAction":[{"@type":"SearchAction","target":{"@type":"EntryPoint","urlTemplate":"https:\/\/www.uaa.mx\/portal\/?s={search_term_string}"},"query-input":{"@type":"PropertyValueSpecification","valueRequired":true,"valueName":"search_term_string"}}],"inLanguage":"es"},{"@type":"Organization","@id":"https:\/\/www.uaa.mx\/portal\/#organization","name":"UAA | Universidad Aut\u00f3noma de Aguascalientes","url":"https:\/\/www.uaa.mx\/portal\/","logo":{"@type":"ImageObject","inLanguage":"es","@id":"https:\/\/www.uaa.mx\/portal\/#\/schema\/logo\/image\/","url":"https:\/\/www.uaa.mx\/portal\/wp-content\/uploads\/2022\/09\/LOGO-UAA-2022_LOGO-01-COLOR.png","contentUrl":"https:\/\/www.uaa.mx\/portal\/wp-content\/uploads\/2022\/09\/LOGO-UAA-2022_LOGO-01-COLOR.png","width":5218,"height":3133,"caption":"UAA | Universidad Aut\u00f3noma de Aguascalientes"},"image":{"@id":"https:\/\/www.uaa.mx\/portal\/#\/schema\/logo\/image\/"},"sameAs":["https:\/\/www.facebook.com\/uaa.mx\/?ref=br_rs","https:\/\/x.com\/uaa_mx","https:\/\/www.instagram.com\/uaa_mx?igshid=MzRlODBiNWFlZA","https:\/\/www.youtube.com\/user\/UAAmx","https:\/\/www.linkedin.com\/school\/universidad-aut-noma-de-aguascalientes\/","https:\/\/g.page\/r\/CdstxDdmJKCJEAE"]}]}},"jetpack_sharing_enabled":true,"_links":{"self":[{"href":"https:\/\/www.uaa.mx\/portal\/wp-json\/wp\/v2\/pages\/55","targetHints":{"allow":["GET"]}}],"collection":[{"href":"https:\/\/www.uaa.mx\/portal\/wp-json\/wp\/v2\/pages"}],"about":[{"href":"https:\/\/www.uaa.mx\/portal\/wp-json\/wp\/v2\/types\/page"}],"author":[{"embeddable":true,"href":"https:\/\/www.uaa.mx\/portal\/wp-json\/wp\/v2\/users\/55"}],"replies":[{"embeddable":true,"href":"https:\/\/www.uaa.mx\/portal\/wp-json\/wp\/v2\/comments?post=55"}],"version-history":[{"count":18,"href":"https:\/\/www.uaa.mx\/portal\/wp-json\/wp\/v2\/pages\/55\/revisions"}],"predecessor-version":[{"id":55887,"href":"https:\/\/www.uaa.mx\/portal\/wp-json\/wp\/v2\/pages\/55\/revisions\/55887"}],"up":[{"embeddable":true,"href":"https:\/\/www.uaa.mx\/portal\/wp-json\/wp\/v2\/pages\/17"}],"wp:attachment":[{"href":"https:\/\/www.uaa.mx\/portal\/wp-json\/wp\/v2\/media?parent=55"}],"curies":[{"name":"wp","href":"https:\/\/api.w.org\/{rel}","templated":true}]}}