{"id":776,"date":"2018-02-14T12:32:44","date_gmt":"2018-02-14T18:32:44","guid":{"rendered":"https:\/\/www.uaa.mx\/portal\/?page_id=776"},"modified":"2026-02-13T16:46:51","modified_gmt":"2026-02-13T22:46:51","slug":"ingenieria-automotriz","status":"publish","type":"page","link":"https:\/\/www.uaa.mx\/portal\/nuestra-universidad\/centros-academicos\/centro-de-ciencias-de-la-ingenieria\/ingenieria-automotriz\/","title":{"rendered":"Departamento de Ingenier\u00eda Mec\u00e1nica"},"content":{"rendered":"<p style=\"text-align: justify;\">Este Departamento coordina los programas educativos de Ingenier\u00eda Automotriz e Ingenier\u00eda en Dise\u00f1o Mec\u00e1nico; adem\u00e1s administra los laboratorios del Taller de Ingenier\u00eda Automotriz. El Departamento como unidad org\u00e1nica b\u00e1sica agrupa profesores e investigadores responsables de la docencia, la investigaci\u00f3n y la extensi\u00f3n en los campos del Dise\u00f1o Mec\u00e1nico y de la Manufactura.<\/p>\n<p><strong>OBJETIVO:<\/strong><\/p>\n<p>Formar Ingenieros Automotrices l\u00edderes en las \u00e1reas de producci\u00f3n y mantenimiento del autom\u00f3vil con capacidad de diagnosticar, optimizar, construir e implementar una soluci\u00f3n a los problemas relacionados en los \u00e1mbitos de Mec\u00e1nica Automotriz, Automatizaci\u00f3n y Manufactura; con calidad y respeto al medio ambiente, en un marco \u00e9tico y humanista.<\/p>\n","protected":false},"excerpt":{"rendered":"<p>Este Departamento coordina los programas educativos de Ingenier\u00eda Automotriz e Ingenier\u00eda en Dise\u00f1o Mec\u00e1nico; adem\u00e1s administra los laboratorios del Taller &#8230;<\/p>\n","protected":false},"author":55,"featured_media":0,"parent":160,"menu_order":0,"comment_status":"closed","ping_status":"closed","template":"template-departamento.php","meta":{"_acf_changed":false,"footnotes":""},"class_list":["post-776","page","type-page","status-publish","hentry"],"acf":[],"yoast_head":"<!-- This site is optimized with the Yoast SEO plugin v27.2 - https:\/\/yoast.com\/product\/yoast-seo-wordpress\/ -->\n<title>Departamento de Ingenier\u00eda Mec\u00e1nica - UAA | Universidad Aut\u00f3noma de Aguascalientes<\/title>\n<meta name=\"robots\" content=\"index, follow, max-snippet:-1, max-image-preview:large, max-video-preview:-1\" \/>\n<link rel=\"canonical\" href=\"https:\/\/www.uaa.mx\/portal\/nuestra-universidad\/centros-academicos\/centro-de-ciencias-de-la-ingenieria\/ingenieria-automotriz\/\" \/>\n<meta property=\"og:locale\" content=\"es_MX\" \/>\n<meta property=\"og:type\" content=\"article\" \/>\n<meta property=\"og:title\" content=\"Departamento de Ingenier\u00eda Mec\u00e1nica - UAA | Universidad Aut\u00f3noma de Aguascalientes\" \/>\n<meta property=\"og:description\" content=\"Este Departamento coordina los programas educativos de Ingenier\u00eda Automotriz e Ingenier\u00eda en Dise\u00f1o Mec\u00e1nico; adem\u00e1s administra los laboratorios del Taller ...\" \/>\n<meta property=\"og:url\" content=\"https:\/\/www.uaa.mx\/portal\/nuestra-universidad\/centros-academicos\/centro-de-ciencias-de-la-ingenieria\/ingenieria-automotriz\/\" \/>\n<meta property=\"og:site_name\" content=\"UAA | Universidad Aut\u00f3noma de Aguascalientes\" \/>\n<meta property=\"article:publisher\" content=\"https:\/\/www.facebook.com\/uaa.mx\/?ref=br_rs\" \/>\n<meta property=\"article:modified_time\" content=\"2026-02-13T22:46:51+00:00\" \/>\n<meta property=\"og:image\" content=\"https:\/\/www.uaa.mx\/portal\/wp-content\/uploads\/2022\/09\/Logo-Acceso-dia-scaled.jpg\" \/>\n\t<meta property=\"og:image:width\" content=\"2560\" \/>\n\t<meta property=\"og:image:height\" content=\"1708\" \/>\n\t<meta property=\"og:image:type\" content=\"image\/jpeg\" \/>\n<meta name=\"twitter:card\" content=\"summary_large_image\" \/>\n<meta name=\"twitter:site\" content=\"@uaa_mx\" \/>\n<meta name=\"twitter:label1\" content=\"Tiempo de lectura\" \/>\n\t<meta name=\"twitter:data1\" content=\"1 minuto\" \/>\n<script type=\"application\/ld+json\" class=\"yoast-schema-graph\">{\"@context\":\"https:\/\/schema.org\",\"@graph\":[{\"@type\":\"WebPage\",\"@id\":\"https:\/\/www.uaa.mx\/portal\/nuestra-universidad\/centros-academicos\/centro-de-ciencias-de-la-ingenieria\/ingenieria-automotriz\/\",\"url\":\"https:\/\/www.uaa.mx\/portal\/nuestra-universidad\/centros-academicos\/centro-de-ciencias-de-la-ingenieria\/ingenieria-automotriz\/\",\"name\":\"Departamento de Ingenier\u00eda Mec\u00e1nica - UAA | Universidad Aut\u00f3noma de Aguascalientes\",\"isPartOf\":{\"@id\":\"https:\/\/www.uaa.mx\/portal\/#website\"},\"datePublished\":\"2018-02-14T18:32:44+00:00\",\"dateModified\":\"2026-02-13T22:46:51+00:00\",\"breadcrumb\":{\"@id\":\"https:\/\/www.uaa.mx\/portal\/nuestra-universidad\/centros-academicos\/centro-de-ciencias-de-la-ingenieria\/ingenieria-automotriz\/#breadcrumb\"},\"inLanguage\":\"es\",\"potentialAction\":[{\"@type\":\"ReadAction\",\"target\":[\"https:\/\/www.uaa.mx\/portal\/nuestra-universidad\/centros-academicos\/centro-de-ciencias-de-la-ingenieria\/ingenieria-automotriz\/\"]}]},{\"@type\":\"BreadcrumbList\",\"@id\":\"https:\/\/www.uaa.mx\/portal\/nuestra-universidad\/centros-academicos\/centro-de-ciencias-de-la-ingenieria\/ingenieria-automotriz\/#breadcrumb\",\"itemListElement\":[{\"@type\":\"ListItem\",\"position\":1,\"name\":\"Inicio\",\"item\":\"https:\/\/www.uaa.mx\/portal\/\"},{\"@type\":\"ListItem\",\"position\":2,\"name\":\"Nuestra Universidad\",\"item\":\"https:\/\/www.uaa.mx\/portal\/nuestra-universidad\/\"},{\"@type\":\"ListItem\",\"position\":3,\"name\":\"Centros acad\u00e9micos\",\"item\":\"https:\/\/www.uaa.mx\/portal\/nuestra-universidad\/centros-academicos\/\"},{\"@type\":\"ListItem\",\"position\":4,\"name\":\"Centro de Ciencias de la Ingenier\u00eda\",\"item\":\"https:\/\/www.uaa.mx\/portal\/nuestra-universidad\/centros-academicos\/centro-de-ciencias-de-la-ingenieria\/\"},{\"@type\":\"ListItem\",\"position\":5,\"name\":\"Departamento de Ingenier\u00eda Mec\u00e1nica\"}]},{\"@type\":\"WebSite\",\"@id\":\"https:\/\/www.uaa.mx\/portal\/#website\",\"url\":\"https:\/\/www.uaa.mx\/portal\/\",\"name\":\"UAA | Universidad Aut\u00f3noma de Aguascalientes\",\"description\":\"\",\"publisher\":{\"@id\":\"https:\/\/www.uaa.mx\/portal\/#organization\"},\"potentialAction\":[{\"@type\":\"SearchAction\",\"target\":{\"@type\":\"EntryPoint\",\"urlTemplate\":\"https:\/\/www.uaa.mx\/portal\/?s={search_term_string}\"},\"query-input\":{\"@type\":\"PropertyValueSpecification\",\"valueRequired\":true,\"valueName\":\"search_term_string\"}}],\"inLanguage\":\"es\"},{\"@type\":\"Organization\",\"@id\":\"https:\/\/www.uaa.mx\/portal\/#organization\",\"name\":\"UAA | Universidad Aut\u00f3noma de Aguascalientes\",\"url\":\"https:\/\/www.uaa.mx\/portal\/\",\"logo\":{\"@type\":\"ImageObject\",\"inLanguage\":\"es\",\"@id\":\"https:\/\/www.uaa.mx\/portal\/#\/schema\/logo\/image\/\",\"url\":\"https:\/\/www.uaa.mx\/portal\/wp-content\/uploads\/2022\/09\/LOGO-UAA-2022_LOGO-01-COLOR.png\",\"contentUrl\":\"https:\/\/www.uaa.mx\/portal\/wp-content\/uploads\/2022\/09\/LOGO-UAA-2022_LOGO-01-COLOR.png\",\"width\":5218,\"height\":3133,\"caption\":\"UAA | Universidad Aut\u00f3noma de Aguascalientes\"},\"image\":{\"@id\":\"https:\/\/www.uaa.mx\/portal\/#\/schema\/logo\/image\/\"},\"sameAs\":[\"https:\/\/www.facebook.com\/uaa.mx\/?ref=br_rs\",\"https:\/\/x.com\/uaa_mx\",\"https:\/\/www.instagram.com\/uaa_mx?igshid=MzRlODBiNWFlZA\",\"https:\/\/www.youtube.com\/user\/UAAmx\",\"https:\/\/www.linkedin.com\/school\/universidad-aut-noma-de-aguascalientes\/\",\"https:\/\/g.page\/r\/CdstxDdmJKCJEAE\"]}]}<\/script>\n<!-- \/ Yoast SEO plugin. -->","yoast_head_json":{"title":"Departamento de Ingenier\u00eda Mec\u00e1nica - UAA | Universidad Aut\u00f3noma de Aguascalientes","robots":{"index":"index","follow":"follow","max-snippet":"max-snippet:-1","max-image-preview":"max-image-preview:large","max-video-preview":"max-video-preview:-1"},"canonical":"https:\/\/www.uaa.mx\/portal\/nuestra-universidad\/centros-academicos\/centro-de-ciencias-de-la-ingenieria\/ingenieria-automotriz\/","og_locale":"es_MX","og_type":"article","og_title":"Departamento de Ingenier\u00eda Mec\u00e1nica - UAA | Universidad Aut\u00f3noma de Aguascalientes","og_description":"Este Departamento coordina los programas educativos de Ingenier\u00eda Automotriz e Ingenier\u00eda en Dise\u00f1o Mec\u00e1nico; adem\u00e1s administra los laboratorios del Taller ...","og_url":"https:\/\/www.uaa.mx\/portal\/nuestra-universidad\/centros-academicos\/centro-de-ciencias-de-la-ingenieria\/ingenieria-automotriz\/","og_site_name":"UAA | Universidad Aut\u00f3noma de Aguascalientes","article_publisher":"https:\/\/www.facebook.com\/uaa.mx\/?ref=br_rs","article_modified_time":"2026-02-13T22:46:51+00:00","og_image":[{"width":2560,"height":1708,"url":"https:\/\/www.uaa.mx\/portal\/wp-content\/uploads\/2022\/09\/Logo-Acceso-dia-scaled.jpg","type":"image\/jpeg"}],"twitter_card":"summary_large_image","twitter_site":"@uaa_mx","twitter_misc":{"Tiempo de lectura":"1 minuto"},"schema":{"@context":"https:\/\/schema.org","@graph":[{"@type":"WebPage","@id":"https:\/\/www.uaa.mx\/portal\/nuestra-universidad\/centros-academicos\/centro-de-ciencias-de-la-ingenieria\/ingenieria-automotriz\/","url":"https:\/\/www.uaa.mx\/portal\/nuestra-universidad\/centros-academicos\/centro-de-ciencias-de-la-ingenieria\/ingenieria-automotriz\/","name":"Departamento de Ingenier\u00eda Mec\u00e1nica - UAA | Universidad Aut\u00f3noma de Aguascalientes","isPartOf":{"@id":"https:\/\/www.uaa.mx\/portal\/#website"},"datePublished":"2018-02-14T18:32:44+00:00","dateModified":"2026-02-13T22:46:51+00:00","breadcrumb":{"@id":"https:\/\/www.uaa.mx\/portal\/nuestra-universidad\/centros-academicos\/centro-de-ciencias-de-la-ingenieria\/ingenieria-automotriz\/#breadcrumb"},"inLanguage":"es","potentialAction":[{"@type":"ReadAction","target":["https:\/\/www.uaa.mx\/portal\/nuestra-universidad\/centros-academicos\/centro-de-ciencias-de-la-ingenieria\/ingenieria-automotriz\/"]}]},{"@type":"BreadcrumbList","@id":"https:\/\/www.uaa.mx\/portal\/nuestra-universidad\/centros-academicos\/centro-de-ciencias-de-la-ingenieria\/ingenieria-automotriz\/#breadcrumb","itemListElement":[{"@type":"ListItem","position":1,"name":"Inicio","item":"https:\/\/www.uaa.mx\/portal\/"},{"@type":"ListItem","position":2,"name":"Nuestra Universidad","item":"https:\/\/www.uaa.mx\/portal\/nuestra-universidad\/"},{"@type":"ListItem","position":3,"name":"Centros acad\u00e9micos","item":"https:\/\/www.uaa.mx\/portal\/nuestra-universidad\/centros-academicos\/"},{"@type":"ListItem","position":4,"name":"Centro de Ciencias de la Ingenier\u00eda","item":"https:\/\/www.uaa.mx\/portal\/nuestra-universidad\/centros-academicos\/centro-de-ciencias-de-la-ingenieria\/"},{"@type":"ListItem","position":5,"name":"Departamento de Ingenier\u00eda Mec\u00e1nica"}]},{"@type":"WebSite","@id":"https:\/\/www.uaa.mx\/portal\/#website","url":"https:\/\/www.uaa.mx\/portal\/","name":"UAA | Universidad Aut\u00f3noma de Aguascalientes","description":"","publisher":{"@id":"https:\/\/www.uaa.mx\/portal\/#organization"},"potentialAction":[{"@type":"SearchAction","target":{"@type":"EntryPoint","urlTemplate":"https:\/\/www.uaa.mx\/portal\/?s={search_term_string}"},"query-input":{"@type":"PropertyValueSpecification","valueRequired":true,"valueName":"search_term_string"}}],"inLanguage":"es"},{"@type":"Organization","@id":"https:\/\/www.uaa.mx\/portal\/#organization","name":"UAA | Universidad Aut\u00f3noma de Aguascalientes","url":"https:\/\/www.uaa.mx\/portal\/","logo":{"@type":"ImageObject","inLanguage":"es","@id":"https:\/\/www.uaa.mx\/portal\/#\/schema\/logo\/image\/","url":"https:\/\/www.uaa.mx\/portal\/wp-content\/uploads\/2022\/09\/LOGO-UAA-2022_LOGO-01-COLOR.png","contentUrl":"https:\/\/www.uaa.mx\/portal\/wp-content\/uploads\/2022\/09\/LOGO-UAA-2022_LOGO-01-COLOR.png","width":5218,"height":3133,"caption":"UAA | Universidad Aut\u00f3noma de Aguascalientes"},"image":{"@id":"https:\/\/www.uaa.mx\/portal\/#\/schema\/logo\/image\/"},"sameAs":["https:\/\/www.facebook.com\/uaa.mx\/?ref=br_rs","https:\/\/x.com\/uaa_mx","https:\/\/www.instagram.com\/uaa_mx?igshid=MzRlODBiNWFlZA","https:\/\/www.youtube.com\/user\/UAAmx","https:\/\/www.linkedin.com\/school\/universidad-aut-noma-de-aguascalientes\/","https:\/\/g.page\/r\/CdstxDdmJKCJEAE"]}]}},"jetpack_sharing_enabled":true,"_links":{"self":[{"href":"https:\/\/www.uaa.mx\/portal\/wp-json\/wp\/v2\/pages\/776","targetHints":{"allow":["GET"]}}],"collection":[{"href":"https:\/\/www.uaa.mx\/portal\/wp-json\/wp\/v2\/pages"}],"about":[{"href":"https:\/\/www.uaa.mx\/portal\/wp-json\/wp\/v2\/types\/page"}],"author":[{"embeddable":true,"href":"https:\/\/www.uaa.mx\/portal\/wp-json\/wp\/v2\/users\/55"}],"replies":[{"embeddable":true,"href":"https:\/\/www.uaa.mx\/portal\/wp-json\/wp\/v2\/comments?post=776"}],"version-history":[{"count":16,"href":"https:\/\/www.uaa.mx\/portal\/wp-json\/wp\/v2\/pages\/776\/revisions"}],"predecessor-version":[{"id":68124,"href":"https:\/\/www.uaa.mx\/portal\/wp-json\/wp\/v2\/pages\/776\/revisions\/68124"}],"up":[{"embeddable":true,"href":"https:\/\/www.uaa.mx\/portal\/wp-json\/wp\/v2\/pages\/160"}],"wp:attachment":[{"href":"https:\/\/www.uaa.mx\/portal\/wp-json\/wp\/v2\/media?parent=776"}],"curies":[{"name":"wp","href":"https:\/\/api.w.org\/{rel}","templated":true}]}}