{"id":11,"date":"2019-01-16T17:49:48","date_gmt":"2019-01-16T17:49:48","guid":{"rendered":"https:\/\/www.uaa.mx\/sg\/?page_id=11"},"modified":"2022-04-07T19:35:49","modified_gmt":"2022-04-07T19:35:49","slug":"contacto","status":"publish","type":"page","link":"https:\/\/www.uaa.mx\/sg\/index.php\/contacto\/","title":{"rendered":"Contacto"},"content":{"rendered":"\n<p><strong>Edificio Acad\u00e9mico y Administrativo, Piso 10<\/strong><br>Secretar\u00eda General<\/p>\n\n\n\n<p>Av. Universidad # 940<br>Ciudad Universitaria, C. P. 20100<br>Aguascalientes, Ags. M\u00e9xico.+52 (449)910-74-20<\/p>\n\n\n\n<p><\/p>\n\n\n\n<p><\/p>\n","protected":false},"excerpt":{"rendered":"<p>Edificio Acad\u00e9mico y Administrativo, Piso 10Secretar\u00eda General Av. Universidad # 940Ciudad Universitaria, C. P. 20100Aguascalientes, Ags. M\u00e9xico.+52 (449)910-74-20<\/p>\n","protected":false},"author":4,"featured_media":0,"parent":0,"menu_order":0,"comment_status":"closed","ping_status":"closed","template":"","meta":{"footnotes":""},"class_list":["post-11","page","type-page","status-publish","hentry"],"_links":{"self":[{"href":"https:\/\/www.uaa.mx\/sg\/index.php\/wp-json\/wp\/v2\/pages\/11","targetHints":{"allow":["GET"]}}],"collection":[{"href":"https:\/\/www.uaa.mx\/sg\/index.php\/wp-json\/wp\/v2\/pages"}],"about":[{"href":"https:\/\/www.uaa.mx\/sg\/index.php\/wp-json\/wp\/v2\/types\/page"}],"author":[{"embeddable":true,"href":"https:\/\/www.uaa.mx\/sg\/index.php\/wp-json\/wp\/v2\/users\/4"}],"replies":[{"embeddable":true,"href":"https:\/\/www.uaa.mx\/sg\/index.php\/wp-json\/wp\/v2\/comments?post=11"}],"version-history":[{"count":3,"href":"https:\/\/www.uaa.mx\/sg\/index.php\/wp-json\/wp\/v2\/pages\/11\/revisions"}],"predecessor-version":[{"id":96,"href":"https:\/\/www.uaa.mx\/sg\/index.php\/wp-json\/wp\/v2\/pages\/11\/revisions\/96"}],"wp:attachment":[{"href":"https:\/\/www.uaa.mx\/sg\/index.php\/wp-json\/wp\/v2\/media?parent=11"}],"curies":[{"name":"wp","href":"https:\/\/api.w.org\/{rel}","templated":true}]}}