{"id":2,"date":"2019-01-16T17:06:01","date_gmt":"2019-01-16T17:06:01","guid":{"rendered":"https:\/\/www.uaa.mx\/sg\/?page_id=2"},"modified":"2022-06-01T19:53:53","modified_gmt":"2022-06-01T19:53:53","slug":"pagina-ejemplo","status":"publish","type":"page","link":"https:\/\/www.uaa.mx\/sg\/index.php\/pagina-ejemplo\/","title":{"rendered":"Presentaci\u00f3n"},"content":{"rendered":"\n<div style=\"height:66px\" aria-hidden=\"true\" class=\"wp-block-spacer\"><\/div>\n\n\n\n<p class=\"has-drop-cap\">La Secretar\u00eda General tiene como objetivo llevar el control y avance acad\u00e9mico de los alumnos, el control de ingreso y permanencia, promoci\u00f3n y terminaci\u00f3n de las relaciones de trabajo del personal de la Universidad, la conformaci\u00f3n de una fuente de informaci\u00f3n de archivos hist\u00f3ricos y documentales de esta Universidad, as\u00ed como todos aquellos que se deriven del H. Consejo Universitario y las que acuerde el Sr. Rector.<\/p>\n\n\n\n<p>Actualmente Secretar\u00eda esta compuesto por los siguientes departamentos: Archivo General, Control Escolar, Jur\u00eddico y Recursos Humanos.<\/p>\n","protected":false},"excerpt":{"rendered":"<p>La Secretar\u00eda General tiene como objetivo llevar el control y avance acad\u00e9mico de los alumnos, el control de ingreso y permanencia, promoci\u00f3n y terminaci\u00f3n de las relaciones de trabajo del personal de la Universidad, la conformaci\u00f3n de una fuente de informaci\u00f3n de archivos hist\u00f3ricos y documentales de esta Universidad, as\u00ed [&hellip;]<\/p>\n","protected":false},"author":4,"featured_media":0,"parent":0,"menu_order":0,"comment_status":"closed","ping_status":"open","template":"","meta":{"footnotes":""},"class_list":["post-2","page","type-page","status-publish","hentry"],"_links":{"self":[{"href":"https:\/\/www.uaa.mx\/sg\/index.php\/wp-json\/wp\/v2\/pages\/2","targetHints":{"allow":["GET"]}}],"collection":[{"href":"https:\/\/www.uaa.mx\/sg\/index.php\/wp-json\/wp\/v2\/pages"}],"about":[{"href":"https:\/\/www.uaa.mx\/sg\/index.php\/wp-json\/wp\/v2\/types\/page"}],"author":[{"embeddable":true,"href":"https:\/\/www.uaa.mx\/sg\/index.php\/wp-json\/wp\/v2\/users\/4"}],"replies":[{"embeddable":true,"href":"https:\/\/www.uaa.mx\/sg\/index.php\/wp-json\/wp\/v2\/comments?post=2"}],"version-history":[{"count":5,"href":"https:\/\/www.uaa.mx\/sg\/index.php\/wp-json\/wp\/v2\/pages\/2\/revisions"}],"predecessor-version":[{"id":356,"href":"https:\/\/www.uaa.mx\/sg\/index.php\/wp-json\/wp\/v2\/pages\/2\/revisions\/356"}],"wp:attachment":[{"href":"https:\/\/www.uaa.mx\/sg\/index.php\/wp-json\/wp\/v2\/media?parent=2"}],"curies":[{"name":"wp","href":"https:\/\/api.w.org\/{rel}","templated":true}]}}