{"id":60,"date":"2019-02-22T21:19:02","date_gmt":"2019-02-22T21:19:02","guid":{"rendered":"https:\/\/www.uaa.mx\/sg\/?page_id=60"},"modified":"2026-03-02T19:46:05","modified_gmt":"2026-03-02T19:46:05","slug":"departamento-de-control-escolar","status":"publish","type":"page","link":"https:\/\/www.uaa.mx\/sg\/index.php\/departamento-de-control-escolar\/","title":{"rendered":"Departamento de Control Escolar"},"content":{"rendered":"\n<div style=\"height:66px\" aria-hidden=\"true\" class=\"wp-block-spacer\"><\/div>\n\n\n\n<h2 class=\"wp-block-heading\"><strong>Misi\u00f3n<\/strong><\/h2>\n\n\n\n<p>La misi\u00f3n del Departamento de Control Escolar consiste en coadyuvar en el logro de las funciones sustantivas de la instituci\u00f3n (docencia, investigaci\u00f3n y extensi\u00f3n) brindando un servicio a la comunidad universitaria con el m\u00e1s alto grado de eficacia y eficiencia.<\/p>\n\n\n\n<div style=\"height:30px\" aria-hidden=\"true\" class=\"wp-block-spacer\"><\/div>\n\n\n\n<h2 class=\"wp-block-heading\"><strong>Visi\u00f3n<\/strong><\/h2>\n\n\n\n<p>Los procesos administrativos del departamento est\u00e1n certificados, se cuenta con procedimientos sencillos, claros, eficientes y flexibles que se adaptan con rapidez a los cambios. Tiene sistemas adecuados de planeaci\u00f3n, organizaci\u00f3n, operaci\u00f3n y control. Existe una normatividad clara y precisa para brindar un servicio de calidad que permita atender todo tipo de casos. Su personal labora en un clima de laboriosidad y cordialidad; est\u00e1 debidamente capacitado, comparte los valores de la instituci\u00f3n y tiene una relaci\u00f3n cordial y positiva con los alumnos, el personal acad\u00e9mico y las autoridades. Proporciona informaci\u00f3n relevante y oportuna a todos los usuarios y a las autoridades universitarias para la toma de decisiones y la mejora continua de sus funciones sustantivas.<\/p>\n\n\n\n<div style=\"height:30px\" aria-hidden=\"true\" class=\"wp-block-spacer\"><\/div>\n\n\n\n<h2 class=\"wp-block-heading\"><strong>Directorio<\/strong><\/h2>\n\n\n\n<figure class=\"wp-block-table\"><table><tbody><tr><td><strong>PUESTO<\/strong><\/td><td><strong>NOMBRE<\/strong><\/td><td><strong>CORREO ELECTR\u00d3NICO<\/strong><\/td><\/tr><tr><td>Jefe del Departamento<\/td><td>M. en C.E.A. Imelda Jim\u00e9nez Garc\u00eda<\/td><td><strong><a href=\"mailto:imelda.jimenez@edu.uaa.mx\">imelda.jimenez@edu.uaa.mx<\/a><\/strong><\/td><\/tr><tr><td>Jefe de Asuntos Escolares<\/td><td>M. en Admon. H\u00e9ctor Alejandro Zamora Estrada<\/td><td><strong><a href=\"mailto:alejandro.zamora@edu.uaa.mx\">alejandro.zamora@edu.uaa.mx<\/a><\/strong><\/td><\/tr><tr><td>Jefe Secci\u00f3n de Control de Carreras<\/td><td>L.T. Olmar Rueda Cabrera<\/td><td><strong><a href=\"mailto:olmar.rueda@edu.uaa.mx\">olmar.rueda@edu.uaa.mx<\/a><\/strong><\/td><\/tr><tr><td>Jefe Secci\u00f3n de Escuelas Incorporadas y Revalidaci\u00f3n<\/td><td>L.I. M\u00f3nica Ivette Rivera Rangel<\/td><td><strong><a href=\"mailto:mony.rivera@edu.uaa.mx\">mony.rivera@edu.uaa.mx<\/a><\/strong><\/td><\/tr><tr><td>Jefe Secci\u00f3n de Certificados y T\u00edtulos<\/td><td>L.R.I. Delia Guadalupe L\u00f3pez Mu\u00f1oz<\/td><td><strong><a href=\"mailto:delia.lopezmz@edu.uaa.mx\">delia.lopezmz@edu.uaa.mx<\/a><\/strong><\/td><\/tr><tr><td>Coordinador del Sistema de Gesti\u00f3n de Calidad<\/td><td>M. en A. H\u00e9ctor Alejandro Zamora Estrada<\/td><td><strong><a href=\"mailto:alejandro.zamora@edu.uaa.mx\">alejandro.zamora@edu.uaa.mx<\/a><\/strong><\/td><\/tr><tr><td>Encargada de Certificaci\u00f3n<\/td><td>LIC. Marcia Leticia Gonz\u00e1lez Jayme<\/td><td><strong><a href=\"mailto:marcia.gonzalez@edu.uaa.mx\">marcia.gonzalez@edu.uaa.mx<\/a><\/strong><\/td><\/tr><tr><td>Asistente T\u00e9cnico<\/td><td>L.I. Nadia Lara Luevano<\/td><td><a href=\"mailto:nadia.lara@edu.uaa.mx\"><strong>nadia.lara@edu.uaa.mx<\/strong><\/a><\/td><\/tr><\/tbody><\/table><\/figure>\n\n\n\n<div style=\"height:33px\" aria-hidden=\"true\" class=\"wp-block-spacer\"><\/div>\n\n\n\n<div class=\"wp-block-buttons is-layout-flex wp-block-buttons-is-layout-flex\">\n<div class=\"wp-block-button is-style-fill\"><a class=\"wp-block-button__link has-white-color has-background-color-background-color has-text-color has-background wp-element-button\" href=\"https:\/\/dgdp.uaa.mx\/escuelas\/directorios.html\"><strong>Directorio de Escuelas Incorporadas<\/strong><\/a><\/div>\n<\/div>\n\n\n\n<div style=\"height:24px\" aria-hidden=\"true\" class=\"wp-block-spacer\"><\/div>\n\n\n\n<div class=\"wp-block-columns alignwide are-vertically-aligned-center is-layout-flex wp-container-core-columns-is-layout-28f84493 wp-block-columns-is-layout-flex\">\n<div class=\"wp-block-column is-vertically-aligned-center has-text-color is-layout-flow wp-block-column-is-layout-flow\" style=\"color:#223671\">\n<div class=\"wp-block-group\"><div class=\"wp-block-group__inner-container is-layout-flow wp-block-group-is-layout-flow\">\n<div class=\"wp-block-buttons alignwide is-horizontal is-content-justification-center is-layout-flex wp-container-core-buttons-is-layout-03627597 wp-block-buttons-is-layout-flex\">\n<div class=\"wp-block-button is-style-outline is-style-outline--1\"><a class=\"wp-block-button__link wp-element-button\" href=\"https:\/\/www.uaa.mx\/portal\/alumnos\/examenes-extraordinarios-titulos-y-reinscripcion\/\">EX\u00c1MENES EXTRAORDINARIOS Y T\u00cdTULO DE SUFICIENCIA<\/a><\/div>\n\n\n\n<div class=\"wp-block-button is-style-outline is-style-outline--2\"><a class=\"wp-block-button__link wp-element-button\" href=\"https:\/\/www.uaa.mx\/portal\/alumnos\/reinscripcion\/\">REINSCRIPCI\u00d3N<\/a><\/div>\n\n\n\n<div class=\"wp-block-button is-style-outline is-style-outline--3\"><a class=\"wp-block-button__link wp-element-button\" href=\"https:\/\/www.uaa.mx\/portal\/alumnos\/derechos-y-obligaciones\/\">REGLAMENTACI\u00d3N ACAD\u00c9MICA<\/a><\/div>\n\n\n\n<div class=\"wp-block-button is-style-outline is-style-outline--4\"><a class=\"wp-block-button__link wp-element-button\" href=\"https:\/\/www.uaa.mx\/portal\/wp-content\/uploads\/2019\/12\/Sistema-de-calificaciones.pdf\">SISTEMA DE CALIFICACIONES<\/a><\/div>\n\n\n\n<div class=\"wp-block-button is-style-outline is-style-outline--5\"><a class=\"wp-block-button__link wp-element-button\" href=\"https:\/\/www.uaa.mx\/portal\/alumnos\/egreso-y-titulacion\/\">EGRESO Y TITULACI\u00d3N<\/a><\/div>\n\n\n\n<div class=\"wp-block-button is-style-outline is-style-outline--6\"><a class=\"wp-block-button__link wp-element-button\" href=\"https:\/\/www.uaa.mx\/portal\/wp-content\/uploads\/2026\/01\/TRAMITES-A-DISTANCIA-2026.pdf\">TR\u00c1MITES A DISTANCIA<\/a><\/div>\n\n\n\n<div class=\"wp-block-button is-style-outline is-style-outline--7\"><a class=\"wp-block-button__link wp-element-button\" href=\"https:\/\/www.uaa.mx\/portal\/wp-content\/uploads\/2026\/02\/constancias_y_credenciales.pdf\">CONSTANCIAS Y CREDENCIALES<\/a><\/div>\n\n\n\n<div class=\"wp-block-button is-style-outline is-style-outline--8\"><a class=\"wp-block-button__link wp-element-button\" href=\"https:\/\/www.uaa.mx\/portal\/wp-content\/uploads\/2023\/06\/FOLLETO-INFORMACION-IMSS-ISSSTE.pdf\">AFILIACI\u00d3N AL IMSS<\/a><\/div>\n\n\n\n<div class=\"wp-block-button is-style-outline is-style-outline--9\"><a class=\"wp-block-button__link wp-element-button\" href=\"https:\/\/www.uaa.mx\/portal\/wp-content\/uploads\/2019\/04\/ORIENTACI\u00d3N-ASUNTOS-ESCOLARES.pdf\">ORIENTACI\u00d3N ACAD\u00c9MICA<\/a><\/div>\n<\/div>\n<\/div><\/div>\n<\/div>\n<\/div>\n\n\n\n<div style=\"height:53px\" aria-hidden=\"true\" class=\"wp-block-spacer\"><\/div>\n\n\n\n<h2 class=\"wp-block-heading\"><meta charset=\"utf-8\"><strong>Ubicaci\u00f3n<\/strong><\/h2>\n\n\n\n<div class=\"wp-block-columns is-layout-flex wp-container-core-columns-is-layout-28f84493 wp-block-columns-is-layout-flex\">\n<div class=\"wp-block-column is-layout-flow wp-block-column-is-layout-flow\" style=\"flex-basis:66.66%\">\n<p>Edificio 1-A, Av. Universidad #940 Ciudad Universitaria <br>C.P. 20100, Aguascalientes, Ags.<\/p>\n\n\n\n<p><strong>Tel\u00e9fono:<\/strong>&nbsp;(449) 9-10-74-22 al 26<\/p>\n\n\n\n<p><strong>Fax:<\/strong>&nbsp;01 (449) 9-10-74-23<\/p>\n\n\n\n<p><a href=\"mailto:control.escolar@edu.uaa.mx\">control.escolar@edu.uaa.mx<\/a><\/p>\n<\/div>\n\n\n\n<div class=\"wp-block-column is-layout-flow wp-block-column-is-layout-flow\" style=\"flex-basis:33.33%\"><div class=\"wp-block-image is-resized is-style-rounded\">\n<figure class=\"aligncenter size-full\"><a href=\"https:\/\/g.page\/r\/CZ3Bf_2JJ4jLEAE\"><img loading=\"lazy\" decoding=\"async\" width=\"512\" height=\"512\" src=\"https:\/\/www.uaa.mx\/sg\/wp-content\/uploads\/2022\/04\/2702628-1.png\" alt=\"\" class=\"wp-image-169\" srcset=\"https:\/\/www.uaa.mx\/sg\/wp-content\/uploads\/2022\/04\/2702628-1.png 512w, https:\/\/www.uaa.mx\/sg\/wp-content\/uploads\/2022\/04\/2702628-1-300x300.png 300w, https:\/\/www.uaa.mx\/sg\/wp-content\/uploads\/2022\/04\/2702628-1-150x150.png 150w\" sizes=\"auto, (max-width: 512px) 100vw, 512px\" \/><\/a><\/figure>\n<\/div><\/div>\n<\/div>\n\n\n\n<div style=\"height:64px\" aria-hidden=\"true\" class=\"wp-block-spacer\"><\/div>\n","protected":false},"excerpt":{"rendered":"<p>Misi\u00f3n La misi\u00f3n del Departamento de Control Escolar consiste en coadyuvar en el logro de las funciones sustantivas de la instituci\u00f3n (docencia, investigaci\u00f3n y extensi\u00f3n) brindando un servicio a la comunidad universitaria con el m\u00e1s alto grado de eficacia y eficiencia. Visi\u00f3n Los procesos administrativos del departamento est\u00e1n certificados, se [&hellip;]<\/p>\n","protected":false},"author":4,"featured_media":193,"parent":0,"menu_order":0,"comment_status":"closed","ping_status":"closed","template":"","meta":{"footnotes":""},"class_list":["post-60","page","type-page","status-publish","has-post-thumbnail","hentry"],"_links":{"self":[{"href":"https:\/\/www.uaa.mx\/sg\/index.php\/wp-json\/wp\/v2\/pages\/60","targetHints":{"allow":["GET"]}}],"collection":[{"href":"https:\/\/www.uaa.mx\/sg\/index.php\/wp-json\/wp\/v2\/pages"}],"about":[{"href":"https:\/\/www.uaa.mx\/sg\/index.php\/wp-json\/wp\/v2\/types\/page"}],"author":[{"embeddable":true,"href":"https:\/\/www.uaa.mx\/sg\/index.php\/wp-json\/wp\/v2\/users\/4"}],"replies":[{"embeddable":true,"href":"https:\/\/www.uaa.mx\/sg\/index.php\/wp-json\/wp\/v2\/comments?post=60"}],"version-history":[{"count":32,"href":"https:\/\/www.uaa.mx\/sg\/index.php\/wp-json\/wp\/v2\/pages\/60\/revisions"}],"predecessor-version":[{"id":907,"href":"https:\/\/www.uaa.mx\/sg\/index.php\/wp-json\/wp\/v2\/pages\/60\/revisions\/907"}],"wp:featuredmedia":[{"embeddable":true,"href":"https:\/\/www.uaa.mx\/sg\/index.php\/wp-json\/wp\/v2\/media\/193"}],"wp:attachment":[{"href":"https:\/\/www.uaa.mx\/sg\/index.php\/wp-json\/wp\/v2\/media?parent=60"}],"curies":[{"name":"wp","href":"https:\/\/api.w.org\/{rel}","templated":true}]}}